{"id":33544,"date":"2025-07-23T18:16:21","date_gmt":"2025-07-23T16:16:21","guid":{"rendered":"https:\/\/keluvo.com\/no\/produkt\/plastposer\/"},"modified":"2025-10-14T18:30:33","modified_gmt":"2025-10-14T15:30:33","slug":"plastposer","status":"publish","type":"product","link":"https:\/\/keluvo.com\/no\/produkt\/plastposer\/","title":{"rendered":"Plastposer"},"content":{"rendered":"<p style=\"text-align: center;\" data-start=\"107\" data-end=\"163\"><strong>\ud83d\udca7 Reis Lett, Hold Orden \u2014 Og Aldri S\u00f8l Igjen!<\/strong><\/p>\n<p style=\"text-align: center;\" data-start=\"165\" data-end=\"354\">Disse p\u00e5fyllbare plastposene er perfekte for \u00e5 ta med sjampo, lotion, rensemidler og mer, samtidig som de holder vesken din fri for rot og klar for TSA.<\/p>\n<p data-start=\"165\" data-end=\"354\"><img decoding=\"async\" class=\"size-full wp-image-28625 aligncenter\" src=\"https:\/\/keluvo.com\/template\/wp-content\/uploads\/sites\/5\/2025\/07\/ed48cf8608560bf4974837889f70473559351ff5.webp\" alt=\"\" \/><\/p>\n<h2 style=\"text-align: center;\" data-start=\"356\" data-end=\"376\">\u2705 Hovedfordeler<\/h2>\n<p data-start=\"379\" data-end=\"428\">\u2708\ufe0f Ideell for flyreiser \u2014 oppfyller reiseregler for v\u00e6sker<\/p>\n<p data-start=\"431\" data-end=\"484\">\ud83d\udca6 Lekkasjesikre, klemmbare flasker holder v\u00e6sker trygge<\/p>\n<p data-start=\"487\" data-end=\"532\">\ud83e\uddfc Enkel pumpedispensering \u2014 ikke noe s\u00f8l, ikke noe avfall<\/p>\n<p data-start=\"535\" data-end=\"598\">\ud83c\udf92 Lett og kompakt for vesker, treningsbager eller backpacks<\/p>\n<p data-start=\"601\" data-end=\"636\">\u267b\ufe0f Gjenbrukbare og milj\u00f8vennlige design<\/p>\n<p data-start=\"601\" data-end=\"636\"><img decoding=\"async\" class=\"size-full wp-image-28624 aligncenter\" src=\"https:\/\/keluvo.com\/template\/wp-content\/uploads\/sites\/5\/2025\/07\/S4561b744e98e422e8300d0af1046b752e.jpg_960x960q75.jpg_.avif\" alt=\"\" \/><\/p>\n<h2 style=\"text-align: center;\" data-start=\"638\" data-end=\"657\">\ud83d\udee0\ufe0f Slik Bruker Du Dem<\/h2>\n<ol data-start=\"658\" data-end=\"816\">\n<li data-start=\"658\" data-end=\"717\">\n<p data-start=\"661\" data-end=\"717\">Skru ut og fyll hver flaske med det flytende produktet ditt.<\/p>\n<\/li>\n<li data-start=\"718\" data-end=\"758\">\n<p data-start=\"721\" data-end=\"758\">Plasser flaskene i glidel\u00e5setuiet.<\/p>\n<\/li>\n<li data-start=\"759\" data-end=\"816\">\n<p data-start=\"762\" data-end=\"816\">Trykk for \u00e5 pumpe n\u00e5r du skal bruke produktet \u2014 enkelt og rent!<\/p>\n<\/li>\n<\/ol>\n<h2 style=\"text-align: center;\" data-start=\"818\" data-end=\"841\">\ud83d\udccf Produktdetaljer<\/h2>\n<ul data-start=\"842\" data-end=\"999\">\n<li data-start=\"893\" data-end=\"930\">\n<p data-start=\"895\" data-end=\"930\">Slitesterkt, gjennomsiktig etui med glidel\u00e5s<\/p>\n<\/li>\n<li data-start=\"931\" data-end=\"964\">\n<p data-start=\"933\" data-end=\"964\">Kompakt og godkjent for h\u00e5ndbagasje<\/p>\n<\/li>\n<li data-start=\"965\" data-end=\"999\">\n<p data-start=\"967\" data-end=\"999\">Laget av BPA-fri, trygg plast<\/p>\n<\/li>\n<\/ul>\n<h2 style=\"text-align: center;\" data-start=\"1001\" data-end=\"1025\">\ud83d\udce6 Pakken Inneholder<\/h2>\n<ul data-start=\"1026\" data-end=\"1116\">\n<li data-start=\"1026\" data-end=\"1055\">5, 10, 50x plastposer.<\/li>\n<\/ul>\n","protected":false},"excerpt":{"rendered":"<p>\ud83d\udca7 Reis Lett, Hold Orden \u2014 Og Aldri S\u00f8l Igjen! Disse p\u00e5fyllbare plastposene er perfekte for \u00e5 ta med sjampo, [&hellip;]<\/p>\n","protected":false},"featured_media":33540,"comment_status":"open","ping_status":"closed","template":"","meta":{"site-sidebar-layout":"default","site-content-layout":"","ast-site-content-layout":"default","site-content-style":"default","site-sidebar-style":"default","ast-global-header-display":"","ast-banner-title-visibility":"","ast-main-header-display":"","ast-hfb-above-header-display":"","ast-hfb-below-header-display":"","ast-hfb-mobile-header-display":"","site-post-title":"","ast-breadcrumbs-content":"","ast-featured-img":"","footer-sml-layout":"","theme-transparent-header-meta":"default","adv-header-id-meta":"","stick-header-meta":"","header-above-stick-meta":"","header-main-stick-meta":"","header-below-stick-meta":"","astra-migrate-meta-layouts":"set","ast-page-background-enabled":"default","ast-page-background-meta":{"desktop":{"background-color":"var(--ast-global-color-4)","background-image":"","background-repeat":"repeat","background-position":"center center","background-size":"auto","background-attachment":"scroll","background-type":"","background-media":"","overlay-type":"","overlay-color":"","overlay-opacity":"","overlay-gradient":""},"tablet":{"background-color":"","background-image":"","background-repeat":"repeat","background-position":"center center","background-size":"auto","background-attachment":"scroll","background-type":"","background-media":"","overlay-type":"","overlay-color":"","overlay-opacity":"","overlay-gradient":""},"mobile":{"background-color":"","background-image":"","background-repeat":"repeat","background-position":"center center","background-size":"auto","background-attachment":"scroll","background-type":"","background-media":"","overlay-type":"","overlay-color":"","overlay-opacity":"","overlay-gradient":""}},"ast-content-background-meta":{"desktop":{"background-color":"var(--ast-global-color-5)","background-image":"","background-repeat":"repeat","background-position":"center center","background-size":"auto","background-attachment":"scroll","background-type":"","background-media":"","overlay-type":"","overlay-color":"","overlay-opacity":"","overlay-gradient":""},"tablet":{"background-color":"var(--ast-global-color-5)","background-image":"","background-repeat":"repeat","background-position":"center center","background-size":"auto","background-attachment":"scroll","background-type":"","background-media":"","overlay-type":"","overlay-color":"","overlay-opacity":"","overlay-gradient":""},"mobile":{"background-color":"var(--ast-global-color-5)","background-image":"","background-repeat":"repeat","background-position":"center center","background-size":"auto","background-attachment":"scroll","background-type":"","background-media":"","overlay-type":"","overlay-color":"","overlay-opacity":"","overlay-gradient":""}}},"product_brand":[],"product_cat":[992,993],"product_tag":[],"class_list":{"0":"post-33544","1":"product","2":"type-product","3":"status-publish","4":"has-post-thumbnail","6":"product_cat-skjonnhets-og-hygieneprodukter","7":"product_cat-skotoy-tilbehor","8":"pa_20941_i7t3hze5-5-stk","9":"pa_20941_i7t3hze5-10-stk","10":"pa_20941_i7t3hze5-50-stk","11":"pa_20941_oldhmdex-30-ml","12":"pa_20941_oldhmdex-50-ml","13":"pa_20941_oldhmdex-100-ml","14":"desktop-align-left","15":"tablet-align-left","16":"mobile-align-left","18":"first","19":"instock","20":"shipping-taxable","21":"purchasable","22":"product-type-variable","23":"has-default-attributes"},"_links":{"self":[{"href":"https:\/\/keluvo.com\/no\/wp-json\/wp\/v2\/product\/33544","targetHints":{"allow":["GET"]}}],"collection":[{"href":"https:\/\/keluvo.com\/no\/wp-json\/wp\/v2\/product"}],"about":[{"href":"https:\/\/keluvo.com\/no\/wp-json\/wp\/v2\/types\/product"}],"replies":[{"embeddable":true,"href":"https:\/\/keluvo.com\/no\/wp-json\/wp\/v2\/comments?post=33544"}],"wp:featuredmedia":[{"embeddable":true,"href":"https:\/\/keluvo.com\/no\/wp-json\/wp\/v2\/media\/33540"}],"wp:attachment":[{"href":"https:\/\/keluvo.com\/no\/wp-json\/wp\/v2\/media?parent=33544"}],"wp:term":[{"taxonomy":"product_brand","embeddable":true,"href":"https:\/\/keluvo.com\/no\/wp-json\/wp\/v2\/product_brand?post=33544"},{"taxonomy":"product_cat","embeddable":true,"href":"https:\/\/keluvo.com\/no\/wp-json\/wp\/v2\/product_cat?post=33544"},{"taxonomy":"product_tag","embeddable":true,"href":"https:\/\/keluvo.com\/no\/wp-json\/wp\/v2\/product_tag?post=33544"}],"curies":[{"name":"wp","href":"https:\/\/api.w.org\/{rel}","templated":true}]}}