{"id":33485,"date":"2025-07-23T18:04:01","date_gmt":"2025-07-23T16:04:01","guid":{"rendered":"https:\/\/keluvo.com\/no\/produkt\/penne-for-fjerning-av-riper\/"},"modified":"2025-12-01T15:17:28","modified_gmt":"2025-12-01T13:17:28","slug":"penne-for-fjerning-av-riper","status":"publish","type":"product","link":"https:\/\/keluvo.com\/no\/produkt\/penne-for-fjerning-av-riper\/","title":{"rendered":"Penn for fjerning av riper"},"content":{"rendered":"<p style=\"text-align: center;\" data-start=\"88\" data-end=\"127\"><strong>\ud83d\ude97 Si farvel til riper p\u00e5 f\u00e5 sekunder!<\/strong><\/p>\n<p style=\"text-align: center;\" data-start=\"129\" data-end=\"260\">Denne pennen for fjerning av bilriper hjelper deg med \u00e5 raskt dekke over lette riper, skrammer og lakkmerker &#8211; uten en tur til bilverkstedet!<\/p>\n<p data-start=\"129\" data-end=\"260\"><img decoding=\"async\" class=\"size-full wp-image-28562 aligncenter\" src=\"https:\/\/keluvo.com\/template\/wp-content\/uploads\/sites\/5\/2025\/07\/da761849630cafdb8566d3da1025336c70e1d297.webp\" alt=\"\" \/><\/p>\n<h2 style=\"text-align: center;\" data-start=\"262\" data-end=\"282\">\u2705 Hovedfordeler<\/h2>\n<p data-start=\"285\" data-end=\"339\">\ud83c\udfa8 Finnes i 8 farger som passer perfekt til bilen din<\/p>\n<p data-start=\"285\" data-end=\"339\">\ud83d\udd8a\ufe0f Pennen er enkel \u00e5 bruke &#8211; bare p\u00e5f\u00f8r og la den t\u00f8rke<\/p>\n<p data-start=\"285\" data-end=\"339\">\ud83d\udcaa Formel av h\u00f8y kvalitet for en langvarig, vanntett reparasjon<\/p>\n<p data-start=\"285\" data-end=\"339\">\ud83e\uddfd Dekker lakkskader og mindre overflateskavanker<\/p>\n<p data-start=\"285\" data-end=\"339\">\ud83d\udee1\ufe0f Sikker for alle lakktyper og overflater<\/p>\n<p data-start=\"526\" data-end=\"567\"><img decoding=\"async\" class=\"size-full wp-image-28561 aligncenter\" src=\"https:\/\/keluvo.com\/template\/wp-content\/uploads\/sites\/5\/2025\/07\/9_800x_7a9ced30-30d2-49a2-82ea-61d9eec1ac1b.webp\" alt=\"\" \/><\/p>\n<h2 style=\"text-align: center;\" data-start=\"569\" data-end=\"588\">\ud83d\udee0\ufe0f Slik bruker du den<\/h2>\n<ol data-start=\"589\" data-end=\"717\">\n<li data-start=\"589\" data-end=\"634\">Rengj\u00f8r det ripete omr\u00e5det og la det t\u00f8rke.<\/li>\n<li data-start=\"589\" data-end=\"634\">Rist pennen og p\u00e5f\u00f8r l\u00f8sningen jevnt.<\/li>\n<li data-start=\"589\" data-end=\"634\">La den t\u00f8rke helt &#8211; ferdig!<\/li>\n<\/ol>\n<h2 style=\"text-align: center;\" data-start=\"719\" data-end=\"742\">\ud83d\udccf Produktdetaljer<\/h2>\n<ul data-start=\"743\" data-end=\"872\">\n<li data-start=\"743\" data-end=\"760\">Volum: 12 ml<\/li>\n<li data-start=\"743\" data-end=\"760\">Spr\u00f8yteareal: 0,08 m\u00b2 (omtrent p\u00e5 st\u00f8rrelse med en h\u00e5ndflate)<\/li>\n<li data-start=\"743\" data-end=\"760\">Holdbarhet: 3 \u00e5r<\/li>\n<li data-start=\"743\" data-end=\"760\">Sammensetning: Farge + organisk l\u00f8semiddel<\/li>\n<\/ul>\n<h2 style=\"text-align: center;\" data-start=\"874\" data-end=\"898\">\ud83d\udce6 Pakken inneholder<\/h2>\n<ul data-start=\"899\" data-end=\"945\">\n<li data-start=\"899\" data-end=\"945\">\n<p data-start=\"901\" data-end=\"945\">1, 2, 4x ripefjernerpenn.<\/p>\n<\/li>\n<\/ul>\n","protected":false},"excerpt":{"rendered":"<p>\ud83d\ude97 Si farvel til riper p\u00e5 f\u00e5 sekunder! Denne pennen for fjerning av bilriper hjelper deg med \u00e5 raskt dekke [&hellip;]<\/p>\n","protected":false},"featured_media":33481,"comment_status":"open","ping_status":"closed","template":"","meta":{"site-sidebar-layout":"default","site-content-layout":"","ast-site-content-layout":"default","site-content-style":"default","site-sidebar-style":"default","ast-global-header-display":"","ast-banner-title-visibility":"","ast-main-header-display":"","ast-hfb-above-header-display":"","ast-hfb-below-header-display":"","ast-hfb-mobile-header-display":"","site-post-title":"","ast-breadcrumbs-content":"","ast-featured-img":"","footer-sml-layout":"","theme-transparent-header-meta":"default","adv-header-id-meta":"","stick-header-meta":"","header-above-stick-meta":"","header-main-stick-meta":"","header-below-stick-meta":"","astra-migrate-meta-layouts":"set","ast-page-background-enabled":"default","ast-page-background-meta":{"desktop":{"background-color":"var(--ast-global-color-4)","background-image":"","background-repeat":"repeat","background-position":"center center","background-size":"auto","background-attachment":"scroll","background-type":"","background-media":"","overlay-type":"","overlay-color":"","overlay-opacity":"","overlay-gradient":""},"tablet":{"background-color":"","background-image":"","background-repeat":"repeat","background-position":"center center","background-size":"auto","background-attachment":"scroll","background-type":"","background-media":"","overlay-type":"","overlay-color":"","overlay-opacity":"","overlay-gradient":""},"mobile":{"background-color":"","background-image":"","background-repeat":"repeat","background-position":"center center","background-size":"auto","background-attachment":"scroll","background-type":"","background-media":"","overlay-type":"","overlay-color":"","overlay-opacity":"","overlay-gradient":""}},"ast-content-background-meta":{"desktop":{"background-color":"var(--ast-global-color-5)","background-image":"","background-repeat":"repeat","background-position":"center center","background-size":"auto","background-attachment":"scroll","background-type":"","background-media":"","overlay-type":"","overlay-color":"","overlay-opacity":"","overlay-gradient":""},"tablet":{"background-color":"var(--ast-global-color-5)","background-image":"","background-repeat":"repeat","background-position":"center center","background-size":"auto","background-attachment":"scroll","background-type":"","background-media":"","overlay-type":"","overlay-color":"","overlay-opacity":"","overlay-gradient":""},"mobile":{"background-color":"var(--ast-global-color-5)","background-image":"","background-repeat":"repeat","background-position":"center center","background-size":"auto","background-attachment":"scroll","background-type":"","background-media":"","overlay-type":"","overlay-color":"","overlay-opacity":"","overlay-gradient":""}}},"product_brand":[],"product_cat":[998],"product_tag":[],"class_list":{"0":"post-33485","1":"product","2":"type-product","3":"status-publish","4":"has-post-thumbnail","6":"product_cat-bilprodukter","7":"pa_40071_5zkfjbmy-1-stk","8":"pa_40071_5zkfjbmy-2-stk","9":"pa_40071_5zkfjbmy-4-stk","10":"pa_40071_hlnorlf3-bla","11":"pa_40071_hlnorlf3-champagne-gull","12":"pa_40071_hlnorlf3-hvit","13":"pa_40071_hlnorlf3-perlehvit","14":"pa_40071_hlnorlf3-rod","15":"pa_40071_hlnorlf3-solv","16":"pa_40071_hlnorlf3-solvgra","17":"pa_40071_hlnorlf3-svart","18":"desktop-align-left","19":"tablet-align-left","20":"mobile-align-left","22":"first","23":"instock","24":"shipping-taxable","25":"purchasable","26":"product-type-variable","27":"has-default-attributes"},"_links":{"self":[{"href":"https:\/\/keluvo.com\/no\/wp-json\/wp\/v2\/product\/33485","targetHints":{"allow":["GET"]}}],"collection":[{"href":"https:\/\/keluvo.com\/no\/wp-json\/wp\/v2\/product"}],"about":[{"href":"https:\/\/keluvo.com\/no\/wp-json\/wp\/v2\/types\/product"}],"replies":[{"embeddable":true,"href":"https:\/\/keluvo.com\/no\/wp-json\/wp\/v2\/comments?post=33485"}],"wp:featuredmedia":[{"embeddable":true,"href":"https:\/\/keluvo.com\/no\/wp-json\/wp\/v2\/media\/33481"}],"wp:attachment":[{"href":"https:\/\/keluvo.com\/no\/wp-json\/wp\/v2\/media?parent=33485"}],"wp:term":[{"taxonomy":"product_brand","embeddable":true,"href":"https:\/\/keluvo.com\/no\/wp-json\/wp\/v2\/product_brand?post=33485"},{"taxonomy":"product_cat","embeddable":true,"href":"https:\/\/keluvo.com\/no\/wp-json\/wp\/v2\/product_cat?post=33485"},{"taxonomy":"product_tag","embeddable":true,"href":"https:\/\/keluvo.com\/no\/wp-json\/wp\/v2\/product_tag?post=33485"}],"curies":[{"name":"wp","href":"https:\/\/api.w.org\/{rel}","templated":true}]}}