{"id":33435,"date":"2025-07-23T18:01:04","date_gmt":"2025-07-23T16:01:04","guid":{"rendered":"https:\/\/keluvo.com\/no\/produkt\/skulderveske-5\/"},"modified":"2025-07-23T18:01:18","modified_gmt":"2025-07-23T16:01:18","slug":"skulderveske-5","status":"publish","type":"product","link":"https:\/\/keluvo.com\/no\/produkt\/skulderveske-5\/","title":{"rendered":"Skulderveske"},"content":{"rendered":"<p style=\"text-align: center\" data-start=\"0\" data-end=\"84\"><strong data-start=\"0\" data-end=\"84\">\ud83d\udc5cB\u00e6r Det Viktigste Med Stil Med Denne Lette Og Allsidige Skuldervesken!<\/strong><\/p>\n<p style=\"text-align: center\" data-start=\"86\" data-end=\"363\">Denne skuldervesken er designet for hverdagsbruk, er laget av slitesterkt PU-materiale og gir nok plass til dine daglige ting samtidig som den er elegant og komfortabel. Med en enkel, moderne design og flere rom er den perfekt for uformelle utflukter, reiser, shopping eller gaver.<\/p>\n<p data-start=\"86\" data-end=\"363\"><img decoding=\"async\" class=\"size-full wp-image-28517 aligncenter\" src=\"https:\/\/keluvo.com\/template\/wp-content\/uploads\/sites\/5\/2025\/07\/072112-ezgif.com-video-to-webp-converter.webp\" alt=\"\" \/><\/p>\n<h2 style=\"text-align: center\" data-start=\"370\" data-end=\"392\">\ud83c\udf1f Hovedfordeler<\/h2>\n<p data-start=\"395\" data-end=\"469\">\ud83d\udc5c PU-materiale av h\u00f8y kvalitet &#8211; sterk, lett og bygget for \u00e5 vare<\/p>\n<p data-start=\"472\" data-end=\"547\">\ud83d\udd12 Glatt glidel\u00e5slukking &#8211; enkel \u00e5 \u00e5pne, lukke og sikre tingene dine<\/p>\n<p data-start=\"550\" data-end=\"617\">\ud83c\udf92 Design med flere rom &#8211; holder det viktigste organisert<\/p>\n<p data-start=\"620\" data-end=\"684\">\ud83d\udd01 Konvertibel stil &#8211; bruk den som skulderveske eller h\u00e5ndveske<\/p>\n<p data-start=\"687\" data-end=\"755\">\ud83c\udf81 Flott gaveid\u00e9 &#8211; perfekt til bursdager, h\u00f8ytider og mer<\/p>\n<p data-start=\"758\" data-end=\"834\">\ud83c\udf0d Ideell til enhver anledning &#8211; shopping, reise, camping eller hverdagsbruk<\/p>\n<p data-start=\"758\" data-end=\"834\"><img fetchpriority=\"high\" decoding=\"async\" class=\"size-full wp-image-28516 aligncenter\" src=\"https:\/\/keluvo.com\/template\/wp-content\/uploads\/sites\/5\/2025\/07\/S16d89faee9e742bdafc5ca3c46c75ad4l.webp\" alt=\"\" width=\"800\" height=\"800\" \/><\/p>\n<h2 style=\"text-align: center\" data-start=\"841\" data-end=\"860\">\ud83e\udded Slik Bruker Du Den<\/h2>\n<ol data-start=\"861\" data-end=\"1112\">\n<li data-start=\"861\" data-end=\"952\">\n<p data-start=\"864\" data-end=\"952\">Fyll vesken med det viktigste du trenger i hverdagen, som telefon, lommebok, n\u00f8kler, sminke og mye mer.<\/p>\n<\/li>\n<li data-start=\"953\" data-end=\"1043\">\n<p data-start=\"956\" data-end=\"1043\">Bruk den justerbare stroppen til \u00e5 b\u00e6re den over skulderen eller i det \u00f8verste h\u00e5ndtaket.<\/p>\n<\/li>\n<li data-start=\"1044\" data-end=\"1112\">\n<p data-start=\"1047\" data-end=\"1112\">Lukk glidel\u00e5sene for \u00e5 holde eiendelene dine trygge mens du er p\u00e5 farten.<\/p>\n<\/li>\n<\/ol>\n<h2 style=\"text-align: center\" data-start=\"1119\" data-end=\"1143\">\ud83d\udccf Produktdetaljer<\/h2>\n<ul data-start=\"1144\" data-end=\"1348\">\n<li data-start=\"1144\" data-end=\"1175\">\n<p data-start=\"1146\" data-end=\"1175\">Materiale: PU (polyuretan)<\/p>\n<\/li>\n<li data-start=\"1176\" data-end=\"1205\">\n<p data-start=\"1178\" data-end=\"1205\">St\u00f8rrelse: 22 x 13 x 19 cm<\/p>\n<\/li>\n<li data-start=\"1206\" data-end=\"1229\">\n<p data-start=\"1208\" data-end=\"1229\">H\u00e5ndtaksh\u00f8yde: 7 cm<\/p>\n<\/li>\n<li data-start=\"1230\" data-end=\"1254\">\n<p data-start=\"1232\" data-end=\"1254\">Lukningstype: Glidel\u00e5s<\/p>\n<\/li>\n<li data-start=\"1290\" data-end=\"1348\">\n<p data-start=\"1292\" data-end=\"1348\">Bruk: Uformell, reise, shopping, camping og daglig bruk<\/p>\n<\/li>\n<\/ul>\n<h2 style=\"text-align: center\" data-start=\"1355\" data-end=\"1380\">\ud83d\udce6 Pakken Inkluderer<\/h2>\n<ul data-start=\"1381\" data-end=\"1410\">\n<li data-start=\"1381\" data-end=\"1410\">\n<p data-start=\"1383\" data-end=\"1410\">1x skulderveske.<\/p>\n<\/li>\n<\/ul>\n","protected":false},"excerpt":{"rendered":"<p>\ud83d\udc5cB\u00e6r Det Viktigste Med Stil Med Denne Lette Og Allsidige Skuldervesken! Denne skuldervesken er designet for hverdagsbruk, er laget av [&hellip;]<\/p>\n","protected":false},"featured_media":33431,"comment_status":"open","ping_status":"closed","template":"","meta":{"site-sidebar-layout":"default","site-content-layout":"","ast-site-content-layout":"default","site-content-style":"default","site-sidebar-style":"default","ast-global-header-display":"","ast-banner-title-visibility":"","ast-main-header-display":"","ast-hfb-above-header-display":"","ast-hfb-below-header-display":"","ast-hfb-mobile-header-display":"","site-post-title":"","ast-breadcrumbs-content":"","ast-featured-img":"","footer-sml-layout":"","theme-transparent-header-meta":"default","adv-header-id-meta":"","stick-header-meta":"","header-above-stick-meta":"","header-main-stick-meta":"","header-below-stick-meta":"","astra-migrate-meta-layouts":"set","ast-page-background-enabled":"default","ast-page-background-meta":{"desktop":{"background-color":"var(--ast-global-color-4)","background-image":"","background-repeat":"repeat","background-position":"center center","background-size":"auto","background-attachment":"scroll","background-type":"","background-media":"","overlay-type":"","overlay-color":"","overlay-opacity":"","overlay-gradient":""},"tablet":{"background-color":"","background-image":"","background-repeat":"repeat","background-position":"center center","background-size":"auto","background-attachment":"scroll","background-type":"","background-media":"","overlay-type":"","overlay-color":"","overlay-opacity":"","overlay-gradient":""},"mobile":{"background-color":"","background-image":"","background-repeat":"repeat","background-position":"center center","background-size":"auto","background-attachment":"scroll","background-type":"","background-media":"","overlay-type":"","overlay-color":"","overlay-opacity":"","overlay-gradient":""}},"ast-content-background-meta":{"desktop":{"background-color":"var(--ast-global-color-5)","background-image":"","background-repeat":"repeat","background-position":"center center","background-size":"auto","background-attachment":"scroll","background-type":"","background-media":"","overlay-type":"","overlay-color":"","overlay-opacity":"","overlay-gradient":""},"tablet":{"background-color":"var(--ast-global-color-5)","background-image":"","background-repeat":"repeat","background-position":"center center","background-size":"auto","background-attachment":"scroll","background-type":"","background-media":"","overlay-type":"","overlay-color":"","overlay-opacity":"","overlay-gradient":""},"mobile":{"background-color":"var(--ast-global-color-5)","background-image":"","background-repeat":"repeat","background-position":"center center","background-size":"auto","background-attachment":"scroll","background-type":"","background-media":"","overlay-type":"","overlay-color":"","overlay-opacity":"","overlay-gradient":""}}},"product_brand":[],"product_cat":[994,993],"product_tag":[],"class_list":{"0":"post-33435","1":"product","2":"type-product","3":"status-publish","4":"has-post-thumbnail","6":"product_cat-klaer-til-kvinner","7":"product_cat-skotoy-tilbehor","8":"pa_43928_1wk446xf-hvit","9":"pa_43928_1wk446xf-khaki","10":"pa_43928_1wk446xf-morkegronn","11":"pa_43928_1wk446xf-rod","12":"pa_43928_1wk446xf-svart","13":"desktop-align-left","14":"tablet-align-left","15":"mobile-align-left","17":"first","18":"instock","19":"shipping-taxable","20":"purchasable","21":"product-type-variable"},"_links":{"self":[{"href":"https:\/\/keluvo.com\/no\/wp-json\/wp\/v2\/product\/33435","targetHints":{"allow":["GET"]}}],"collection":[{"href":"https:\/\/keluvo.com\/no\/wp-json\/wp\/v2\/product"}],"about":[{"href":"https:\/\/keluvo.com\/no\/wp-json\/wp\/v2\/types\/product"}],"replies":[{"embeddable":true,"href":"https:\/\/keluvo.com\/no\/wp-json\/wp\/v2\/comments?post=33435"}],"wp:featuredmedia":[{"embeddable":true,"href":"https:\/\/keluvo.com\/no\/wp-json\/wp\/v2\/media\/33431"}],"wp:attachment":[{"href":"https:\/\/keluvo.com\/no\/wp-json\/wp\/v2\/media?parent=33435"}],"wp:term":[{"taxonomy":"product_brand","embeddable":true,"href":"https:\/\/keluvo.com\/no\/wp-json\/wp\/v2\/product_brand?post=33435"},{"taxonomy":"product_cat","embeddable":true,"href":"https:\/\/keluvo.com\/no\/wp-json\/wp\/v2\/product_cat?post=33435"},{"taxonomy":"product_tag","embeddable":true,"href":"https:\/\/keluvo.com\/no\/wp-json\/wp\/v2\/product_tag?post=33435"}],"curies":[{"name":"wp","href":"https:\/\/api.w.org\/{rel}","templated":true}]}}