{"id":33430,"date":"2025-07-23T18:00:04","date_gmt":"2025-07-23T16:00:04","guid":{"rendered":"https:\/\/keluvo.com\/no\/produkt\/ryggsekk-2\/"},"modified":"2025-07-23T18:16:44","modified_gmt":"2025-07-23T16:16:44","slug":"ryggsekk-2","status":"publish","type":"product","link":"https:\/\/keluvo.com\/no\/produkt\/ryggsekk-2\/","title":{"rendered":"Ryggsekk"},"content":{"rendered":"<p style=\"text-align: center;\" data-start=\"103\" data-end=\"142\"><strong>\ud83c\udf92 \u00c9n Ryggsekk. Uendelige Muligheter.<\/strong><\/p>\n<p style=\"text-align: center;\" data-start=\"144\" data-end=\"347\">Si farvel til uh\u00e5ndterlig bagasje og god dag til smarte, stilige reiser! Denne ryggsekken kan utvides p\u00e5 sekunder for \u00e5 f\u00e5 plass til alt du trenger &#8211; perfekt for daglig bruk, helgeturer eller internasjonale eventyr.<\/p>\n<p data-start=\"144\" data-end=\"347\"><img decoding=\"async\" class=\"size-full wp-image-28500 aligncenter\" src=\"https:\/\/keluvo.com\/template\/wp-content\/uploads\/sites\/5\/2025\/07\/1ad66b40cab12f3c19424f5b70ebe5d7c4d9aa05.gif\" alt=\"\" \/><\/p>\n<h2 style=\"text-align: center;\" data-start=\"349\" data-end=\"369\">\u2705 Hovedfordeler<\/h2>\n<p data-start=\"372\" data-end=\"423\">\u2708\ufe0f Kan utvides til \u00e5 romme 3 ganger mer enn en vanlig ryggsekk<\/p>\n<p data-start=\"426\" data-end=\"472\">\ud83d\udcbb Polstret rom med plass til b\u00e6rbare datamaskiner opp til 17&#8243;<\/p>\n<p data-start=\"475\" data-end=\"523\">\ud83d\udd12 Skjulte tyverisikringslommer for trygghet<\/p>\n<p data-start=\"526\" data-end=\"577\">\ud83e\uddf3 Passer i bagasjehyller over hodet og under flyseter<\/p>\n<p data-start=\"580\" data-end=\"631\">\ud83d\udca7 Vanntett og laget med slitesterk materials<\/p>\n<p data-start=\"580\" data-end=\"631\"><img decoding=\"async\" class=\"size-full wp-image-28499 aligncenter\" src=\"https:\/\/keluvo.com\/template\/wp-content\/uploads\/sites\/5\/2025\/07\/47ff0ab996dca37eabaa66c0093e491969922352.avif\" alt=\"\" \/><\/p>\n<h2 style=\"text-align: center;\" data-start=\"633\" data-end=\"652\">\ud83d\udee0\ufe0f Slik Bruker Du Den<\/h2>\n<ol data-start=\"653\" data-end=\"852\">\n<li data-start=\"653\" data-end=\"703\">\n<p data-start=\"656\" data-end=\"703\">Pakk det viktigste som en vanlig ryggsekk.<\/p>\n<\/li>\n<li data-start=\"704\" data-end=\"756\">\n<p data-start=\"707\" data-end=\"756\">Trekk ut glidel\u00e5sen i ekspansjonslaget for \u00e5 skape mer plass.<\/p>\n<\/li>\n<li data-start=\"757\" data-end=\"817\">\n<p data-start=\"760\" data-end=\"817\">Skyv den over kofferth\u00e5ndtaket eller b\u00e6r den komfortabelt.<\/p>\n<\/li>\n<li data-start=\"818\" data-end=\"852\">\n<p data-start=\"821\" data-end=\"852\">Glidel\u00e5s opp og du er klar til \u00e5 fly!<\/p>\n<\/li>\n<\/ol>\n<h2 style=\"text-align: center;\" data-start=\"854\" data-end=\"877\">\ud83d\udccf Produktdetaljer<\/h2>\n<ul data-start=\"878\" data-end=\"1072\">\n<li data-start=\"878\" data-end=\"914\">\n<p data-start=\"880\" data-end=\"914\">Dimensjoner: Kan utvides opp til 42 liter<\/p>\n<\/li>\n<li data-start=\"915\" data-end=\"957\">\n<p data-start=\"917\" data-end=\"957\">Passer til b\u00e6rbare datamaskiner: 13&#8243;, 15.6&#8243;, og 17&#8243;<\/p>\n<\/li>\n<li data-start=\"958\" data-end=\"1023\">\n<p data-start=\"960\" data-end=\"1023\">Rom: Hovedrom, laptop-rom, skjulte lommer<\/p>\n<\/li>\n<li data-start=\"1024\" data-end=\"1072\">\n<p data-start=\"1026\" data-end=\"1072\">Materiale: H\u00f8y tetthet, vannavst\u00f8tende stoff<\/p>\n<\/li>\n<\/ul>\n<h2 style=\"text-align: center;\" data-start=\"1074\" data-end=\"1098\">\ud83d\udce6 Pakken Inneholder<\/h2>\n<ul data-start=\"1099\" data-end=\"1130\">\n<li data-start=\"1099\" data-end=\"1130\">\n<p data-start=\"1101\" data-end=\"1130\">1 x ryggsekk.<\/p>\n<\/li>\n<\/ul>\n","protected":false},"excerpt":{"rendered":"<p>\ud83c\udf92 \u00c9n Ryggsekk. Uendelige Muligheter. Si farvel til uh\u00e5ndterlig bagasje og god dag til smarte, stilige reiser! Denne ryggsekken kan [&hellip;]<\/p>\n","protected":false},"featured_media":33426,"comment_status":"open","ping_status":"closed","template":"","meta":{"site-sidebar-layout":"default","site-content-layout":"","ast-site-content-layout":"default","site-content-style":"default","site-sidebar-style":"default","ast-global-header-display":"","ast-banner-title-visibility":"","ast-main-header-display":"","ast-hfb-above-header-display":"","ast-hfb-below-header-display":"","ast-hfb-mobile-header-display":"","site-post-title":"","ast-breadcrumbs-content":"","ast-featured-img":"","footer-sml-layout":"","theme-transparent-header-meta":"default","adv-header-id-meta":"","stick-header-meta":"","header-above-stick-meta":"","header-main-stick-meta":"","header-below-stick-meta":"","astra-migrate-meta-layouts":"set","ast-page-background-enabled":"default","ast-page-background-meta":{"desktop":{"background-color":"var(--ast-global-color-4)","background-image":"","background-repeat":"repeat","background-position":"center center","background-size":"auto","background-attachment":"scroll","background-type":"","background-media":"","overlay-type":"","overlay-color":"","overlay-opacity":"","overlay-gradient":""},"tablet":{"background-color":"","background-image":"","background-repeat":"repeat","background-position":"center center","background-size":"auto","background-attachment":"scroll","background-type":"","background-media":"","overlay-type":"","overlay-color":"","overlay-opacity":"","overlay-gradient":""},"mobile":{"background-color":"","background-image":"","background-repeat":"repeat","background-position":"center center","background-size":"auto","background-attachment":"scroll","background-type":"","background-media":"","overlay-type":"","overlay-color":"","overlay-opacity":"","overlay-gradient":""}},"ast-content-background-meta":{"desktop":{"background-color":"var(--ast-global-color-5)","background-image":"","background-repeat":"repeat","background-position":"center center","background-size":"auto","background-attachment":"scroll","background-type":"","background-media":"","overlay-type":"","overlay-color":"","overlay-opacity":"","overlay-gradient":""},"tablet":{"background-color":"var(--ast-global-color-5)","background-image":"","background-repeat":"repeat","background-position":"center center","background-size":"auto","background-attachment":"scroll","background-type":"","background-media":"","overlay-type":"","overlay-color":"","overlay-opacity":"","overlay-gradient":""},"mobile":{"background-color":"var(--ast-global-color-5)","background-image":"","background-repeat":"repeat","background-position":"center center","background-size":"auto","background-attachment":"scroll","background-type":"","background-media":"","overlay-type":"","overlay-color":"","overlay-opacity":"","overlay-gradient":""}}},"product_brand":[],"product_cat":[993],"product_tag":[],"class_list":{"0":"post-33430","1":"product","2":"type-product","3":"status-publish","4":"has-post-thumbnail","6":"product_cat-skotoy-tilbehor","7":"desktop-align-left","8":"tablet-align-left","9":"mobile-align-left","11":"first","12":"instock","13":"shipping-taxable","14":"purchasable","15":"product-type-simple"},"_links":{"self":[{"href":"https:\/\/keluvo.com\/no\/wp-json\/wp\/v2\/product\/33430","targetHints":{"allow":["GET"]}}],"collection":[{"href":"https:\/\/keluvo.com\/no\/wp-json\/wp\/v2\/product"}],"about":[{"href":"https:\/\/keluvo.com\/no\/wp-json\/wp\/v2\/types\/product"}],"replies":[{"embeddable":true,"href":"https:\/\/keluvo.com\/no\/wp-json\/wp\/v2\/comments?post=33430"}],"wp:featuredmedia":[{"embeddable":true,"href":"https:\/\/keluvo.com\/no\/wp-json\/wp\/v2\/media\/33426"}],"wp:attachment":[{"href":"https:\/\/keluvo.com\/no\/wp-json\/wp\/v2\/media?parent=33430"}],"wp:term":[{"taxonomy":"product_brand","embeddable":true,"href":"https:\/\/keluvo.com\/no\/wp-json\/wp\/v2\/product_brand?post=33430"},{"taxonomy":"product_cat","embeddable":true,"href":"https:\/\/keluvo.com\/no\/wp-json\/wp\/v2\/product_cat?post=33430"},{"taxonomy":"product_tag","embeddable":true,"href":"https:\/\/keluvo.com\/no\/wp-json\/wp\/v2\/product_tag?post=33430"}],"curies":[{"name":"wp","href":"https:\/\/api.w.org\/{rel}","templated":true}]}}