{"id":33288,"date":"2025-07-23T13:05:43","date_gmt":"2025-07-23T11:05:43","guid":{"rendered":"https:\/\/keluvo.com\/no\/produkt\/skohylle\/"},"modified":"2025-07-23T13:05:50","modified_gmt":"2025-07-23T11:05:50","slug":"skohylle","status":"publish","type":"product","link":"https:\/\/keluvo.com\/no\/produkt\/skohylle\/","title":{"rendered":"Skohylle"},"content":{"rendered":"<p style=\"text-align: center\" data-start=\"95\" data-end=\"136\"><strong>\ud83d\udeaaForvandle hvilken som helst d\u00f8r til smart oppbevaringsplass!<\/strong><\/p>\n<p style=\"text-align: center\" data-start=\"138\" data-end=\"312\">Har du lite plass? Med denne stativet over d\u00f8ren f\u00e5r du hyller, kroker og kurver uten \u00e5 m\u00e5tte bore eller bruke verkt\u00f8y &#8211; perfekt for organisering av sko, vesker, h\u00e5ndkl\u00e6r og mye mer.<\/p>\n<p data-start=\"138\" data-end=\"312\"><img decoding=\"async\" class=\"size-full wp-image-28374 aligncenter\" src=\"https:\/\/keluvo.com\/template\/wp-content\/uploads\/sites\/5\/2025\/07\/07218-ezgif.com-video-to-webp-converter.webp\" alt=\"\" \/><\/p>\n<h2 style=\"text-align: center\" data-start=\"314\" data-end=\"334\"><strong>\u2705 Hovedfordeler<\/strong><\/h2>\n<p data-start=\"337\" data-end=\"394\">\ud83e\uddfa Enorm oppbevaringsplass med flere hyller og kurver<\/p>\n<p data-start=\"397\" data-end=\"453\">\ud83e\udde5 Dobbel rad med kroker for jakker, vesker og accessories<\/p>\n<p data-start=\"456\" data-end=\"514\">\ud83d\udee0\ufe0f Enkel montering uten boring &#8211; bare heng over d\u00f8ren<\/p>\n<p data-start=\"517\" data-end=\"563\">\ud83d\udca7 Vanntett og rustbestandig metallramme<\/p>\n<p data-start=\"566\" data-end=\"612\">\ud83d\udeaa Passer til de fleste standardd\u00f8rer uten scratching<\/p>\n<p data-start=\"566\" data-end=\"612\"><img decoding=\"async\" class=\"size-full wp-image-28376 aligncenter\" src=\"https:\/\/keluvo.com\/template\/wp-content\/uploads\/sites\/5\/2025\/07\/S1797fae39a4246e4ad7deddcaa7fa1dbT.jpg_960x960q75.jpg_.avif\" alt=\"\" \/><\/p>\n<h2 style=\"text-align: center\" data-start=\"614\" data-end=\"633\"><strong>\ud83d\udee0\ufe0f Slik bruker du den<\/strong><\/h2>\n<ol data-start=\"634\" data-end=\"760\">\n<li data-start=\"634\" data-end=\"668\">\n<p data-start=\"637\" data-end=\"668\">Heng rammen over hvilken som helst d\u00f8r.<\/p>\n<\/li>\n<li data-start=\"669\" data-end=\"708\">\n<p data-start=\"672\" data-end=\"708\">Juster og sikre metallkrokene.<\/p>\n<\/li>\n<li data-start=\"709\" data-end=\"760\">\n<p data-start=\"712\" data-end=\"760\">Fyll hyllene og krokene med det du trenger!<\/p>\n<\/li>\n<\/ol>\n<h2 style=\"text-align: center\" data-start=\"762\" data-end=\"785\"><strong>\ud83d\udccf Produktdetaljer<\/strong><\/h2>\n<ul data-start=\"786\" data-end=\"979\">\n<li data-start=\"786\" data-end=\"839\">\n<p data-start=\"788\" data-end=\"839\">Materiale: Belagt metall (rust- og vanntett)<\/p>\n<\/li>\n<li data-start=\"840\" data-end=\"885\">\n<p data-start=\"842\" data-end=\"885\">Inkluderer hyller, kroker og nettingkurver<\/p>\n<\/li>\n<li data-start=\"933\" data-end=\"979\">\n<p data-start=\"935\" data-end=\"979\">Dimensjoner: Passer til de fleste innerd\u00f8rer<\/p>\n<\/li>\n<\/ul>\n<h2 style=\"text-align: center\" data-start=\"981\" data-end=\"1005\"><strong>\ud83d\udce6 Pakken inneholder<\/strong><\/h2>\n<ul data-start=\"1006\" data-end=\"1070\">\n<li data-start=\"1006\" data-end=\"1070\">\n<p data-start=\"1008\" data-end=\"1070\">1x skohylle.<\/p>\n<\/li>\n<\/ul>\n","protected":false},"excerpt":{"rendered":"<p>\ud83d\udeaaForvandle hvilken som helst d\u00f8r til smart oppbevaringsplass! Har du lite plass? Med denne stativet over d\u00f8ren f\u00e5r du hyller, [&hellip;]<\/p>\n","protected":false},"featured_media":33284,"comment_status":"open","ping_status":"closed","template":"","meta":{"site-sidebar-layout":"default","site-content-layout":"","ast-site-content-layout":"default","site-content-style":"default","site-sidebar-style":"default","ast-global-header-display":"","ast-banner-title-visibility":"","ast-main-header-display":"","ast-hfb-above-header-display":"","ast-hfb-below-header-display":"","ast-hfb-mobile-header-display":"","site-post-title":"","ast-breadcrumbs-content":"","ast-featured-img":"","footer-sml-layout":"","theme-transparent-header-meta":"default","adv-header-id-meta":"","stick-header-meta":"","header-above-stick-meta":"","header-main-stick-meta":"","header-below-stick-meta":"","astra-migrate-meta-layouts":"set","ast-page-background-enabled":"default","ast-page-background-meta":{"desktop":{"background-color":"var(--ast-global-color-4)","background-image":"","background-repeat":"repeat","background-position":"center center","background-size":"auto","background-attachment":"scroll","background-type":"","background-media":"","overlay-type":"","overlay-color":"","overlay-opacity":"","overlay-gradient":""},"tablet":{"background-color":"","background-image":"","background-repeat":"repeat","background-position":"center center","background-size":"auto","background-attachment":"scroll","background-type":"","background-media":"","overlay-type":"","overlay-color":"","overlay-opacity":"","overlay-gradient":""},"mobile":{"background-color":"","background-image":"","background-repeat":"repeat","background-position":"center center","background-size":"auto","background-attachment":"scroll","background-type":"","background-media":"","overlay-type":"","overlay-color":"","overlay-opacity":"","overlay-gradient":""}},"ast-content-background-meta":{"desktop":{"background-color":"var(--ast-global-color-5)","background-image":"","background-repeat":"repeat","background-position":"center center","background-size":"auto","background-attachment":"scroll","background-type":"","background-media":"","overlay-type":"","overlay-color":"","overlay-opacity":"","overlay-gradient":""},"tablet":{"background-color":"var(--ast-global-color-5)","background-image":"","background-repeat":"repeat","background-position":"center center","background-size":"auto","background-attachment":"scroll","background-type":"","background-media":"","overlay-type":"","overlay-color":"","overlay-opacity":"","overlay-gradient":""},"mobile":{"background-color":"var(--ast-global-color-5)","background-image":"","background-repeat":"repeat","background-position":"center center","background-size":"auto","background-attachment":"scroll","background-type":"","background-media":"","overlay-type":"","overlay-color":"","overlay-opacity":"","overlay-gradient":""}}},"product_brand":[],"product_cat":[1001],"product_tag":[],"class_list":{"0":"post-33288","1":"product","2":"type-product","3":"status-publish","4":"has-post-thumbnail","6":"product_cat-husholdningsartikler","7":"pa_32443_vo558jrh-hvit","8":"pa_32443_vo558jrh-svart","9":"desktop-align-left","10":"tablet-align-left","11":"mobile-align-left","13":"first","14":"instock","15":"shipping-taxable","16":"purchasable","17":"product-type-variable"},"_links":{"self":[{"href":"https:\/\/keluvo.com\/no\/wp-json\/wp\/v2\/product\/33288","targetHints":{"allow":["GET"]}}],"collection":[{"href":"https:\/\/keluvo.com\/no\/wp-json\/wp\/v2\/product"}],"about":[{"href":"https:\/\/keluvo.com\/no\/wp-json\/wp\/v2\/types\/product"}],"replies":[{"embeddable":true,"href":"https:\/\/keluvo.com\/no\/wp-json\/wp\/v2\/comments?post=33288"}],"wp:featuredmedia":[{"embeddable":true,"href":"https:\/\/keluvo.com\/no\/wp-json\/wp\/v2\/media\/33284"}],"wp:attachment":[{"href":"https:\/\/keluvo.com\/no\/wp-json\/wp\/v2\/media?parent=33288"}],"wp:term":[{"taxonomy":"product_brand","embeddable":true,"href":"https:\/\/keluvo.com\/no\/wp-json\/wp\/v2\/product_brand?post=33288"},{"taxonomy":"product_cat","embeddable":true,"href":"https:\/\/keluvo.com\/no\/wp-json\/wp\/v2\/product_cat?post=33288"},{"taxonomy":"product_tag","embeddable":true,"href":"https:\/\/keluvo.com\/no\/wp-json\/wp\/v2\/product_tag?post=33288"}],"curies":[{"name":"wp","href":"https:\/\/api.w.org\/{rel}","templated":true}]}}