{"id":33163,"date":"2025-07-22T17:54:46","date_gmt":"2025-07-22T15:54:46","guid":{"rendered":"https:\/\/keluvo.com\/no\/produkt\/vakuumoppbevaringsposer\/"},"modified":"2025-07-22T17:55:09","modified_gmt":"2025-07-22T15:55:09","slug":"vakuumoppbevaringsposer","status":"publish","type":"product","link":"https:\/\/keluvo.com\/no\/produkt\/vakuumoppbevaringsposer\/","title":{"rendered":"Vakuumoppbevaringsposer"},"content":{"rendered":"<p style=\"text-align: center\" data-start=\"91\" data-end=\"150\"><strong>\ud83e\uddf3 Pakk Mer, Stress Mindre \u2014 Med Smart Kompresjonslagring!<\/strong><\/p>\n<p style=\"text-align: center\" data-start=\"152\" data-end=\"402\">Denne vakuumoppbevaringsposen hjelper deg med \u00e5 spare opptil 75 % plass umiddelbart. Bare forsegl, fest vakuumpumpen og trykk p\u00e5 knappen &#8211; ingen manuell rulling eller store oppbevaringsbokser er n\u00f8dvendig. Perfekt for reiser, sesongkl\u00e6r eller for \u00e5 rydde opp i hjemmet.<\/p>\n<p data-start=\"152\" data-end=\"402\"><img decoding=\"async\" class=\"size-full wp-image-28281 aligncenter\" src=\"https:\/\/keluvo.com\/template\/wp-content\/uploads\/sites\/5\/2025\/07\/be127a718eb4242fe56a1037d3b5085258f97edd.webp\" alt=\"\" \/><\/p>\n<h2 style=\"text-align: center\" data-start=\"404\" data-end=\"425\">\ud83d\udce6 Hovedfordeler<\/h2>\n<p data-start=\"428\" data-end=\"483\">\u26a1 Elektrisk pumpe komprimerer raskt luften ut i seconds<\/p>\n<p data-start=\"486\" data-end=\"548\">\ud83d\udecf\ufe0f Oppbevar puter, dyner, kl\u00e6r, plysjleker og mer<\/p>\n<p data-start=\"551\" data-end=\"596\">\ud83d\udca7 Vanntett, st\u00f8vtett og lufttett seal<\/p>\n<p data-start=\"599\" data-end=\"640\">\u267b\ufe0f Gjenbrukbar, slitesterk og enkel \u00e5 clean<\/p>\n<p data-start=\"643\" data-end=\"687\">\u2708\ufe0f Flott for reiser og sm\u00e5 rom<\/p>\n<p data-start=\"643\" data-end=\"687\"><img decoding=\"async\" class=\"size-full wp-image-28282 aligncenter\" src=\"https:\/\/keluvo.com\/template\/wp-content\/uploads\/sites\/5\/2025\/07\/bd052b1a635e62d151c6fcb4428c0fa49bb541e0.webp\" alt=\"\" \/><\/p>\n<h2 style=\"text-align: center\" data-start=\"689\" data-end=\"707\">\ud83d\udccc Slik Bruker Du Posen<\/h2>\n<ol data-start=\"708\" data-end=\"875\">\n<li data-start=\"708\" data-end=\"746\">\n<p data-start=\"711\" data-end=\"746\">Fyll posen med de myke gjenstandene dine.<\/p>\n<\/li>\n<li data-start=\"747\" data-end=\"789\">\n<p data-start=\"750\" data-end=\"789\">Fest den elektriske pumpen og trykk for \u00e5 vakuumere luften ut.<\/p>\n<\/li>\n<li data-start=\"790\" data-end=\"847\">\n<p data-start=\"793\" data-end=\"847\">Oppbevar eller pakk den enkelt!<\/p>\n<\/li>\n<\/ol>\n<h2 style=\"text-align: center\" data-start=\"877\" data-end=\"900\">\ud83d\udcd0 Produktdetaljer<\/h2>\n<ul data-start=\"901\" data-end=\"1030\">\n<li data-start=\"901\" data-end=\"942\">\n<p data-start=\"903\" data-end=\"942\">Materiale: h\u00f8yfast PA+PE-polymer<\/p>\n<\/li>\n<li data-start=\"999\" data-end=\"1030\">\n<p data-start=\"1001\" data-end=\"1030\">St\u00f8rrelser: 40 x 60 cm, 50 x 70 cm, 60 x 80 cm, 80 x 100 cm.<\/p>\n<\/li>\n<\/ul>\n<h2 style=\"text-align: center\" data-start=\"1032\" data-end=\"1056\">\ud83d\udce6 Pakken Inkluderer Ikke<\/h2>\n<ul data-start=\"1057\" data-end=\"1133\">\n<li data-start=\"1057\" data-end=\"1084\">\n<p data-start=\"1059\" data-end=\"1084\">1, 2x vakuumoppbevaringsposer.<\/p>\n<\/li>\n<\/ul>\n","protected":false},"excerpt":{"rendered":"<p>\ud83e\uddf3 Pakk Mer, Stress Mindre \u2014 Med Smart Kompresjonslagring! Denne vakuumoppbevaringsposen hjelper deg med \u00e5 spare opptil 75 % plass [&hellip;]<\/p>\n","protected":false},"featured_media":33159,"comment_status":"open","ping_status":"closed","template":"","meta":{"site-sidebar-layout":"default","site-content-layout":"","ast-site-content-layout":"default","site-content-style":"default","site-sidebar-style":"default","ast-global-header-display":"","ast-banner-title-visibility":"","ast-main-header-display":"","ast-hfb-above-header-display":"","ast-hfb-below-header-display":"","ast-hfb-mobile-header-display":"","site-post-title":"","ast-breadcrumbs-content":"","ast-featured-img":"","footer-sml-layout":"","theme-transparent-header-meta":"default","adv-header-id-meta":"","stick-header-meta":"","header-above-stick-meta":"","header-main-stick-meta":"","header-below-stick-meta":"","astra-migrate-meta-layouts":"set","ast-page-background-enabled":"default","ast-page-background-meta":{"desktop":{"background-color":"var(--ast-global-color-4)","background-image":"","background-repeat":"repeat","background-position":"center center","background-size":"auto","background-attachment":"scroll","background-type":"","background-media":"","overlay-type":"","overlay-color":"","overlay-opacity":"","overlay-gradient":""},"tablet":{"background-color":"","background-image":"","background-repeat":"repeat","background-position":"center center","background-size":"auto","background-attachment":"scroll","background-type":"","background-media":"","overlay-type":"","overlay-color":"","overlay-opacity":"","overlay-gradient":""},"mobile":{"background-color":"","background-image":"","background-repeat":"repeat","background-position":"center center","background-size":"auto","background-attachment":"scroll","background-type":"","background-media":"","overlay-type":"","overlay-color":"","overlay-opacity":"","overlay-gradient":""}},"ast-content-background-meta":{"desktop":{"background-color":"var(--ast-global-color-5)","background-image":"","background-repeat":"repeat","background-position":"center center","background-size":"auto","background-attachment":"scroll","background-type":"","background-media":"","overlay-type":"","overlay-color":"","overlay-opacity":"","overlay-gradient":""},"tablet":{"background-color":"var(--ast-global-color-5)","background-image":"","background-repeat":"repeat","background-position":"center center","background-size":"auto","background-attachment":"scroll","background-type":"","background-media":"","overlay-type":"","overlay-color":"","overlay-opacity":"","overlay-gradient":""},"mobile":{"background-color":"var(--ast-global-color-5)","background-image":"","background-repeat":"repeat","background-position":"center center","background-size":"auto","background-attachment":"scroll","background-type":"","background-media":"","overlay-type":"","overlay-color":"","overlay-opacity":"","overlay-gradient":""}}},"product_brand":[],"product_cat":[1001],"product_tag":[],"class_list":{"0":"post-33163","1":"product","2":"type-product","3":"status-publish","4":"has-post-thumbnail","6":"product_cat-husholdningsartikler","7":"pa_27535_c3zavt7r-40-x-60-cm","8":"pa_27535_c3zavt7r-50-x-70-cm","9":"pa_27535_c3zavt7r-60-x-80-cm","10":"pa_27535_c3zavt7r-80-x-100-cm","11":"pa_27535_ywt4e7gw-1-stk","12":"pa_27535_ywt4e7gw-2-stk","13":"desktop-align-left","14":"tablet-align-left","15":"mobile-align-left","17":"first","18":"instock","19":"shipping-taxable","20":"purchasable","21":"product-type-variable"},"_links":{"self":[{"href":"https:\/\/keluvo.com\/no\/wp-json\/wp\/v2\/product\/33163","targetHints":{"allow":["GET"]}}],"collection":[{"href":"https:\/\/keluvo.com\/no\/wp-json\/wp\/v2\/product"}],"about":[{"href":"https:\/\/keluvo.com\/no\/wp-json\/wp\/v2\/types\/product"}],"replies":[{"embeddable":true,"href":"https:\/\/keluvo.com\/no\/wp-json\/wp\/v2\/comments?post=33163"}],"wp:featuredmedia":[{"embeddable":true,"href":"https:\/\/keluvo.com\/no\/wp-json\/wp\/v2\/media\/33159"}],"wp:attachment":[{"href":"https:\/\/keluvo.com\/no\/wp-json\/wp\/v2\/media?parent=33163"}],"wp:term":[{"taxonomy":"product_brand","embeddable":true,"href":"https:\/\/keluvo.com\/no\/wp-json\/wp\/v2\/product_brand?post=33163"},{"taxonomy":"product_cat","embeddable":true,"href":"https:\/\/keluvo.com\/no\/wp-json\/wp\/v2\/product_cat?post=33163"},{"taxonomy":"product_tag","embeddable":true,"href":"https:\/\/keluvo.com\/no\/wp-json\/wp\/v2\/product_tag?post=33163"}],"curies":[{"name":"wp","href":"https:\/\/api.w.org\/{rel}","templated":true}]}}