{"id":33062,"date":"2025-07-22T17:44:55","date_gmt":"2025-07-22T15:44:55","guid":{"rendered":"https:\/\/keluvo.com\/no\/produkt\/farget-maskara\/"},"modified":"2025-07-22T17:55:41","modified_gmt":"2025-07-22T15:55:41","slug":"farget-maskara","status":"publish","type":"product","link":"https:\/\/keluvo.com\/no\/produkt\/farget-maskara\/","title":{"rendered":"Farget maskara"},"content":{"rendered":"<p style=\"text-align: center;\" data-start=\"101\" data-end=\"153\"><strong>\ud83c\udf08 Dropp kjedelige vipper &#8211; bli dristig med livlige farger!<\/strong><\/p>\n<p style=\"text-align: center;\" data-start=\"155\" data-end=\"388\">Denne fargerike maskaraen gir liv til vippene dine med 12 fyldige, livlige nyanser som \u00f8yeblikkelig l\u00f8fter enhver makeuplook. Enten du skal v\u00e6re glam, leken eller edgy, er disse klumpfrie mascaraene perfekte for kreative \u00f8yne som popper.<\/p>\n<p data-start=\"155\" data-end=\"388\"><img decoding=\"async\" class=\"size-full wp-image-28189 aligncenter\" src=\"https:\/\/keluvo.com\/template\/wp-content\/uploads\/sites\/5\/2025\/07\/07214-ezgif.com-video-to-webp-converter.webp\" alt=\"\" \/><\/p>\n<h2 style=\"text-align: center;\" data-start=\"390\" data-end=\"410\"><strong>\u2728 Hovedfordeler<\/strong><\/h2>\n<p data-start=\"413\" data-end=\"464\">\ud83c\udfa8 12 fantastiske farger som passer til ethvert hum\u00f8r eller antrekk<\/p>\n<p data-start=\"467\" data-end=\"507\">\ud83d\udca7 Vannfast og langvarig formula<\/p>\n<p data-start=\"510\" data-end=\"548\">\ud83d\udc41\ufe0f Volumerer og definerer hver eneste lash<\/p>\n<p data-start=\"551\" data-end=\"605\">\ud83d\udd8c\ufe0f Presis b\u00f8rste for jevn, klumpfri p\u00e5f\u00f8ring<\/p>\n<p data-start=\"551\" data-end=\"605\"><img decoding=\"async\" class=\"size-full wp-image-28173 aligncenter\" src=\"https:\/\/keluvo.com\/template\/wp-content\/uploads\/sites\/5\/2025\/07\/b0419026-55ef-4efe-88fb-b6886a41a57a.webp\" alt=\"\" \/><\/p>\n<h2 style=\"text-align: center;\" data-start=\"667\" data-end=\"685\"><strong>\ud83d\udccc Slik bruker du<\/strong><\/h2>\n<ol data-start=\"686\" data-end=\"789\">\n<li data-start=\"686\" data-end=\"708\">\n<p data-start=\"689\" data-end=\"708\">Velg nyanse.<\/p>\n<\/li>\n<li data-start=\"709\" data-end=\"745\">\n<p data-start=\"712\" data-end=\"745\">P\u00e5f\u00f8r p\u00e5 over- og undervippene.<\/p>\n<\/li>\n<li data-start=\"746\" data-end=\"789\">\n<p data-start=\"749\" data-end=\"789\">La t\u00f8rke &#8211; og gj\u00f8r deg klar for komplimenter!<\/p>\n<\/li>\n<\/ol>\n<h2 style=\"text-align: center;\" data-start=\"791\" data-end=\"814\"><strong>\ud83d\udcd0 Produktdetaljer<\/strong><\/h2>\n<ul data-start=\"815\" data-end=\"923\">\n<li data-start=\"815\" data-end=\"842\">\n<p data-start=\"817\" data-end=\"842\">Nettovekt: 21 g<\/p>\n<\/li>\n<li data-start=\"815\" data-end=\"842\">\n<p data-start=\"817\" data-end=\"842\">St\u00f8rrelse: 19 x 115 mm<\/p>\n<\/li>\n<li data-start=\"815\" data-end=\"842\">\n<p data-start=\"817\" data-end=\"842\">Utl\u00f8psdato: 3 \u00e5r<\/p>\n<\/li>\n<li data-start=\"881\" data-end=\"923\">\n<p data-start=\"883\" data-end=\"923\">Fruktfri, flekkbestandig formel<\/p>\n<\/li>\n<\/ul>\n<h2 style=\"text-align: center;\" data-start=\"925\" data-end=\"949\"><strong>\ud83d\udce6 Pakken inneholder<\/strong><\/h2>\n<ul data-start=\"950\" data-end=\"1002\">\n<li data-start=\"950\" data-end=\"1002\">\n<p data-start=\"952\" data-end=\"1002\">1, 2, 4x fargerike mascaraer.<\/p>\n<\/li>\n<\/ul>\n","protected":false},"excerpt":{"rendered":"<p>\ud83c\udf08 Dropp kjedelige vipper &#8211; bli dristig med livlige farger! Denne fargerike maskaraen gir liv til vippene dine med 12 [&hellip;]<\/p>\n","protected":false},"featured_media":33058,"comment_status":"open","ping_status":"closed","template":"","meta":{"site-sidebar-layout":"default","site-content-layout":"","ast-site-content-layout":"default","site-content-style":"default","site-sidebar-style":"default","ast-global-header-display":"","ast-banner-title-visibility":"","ast-main-header-display":"","ast-hfb-above-header-display":"","ast-hfb-below-header-display":"","ast-hfb-mobile-header-display":"","site-post-title":"","ast-breadcrumbs-content":"","ast-featured-img":"","footer-sml-layout":"","theme-transparent-header-meta":"default","adv-header-id-meta":"","stick-header-meta":"","header-above-stick-meta":"","header-main-stick-meta":"","header-below-stick-meta":"","astra-migrate-meta-layouts":"set","ast-page-background-enabled":"default","ast-page-background-meta":{"desktop":{"background-color":"var(--ast-global-color-4)","background-image":"","background-repeat":"repeat","background-position":"center center","background-size":"auto","background-attachment":"scroll","background-type":"","background-media":"","overlay-type":"","overlay-color":"","overlay-opacity":"","overlay-gradient":""},"tablet":{"background-color":"","background-image":"","background-repeat":"repeat","background-position":"center center","background-size":"auto","background-attachment":"scroll","background-type":"","background-media":"","overlay-type":"","overlay-color":"","overlay-opacity":"","overlay-gradient":""},"mobile":{"background-color":"","background-image":"","background-repeat":"repeat","background-position":"center center","background-size":"auto","background-attachment":"scroll","background-type":"","background-media":"","overlay-type":"","overlay-color":"","overlay-opacity":"","overlay-gradient":""}},"ast-content-background-meta":{"desktop":{"background-color":"var(--ast-global-color-5)","background-image":"","background-repeat":"repeat","background-position":"center center","background-size":"auto","background-attachment":"scroll","background-type":"","background-media":"","overlay-type":"","overlay-color":"","overlay-opacity":"","overlay-gradient":""},"tablet":{"background-color":"var(--ast-global-color-5)","background-image":"","background-repeat":"repeat","background-position":"center center","background-size":"auto","background-attachment":"scroll","background-type":"","background-media":"","overlay-type":"","overlay-color":"","overlay-opacity":"","overlay-gradient":""},"mobile":{"background-color":"var(--ast-global-color-5)","background-image":"","background-repeat":"repeat","background-position":"center center","background-size":"auto","background-attachment":"scroll","background-type":"","background-media":"","overlay-type":"","overlay-color":"","overlay-opacity":"","overlay-gradient":""}}},"product_brand":[],"product_cat":[992],"product_tag":[],"class_list":{"0":"post-33062","1":"product","2":"type-product","3":"status-publish","4":"has-post-thumbnail","6":"product_cat-skjonnhets-og-hygieneprodukter","7":"pa_18527_e1p40fiu-gronn","8":"pa_18527_e1p40fiu-gul","9":"pa_18527_e1p40fiu-himmelbla","10":"pa_18527_e1p40fiu-hvit","11":"pa_18527_e1p40fiu-lilla","12":"pa_18527_e1p40fiu-morkebla","13":"pa_18527_e1p40fiu-morkebrun","14":"pa_18527_e1p40fiu-morkerod","15":"pa_18527_e1p40fiu-rod-korall","16":"pa_18527_e1p40fiu-rosa","17":"pa_18527_e1p40fiu-smaragd","18":"pa_18527_e1p40fiu-svart","19":"pa_18527_lywu3pff-1-stk","20":"pa_18527_lywu3pff-2-stk","21":"pa_18527_lywu3pff-4-stk","22":"desktop-align-left","23":"tablet-align-left","24":"mobile-align-left","26":"first","27":"instock","28":"shipping-taxable","29":"purchasable","30":"product-type-variable","31":"has-default-attributes"},"_links":{"self":[{"href":"https:\/\/keluvo.com\/no\/wp-json\/wp\/v2\/product\/33062","targetHints":{"allow":["GET"]}}],"collection":[{"href":"https:\/\/keluvo.com\/no\/wp-json\/wp\/v2\/product"}],"about":[{"href":"https:\/\/keluvo.com\/no\/wp-json\/wp\/v2\/types\/product"}],"replies":[{"embeddable":true,"href":"https:\/\/keluvo.com\/no\/wp-json\/wp\/v2\/comments?post=33062"}],"wp:featuredmedia":[{"embeddable":true,"href":"https:\/\/keluvo.com\/no\/wp-json\/wp\/v2\/media\/33058"}],"wp:attachment":[{"href":"https:\/\/keluvo.com\/no\/wp-json\/wp\/v2\/media?parent=33062"}],"wp:term":[{"taxonomy":"product_brand","embeddable":true,"href":"https:\/\/keluvo.com\/no\/wp-json\/wp\/v2\/product_brand?post=33062"},{"taxonomy":"product_cat","embeddable":true,"href":"https:\/\/keluvo.com\/no\/wp-json\/wp\/v2\/product_cat?post=33062"},{"taxonomy":"product_tag","embeddable":true,"href":"https:\/\/keluvo.com\/no\/wp-json\/wp\/v2\/product_tag?post=33062"}],"curies":[{"name":"wp","href":"https:\/\/api.w.org\/{rel}","templated":true}]}}