{"id":32987,"date":"2025-07-22T10:59:41","date_gmt":"2025-07-22T08:59:41","guid":{"rendered":"https:\/\/keluvo.com\/no\/produkt\/opphoyde-hagesenger\/"},"modified":"2025-07-22T11:23:46","modified_gmt":"2025-07-22T09:23:46","slug":"opphoyde-hagesenger","status":"publish","type":"product","link":"https:\/\/keluvo.com\/no\/produkt\/opphoyde-hagesenger\/","title":{"rendered":"Opph\u00f8yde hagesenger"},"content":{"rendered":"<p style=\"text-align: center;\" data-start=\"84\" data-end=\"136\"><strong>\ud83c\udf3f Dyrk friske urter og gr\u00f8nnsaker &#8211; hvor som helst, n\u00e5r som helst!<\/strong><\/p>\n<p style=\"text-align: center;\" data-start=\"138\" data-end=\"366\">Det opph\u00f8yde hagesenget gj\u00f8r hagearbeidet enklere, renere og mer arealeffektivt. Enten du har balkong, uteplass eller bakg\u00e5rd, kan du dyrke favorittplantene dine uten \u00e5 grave eller luke ugress i denne slitesterke planten i stoff.<\/p>\n<p data-start=\"138\" data-end=\"366\"><img decoding=\"async\" class=\"size-full wp-image-28129 aligncenter\" src=\"https:\/\/keluvo.com\/template\/wp-content\/uploads\/sites\/5\/2025\/07\/07213-ezgif.com-video-to-webp-converter.webp\" alt=\"\" \/><\/p>\n<h2 style=\"text-align: center;\" data-start=\"368\" data-end=\"389\"><strong>\ud83c\udf31 Hovedfordeler<\/strong><\/h2>\n<p data-start=\"392\" data-end=\"445\">\ud83e\uddfa Opph\u00f8yet design holder jorden organisert og ugresset ute<\/p>\n<p data-start=\"448\" data-end=\"499\">\ud83d\udca7 Pustende stoff fremmer sunn rotvekst<\/p>\n<p data-start=\"502\" data-end=\"555\">\ud83c\udf1e Perfekt for urter, gr\u00f8nnsaker, blomster og mer<\/p>\n<p data-start=\"558\" data-end=\"589\">\ud83e\uddfc Gjenbrukbar og enkel \u00e5 rengj\u00f8re<\/p>\n<p data-start=\"592\" data-end=\"637\">\ud83e\udde9 Kan brettes sammen for enkel oppbevaring utenfor sesongen<\/p>\n<h2 style=\"text-align: center;\" data-start=\"639\" data-end=\"657\"><img decoding=\"async\" class=\"size-full wp-image-28130 aligncenter\" src=\"https:\/\/keluvo.com\/template\/wp-content\/uploads\/sites\/5\/2025\/07\/71bBlkSLyWL._AC_SL1000_copy-1.jpg\" alt=\"\" \/><strong>\ud83d\udccc Slik Bruker Du Den<\/strong><\/h2>\n<ol data-start=\"658\" data-end=\"788\">\n<li data-start=\"658\" data-end=\"708\">\n<p data-start=\"661\" data-end=\"708\">Brett ut posen og plasser den p\u00e5 en flat overflate.<\/p>\n<\/li>\n<li data-start=\"709\" data-end=\"740\">\n<p data-start=\"712\" data-end=\"740\">Fyll den med jord og kompost.<\/p>\n<\/li>\n<li data-start=\"741\" data-end=\"788\">\n<p data-start=\"744\" data-end=\"788\">Plant fr\u00f8ene og vann regelmessig &#8211; ferdig!<\/p>\n<\/li>\n<\/ol>\n<h2 style=\"text-align: center;\" data-start=\"790\" data-end=\"813\"><strong>\ud83d\udcd0 Produktdetaljer<\/strong><\/h2>\n<ul data-start=\"814\" data-end=\"936\">\n<li data-start=\"855\" data-end=\"900\">\n<p data-start=\"857\" data-end=\"900\"><strong>Materiale<\/strong>: tykk, slitesterk filt som puster<\/p>\n<\/li>\n<li data-start=\"855\" data-end=\"900\"><strong>St\u00f8rrelse<\/strong>: XS (60 x 20 cm), S (70 x 30 cm), M (80 x 30 cm), L (90 x 30 cm), XL (120 x 30 cm), XXL (127 x 30 cm), XXL (130 x 30 cm).<\/li>\n<\/ul>\n<h2 style=\"text-align: center;\" data-start=\"938\" data-end=\"962\"><strong>\ud83d\udce6 Pakken Inkluderer<\/strong><\/h2>\n<ul data-start=\"963\" data-end=\"997\">\n<li data-start=\"963\" data-end=\"997\">\n<p data-start=\"965\" data-end=\"997\">1x opph\u00f8yet hageseng.<\/p>\n<\/li>\n<\/ul>\n","protected":false},"excerpt":{"rendered":"<p>\ud83c\udf3f Dyrk friske urter og gr\u00f8nnsaker &#8211; hvor som helst, n\u00e5r som helst! Det opph\u00f8yde hagesenget gj\u00f8r hagearbeidet enklere, renere [&hellip;]<\/p>\n","protected":false},"featured_media":32983,"comment_status":"open","ping_status":"closed","template":"","meta":{"site-sidebar-layout":"default","site-content-layout":"","ast-site-content-layout":"default","site-content-style":"default","site-sidebar-style":"default","ast-global-header-display":"","ast-banner-title-visibility":"","ast-main-header-display":"","ast-hfb-above-header-display":"","ast-hfb-below-header-display":"","ast-hfb-mobile-header-display":"","site-post-title":"","ast-breadcrumbs-content":"","ast-featured-img":"","footer-sml-layout":"","theme-transparent-header-meta":"default","adv-header-id-meta":"","stick-header-meta":"","header-above-stick-meta":"","header-main-stick-meta":"","header-below-stick-meta":"","astra-migrate-meta-layouts":"set","ast-page-background-enabled":"default","ast-page-background-meta":{"desktop":{"background-color":"var(--ast-global-color-4)","background-image":"","background-repeat":"repeat","background-position":"center center","background-size":"auto","background-attachment":"scroll","background-type":"","background-media":"","overlay-type":"","overlay-color":"","overlay-opacity":"","overlay-gradient":""},"tablet":{"background-color":"","background-image":"","background-repeat":"repeat","background-position":"center center","background-size":"auto","background-attachment":"scroll","background-type":"","background-media":"","overlay-type":"","overlay-color":"","overlay-opacity":"","overlay-gradient":""},"mobile":{"background-color":"","background-image":"","background-repeat":"repeat","background-position":"center center","background-size":"auto","background-attachment":"scroll","background-type":"","background-media":"","overlay-type":"","overlay-color":"","overlay-opacity":"","overlay-gradient":""}},"ast-content-background-meta":{"desktop":{"background-color":"var(--ast-global-color-5)","background-image":"","background-repeat":"repeat","background-position":"center center","background-size":"auto","background-attachment":"scroll","background-type":"","background-media":"","overlay-type":"","overlay-color":"","overlay-opacity":"","overlay-gradient":""},"tablet":{"background-color":"var(--ast-global-color-5)","background-image":"","background-repeat":"repeat","background-position":"center center","background-size":"auto","background-attachment":"scroll","background-type":"","background-media":"","overlay-type":"","overlay-color":"","overlay-opacity":"","overlay-gradient":""},"mobile":{"background-color":"var(--ast-global-color-5)","background-image":"","background-repeat":"repeat","background-position":"center center","background-size":"auto","background-attachment":"scroll","background-type":"","background-media":"","overlay-type":"","overlay-color":"","overlay-opacity":"","overlay-gradient":""}}},"product_brand":[],"product_cat":[1001],"product_tag":[],"class_list":{"0":"post-32987","1":"product","2":"type-product","3":"status-publish","4":"has-post-thumbnail","6":"product_cat-husholdningsartikler","7":"pa_42473_s2zik9zh-xs","8":"pa_42473_s2zik9zh-s","9":"pa_42473_s2zik9zh-m","10":"pa_42473_s2zik9zh-l","11":"pa_42473_s2zik9zh-xl","12":"pa_42473_s2zik9zh-xxl","13":"pa_42473_s2zik9zh-xxxl","14":"pa_42473_u8f60zw1-gronn","15":"pa_42473_u8f60zw1-svart","16":"desktop-align-left","17":"tablet-align-left","18":"mobile-align-left","20":"first","21":"instock","22":"shipping-taxable","23":"purchasable","24":"product-type-variable","25":"has-default-attributes"},"_links":{"self":[{"href":"https:\/\/keluvo.com\/no\/wp-json\/wp\/v2\/product\/32987","targetHints":{"allow":["GET"]}}],"collection":[{"href":"https:\/\/keluvo.com\/no\/wp-json\/wp\/v2\/product"}],"about":[{"href":"https:\/\/keluvo.com\/no\/wp-json\/wp\/v2\/types\/product"}],"replies":[{"embeddable":true,"href":"https:\/\/keluvo.com\/no\/wp-json\/wp\/v2\/comments?post=32987"}],"wp:featuredmedia":[{"embeddable":true,"href":"https:\/\/keluvo.com\/no\/wp-json\/wp\/v2\/media\/32983"}],"wp:attachment":[{"href":"https:\/\/keluvo.com\/no\/wp-json\/wp\/v2\/media?parent=32987"}],"wp:term":[{"taxonomy":"product_brand","embeddable":true,"href":"https:\/\/keluvo.com\/no\/wp-json\/wp\/v2\/product_brand?post=32987"},{"taxonomy":"product_cat","embeddable":true,"href":"https:\/\/keluvo.com\/no\/wp-json\/wp\/v2\/product_cat?post=32987"},{"taxonomy":"product_tag","embeddable":true,"href":"https:\/\/keluvo.com\/no\/wp-json\/wp\/v2\/product_tag?post=32987"}],"curies":[{"name":"wp","href":"https:\/\/api.w.org\/{rel}","templated":true}]}}