{"id":32908,"date":"2025-07-22T10:54:39","date_gmt":"2025-07-22T08:54:39","guid":{"rendered":"https:\/\/keluvo.com\/no\/produkt\/sammenleggbart-pedaltrinn\/"},"modified":"2025-07-22T11:17:37","modified_gmt":"2025-07-22T09:17:37","slug":"sammenleggbart-pedaltrinn","status":"publish","type":"product","link":"https:\/\/keluvo.com\/no\/produkt\/sammenleggbart-pedaltrinn\/","title":{"rendered":"Sammenleggbart pedaltrinn"},"content":{"rendered":"<p style=\"text-align: center;\" data-start=\"0\" data-end=\"89\"><strong data-start=\"0\" data-end=\"89\">\ud83d\ude97Med dette sammenleggbare pedaltrinnet kan du enkelt n\u00e5 biltaket og holde deg trygg i n\u00f8dstilfeller!<\/strong><\/p>\n<p style=\"text-align: center;\" data-start=\"91\" data-end=\"378\">Dette kompakte og slitesterke sammenleggbare pedaltrinnet er designet for \u00e5 hjelpe deg med \u00e5 komme raskt opp p\u00e5 biltaket for \u00e5 laste utstyr, rengj\u00f8re eller ta bilder. Det er laget av en sterk aluminiumslegering med sklisikker design og innebygd sikkerhetshammer, og kan ogs\u00e5 brukes som et n\u00f8dutgangsverkt\u00f8y &#8211; perfekt for alle bilf\u00f8rere.<\/p>\n<p data-start=\"91\" data-end=\"378\"><img decoding=\"async\" class=\"size-full wp-image-28033 aligncenter\" src=\"https:\/\/keluvo.com\/template\/wp-content\/uploads\/sites\/5\/2025\/07\/1d1eea45-4856-4874-ad46-22a01102ba6f.gif\" alt=\"\" \/><\/p>\n<h2 style=\"text-align: center;\" data-start=\"385\" data-end=\"407\"><strong>\ud83c\udf1f Hovedfordeler<\/strong><\/h2>\n<p data-start=\"410\" data-end=\"486\">\ud83d\ude97 Du n\u00e5r enkelt biltaket for \u00e5 laste bagasje, kajakker, sykler og mer<\/p>\n<p data-start=\"489\" data-end=\"558\">\ud83d\udd28 N\u00f8dsikkerhetshammeren hjelper deg med \u00e5 knuse vinduet ved behov<\/p>\n<p data-start=\"561\" data-end=\"619\">\ud83e\uddb6 Sklisikker overflate sikrer stabil og trygg footing<\/p>\n<p data-start=\"622\" data-end=\"684\">\ud83d\udee0\ufe0f Beskyttende skum forhindrer riper i bilens lakk<\/p>\n<p data-start=\"687\" data-end=\"752\">\ud83d\udce6 Sammenleggbar og b\u00e6rbar &#8211; enkel \u00e5 oppbevare og ta med seg hvor som helst<\/p>\n<p data-start=\"687\" data-end=\"752\"><img decoding=\"async\" class=\"size-full wp-image-28038 aligncenter\" src=\"https:\/\/keluvo.com\/template\/wp-content\/uploads\/sites\/5\/2025\/07\/S48b8e74a25484405921417db8402fb81X.jpg\" alt=\"\" \/><\/p>\n<h2 style=\"text-align: center;\" data-start=\"759\" data-end=\"778\"><strong>\ud83e\udded Slik Bruker Du Den<\/strong><\/h2>\n<ol data-start=\"779\" data-end=\"1024\">\n<li data-start=\"779\" data-end=\"826\">\n<p data-start=\"782\" data-end=\"826\">Hekk pedalen p\u00e5 bilens d\u00f8rl\u00e5s.<\/p>\n<\/li>\n<li data-start=\"827\" data-end=\"888\">\n<p data-start=\"830\" data-end=\"888\">Tr\u00e5kk p\u00e5 den sklisikre overflaten for \u00e5 n\u00e5 taket p\u00e5 en trygg m\u00e5te.<\/p>\n<\/li>\n<li data-start=\"889\" data-end=\"957\">\n<p data-start=\"892\" data-end=\"957\">N\u00e5r du er ferdig, bretter du pedalen sammen og oppbevarer den i hanskerommet eller bagasjerommet.<\/p>\n<\/li>\n<li data-start=\"958\" data-end=\"1024\">\n<p data-start=\"961\" data-end=\"1024\">I n\u00f8dstilfeller kan du bruke hammerenden til \u00e5 knuse vinduet.<\/p>\n<\/li>\n<\/ol>\n<h2 style=\"text-align: center;\" data-start=\"1031\" data-end=\"1055\"><strong>\ud83d\udccf Produktdetaljer<\/strong><\/h2>\n<ul data-start=\"1056\" data-end=\"1270\">\n<li data-start=\"1073\" data-end=\"1119\">\n<p data-start=\"1075\" data-end=\"1119\"><strong>Materiale<\/strong>: Aluminiumslegering + beskyttende skum<\/p>\n<\/li>\n<li data-start=\"1120\" data-end=\"1166\">\n<p data-start=\"1122\" data-end=\"1166\"><strong>St\u00f8rrelse<\/strong>: 17 x 9 x 3,2 cm<\/p>\n<\/li>\n<li data-start=\"1167\" data-end=\"1207\">\n<p data-start=\"1169\" data-end=\"1207\"><strong>Maks vektkapasitet<\/strong>: 85 kg<\/p>\n<\/li>\n<li data-start=\"1208\" data-end=\"1270\">\n<p data-start=\"1210\" data-end=\"1270\"><strong>Bruk<\/strong>: Tilgang til tak, r\u00f8mning i n\u00f8dstilfeller, fotografering, rengj\u00f8ring<\/p>\n<\/li>\n<\/ul>\n<h2 style=\"text-align: center;\" data-start=\"1277\" data-end=\"1302\"><strong>\ud83d\udce6 Pakken Inneholder<\/strong><\/h2>\n<ul data-start=\"1303\" data-end=\"1343\">\n<li data-start=\"1303\" data-end=\"1343\">\n<p data-start=\"1305\" data-end=\"1343\">1, 2, 3x sammenleggbart pedaltrinn.<\/p>\n<\/li>\n<\/ul>\n","protected":false},"excerpt":{"rendered":"<p>\ud83d\ude97Med dette sammenleggbare pedaltrinnet kan du enkelt n\u00e5 biltaket og holde deg trygg i n\u00f8dstilfeller! Dette kompakte og slitesterke sammenleggbare [&hellip;]<\/p>\n","protected":false},"featured_media":32904,"comment_status":"open","ping_status":"closed","template":"","meta":{"site-sidebar-layout":"default","site-content-layout":"","ast-site-content-layout":"default","site-content-style":"default","site-sidebar-style":"default","ast-global-header-display":"","ast-banner-title-visibility":"","ast-main-header-display":"","ast-hfb-above-header-display":"","ast-hfb-below-header-display":"","ast-hfb-mobile-header-display":"","site-post-title":"","ast-breadcrumbs-content":"","ast-featured-img":"","footer-sml-layout":"","theme-transparent-header-meta":"default","adv-header-id-meta":"","stick-header-meta":"","header-above-stick-meta":"","header-main-stick-meta":"","header-below-stick-meta":"","astra-migrate-meta-layouts":"set","ast-page-background-enabled":"default","ast-page-background-meta":{"desktop":{"background-color":"var(--ast-global-color-4)","background-image":"","background-repeat":"repeat","background-position":"center center","background-size":"auto","background-attachment":"scroll","background-type":"","background-media":"","overlay-type":"","overlay-color":"","overlay-opacity":"","overlay-gradient":""},"tablet":{"background-color":"","background-image":"","background-repeat":"repeat","background-position":"center center","background-size":"auto","background-attachment":"scroll","background-type":"","background-media":"","overlay-type":"","overlay-color":"","overlay-opacity":"","overlay-gradient":""},"mobile":{"background-color":"","background-image":"","background-repeat":"repeat","background-position":"center center","background-size":"auto","background-attachment":"scroll","background-type":"","background-media":"","overlay-type":"","overlay-color":"","overlay-opacity":"","overlay-gradient":""}},"ast-content-background-meta":{"desktop":{"background-color":"var(--ast-global-color-5)","background-image":"","background-repeat":"repeat","background-position":"center center","background-size":"auto","background-attachment":"scroll","background-type":"","background-media":"","overlay-type":"","overlay-color":"","overlay-opacity":"","overlay-gradient":""},"tablet":{"background-color":"var(--ast-global-color-5)","background-image":"","background-repeat":"repeat","background-position":"center center","background-size":"auto","background-attachment":"scroll","background-type":"","background-media":"","overlay-type":"","overlay-color":"","overlay-opacity":"","overlay-gradient":""},"mobile":{"background-color":"var(--ast-global-color-5)","background-image":"","background-repeat":"repeat","background-position":"center center","background-size":"auto","background-attachment":"scroll","background-type":"","background-media":"","overlay-type":"","overlay-color":"","overlay-opacity":"","overlay-gradient":""}}},"product_brand":[],"product_cat":[15],"product_tag":[],"class_list":{"0":"post-32908","1":"product","2":"type-product","3":"status-publish","4":"has-post-thumbnail","6":"product_cat-uncategorized","7":"pa_32238_jfpi79ju-1-stk","8":"pa_32238_jfpi79ju-2-stk","9":"pa_32238_jfpi79ju-3-stk","10":"desktop-align-left","11":"tablet-align-left","12":"mobile-align-left","14":"first","15":"instock","16":"shipping-taxable","17":"purchasable","18":"product-type-variable"},"_links":{"self":[{"href":"https:\/\/keluvo.com\/no\/wp-json\/wp\/v2\/product\/32908","targetHints":{"allow":["GET"]}}],"collection":[{"href":"https:\/\/keluvo.com\/no\/wp-json\/wp\/v2\/product"}],"about":[{"href":"https:\/\/keluvo.com\/no\/wp-json\/wp\/v2\/types\/product"}],"replies":[{"embeddable":true,"href":"https:\/\/keluvo.com\/no\/wp-json\/wp\/v2\/comments?post=32908"}],"wp:featuredmedia":[{"embeddable":true,"href":"https:\/\/keluvo.com\/no\/wp-json\/wp\/v2\/media\/32904"}],"wp:attachment":[{"href":"https:\/\/keluvo.com\/no\/wp-json\/wp\/v2\/media?parent=32908"}],"wp:term":[{"taxonomy":"product_brand","embeddable":true,"href":"https:\/\/keluvo.com\/no\/wp-json\/wp\/v2\/product_brand?post=32908"},{"taxonomy":"product_cat","embeddable":true,"href":"https:\/\/keluvo.com\/no\/wp-json\/wp\/v2\/product_cat?post=32908"},{"taxonomy":"product_tag","embeddable":true,"href":"https:\/\/keluvo.com\/no\/wp-json\/wp\/v2\/product_tag?post=32908"}],"curies":[{"name":"wp","href":"https:\/\/api.w.org\/{rel}","templated":true}]}}