{"id":32895,"date":"2025-07-22T10:53:52","date_gmt":"2025-07-22T08:53:52","guid":{"rendered":"https:\/\/keluvo.com\/no\/produkt\/skulderveske-4\/"},"modified":"2025-07-22T10:54:04","modified_gmt":"2025-07-22T08:54:04","slug":"skulderveske-4","status":"publish","type":"product","link":"https:\/\/keluvo.com\/no\/produkt\/skulderveske-4\/","title":{"rendered":"Skulderveske"},"content":{"rendered":"<p style=\"text-align: center\" data-start=\"77\" data-end=\"135\"><strong>\ud83d\udc5c Din Hverdagsveske \u2014 Laget For Komfort, Plass Og Stil!<\/strong><\/p>\n<p style=\"text-align: center\" data-start=\"137\" data-end=\"359\">Denne lette skuldervesken er laget for travle dager og uanstrengt mote. Med flere lommer med glidel\u00e5s, vannavst\u00f8tende stoff og en justerbar stropp er den den perfekte f\u00f8lgesvenn for \u00e6rend, reiser eller hverdagsbruk.<\/p>\n<p data-start=\"137\" data-end=\"359\"><img decoding=\"async\" class=\"size-full wp-image-28018 aligncenter\" src=\"https:\/\/keluvo.com\/template\/wp-content\/uploads\/sites\/5\/2025\/07\/2c7eb7c5f4b2888e48c7024d60b4aa0e3288311377901005784746EN26aa960b8c996dd064728bcd7afb6d306.gif\" alt=\"\" \/><\/p>\n<h2 style=\"text-align: center\">\u2728 Hovedfordeler<\/h2>\n<p data-start=\"384\" data-end=\"431\">\ud83c\udf92 Romslig design med flere rom<\/p>\n<p data-start=\"434\" data-end=\"475\">\ud83d\udca6 Vannbestandig og slitesterkt materiale<\/p>\n<p data-start=\"478\" data-end=\"521\">\ud83e\uddf7 Sikker lukking med glidel\u00e5s for \u00e5 holde tingene trygge<\/p>\n<p data-start=\"524\" data-end=\"573\">\ud83d\udcbc Stilig, men praktisk &#8211; perfekt til daglig bruk wear<\/p>\n<p data-start=\"576\" data-end=\"614\">\ud83d\udd90\ufe0f Komfortable, brede skulderstropper<\/p>\n<p data-start=\"576\" data-end=\"614\"><img decoding=\"async\" class=\"size-full wp-image-28019 aligncenter\" src=\"https:\/\/keluvo.com\/template\/wp-content\/uploads\/sites\/5\/2025\/07\/d2556decacdbe5667efcd789c03e0b1c3288311377901005784746EN2ef8d2a6b658a580131da4d0ff09ce557.gif\" alt=\"\" \/><\/p>\n<h2 style=\"text-align: center\" data-start=\"616\" data-end=\"634\">\ud83d\udccc Slik Bruker Du Den<\/h2>\n<ol data-start=\"635\" data-end=\"787\">\n<li data-start=\"635\" data-end=\"694\">\n<p data-start=\"638\" data-end=\"694\">Organiser det viktigste &#8211; telefon, lommebok, n\u00f8kler, sminke.<\/p>\n<\/li>\n<li data-start=\"695\" data-end=\"748\">\n<p data-start=\"698\" data-end=\"748\">Sleng den over skulderen eller hold den i h\u00e5ndtaket.<\/p>\n<\/li>\n<li data-start=\"749\" data-end=\"787\">\n<p data-start=\"752\" data-end=\"787\">Nyt en h\u00e5ndfri, bekymringsfri dag!<\/p>\n<\/li>\n<\/ol>\n<h2 style=\"text-align: center\" data-start=\"789\" data-end=\"812\">\ud83d\udcd0 Produktdetaljer<\/h2>\n<ul data-start=\"813\" data-end=\"932\">\n<li data-start=\"850\" data-end=\"881\">\n<p data-start=\"852\" data-end=\"881\">Materiale: mykt nylonstoff<\/p>\n<\/li>\n<li data-start=\"882\" data-end=\"932\">\n<p data-start=\"884\" data-end=\"932\">Vedlikehold: t\u00f8rk av med v\u00e5tt h\u00e5ndkle, kun luftt\u00f8rk<\/p>\n<\/li>\n<\/ul>\n<h2 style=\"text-align: center\" data-start=\"934\" data-end=\"958\">\ud83d\udce6 Pakken Inkluderer<\/h2>\n<ul data-start=\"959\" data-end=\"991\">\n<li data-start=\"959\" data-end=\"991\">\n<p data-start=\"961\" data-end=\"991\">1x skulderveske for kvinner.<\/p>\n<\/li>\n<\/ul>\n","protected":false},"excerpt":{"rendered":"<p>\ud83d\udc5c Din Hverdagsveske \u2014 Laget For Komfort, Plass Og Stil! Denne lette skuldervesken er laget for travle dager og uanstrengt [&hellip;]<\/p>\n","protected":false},"featured_media":32891,"comment_status":"open","ping_status":"closed","template":"","meta":{"site-sidebar-layout":"default","site-content-layout":"","ast-site-content-layout":"default","site-content-style":"default","site-sidebar-style":"default","ast-global-header-display":"","ast-banner-title-visibility":"","ast-main-header-display":"","ast-hfb-above-header-display":"","ast-hfb-below-header-display":"","ast-hfb-mobile-header-display":"","site-post-title":"","ast-breadcrumbs-content":"","ast-featured-img":"","footer-sml-layout":"","theme-transparent-header-meta":"default","adv-header-id-meta":"","stick-header-meta":"","header-above-stick-meta":"","header-main-stick-meta":"","header-below-stick-meta":"","astra-migrate-meta-layouts":"set","ast-page-background-enabled":"default","ast-page-background-meta":{"desktop":{"background-color":"var(--ast-global-color-4)","background-image":"","background-repeat":"repeat","background-position":"center center","background-size":"auto","background-attachment":"scroll","background-type":"","background-media":"","overlay-type":"","overlay-color":"","overlay-opacity":"","overlay-gradient":""},"tablet":{"background-color":"","background-image":"","background-repeat":"repeat","background-position":"center center","background-size":"auto","background-attachment":"scroll","background-type":"","background-media":"","overlay-type":"","overlay-color":"","overlay-opacity":"","overlay-gradient":""},"mobile":{"background-color":"","background-image":"","background-repeat":"repeat","background-position":"center center","background-size":"auto","background-attachment":"scroll","background-type":"","background-media":"","overlay-type":"","overlay-color":"","overlay-opacity":"","overlay-gradient":""}},"ast-content-background-meta":{"desktop":{"background-color":"var(--ast-global-color-5)","background-image":"","background-repeat":"repeat","background-position":"center center","background-size":"auto","background-attachment":"scroll","background-type":"","background-media":"","overlay-type":"","overlay-color":"","overlay-opacity":"","overlay-gradient":""},"tablet":{"background-color":"var(--ast-global-color-5)","background-image":"","background-repeat":"repeat","background-position":"center center","background-size":"auto","background-attachment":"scroll","background-type":"","background-media":"","overlay-type":"","overlay-color":"","overlay-opacity":"","overlay-gradient":""},"mobile":{"background-color":"var(--ast-global-color-5)","background-image":"","background-repeat":"repeat","background-position":"center center","background-size":"auto","background-attachment":"scroll","background-type":"","background-media":"","overlay-type":"","overlay-color":"","overlay-opacity":"","overlay-gradient":""}}},"product_brand":[],"product_cat":[994,993],"product_tag":[],"class_list":{"0":"post-32895","1":"product","2":"type-product","3":"status-publish","4":"has-post-thumbnail","6":"product_cat-klaer-til-kvinner","7":"product_cat-skotoy-tilbehor","8":"pa_35025_kg8uaajo-gra","9":"pa_35025_kg8uaajo-kaffe","10":"pa_35025_kg8uaajo-khaki","11":"pa_35025_kg8uaajo-svart","12":"desktop-align-left","13":"tablet-align-left","14":"mobile-align-left","16":"first","17":"instock","18":"shipping-taxable","19":"purchasable","20":"product-type-variable"},"_links":{"self":[{"href":"https:\/\/keluvo.com\/no\/wp-json\/wp\/v2\/product\/32895","targetHints":{"allow":["GET"]}}],"collection":[{"href":"https:\/\/keluvo.com\/no\/wp-json\/wp\/v2\/product"}],"about":[{"href":"https:\/\/keluvo.com\/no\/wp-json\/wp\/v2\/types\/product"}],"replies":[{"embeddable":true,"href":"https:\/\/keluvo.com\/no\/wp-json\/wp\/v2\/comments?post=32895"}],"wp:featuredmedia":[{"embeddable":true,"href":"https:\/\/keluvo.com\/no\/wp-json\/wp\/v2\/media\/32891"}],"wp:attachment":[{"href":"https:\/\/keluvo.com\/no\/wp-json\/wp\/v2\/media?parent=32895"}],"wp:term":[{"taxonomy":"product_brand","embeddable":true,"href":"https:\/\/keluvo.com\/no\/wp-json\/wp\/v2\/product_brand?post=32895"},{"taxonomy":"product_cat","embeddable":true,"href":"https:\/\/keluvo.com\/no\/wp-json\/wp\/v2\/product_cat?post=32895"},{"taxonomy":"product_tag","embeddable":true,"href":"https:\/\/keluvo.com\/no\/wp-json\/wp\/v2\/product_tag?post=32895"}],"curies":[{"name":"wp","href":"https:\/\/api.w.org\/{rel}","templated":true}]}}