{"id":32279,"date":"2025-07-16T17:42:29","date_gmt":"2025-07-16T15:42:29","guid":{"rendered":"https:\/\/keluvo.com\/no\/produkt\/cashbox\/"},"modified":"2025-09-18T21:36:33","modified_gmt":"2025-09-18T18:36:33","slug":"cashbox","status":"publish","type":"product","link":"https:\/\/keluvo.com\/no\/produkt\/cashbox\/","title":{"rendered":"Spareb\u00f8sse"},"content":{"rendered":"<p style=\"text-align: center\" data-start=\"82\" data-end=\"130\"><strong>\ud83d\udcb5 Gj\u00f8r Sparing Morsomt, Visuelt Og Givende!<\/strong><\/p>\n<p style=\"text-align: center\" data-start=\"132\" data-end=\"378\">Denne spareb\u00f8ssen er en vakkert utformet spareboks i tre som gj\u00f8r sparem\u00e5lene dine til en praktisk opplevelse. Bare legg inn regningene dine, merk av bel\u00f8pet og se fremgangen din vokse til du n\u00e5r m\u00e5let ditt &#8211; ingen apper eller konvolutter er n\u00f8dvendig!<\/p>\n<p data-start=\"132\" data-end=\"378\"><img decoding=\"async\" class=\"size-full wp-image-27958 aligncenter\" src=\"https:\/\/keluvo.com\/template\/wp-content\/uploads\/sites\/5\/2025\/07\/526553c20a9b3059c0eb34796f5e509fa46203de.webp\" alt=\"\" \/><\/p>\n<h2 style=\"text-align: center\" data-start=\"380\" data-end=\"401\"><strong>\ud83e\uddee <\/strong>Hovedfordeler<\/h2>\n<p data-start=\"404\" data-end=\"443\">\ud83e\udeb5 Slitesterk trekasse med sikkert lokk<\/p>\n<p data-start=\"446\" data-end=\"501\">\u2705 Visuell sparesporing &#8211; merk hvert bel\u00f8p underveis<\/p>\n<p data-start=\"504\" data-end=\"548\">\ud83e\udde0 Flott for \u00e5 bygge opp en sunn pengemoral habits<\/p>\n<p data-start=\"551\" data-end=\"600\">\ud83d\udc68\u200d\ud83d\udc69\u200d\ud83d\udc67 Perfekt for barn, voksne og familier<\/p>\n<p data-start=\"603\" data-end=\"660\">\ud83d\udca1 Kan ogs\u00e5 brukes som innredning med sin elegante, minimalistiske design<\/p>\n<p data-start=\"603\" data-end=\"660\"><img decoding=\"async\" class=\"size-full wp-image-27957 aligncenter\" src=\"https:\/\/keluvo.com\/template\/wp-content\/uploads\/sites\/5\/2025\/07\/7cd4067acab5b6f3345e8b333319c6220213af48.gif\" alt=\"\" \/><\/p>\n<h2 style=\"text-align: center\" data-start=\"662\" data-end=\"680\"><strong>\ud83d\udccc <\/strong>Slik Bruker Du Den<\/h2>\n<ol data-start=\"681\" data-end=\"848\">\n<li data-start=\"681\" data-end=\"722\">\n<p data-start=\"684\" data-end=\"722\">Velg et m\u00e5lbel\u00f8p (f.eks. \u20ac 1000).<\/p>\n<\/li>\n<li data-start=\"723\" data-end=\"773\">\n<p data-start=\"726\" data-end=\"773\">Sett inn den matchende seddelen og marker firkanten.<\/p>\n<\/li>\n<li data-start=\"774\" data-end=\"848\">\n<p data-start=\"777\" data-end=\"848\">Gjenta til alle tallene er fylt &#8211; og feir sparem\u00e5let ditt!<\/p>\n<\/li>\n<\/ol>\n<h2 style=\"text-align: center\" data-start=\"850\" data-end=\"873\"><strong>\ud83d\udcd0 <\/strong>Produktdetaljer<\/h2>\n<ul data-start=\"874\" data-end=\"976\">\n<li data-start=\"874\" data-end=\"900\">\n<p data-start=\"876\" data-end=\"900\">Materiale: naturlig tre<\/p>\n<\/li>\n<li data-start=\"901\" data-end=\"933\">\n<p data-start=\"903\" data-end=\"933\">M\u00e5l: ca. 20\u00d714,7\u00d75,6 cm<\/p>\n<\/li>\n<\/ul>\n<h2 style=\"text-align: center\" data-start=\"978\" data-end=\"1002\"><strong>\ud83d\udce6 <\/strong>Pakken Inneholder<\/h2>\n<ul data-start=\"1003\" data-end=\"1040\">\n<li data-start=\"1003\" data-end=\"1040\">\n<p data-start=\"1005\" data-end=\"1040\">1x spareb\u00f8sse.<\/p>\n<\/li>\n<\/ul>\n","protected":false},"excerpt":{"rendered":"<p>\ud83d\udcb5 Gj\u00f8r Sparing Morsomt, Visuelt Og Givende! Denne spareb\u00f8ssen er en vakkert utformet spareboks i tre som gj\u00f8r sparem\u00e5lene dine [&hellip;]<\/p>\n","protected":false},"featured_media":32275,"comment_status":"open","ping_status":"closed","template":"","meta":{"site-sidebar-layout":"default","site-content-layout":"","ast-site-content-layout":"default","site-content-style":"default","site-sidebar-style":"default","ast-global-header-display":"","ast-banner-title-visibility":"","ast-main-header-display":"","ast-hfb-above-header-display":"","ast-hfb-below-header-display":"","ast-hfb-mobile-header-display":"","site-post-title":"","ast-breadcrumbs-content":"","ast-featured-img":"","footer-sml-layout":"","theme-transparent-header-meta":"default","adv-header-id-meta":"","stick-header-meta":"","header-above-stick-meta":"","header-main-stick-meta":"","header-below-stick-meta":"","astra-migrate-meta-layouts":"set","ast-page-background-enabled":"default","ast-page-background-meta":{"desktop":{"background-color":"var(--ast-global-color-4)","background-image":"","background-repeat":"repeat","background-position":"center center","background-size":"auto","background-attachment":"scroll","background-type":"","background-media":"","overlay-type":"","overlay-color":"","overlay-opacity":"","overlay-gradient":""},"tablet":{"background-color":"","background-image":"","background-repeat":"repeat","background-position":"center center","background-size":"auto","background-attachment":"scroll","background-type":"","background-media":"","overlay-type":"","overlay-color":"","overlay-opacity":"","overlay-gradient":""},"mobile":{"background-color":"","background-image":"","background-repeat":"repeat","background-position":"center center","background-size":"auto","background-attachment":"scroll","background-type":"","background-media":"","overlay-type":"","overlay-color":"","overlay-opacity":"","overlay-gradient":""}},"ast-content-background-meta":{"desktop":{"background-color":"var(--ast-global-color-5)","background-image":"","background-repeat":"repeat","background-position":"center center","background-size":"auto","background-attachment":"scroll","background-type":"","background-media":"","overlay-type":"","overlay-color":"","overlay-opacity":"","overlay-gradient":""},"tablet":{"background-color":"var(--ast-global-color-5)","background-image":"","background-repeat":"repeat","background-position":"center center","background-size":"auto","background-attachment":"scroll","background-type":"","background-media":"","overlay-type":"","overlay-color":"","overlay-opacity":"","overlay-gradient":""},"mobile":{"background-color":"var(--ast-global-color-5)","background-image":"","background-repeat":"repeat","background-position":"center center","background-size":"auto","background-attachment":"scroll","background-type":"","background-media":"","overlay-type":"","overlay-color":"","overlay-opacity":"","overlay-gradient":""}}},"product_brand":[],"product_cat":[1001,993],"product_tag":[],"class_list":{"0":"post-32279","1":"product","2":"type-product","3":"status-publish","4":"has-post-thumbnail","6":"product_cat-husholdningsartikler","7":"product_cat-skotoy-tilbehor","8":"pa_30368_3vzrd2ll-e1000","9":"pa_30368_3vzrd2ll-e10000","10":"pa_30368_3vzrd2ll-e2000","11":"pa_30368_3vzrd2ll-e3000","12":"pa_30368_3vzrd2ll-e5000","13":"desktop-align-left","14":"tablet-align-left","15":"mobile-align-left","17":"first","18":"instock","19":"shipping-taxable","20":"purchasable","21":"product-type-variable"},"_links":{"self":[{"href":"https:\/\/keluvo.com\/no\/wp-json\/wp\/v2\/product\/32279","targetHints":{"allow":["GET"]}}],"collection":[{"href":"https:\/\/keluvo.com\/no\/wp-json\/wp\/v2\/product"}],"about":[{"href":"https:\/\/keluvo.com\/no\/wp-json\/wp\/v2\/types\/product"}],"replies":[{"embeddable":true,"href":"https:\/\/keluvo.com\/no\/wp-json\/wp\/v2\/comments?post=32279"}],"wp:featuredmedia":[{"embeddable":true,"href":"https:\/\/keluvo.com\/no\/wp-json\/wp\/v2\/media\/32275"}],"wp:attachment":[{"href":"https:\/\/keluvo.com\/no\/wp-json\/wp\/v2\/media?parent=32279"}],"wp:term":[{"taxonomy":"product_brand","embeddable":true,"href":"https:\/\/keluvo.com\/no\/wp-json\/wp\/v2\/product_brand?post=32279"},{"taxonomy":"product_cat","embeddable":true,"href":"https:\/\/keluvo.com\/no\/wp-json\/wp\/v2\/product_cat?post=32279"},{"taxonomy":"product_tag","embeddable":true,"href":"https:\/\/keluvo.com\/no\/wp-json\/wp\/v2\/product_tag?post=32279"}],"curies":[{"name":"wp","href":"https:\/\/api.w.org\/{rel}","templated":true}]}}