{"id":32253,"date":"2025-07-16T17:40:38","date_gmt":"2025-07-16T15:40:38","guid":{"rendered":"https:\/\/keluvo.com\/no\/produkt\/dampstrykejern-2\/"},"modified":"2025-07-16T19:45:10","modified_gmt":"2025-07-16T17:45:10","slug":"dampstrykejern-2","status":"publish","type":"product","link":"https:\/\/keluvo.com\/no\/produkt\/dampstrykejern-2\/","title":{"rendered":"Dampstrykejern"},"content":{"rendered":"<p style=\"text-align: center;\" data-start=\"85\" data-end=\"139\"><strong>\ud83d\udc54 Si Farvel Til Rynker \u2014 Raskt, Enkelt, Og Hvor Som Helst!<\/strong><\/p>\n<p style=\"text-align: center;\" data-start=\"141\" data-end=\"414\">Med dette kraftige dampstrykejernet kan du glatte ut kl\u00e6r p\u00e5 sekunder uten \u00e5 bruke et klumpete strykejern. Det varmes raskt opp, fungerer p\u00e5 alle tekstiler og er perfekt b\u00e5de hjemme og p\u00e5 reise. Enten det gjelder skjorter, gardiner eller \u00f8mfintlige stoffer &#8211; dette dampstrykejernet f\u00e5r jobben gjort uten problemer.<\/p>\n<p data-start=\"141\" data-end=\"414\"><img decoding=\"async\" class=\"size-full wp-image-27926 aligncenter\" src=\"https:\/\/keluvo.com\/template\/wp-content\/uploads\/sites\/5\/2025\/07\/07112-ezgif.com-video-to-webp-converter-1.webp\" alt=\"\" \/><\/p>\n<h2 style=\"text-align: center;\" data-start=\"416\" data-end=\"437\">\ud83d\udd25 Hovedfordeler<\/h2>\n<p data-start=\"440\" data-end=\"496\">\ud83d\udca8 Rask og kraftig damp fjerner rynker umiddelbart<\/p>\n<p data-start=\"499\" data-end=\"546\">\ud83d\udc57 Trygt for alle tekstiler \u2014 fra bomull til silke<\/p>\n<p data-start=\"549\" data-end=\"598\">\ud83e\uddf3 Kompakt og lett \u2014 perfekt for reiser<\/p>\n<p data-start=\"601\" data-end=\"640\">\u26a1 Rask oppvarmingstid for bruk p\u00e5 farten<\/p>\n<p data-start=\"643\" data-end=\"693\">\ud83e\uddfc Kan ogs\u00e5 brukes til lett rensing av plagg<\/p>\n<p data-start=\"643\" data-end=\"693\"><img decoding=\"async\" class=\"size-full wp-image-27927 aligncenter\" src=\"https:\/\/keluvo.com\/template\/wp-content\/uploads\/sites\/5\/2025\/07\/S0f5b405516c74e8780d54510a71a2ed1Y.jpg\" alt=\"\" \/><\/p>\n<h2 style=\"text-align: center;\" data-start=\"695\" data-end=\"713\">\ud83d\udccc Slik Bruker Du Den<\/h2>\n<ol data-start=\"714\" data-end=\"852\">\n<li data-start=\"714\" data-end=\"743\">\n<p data-start=\"717\" data-end=\"743\">Fyll tanken med vann.<\/p>\n<\/li>\n<li data-start=\"744\" data-end=\"786\">\n<p data-start=\"747\" data-end=\"786\">F\u00f8r dampstrykejernet over kl\u00e6rne dine &#8211; du trenger ikke strykebrett!<\/p>\n<\/li>\n<li data-start=\"787\" data-end=\"852\">\n<p data-start=\"790\" data-end=\"852\">Glid dampstrykejernet over kl\u00e6rne dine &#8211; du trenger ikke strykebrett!<\/p>\n<\/li>\n<\/ol>\n<h2 style=\"text-align: center;\" data-start=\"854\" data-end=\"877\">\ud83d\udcd0 Produktdetaljer<\/h2>\n<ul data-start=\"878\" data-end=\"974\">\n<li data-start=\"878\" data-end=\"910\">\n<p data-start=\"880\" data-end=\"910\">Fullautomatisk damputgang<\/p>\n<\/li>\n<li data-start=\"911\" data-end=\"945\">\n<p data-start=\"913\" data-end=\"945\">Ergonomisk design for enkelt grep<\/p>\n<\/li>\n<li data-start=\"946\" data-end=\"974\">\n<p data-start=\"948\" data-end=\"974\">Lett og b\u00e6rbar<\/p>\n<\/li>\n<li data-start=\"946\" data-end=\"974\">EU-kontakt<\/li>\n<\/ul>\n<h2 style=\"text-align: center;\" data-start=\"976\" data-end=\"1000\">\ud83d\udce6 Pakken Inkluderer<\/h2>\n<ul data-start=\"1001\" data-end=\"1051\">\n<li data-start=\"1001\" data-end=\"1032\">\n<p data-start=\"1003\" data-end=\"1032\">1x dampstrykejern<\/p>\n<\/li>\n<li data-start=\"1033\" data-end=\"1051\">\n<p data-start=\"1035\" data-end=\"1051\">1x brukerh\u00e5ndbok.<\/p>\n<\/li>\n<\/ul>\n","protected":false},"excerpt":{"rendered":"<p>\ud83d\udc54 Si Farvel Til Rynker \u2014 Raskt, Enkelt, Og Hvor Som Helst! Med dette kraftige dampstrykejernet kan du glatte ut [&hellip;]<\/p>\n","protected":false},"featured_media":32249,"comment_status":"open","ping_status":"closed","template":"","meta":{"site-sidebar-layout":"default","site-content-layout":"","ast-site-content-layout":"default","site-content-style":"default","site-sidebar-style":"default","ast-global-header-display":"","ast-banner-title-visibility":"","ast-main-header-display":"","ast-hfb-above-header-display":"","ast-hfb-below-header-display":"","ast-hfb-mobile-header-display":"","site-post-title":"","ast-breadcrumbs-content":"","ast-featured-img":"","footer-sml-layout":"","theme-transparent-header-meta":"default","adv-header-id-meta":"","stick-header-meta":"","header-above-stick-meta":"","header-main-stick-meta":"","header-below-stick-meta":"","astra-migrate-meta-layouts":"set","ast-page-background-enabled":"default","ast-page-background-meta":{"desktop":{"background-color":"var(--ast-global-color-4)","background-image":"","background-repeat":"repeat","background-position":"center center","background-size":"auto","background-attachment":"scroll","background-type":"","background-media":"","overlay-type":"","overlay-color":"","overlay-opacity":"","overlay-gradient":""},"tablet":{"background-color":"","background-image":"","background-repeat":"repeat","background-position":"center center","background-size":"auto","background-attachment":"scroll","background-type":"","background-media":"","overlay-type":"","overlay-color":"","overlay-opacity":"","overlay-gradient":""},"mobile":{"background-color":"","background-image":"","background-repeat":"repeat","background-position":"center center","background-size":"auto","background-attachment":"scroll","background-type":"","background-media":"","overlay-type":"","overlay-color":"","overlay-opacity":"","overlay-gradient":""}},"ast-content-background-meta":{"desktop":{"background-color":"var(--ast-global-color-5)","background-image":"","background-repeat":"repeat","background-position":"center center","background-size":"auto","background-attachment":"scroll","background-type":"","background-media":"","overlay-type":"","overlay-color":"","overlay-opacity":"","overlay-gradient":""},"tablet":{"background-color":"var(--ast-global-color-5)","background-image":"","background-repeat":"repeat","background-position":"center center","background-size":"auto","background-attachment":"scroll","background-type":"","background-media":"","overlay-type":"","overlay-color":"","overlay-opacity":"","overlay-gradient":""},"mobile":{"background-color":"var(--ast-global-color-5)","background-image":"","background-repeat":"repeat","background-position":"center center","background-size":"auto","background-attachment":"scroll","background-type":"","background-media":"","overlay-type":"","overlay-color":"","overlay-opacity":"","overlay-gradient":""}}},"product_brand":[],"product_cat":[1001],"product_tag":[],"class_list":{"0":"post-32253","1":"product","2":"type-product","3":"status-publish","4":"has-post-thumbnail","6":"product_cat-husholdningsartikler","7":"pa_45886_r70qfxfx-hvit","8":"pa_45886_r70qfxfx-svart","9":"desktop-align-left","10":"tablet-align-left","11":"mobile-align-left","13":"first","14":"instock","15":"shipping-taxable","16":"purchasable","17":"product-type-variable"},"_links":{"self":[{"href":"https:\/\/keluvo.com\/no\/wp-json\/wp\/v2\/product\/32253","targetHints":{"allow":["GET"]}}],"collection":[{"href":"https:\/\/keluvo.com\/no\/wp-json\/wp\/v2\/product"}],"about":[{"href":"https:\/\/keluvo.com\/no\/wp-json\/wp\/v2\/types\/product"}],"replies":[{"embeddable":true,"href":"https:\/\/keluvo.com\/no\/wp-json\/wp\/v2\/comments?post=32253"}],"wp:featuredmedia":[{"embeddable":true,"href":"https:\/\/keluvo.com\/no\/wp-json\/wp\/v2\/media\/32249"}],"wp:attachment":[{"href":"https:\/\/keluvo.com\/no\/wp-json\/wp\/v2\/media?parent=32253"}],"wp:term":[{"taxonomy":"product_brand","embeddable":true,"href":"https:\/\/keluvo.com\/no\/wp-json\/wp\/v2\/product_brand?post=32253"},{"taxonomy":"product_cat","embeddable":true,"href":"https:\/\/keluvo.com\/no\/wp-json\/wp\/v2\/product_cat?post=32253"},{"taxonomy":"product_tag","embeddable":true,"href":"https:\/\/keluvo.com\/no\/wp-json\/wp\/v2\/product_tag?post=32253"}],"curies":[{"name":"wp","href":"https:\/\/api.w.org\/{rel}","templated":true}]}}