{"id":32231,"date":"2025-07-16T17:38:56","date_gmt":"2025-07-16T15:38:56","guid":{"rendered":"https:\/\/keluvo.com\/no\/produkt\/nattlys-4\/"},"modified":"2025-07-16T17:39:05","modified_gmt":"2025-07-16T15:39:05","slug":"nattlys-4","status":"publish","type":"product","link":"https:\/\/keluvo.com\/no\/produkt\/nattlys-4\/","title":{"rendered":"Nattlys"},"content":{"rendered":"<p style=\"text-align: center\" data-start=\"82\" data-end=\"114\"><strong>\ud83d\udc7b Kos Deg Med Uhyggelig S\u00f8thet!<\/strong><\/p>\n<p style=\"text-align: center\" data-start=\"116\" data-end=\"372\">Disse s\u00f8te nattlysene (sm\u00e5 sp\u00f8kelser) steker marshmallows over et gl\u00f8dende leirb\u00e5l &#8211; og de er her for \u00e5 bringe sjarm, varme og Halloween-stemning til hjemmet ditt. Enten du skal pynte til uhygge eller bare elsker s\u00f8te nattlys, er dette et must-have!<\/p>\n<p data-start=\"116\" data-end=\"372\"><img decoding=\"async\" class=\"size-full wp-image-27902 aligncenter\" src=\"https:\/\/keluvo.com\/template\/wp-content\/uploads\/sites\/5\/2025\/07\/1-26.webp\" alt=\"\" \/><\/p>\n<h2 style=\"text-align: center\" data-start=\"374\" data-end=\"395\">\ud83d\udd25 Hovedfordeler<\/h2>\n<p data-start=\"398\" data-end=\"445\">\ud83d\udc7b Morsom sp\u00f8kelsesdesign som f\u00e5r alle til \u00e5 smile<\/p>\n<p data-start=\"448\" data-end=\"501\">\ud83d\udd25 Flakkende flammeeffekt for en koselig, magisk glow<\/p>\n<p data-start=\"504\" data-end=\"555\">\ud83d\udecb\ufe0f Kompakt og b\u00e6rbar &#8211; perfekt for ethvert hj\u00f8rne<\/p>\n<p data-start=\"558\" data-end=\"603\">\ud83c\udf83 Ideell Halloween-dekorasjon eller nattlys<\/p>\n<p data-start=\"606\" data-end=\"666\">\ud83d\udca1 Tilf\u00f8rer et mykt, beroligende lys til soverom eller stuer<\/p>\n<p data-start=\"606\" data-end=\"666\"><img decoding=\"async\" class=\"size-full wp-image-27903 aligncenter\" src=\"https:\/\/keluvo.com\/template\/wp-content\/uploads\/sites\/5\/2025\/07\/38793819-10c3-47c4-9a2e-70d9c7ac6221.webp\" alt=\"\" \/><\/p>\n<h2 style=\"text-align: center\" data-start=\"668\" data-end=\"686\">\ud83d\udccc Slik Bruker Du Den<\/h2>\n<ol data-start=\"687\" data-end=\"823\">\n<li data-start=\"687\" data-end=\"724\">\n<p data-start=\"690\" data-end=\"724\">Koble den inn i et hvilket som helst standarduttak.<\/p>\n<\/li>\n<li data-start=\"725\" data-end=\"773\">\n<p data-start=\"728\" data-end=\"773\">Se flammen flimre og sp\u00f8kelsene gl\u00f8de.<\/p>\n<\/li>\n<li data-start=\"774\" data-end=\"823\">\n<p data-start=\"777\" data-end=\"823\">Nyt den uhyggelige og s\u00f8te stemningen hele dagen og natten!<\/p>\n<\/li>\n<\/ol>\n<h2 style=\"text-align: center\" data-start=\"825\" data-end=\"848\">\ud83d\udcd0 Produktdetaljer<\/h2>\n<ul data-start=\"849\" data-end=\"928\">\n<li data-start=\"849\" data-end=\"876\">\n<p data-start=\"851\" data-end=\"876\">Materiale: slitesterk harpiks<\/p>\n<\/li>\n<li data-start=\"877\" data-end=\"894\">\n<p data-start=\"879\" data-end=\"894\">Spenning: 110V<\/p>\n<\/li>\n<li data-start=\"895\" data-end=\"911\">\n<p data-start=\"897\" data-end=\"911\">Vekt: 360 g<\/p>\n<\/li>\n<li data-start=\"895\" data-end=\"911\">EU-plugg<\/li>\n<\/ul>\n<h2 style=\"text-align: center\" data-start=\"930\" data-end=\"954\">\ud83d\udce6 Pakken Inneholder<\/h2>\n<ul data-start=\"955\" data-end=\"998\">\n<li data-start=\"955\" data-end=\"998\">\n<p data-start=\"957\" data-end=\"998\">1x nattlys.<\/p>\n<\/li>\n<\/ul>\n","protected":false},"excerpt":{"rendered":"<p>\ud83d\udc7b Kos Deg Med Uhyggelig S\u00f8thet! Disse s\u00f8te nattlysene (sm\u00e5 sp\u00f8kelser) steker marshmallows over et gl\u00f8dende leirb\u00e5l &#8211; og de [&hellip;]<\/p>\n","protected":false},"featured_media":32227,"comment_status":"open","ping_status":"closed","template":"","meta":{"site-sidebar-layout":"default","site-content-layout":"","ast-site-content-layout":"default","site-content-style":"default","site-sidebar-style":"default","ast-global-header-display":"","ast-banner-title-visibility":"","ast-main-header-display":"","ast-hfb-above-header-display":"","ast-hfb-below-header-display":"","ast-hfb-mobile-header-display":"","site-post-title":"","ast-breadcrumbs-content":"","ast-featured-img":"","footer-sml-layout":"","theme-transparent-header-meta":"default","adv-header-id-meta":"","stick-header-meta":"","header-above-stick-meta":"","header-main-stick-meta":"","header-below-stick-meta":"","astra-migrate-meta-layouts":"set","ast-page-background-enabled":"default","ast-page-background-meta":{"desktop":{"background-color":"var(--ast-global-color-4)","background-image":"","background-repeat":"repeat","background-position":"center center","background-size":"auto","background-attachment":"scroll","background-type":"","background-media":"","overlay-type":"","overlay-color":"","overlay-opacity":"","overlay-gradient":""},"tablet":{"background-color":"","background-image":"","background-repeat":"repeat","background-position":"center center","background-size":"auto","background-attachment":"scroll","background-type":"","background-media":"","overlay-type":"","overlay-color":"","overlay-opacity":"","overlay-gradient":""},"mobile":{"background-color":"","background-image":"","background-repeat":"repeat","background-position":"center center","background-size":"auto","background-attachment":"scroll","background-type":"","background-media":"","overlay-type":"","overlay-color":"","overlay-opacity":"","overlay-gradient":""}},"ast-content-background-meta":{"desktop":{"background-color":"var(--ast-global-color-5)","background-image":"","background-repeat":"repeat","background-position":"center center","background-size":"auto","background-attachment":"scroll","background-type":"","background-media":"","overlay-type":"","overlay-color":"","overlay-opacity":"","overlay-gradient":""},"tablet":{"background-color":"var(--ast-global-color-5)","background-image":"","background-repeat":"repeat","background-position":"center center","background-size":"auto","background-attachment":"scroll","background-type":"","background-media":"","overlay-type":"","overlay-color":"","overlay-opacity":"","overlay-gradient":""},"mobile":{"background-color":"var(--ast-global-color-5)","background-image":"","background-repeat":"repeat","background-position":"center center","background-size":"auto","background-attachment":"scroll","background-type":"","background-media":"","overlay-type":"","overlay-color":"","overlay-opacity":"","overlay-gradient":""}}},"product_brand":[],"product_cat":[1001],"product_tag":[],"class_list":{"0":"post-32231","1":"product","2":"type-product","3":"status-publish","4":"has-post-thumbnail","6":"product_cat-husholdningsartikler","7":"pa_23389_5i8q1h9i-gul","8":"pa_23389_5i8q1h9i-hvit","9":"desktop-align-left","10":"tablet-align-left","11":"mobile-align-left","13":"first","14":"instock","15":"shipping-taxable","16":"purchasable","17":"product-type-variable"},"_links":{"self":[{"href":"https:\/\/keluvo.com\/no\/wp-json\/wp\/v2\/product\/32231","targetHints":{"allow":["GET"]}}],"collection":[{"href":"https:\/\/keluvo.com\/no\/wp-json\/wp\/v2\/product"}],"about":[{"href":"https:\/\/keluvo.com\/no\/wp-json\/wp\/v2\/types\/product"}],"replies":[{"embeddable":true,"href":"https:\/\/keluvo.com\/no\/wp-json\/wp\/v2\/comments?post=32231"}],"wp:featuredmedia":[{"embeddable":true,"href":"https:\/\/keluvo.com\/no\/wp-json\/wp\/v2\/media\/32227"}],"wp:attachment":[{"href":"https:\/\/keluvo.com\/no\/wp-json\/wp\/v2\/media?parent=32231"}],"wp:term":[{"taxonomy":"product_brand","embeddable":true,"href":"https:\/\/keluvo.com\/no\/wp-json\/wp\/v2\/product_brand?post=32231"},{"taxonomy":"product_cat","embeddable":true,"href":"https:\/\/keluvo.com\/no\/wp-json\/wp\/v2\/product_cat?post=32231"},{"taxonomy":"product_tag","embeddable":true,"href":"https:\/\/keluvo.com\/no\/wp-json\/wp\/v2\/product_tag?post=32231"}],"curies":[{"name":"wp","href":"https:\/\/api.w.org\/{rel}","templated":true}]}}