{"id":32222,"date":"2025-07-16T17:38:12","date_gmt":"2025-07-16T15:38:12","guid":{"rendered":"https:\/\/keluvo.com\/no\/produkt\/plantepotter\/"},"modified":"2025-07-16T17:38:19","modified_gmt":"2025-07-16T15:38:19","slug":"plantepotter","status":"publish","type":"product","link":"https:\/\/keluvo.com\/no\/produkt\/plantepotter\/","title":{"rendered":"Plantepotter"},"content":{"rendered":"<p style=\"text-align: center\" data-start=\"70\" data-end=\"108\"><strong>\ud83d\udc31 Gi Plantene Dine Et Lekent Preg!<\/strong><\/p>\n<p style=\"text-align: center\" data-start=\"110\" data-end=\"336\">Disse s\u00f8te, katteformede plantekrukkene er den <em data-start=\"153\" data-end=\"164\">perfekte<\/em> m\u00e5ten \u00e5 lyse opp rommet ditt p\u00e5, samtidig som de viser frem favorittgr\u00f8nnsakene dine. De er h\u00e5ndlaget med kj\u00e6rlighet og sjarm, og gj\u00f8r enhver hylle, skrivebord eller vinduskarm morsommere og full av liv.<\/p>\n<p data-start=\"110\" data-end=\"336\"><img decoding=\"async\" class=\"size-full wp-image-27891 aligncenter\" src=\"https:\/\/keluvo.com\/template\/wp-content\/uploads\/sites\/5\/2025\/07\/3OElfGkEEtBt5Mw6z3Bz.jpg\" alt=\"\" \/><\/p>\n<h2 style=\"text-align: center\" data-start=\"338\" data-end=\"359\">\ud83c\udf3f Hovedfordeler<\/h2>\n<p data-start=\"362\" data-end=\"417\">\ud83d\ude3b Finurlig kattedesign som gir glede til innredningen<\/p>\n<p data-start=\"420\" data-end=\"470\">\ud83e\udeb4 Flott for sukkulenter, urter eller sm\u00e5 blomster<\/p>\n<p data-start=\"473\" data-end=\"525\">\ud83d\udca7 V\u00e6rbestandig for b\u00e5de innend\u00f8rs og utend\u00f8rs bruk<\/p>\n<p data-start=\"528\" data-end=\"580\">\ud83c\udf81 Ideell gave til katteelskere og planter enthusiasts<\/p>\n<p data-start=\"583\" data-end=\"634\">\ud83d\udd90\ufe0f H\u00e5ndlaget av slitesterke materialer av h\u00f8y kvalitet<\/p>\n<p data-start=\"583\" data-end=\"634\"><img decoding=\"async\" class=\"size-full wp-image-27890 aligncenter\" src=\"https:\/\/keluvo.com\/template\/wp-content\/uploads\/sites\/5\/2025\/07\/QW6s7AOIzLnuJY3XG20Z.jpg\" alt=\"\" \/><\/p>\n<h2 style=\"text-align: center\" data-start=\"636\" data-end=\"654\">\ud83d\udccc Slik Bruker Du Dem<\/h2>\n<ol data-start=\"655\" data-end=\"793\">\n<li data-start=\"655\" data-end=\"708\">\n<p data-start=\"658\" data-end=\"708\">Fyll med din lille favorittplante eller sukkulent.<\/p>\n<\/li>\n<li data-start=\"709\" data-end=\"754\">\n<p data-start=\"712\" data-end=\"754\">Plasser den p\u00e5 skrivebordet, hyllen eller i vinduskarmen.<\/p>\n<\/li>\n<li data-start=\"755\" data-end=\"793\">\n<p data-start=\"758\" data-end=\"793\">Nyt de glade vibbene hele dagen!<\/p>\n<\/li>\n<\/ol>\n<h2 style=\"text-align: center\" data-start=\"795\" data-end=\"818\">\ud83d\udcd0 Produktdetaljer<\/h2>\n<ul data-start=\"819\" data-end=\"960\">\n<li data-start=\"866\" data-end=\"912\">\n<p data-start=\"868\" data-end=\"912\">Passer til jord, sm\u00e5stein eller kunstige planter<\/p>\n<\/li>\n<li data-start=\"913\" data-end=\"960\">\n<p data-start=\"915\" data-end=\"960\">Lett, men robust keramisk konstruksjon<\/p>\n<\/li>\n<\/ul>\n<h2 style=\"text-align: center\" data-start=\"962\" data-end=\"986\">\ud83d\udce6 Pakken Inneholder<\/h2>\n<ul data-start=\"987\" data-end=\"1047\">\n<li data-start=\"987\" data-end=\"1047\">\n<p data-start=\"989\" data-end=\"1047\">1x potteplante.<\/p>\n<\/li>\n<\/ul>\n","protected":false},"excerpt":{"rendered":"<p>\ud83d\udc31 Gi Plantene Dine Et Lekent Preg! Disse s\u00f8te, katteformede plantekrukkene er den perfekte m\u00e5ten \u00e5 lyse opp rommet ditt [&hellip;]<\/p>\n","protected":false},"featured_media":32218,"comment_status":"open","ping_status":"closed","template":"","meta":{"site-sidebar-layout":"default","site-content-layout":"","ast-site-content-layout":"default","site-content-style":"default","site-sidebar-style":"default","ast-global-header-display":"","ast-banner-title-visibility":"","ast-main-header-display":"","ast-hfb-above-header-display":"","ast-hfb-below-header-display":"","ast-hfb-mobile-header-display":"","site-post-title":"","ast-breadcrumbs-content":"","ast-featured-img":"","footer-sml-layout":"","theme-transparent-header-meta":"default","adv-header-id-meta":"","stick-header-meta":"","header-above-stick-meta":"","header-main-stick-meta":"","header-below-stick-meta":"","astra-migrate-meta-layouts":"set","ast-page-background-enabled":"default","ast-page-background-meta":{"desktop":{"background-color":"var(--ast-global-color-4)","background-image":"","background-repeat":"repeat","background-position":"center center","background-size":"auto","background-attachment":"scroll","background-type":"","background-media":"","overlay-type":"","overlay-color":"","overlay-opacity":"","overlay-gradient":""},"tablet":{"background-color":"","background-image":"","background-repeat":"repeat","background-position":"center center","background-size":"auto","background-attachment":"scroll","background-type":"","background-media":"","overlay-type":"","overlay-color":"","overlay-opacity":"","overlay-gradient":""},"mobile":{"background-color":"","background-image":"","background-repeat":"repeat","background-position":"center center","background-size":"auto","background-attachment":"scroll","background-type":"","background-media":"","overlay-type":"","overlay-color":"","overlay-opacity":"","overlay-gradient":""}},"ast-content-background-meta":{"desktop":{"background-color":"var(--ast-global-color-5)","background-image":"","background-repeat":"repeat","background-position":"center center","background-size":"auto","background-attachment":"scroll","background-type":"","background-media":"","overlay-type":"","overlay-color":"","overlay-opacity":"","overlay-gradient":""},"tablet":{"background-color":"var(--ast-global-color-5)","background-image":"","background-repeat":"repeat","background-position":"center center","background-size":"auto","background-attachment":"scroll","background-type":"","background-media":"","overlay-type":"","overlay-color":"","overlay-opacity":"","overlay-gradient":""},"mobile":{"background-color":"var(--ast-global-color-5)","background-image":"","background-repeat":"repeat","background-position":"center center","background-size":"auto","background-attachment":"scroll","background-type":"","background-media":"","overlay-type":"","overlay-color":"","overlay-opacity":"","overlay-gradient":""}}},"product_brand":[],"product_cat":[1001],"product_tag":[],"class_list":{"0":"post-32222","1":"product","2":"type-product","3":"status-publish","4":"has-post-thumbnail","6":"product_cat-husholdningsartikler","7":"pa_31371_r1m3zf0e-a","8":"pa_31371_r1m3zf0e-b","9":"desktop-align-left","10":"tablet-align-left","11":"mobile-align-left","13":"first","14":"instock","15":"shipping-taxable","16":"purchasable","17":"product-type-variable"},"_links":{"self":[{"href":"https:\/\/keluvo.com\/no\/wp-json\/wp\/v2\/product\/32222","targetHints":{"allow":["GET"]}}],"collection":[{"href":"https:\/\/keluvo.com\/no\/wp-json\/wp\/v2\/product"}],"about":[{"href":"https:\/\/keluvo.com\/no\/wp-json\/wp\/v2\/types\/product"}],"replies":[{"embeddable":true,"href":"https:\/\/keluvo.com\/no\/wp-json\/wp\/v2\/comments?post=32222"}],"wp:featuredmedia":[{"embeddable":true,"href":"https:\/\/keluvo.com\/no\/wp-json\/wp\/v2\/media\/32218"}],"wp:attachment":[{"href":"https:\/\/keluvo.com\/no\/wp-json\/wp\/v2\/media?parent=32222"}],"wp:term":[{"taxonomy":"product_brand","embeddable":true,"href":"https:\/\/keluvo.com\/no\/wp-json\/wp\/v2\/product_brand?post=32222"},{"taxonomy":"product_cat","embeddable":true,"href":"https:\/\/keluvo.com\/no\/wp-json\/wp\/v2\/product_cat?post=32222"},{"taxonomy":"product_tag","embeddable":true,"href":"https:\/\/keluvo.com\/no\/wp-json\/wp\/v2\/product_tag?post=32222"}],"curies":[{"name":"wp","href":"https:\/\/api.w.org\/{rel}","templated":true}]}}