{"id":32194,"date":"2025-07-16T17:36:47","date_gmt":"2025-07-16T15:36:47","guid":{"rendered":"https:\/\/keluvo.com\/no\/produkt\/sapeskal\/"},"modified":"2025-07-16T19:41:19","modified_gmt":"2025-07-16T17:41:19","slug":"sapeskal","status":"publish","type":"product","link":"https:\/\/keluvo.com\/no\/produkt\/sapeskal\/","title":{"rendered":"S\u00e5pesk\u00e5l"},"content":{"rendered":"<p style=\"text-align: center;\" data-start=\"105\" data-end=\"145\"><strong>\ud83e\uddfc N\u00e5 er det slutt p\u00e5 fuktig s\u00e5pe og rotete benkeplater!<\/strong><\/p>\n<p style=\"text-align: center;\" data-start=\"147\" data-end=\"360\">Denne s\u00e5pesk\u00e5len holder s\u00e5pen t\u00f8rr, ren og klar til bruk &#8211; selv p\u00e5 fuktige bad. Den elegante, veggmonterte designen inkluderer et smart dreneringsbrett for \u00e5 forlenge s\u00e5pens levetid og holde orden.<\/p>\n<p data-start=\"147\" data-end=\"360\"><img decoding=\"async\" class=\"size-full wp-image-27849 aligncenter\" src=\"https:\/\/keluvo.com\/template\/wp-content\/uploads\/sites\/5\/2025\/07\/07111-ezgif.com-video-to-webp-converter-1-1.webp\" alt=\"\" \/><\/p>\n<h2 style=\"text-align: center;\" data-start=\"362\" data-end=\"383\"><strong>\ud83d\udebf <\/strong>Hovedfordeler<\/h2>\n<p data-start=\"386\" data-end=\"424\">\ud83d\udca7 Vanntett med et smart dryppbrett<\/p>\n<p data-start=\"427\" data-end=\"493\">\ud83e\uddf2 Veggmontert med sterke klebestrimler &#8211; ingen boring n\u00f8dvendig<\/p>\n<p data-start=\"496\" data-end=\"532\">\ud83e\uddfc Holder s\u00e5pen t\u00f8rr og ren lenger<\/p>\n<p data-start=\"535\" data-end=\"576\">\ud83e\uddf1 Moderne design som passer til alle bathroom<\/p>\n<p data-start=\"579\" data-end=\"623\">\u267b\ufe0f Laget av slitesterk plast av h\u00f8y kvalitet<\/p>\n<p data-start=\"579\" data-end=\"623\"><img decoding=\"async\" class=\"size-full wp-image-27853 aligncenter\" src=\"https:\/\/keluvo.com\/template\/wp-content\/uploads\/sites\/5\/2025\/07\/2_06462a15-86cc-4a9e-9772-9843cbeded4e.webp\" alt=\"\" \/><\/p>\n<h2 style=\"text-align: center;\" data-start=\"625\" data-end=\"643\"><strong>\ud83d\udccc<\/strong> Slik bruker du<\/h2>\n<ol data-start=\"644\" data-end=\"765\">\n<li data-start=\"644\" data-end=\"689\">\n<p data-start=\"647\" data-end=\"689\">Dra og fest klebemiddelet p\u00e5 veggen.<\/p>\n<\/li>\n<li data-start=\"690\" data-end=\"715\">\n<p data-start=\"693\" data-end=\"715\">Plasser s\u00e5pesk\u00e5len.<\/p>\n<\/li>\n<li data-start=\"716\" data-end=\"765\">\n<p data-start=\"719\" data-end=\"765\">Plasser s\u00e5pen og nyt en vask uten rot!<\/p>\n<\/li>\n<\/ol>\n<h2 style=\"text-align: center;\" data-start=\"767\" data-end=\"790\"><strong>\ud83d\udcd0 <\/strong>Produktdetaljer<\/h2>\n<ul data-start=\"791\" data-end=\"888\">\n<li data-start=\"791\" data-end=\"826\">\n<p data-start=\"793\" data-end=\"826\">Materiale: h\u00f8yfast plast<\/p>\n<\/li>\n<li data-start=\"827\" data-end=\"860\">\n<p data-start=\"829\" data-end=\"860\">St\u00f8rrelse: 12,8 cm x 5,8 cm x 12,8 cm<\/p>\n<\/li>\n<\/ul>\n<h2 style=\"text-align: center;\" data-start=\"890\" data-end=\"914\"><strong>\ud83d\udce6 <\/strong>Pakken inneholder<\/h2>\n<ul data-start=\"915\" data-end=\"965\">\n<li data-start=\"915\" data-end=\"942\">\n<p data-start=\"917\" data-end=\"942\">1, 2, 4 x s\u00e5pesk\u00e5l<\/p>\n<\/li>\n<li data-start=\"943\" data-end=\"965\">\n<p data-start=\"945\" data-end=\"965\">med selvklebende strips.<\/p>\n<\/li>\n<\/ul>\n","protected":false},"excerpt":{"rendered":"<p>\ud83e\uddfc N\u00e5 er det slutt p\u00e5 fuktig s\u00e5pe og rotete benkeplater! Denne s\u00e5pesk\u00e5len holder s\u00e5pen t\u00f8rr, ren og klar til [&hellip;]<\/p>\n","protected":false},"featured_media":32190,"comment_status":"open","ping_status":"closed","template":"","meta":{"site-sidebar-layout":"default","site-content-layout":"","ast-site-content-layout":"default","site-content-style":"default","site-sidebar-style":"default","ast-global-header-display":"","ast-banner-title-visibility":"","ast-main-header-display":"","ast-hfb-above-header-display":"","ast-hfb-below-header-display":"","ast-hfb-mobile-header-display":"","site-post-title":"","ast-breadcrumbs-content":"","ast-featured-img":"","footer-sml-layout":"","theme-transparent-header-meta":"default","adv-header-id-meta":"","stick-header-meta":"","header-above-stick-meta":"","header-main-stick-meta":"","header-below-stick-meta":"","astra-migrate-meta-layouts":"set","ast-page-background-enabled":"default","ast-page-background-meta":{"desktop":{"background-color":"var(--ast-global-color-4)","background-image":"","background-repeat":"repeat","background-position":"center center","background-size":"auto","background-attachment":"scroll","background-type":"","background-media":"","overlay-type":"","overlay-color":"","overlay-opacity":"","overlay-gradient":""},"tablet":{"background-color":"","background-image":"","background-repeat":"repeat","background-position":"center center","background-size":"auto","background-attachment":"scroll","background-type":"","background-media":"","overlay-type":"","overlay-color":"","overlay-opacity":"","overlay-gradient":""},"mobile":{"background-color":"","background-image":"","background-repeat":"repeat","background-position":"center center","background-size":"auto","background-attachment":"scroll","background-type":"","background-media":"","overlay-type":"","overlay-color":"","overlay-opacity":"","overlay-gradient":""}},"ast-content-background-meta":{"desktop":{"background-color":"var(--ast-global-color-5)","background-image":"","background-repeat":"repeat","background-position":"center center","background-size":"auto","background-attachment":"scroll","background-type":"","background-media":"","overlay-type":"","overlay-color":"","overlay-opacity":"","overlay-gradient":""},"tablet":{"background-color":"var(--ast-global-color-5)","background-image":"","background-repeat":"repeat","background-position":"center center","background-size":"auto","background-attachment":"scroll","background-type":"","background-media":"","overlay-type":"","overlay-color":"","overlay-opacity":"","overlay-gradient":""},"mobile":{"background-color":"var(--ast-global-color-5)","background-image":"","background-repeat":"repeat","background-position":"center center","background-size":"auto","background-attachment":"scroll","background-type":"","background-media":"","overlay-type":"","overlay-color":"","overlay-opacity":"","overlay-gradient":""}}},"product_brand":[],"product_cat":[1001],"product_tag":[],"class_list":{"0":"post-32194","1":"product","2":"type-product","3":"status-publish","4":"has-post-thumbnail","6":"product_cat-husholdningsartikler","7":"pa_21605_i1hd64es-hvit","8":"pa_21605_i1hd64es-lys-mynte","9":"pa_21605_i1hd64es-morkegronn","10":"pa_21605_jmga6i6u-1-stk","11":"pa_21605_jmga6i6u-2-stk","12":"pa_21605_jmga6i6u-4-stk","13":"desktop-align-left","14":"tablet-align-left","15":"mobile-align-left","17":"first","18":"instock","19":"shipping-taxable","20":"purchasable","21":"product-type-variable","22":"has-default-attributes"},"_links":{"self":[{"href":"https:\/\/keluvo.com\/no\/wp-json\/wp\/v2\/product\/32194","targetHints":{"allow":["GET"]}}],"collection":[{"href":"https:\/\/keluvo.com\/no\/wp-json\/wp\/v2\/product"}],"about":[{"href":"https:\/\/keluvo.com\/no\/wp-json\/wp\/v2\/types\/product"}],"replies":[{"embeddable":true,"href":"https:\/\/keluvo.com\/no\/wp-json\/wp\/v2\/comments?post=32194"}],"wp:featuredmedia":[{"embeddable":true,"href":"https:\/\/keluvo.com\/no\/wp-json\/wp\/v2\/media\/32190"}],"wp:attachment":[{"href":"https:\/\/keluvo.com\/no\/wp-json\/wp\/v2\/media?parent=32194"}],"wp:term":[{"taxonomy":"product_brand","embeddable":true,"href":"https:\/\/keluvo.com\/no\/wp-json\/wp\/v2\/product_brand?post=32194"},{"taxonomy":"product_cat","embeddable":true,"href":"https:\/\/keluvo.com\/no\/wp-json\/wp\/v2\/product_cat?post=32194"},{"taxonomy":"product_tag","embeddable":true,"href":"https:\/\/keluvo.com\/no\/wp-json\/wp\/v2\/product_tag?post=32194"}],"curies":[{"name":"wp","href":"https:\/\/api.w.org\/{rel}","templated":true}]}}