{"id":32185,"date":"2025-07-16T17:35:56","date_gmt":"2025-07-16T15:35:56","guid":{"rendered":"https:\/\/keluvo.com\/no\/produkt\/luftfukter\/"},"modified":"2025-07-16T19:39:30","modified_gmt":"2025-07-16T17:39:30","slug":"luftfukter","status":"publish","type":"product","link":"https:\/\/keluvo.com\/no\/produkt\/luftfukter\/","title":{"rendered":"Luftfukter"},"content":{"rendered":"<p style=\"text-align: center;\" data-start=\"101\" data-end=\"151\"><strong>\ud83d\udca7 F\u00e5 t\u00f8rr luft til \u00e5 forsvinne &#8211; med et snev av magi!<\/strong><\/p>\n<p style=\"text-align: center;\" data-start=\"153\" data-end=\"389\">Denne unike luftfukteren fukter ikke bare rommet ditt &#8211; den f\u00e5r ogs\u00e5 <em data-start=\"231\" data-end=\"242\">vanndr\u00e5per<\/em> til \u00e5 sveve for \u00e5 skape en fantastisk visuell effekt samtidig som den forbedrer luftkvaliteten. Si farvel til t\u00f8rr hud, irriterte bihuler og kjedelige luftfuktere.<\/p>\n<p data-start=\"153\" data-end=\"389\"><img decoding=\"async\" class=\"size-full wp-image-27841 aligncenter\" src=\"https:\/\/keluvo.com\/template\/wp-content\/uploads\/sites\/5\/2025\/07\/giphy_23e55794-3e27-4981-a114-ead9f8ddb4ba_480x480.webp\" alt=\"\" \/><\/p>\n<h2 style=\"text-align: center;\" data-start=\"391\" data-end=\"411\"><strong>\u2728 <\/strong>Hovedfordeler<\/h2>\n<p data-start=\"414\" data-end=\"463\">\ud83c\udf2b\ufe0f Holder luften frisk og huden din hydrert<\/p>\n<p data-start=\"466\" data-end=\"515\">\ud83c\udf00 Kult antigravitasjonsdesign som er morsomt \u00e5 se p\u00e5<\/p>\n<p data-start=\"518\" data-end=\"572\">\ud83c\udf3f Hjelper mot allergier, t\u00f8rrhoste og bihuleproblemer<\/p>\n<p data-start=\"575\" data-end=\"619\">\ud83d\udd07 Ultrastille &#8211; perfekt for s\u00f8vn eller jobb<\/p>\n<p data-start=\"622\" data-end=\"659\">\ud83d\udca1 Kan ogs\u00e5 brukes som et stilig innredningsobjekt<\/p>\n<p data-start=\"622\" data-end=\"659\"><img decoding=\"async\" class=\"size-full wp-image-27842 aligncenter\" src=\"https:\/\/keluvo.com\/template\/wp-content\/uploads\/sites\/5\/2025\/07\/INTUITYVUSVALDYMASVIENUPRISILIETIMU_22638fc3-a6e2-4db9-b07b-b037847ef88a.jpg\" alt=\"\" \/><\/p>\n<h2 style=\"text-align: center;\" data-start=\"661\" data-end=\"679\"><strong>\ud83d\udccc <\/strong>Slik Bruker Du<\/h2>\n<ol data-start=\"680\" data-end=\"802\">\n<li data-start=\"680\" data-end=\"712\">\n<p data-start=\"683\" data-end=\"712\">Tilsett rent vann i tanken.<\/p>\n<\/li>\n<li data-start=\"713\" data-end=\"746\">\n<p data-start=\"716\" data-end=\"746\">Plugg inn og trykk p\u00e5 knappen.<\/p>\n<\/li>\n<li data-start=\"747\" data-end=\"802\">\n<p data-start=\"750\" data-end=\"802\">Nyt den kj\u00f8lige t\u00e5ken og de fascinerende flytende dr\u00e5pene.<\/p>\n<\/li>\n<\/ol>\n<h2 style=\"text-align: center;\" data-start=\"804\" data-end=\"827\"><strong>\ud83d\udcd0 <\/strong>Produktdetaljer<\/h2>\n<ul data-start=\"828\" data-end=\"916\">\n<li data-start=\"828\" data-end=\"843\">\n<p data-start=\"830\" data-end=\"843\">USB-drevet<\/p>\n<\/li>\n<li data-start=\"844\" data-end=\"868\">\n<p data-start=\"846\" data-end=\"868\">Kompakt og b\u00e6rbar<\/p>\n<\/li>\n<li data-start=\"869\" data-end=\"916\">\n<p data-start=\"871\" data-end=\"916\">Trygg for soverom, kontorer og barnerom<\/p>\n<\/li>\n<\/ul>\n<h2 style=\"text-align: center;\" data-start=\"918\" data-end=\"942\"><strong>\ud83d\udce6<\/strong> Pakken Inkluderer<\/h2>\n<ul data-start=\"943\" data-end=\"1009\">\n<li data-start=\"943\" data-end=\"973\">\n<p data-start=\"945\" data-end=\"973\">1x luftfukter<\/p>\n<\/li>\n<li data-start=\"974\" data-end=\"990\">\n<p data-start=\"976\" data-end=\"990\">1x USB-kabel<\/p>\n<\/li>\n<li data-start=\"991\" data-end=\"1009\">\n<p data-start=\"993\" data-end=\"1009\">1x brukerh\u00e5ndbok.<\/p>\n<\/li>\n<\/ul>\n","protected":false},"excerpt":{"rendered":"<p>\ud83d\udca7 F\u00e5 t\u00f8rr luft til \u00e5 forsvinne &#8211; med et snev av magi! Denne unike luftfukteren fukter ikke bare rommet [&hellip;]<\/p>\n","protected":false},"featured_media":32181,"comment_status":"open","ping_status":"closed","template":"","meta":{"site-sidebar-layout":"default","site-content-layout":"","ast-site-content-layout":"default","site-content-style":"default","site-sidebar-style":"default","ast-global-header-display":"","ast-banner-title-visibility":"","ast-main-header-display":"","ast-hfb-above-header-display":"","ast-hfb-below-header-display":"","ast-hfb-mobile-header-display":"","site-post-title":"","ast-breadcrumbs-content":"","ast-featured-img":"","footer-sml-layout":"","theme-transparent-header-meta":"default","adv-header-id-meta":"","stick-header-meta":"","header-above-stick-meta":"","header-main-stick-meta":"","header-below-stick-meta":"","astra-migrate-meta-layouts":"set","ast-page-background-enabled":"default","ast-page-background-meta":{"desktop":{"background-color":"var(--ast-global-color-4)","background-image":"","background-repeat":"repeat","background-position":"center center","background-size":"auto","background-attachment":"scroll","background-type":"","background-media":"","overlay-type":"","overlay-color":"","overlay-opacity":"","overlay-gradient":""},"tablet":{"background-color":"","background-image":"","background-repeat":"repeat","background-position":"center center","background-size":"auto","background-attachment":"scroll","background-type":"","background-media":"","overlay-type":"","overlay-color":"","overlay-opacity":"","overlay-gradient":""},"mobile":{"background-color":"","background-image":"","background-repeat":"repeat","background-position":"center center","background-size":"auto","background-attachment":"scroll","background-type":"","background-media":"","overlay-type":"","overlay-color":"","overlay-opacity":"","overlay-gradient":""}},"ast-content-background-meta":{"desktop":{"background-color":"var(--ast-global-color-5)","background-image":"","background-repeat":"repeat","background-position":"center center","background-size":"auto","background-attachment":"scroll","background-type":"","background-media":"","overlay-type":"","overlay-color":"","overlay-opacity":"","overlay-gradient":""},"tablet":{"background-color":"var(--ast-global-color-5)","background-image":"","background-repeat":"repeat","background-position":"center center","background-size":"auto","background-attachment":"scroll","background-type":"","background-media":"","overlay-type":"","overlay-color":"","overlay-opacity":"","overlay-gradient":""},"mobile":{"background-color":"var(--ast-global-color-5)","background-image":"","background-repeat":"repeat","background-position":"center center","background-size":"auto","background-attachment":"scroll","background-type":"","background-media":"","overlay-type":"","overlay-color":"","overlay-opacity":"","overlay-gradient":""}}},"product_brand":[],"product_cat":[991,1001],"product_tag":[],"class_list":{"0":"post-32185","1":"product","2":"type-product","3":"status-publish","4":"has-post-thumbnail","6":"product_cat-helseprodukter","7":"product_cat-husholdningsartikler","8":"pa_23946_74znehaw-gronn","9":"pa_23946_74znehaw-hvit","10":"desktop-align-left","11":"tablet-align-left","12":"mobile-align-left","14":"first","15":"instock","16":"shipping-taxable","17":"purchasable","18":"product-type-variable"},"_links":{"self":[{"href":"https:\/\/keluvo.com\/no\/wp-json\/wp\/v2\/product\/32185","targetHints":{"allow":["GET"]}}],"collection":[{"href":"https:\/\/keluvo.com\/no\/wp-json\/wp\/v2\/product"}],"about":[{"href":"https:\/\/keluvo.com\/no\/wp-json\/wp\/v2\/types\/product"}],"replies":[{"embeddable":true,"href":"https:\/\/keluvo.com\/no\/wp-json\/wp\/v2\/comments?post=32185"}],"wp:featuredmedia":[{"embeddable":true,"href":"https:\/\/keluvo.com\/no\/wp-json\/wp\/v2\/media\/32181"}],"wp:attachment":[{"href":"https:\/\/keluvo.com\/no\/wp-json\/wp\/v2\/media?parent=32185"}],"wp:term":[{"taxonomy":"product_brand","embeddable":true,"href":"https:\/\/keluvo.com\/no\/wp-json\/wp\/v2\/product_brand?post=32185"},{"taxonomy":"product_cat","embeddable":true,"href":"https:\/\/keluvo.com\/no\/wp-json\/wp\/v2\/product_cat?post=32185"},{"taxonomy":"product_tag","embeddable":true,"href":"https:\/\/keluvo.com\/no\/wp-json\/wp\/v2\/product_tag?post=32185"}],"curies":[{"name":"wp","href":"https:\/\/api.w.org\/{rel}","templated":true}]}}