{"id":32117,"date":"2025-07-16T17:32:57","date_gmt":"2025-07-16T15:32:57","guid":{"rendered":"https:\/\/keluvo.com\/no\/produkt\/nattlys-3\/"},"modified":"2025-07-16T19:36:16","modified_gmt":"2025-07-16T17:36:16","slug":"nattlys-3","status":"publish","type":"product","link":"https:\/\/keluvo.com\/no\/produkt\/nattlys-3\/","title":{"rendered":"Nattlys"},"content":{"rendered":"<p style=\"text-align: center;\" data-start=\"93\" data-end=\"159\"><strong data-start=\"93\" data-end=\"159\">\ud83d\udca1 Legg Til En Retro Gl\u00f8d I Bilen Din Med Disse Livlige Billampene!<\/strong><\/p>\n<p style=\"text-align: center;\" data-start=\"161\" data-end=\"343\">Gj\u00f8r bilinteri\u00f8ret om til en fargerik stemningssone. Disse nattlampene plugges rett inn i bilens USB- eller lighteruttak, og gir i\u00f8ynefallende lys i den fargen du \u00f8nsker.<\/p>\n<p data-start=\"161\" data-end=\"343\"><img decoding=\"async\" class=\"size-full wp-image-27609 aligncenter\" src=\"https:\/\/keluvo.com\/template\/wp-content\/uploads\/sites\/5\/2025\/07\/ab60a7b21ce8fe197a4ce66b37a9c97a9ddf7f9f-1000.webp\" alt=\"\" \/><\/p>\n<h2 style=\"text-align: center;\" data-start=\"345\" data-end=\"368\">\ud83d\ude98 Hovedfordeler<\/h2>\n<p data-start=\"371\" data-end=\"412\">\ud83c\udf08 Finnes i flere livlige farger<\/p>\n<p data-start=\"415\" data-end=\"466\">\u26a1 Enkel plug-and-play-installasjon &#8211; ingen verkt\u00f8y trengs<\/p>\n<p data-start=\"469\" data-end=\"515\">\ud83d\udd04 Fungerer med USB- eller sigarettenneruttak<\/p>\n<p data-start=\"518\" data-end=\"559\">\ud83d\udca1 Lyssterk, energibesparende LED-teknologi<\/p>\n<p data-start=\"562\" data-end=\"608\">\ud83d\udd27 Slitesterk glass- og metallkonstruksjon for lang levetid<\/p>\n<p data-start=\"562\" data-end=\"608\"><img decoding=\"async\" class=\"size-full wp-image-27608 aligncenter\" src=\"https:\/\/keluvo.com\/template\/wp-content\/uploads\/sites\/5\/2025\/07\/b31a942238608acf9f0b9a1691a72d11ed2cce7a.jpg\" alt=\"\" \/><\/p>\n<h2 style=\"text-align: center;\" data-start=\"610\" data-end=\"631\">\ud83d\udee0\ufe0f Slik Bruker Du<\/h2>\n<ol data-start=\"632\" data-end=\"762\">\n<li data-start=\"632\" data-end=\"664\">\n<p data-start=\"635\" data-end=\"664\">Velg din favorittfarge.<\/p>\n<\/li>\n<li data-start=\"665\" data-end=\"730\">\n<p data-start=\"668\" data-end=\"730\">Plugg lyset inn i bilens USB- eller sigarettennerport.<\/p>\n<\/li>\n<li data-start=\"731\" data-end=\"762\">\n<p data-start=\"734\" data-end=\"762\">Nyt \u00f8yeblikkelig stemningsbelysning!<\/p>\n<\/li>\n<\/ol>\n<h2 style=\"text-align: center;\" data-start=\"764\" data-end=\"789\">\ud83d\udccf Produktdetaljer<\/h2>\n<ul data-start=\"790\" data-end=\"979\">\n<li data-start=\"816\" data-end=\"835\">\n<p data-start=\"818\" data-end=\"835\">Spenning: DC 12V<\/p>\n<\/li>\n<li data-start=\"836\" data-end=\"875\">\n<p data-start=\"838\" data-end=\"875\">Materialer: Glass + metallkomponenter<\/p>\n<\/li>\n<li data-start=\"938\" data-end=\"979\">\n<p data-start=\"940\" data-end=\"979\">Passer til de fleste biler, lastebiler og motorsykler<\/p>\n<\/li>\n<\/ul>\n<h2 style=\"text-align: center;\" data-start=\"981\" data-end=\"1007\">\ud83d\udce6 Pakken Inkluderer<\/h2>\n<ul data-start=\"1008\" data-end=\"1050\">\n<li data-start=\"1008\" data-end=\"1050\">\n<p data-start=\"1010\" data-end=\"1050\">1, 2, 4\u00d7 nattlys.<\/p>\n<\/li>\n<\/ul>\n","protected":false},"excerpt":{"rendered":"<p>\ud83d\udca1 Legg Til En Retro Gl\u00f8d I Bilen Din Med Disse Livlige Billampene! Gj\u00f8r bilinteri\u00f8ret om til en fargerik stemningssone. [&hellip;]<\/p>\n","protected":false},"featured_media":32113,"comment_status":"open","ping_status":"closed","template":"","meta":{"site-sidebar-layout":"default","site-content-layout":"","ast-site-content-layout":"default","site-content-style":"default","site-sidebar-style":"default","ast-global-header-display":"","ast-banner-title-visibility":"","ast-main-header-display":"","ast-hfb-above-header-display":"","ast-hfb-below-header-display":"","ast-hfb-mobile-header-display":"","site-post-title":"","ast-breadcrumbs-content":"","ast-featured-img":"","footer-sml-layout":"","theme-transparent-header-meta":"default","adv-header-id-meta":"","stick-header-meta":"","header-above-stick-meta":"","header-main-stick-meta":"","header-below-stick-meta":"","astra-migrate-meta-layouts":"set","ast-page-background-enabled":"default","ast-page-background-meta":{"desktop":{"background-color":"var(--ast-global-color-4)","background-image":"","background-repeat":"repeat","background-position":"center center","background-size":"auto","background-attachment":"scroll","background-type":"","background-media":"","overlay-type":"","overlay-color":"","overlay-opacity":"","overlay-gradient":""},"tablet":{"background-color":"","background-image":"","background-repeat":"repeat","background-position":"center center","background-size":"auto","background-attachment":"scroll","background-type":"","background-media":"","overlay-type":"","overlay-color":"","overlay-opacity":"","overlay-gradient":""},"mobile":{"background-color":"","background-image":"","background-repeat":"repeat","background-position":"center center","background-size":"auto","background-attachment":"scroll","background-type":"","background-media":"","overlay-type":"","overlay-color":"","overlay-opacity":"","overlay-gradient":""}},"ast-content-background-meta":{"desktop":{"background-color":"var(--ast-global-color-5)","background-image":"","background-repeat":"repeat","background-position":"center center","background-size":"auto","background-attachment":"scroll","background-type":"","background-media":"","overlay-type":"","overlay-color":"","overlay-opacity":"","overlay-gradient":""},"tablet":{"background-color":"var(--ast-global-color-5)","background-image":"","background-repeat":"repeat","background-position":"center center","background-size":"auto","background-attachment":"scroll","background-type":"","background-media":"","overlay-type":"","overlay-color":"","overlay-opacity":"","overlay-gradient":""},"mobile":{"background-color":"var(--ast-global-color-5)","background-image":"","background-repeat":"repeat","background-position":"center center","background-size":"auto","background-attachment":"scroll","background-type":"","background-media":"","overlay-type":"","overlay-color":"","overlay-opacity":"","overlay-gradient":""}}},"product_brand":[],"product_cat":[998,993],"product_tag":[],"class_list":{"0":"post-32117","1":"product","2":"type-product","3":"status-publish","4":"has-post-thumbnail","6":"product_cat-bilprodukter","7":"product_cat-skotoy-tilbehor","8":"pa_31040_scw2h5iz-1-stk","9":"pa_31040_scw2h5iz-2-stk","10":"pa_31040_scw2h5iz-4-stk","11":"pa_31040_vaw3v1kl-bla","12":"pa_31040_vaw3v1kl-gronn","13":"pa_31040_vaw3v1kl-hvit","14":"pa_31040_vaw3v1kl-lilla","15":"pa_31040_vaw3v1kl-rod","16":"pa_31040_vaw3v1kl-rosa","17":"pa_31040_vaw3v1kl-varm","18":"desktop-align-left","19":"tablet-align-left","20":"mobile-align-left","22":"first","23":"instock","24":"shipping-taxable","25":"purchasable","26":"product-type-variable","27":"has-default-attributes"},"_links":{"self":[{"href":"https:\/\/keluvo.com\/no\/wp-json\/wp\/v2\/product\/32117","targetHints":{"allow":["GET"]}}],"collection":[{"href":"https:\/\/keluvo.com\/no\/wp-json\/wp\/v2\/product"}],"about":[{"href":"https:\/\/keluvo.com\/no\/wp-json\/wp\/v2\/types\/product"}],"replies":[{"embeddable":true,"href":"https:\/\/keluvo.com\/no\/wp-json\/wp\/v2\/comments?post=32117"}],"wp:featuredmedia":[{"embeddable":true,"href":"https:\/\/keluvo.com\/no\/wp-json\/wp\/v2\/media\/32113"}],"wp:attachment":[{"href":"https:\/\/keluvo.com\/no\/wp-json\/wp\/v2\/media?parent=32117"}],"wp:term":[{"taxonomy":"product_brand","embeddable":true,"href":"https:\/\/keluvo.com\/no\/wp-json\/wp\/v2\/product_brand?post=32117"},{"taxonomy":"product_cat","embeddable":true,"href":"https:\/\/keluvo.com\/no\/wp-json\/wp\/v2\/product_cat?post=32117"},{"taxonomy":"product_tag","embeddable":true,"href":"https:\/\/keluvo.com\/no\/wp-json\/wp\/v2\/product_tag?post=32117"}],"curies":[{"name":"wp","href":"https:\/\/api.w.org\/{rel}","templated":true}]}}