{"id":32080,"date":"2025-07-16T17:29:45","date_gmt":"2025-07-16T15:29:45","guid":{"rendered":"https:\/\/keluvo.com\/no\/produkt\/magisk-kube\/"},"modified":"2025-11-11T11:25:57","modified_gmt":"2025-11-11T09:25:57","slug":"magisk-kube","status":"publish","type":"product","link":"https:\/\/keluvo.com\/no\/produkt\/magisk-kube\/","title":{"rendered":"Magisk kube"},"content":{"rendered":"<p style=\"text-align: center;\" data-start=\"97\" data-end=\"167\"><strong data-start=\"97\" data-end=\"165\">\ud83e\uddf2 Lag Over 70 Former Med Denne Magiske Magnetiske Puslespillkuben!<\/strong><\/p>\n<p style=\"text-align: center;\" data-start=\"169\" data-end=\"367\">Dette er ikke bare en leke &#8211; det er en fantasibygger! Den magiske kuben forvandles til dusinvis av fascinerende former, noe som underholder b\u00e5de barn og voksne samtidig som det \u00f8ker kreativiteten og fokuset.<\/p>\n<p data-start=\"169\" data-end=\"367\"><img decoding=\"async\" class=\"size-full wp-image-27573 aligncenter\" src=\"https:\/\/keluvo.com\/template\/wp-content\/uploads\/sites\/5\/2025\/07\/02_f3bc32a1-c105-4498-8403-7093a58725d2.webp\" alt=\"\" \/><\/p>\n<h2 style=\"text-align: center;\" data-start=\"369\" data-end=\"392\">\ud83c\udf00 Hovedfordeler<\/h2>\n<p data-start=\"395\" data-end=\"443\">\ud83c\udfa8 Mer enn 70 formkombinasjoner \u00e5 oppdage<\/p>\n<p data-start=\"446\" data-end=\"504\">\ud83c\udf08 Kunstneriske m\u00f8nstre og livlige farger p\u00e5 alle overflater<\/p>\n<p data-start=\"507\" data-end=\"561\">\ud83e\udde0 Oppmuntrer til fokus, probleml\u00f8sning og avslapning<\/p>\n<p data-start=\"564\" data-end=\"619\">\ud83d\udc6b Morsomt for alle aldre &#8211; perfekt for barn, ten\u00e5ringer og voksne<\/p>\n<p data-start=\"622\" data-end=\"663\">\ud83d\udce6 Kompakt og b\u00e6rbar for \u00e5 leke hvor som helst<\/p>\n<p data-start=\"622\" data-end=\"663\"><img decoding=\"async\" class=\"size-full wp-image-27569 aligncenter\" src=\"https:\/\/keluvo.com\/template\/wp-content\/uploads\/sites\/5\/2025\/07\/SKU-04_196777ce-8986-4073-a4e9-2c40163527d6.webp\" alt=\"\" \/><\/p>\n<h2 style=\"text-align: center;\" data-start=\"665\" data-end=\"685\">\ud83c\udfae Hvordan bruke<\/h2>\n<ol data-start=\"686\" data-end=\"828\">\n<li data-start=\"686\" data-end=\"717\">\n<p data-start=\"689\" data-end=\"717\">Start med kubeformen.<\/p>\n<\/li>\n<li data-start=\"718\" data-end=\"765\">\n<p data-start=\"721\" data-end=\"765\">Vri og brett for \u00e5 avsl\u00f8re endel\u00f8se 3D-former.<\/p>\n<\/li>\n<li data-start=\"766\" data-end=\"828\">\n<p data-start=\"769\" data-end=\"828\">Lag nye former eller utfordre vennene dine til \u00e5 sl\u00e5 designet ditt!<\/p>\n<\/li>\n<\/ol>\n<h2 style=\"text-align: center;\" data-start=\"830\" data-end=\"855\">\ud83d\udccf Produktdetaljer<\/h2>\n<ul data-start=\"856\" data-end=\"959\">\n<li data-start=\"856\" data-end=\"884\">\n<p data-start=\"858\" data-end=\"884\">St\u00f8rrelse: 6 cm \u00d7 6 cm \u00d7 6 cm<\/p>\n<\/li>\n<li data-start=\"885\" data-end=\"901\">\n<p data-start=\"887\" data-end=\"901\">Vekt: 120g<\/p>\n<\/li>\n<li data-start=\"902\" data-end=\"959\">\n<p data-start=\"904\" data-end=\"959\">Materialer: Slitesterk plast med blanke, trykte overflater<\/p>\n<\/li>\n<\/ul>\n<h2 style=\"text-align: center;\" data-start=\"961\" data-end=\"987\">\ud83d\udce6 Pakken Inneholder<\/h2>\n<ul data-start=\"988\" data-end=\"1012\">\n<li data-start=\"988\" data-end=\"1012\">\n<p data-start=\"990\" data-end=\"1012\">1\u00d7 magisk kube.<\/p>\n<\/li>\n<\/ul>\n","protected":false},"excerpt":{"rendered":"<p>\ud83e\uddf2 Lag Over 70 Former Med Denne Magiske Magnetiske Puslespillkuben! Dette er ikke bare en leke &#8211; det er en [&hellip;]<\/p>\n","protected":false},"featured_media":32076,"comment_status":"open","ping_status":"closed","template":"","meta":{"site-sidebar-layout":"default","site-content-layout":"","ast-site-content-layout":"default","site-content-style":"default","site-sidebar-style":"default","ast-global-header-display":"","ast-banner-title-visibility":"","ast-main-header-display":"","ast-hfb-above-header-display":"","ast-hfb-below-header-display":"","ast-hfb-mobile-header-display":"","site-post-title":"","ast-breadcrumbs-content":"","ast-featured-img":"","footer-sml-layout":"","theme-transparent-header-meta":"default","adv-header-id-meta":"","stick-header-meta":"","header-above-stick-meta":"","header-main-stick-meta":"","header-below-stick-meta":"","astra-migrate-meta-layouts":"set","ast-page-background-enabled":"default","ast-page-background-meta":{"desktop":{"background-color":"var(--ast-global-color-4)","background-image":"","background-repeat":"repeat","background-position":"center center","background-size":"auto","background-attachment":"scroll","background-type":"","background-media":"","overlay-type":"","overlay-color":"","overlay-opacity":"","overlay-gradient":""},"tablet":{"background-color":"","background-image":"","background-repeat":"repeat","background-position":"center center","background-size":"auto","background-attachment":"scroll","background-type":"","background-media":"","overlay-type":"","overlay-color":"","overlay-opacity":"","overlay-gradient":""},"mobile":{"background-color":"","background-image":"","background-repeat":"repeat","background-position":"center center","background-size":"auto","background-attachment":"scroll","background-type":"","background-media":"","overlay-type":"","overlay-color":"","overlay-opacity":"","overlay-gradient":""}},"ast-content-background-meta":{"desktop":{"background-color":"var(--ast-global-color-5)","background-image":"","background-repeat":"repeat","background-position":"center center","background-size":"auto","background-attachment":"scroll","background-type":"","background-media":"","overlay-type":"","overlay-color":"","overlay-opacity":"","overlay-gradient":""},"tablet":{"background-color":"var(--ast-global-color-5)","background-image":"","background-repeat":"repeat","background-position":"center center","background-size":"auto","background-attachment":"scroll","background-type":"","background-media":"","overlay-type":"","overlay-color":"","overlay-opacity":"","overlay-gradient":""},"mobile":{"background-color":"var(--ast-global-color-5)","background-image":"","background-repeat":"repeat","background-position":"center center","background-size":"auto","background-attachment":"scroll","background-type":"","background-media":"","overlay-type":"","overlay-color":"","overlay-opacity":"","overlay-gradient":""}}},"product_brand":[],"product_cat":[990],"product_tag":[],"class_list":{"0":"post-32080","1":"product","2":"type-product","3":"status-publish","4":"has-post-thumbnail","6":"product_cat-leker-barne-og-babyprodukter","7":"pa_38174_id1w4s49-a","8":"pa_38174_id1w4s49-b","9":"pa_38174_id1w4s49-c","10":"pa_38174_id1w4s49-d","11":"desktop-align-left","12":"tablet-align-left","13":"mobile-align-left","15":"first","16":"instock","17":"shipping-taxable","18":"purchasable","19":"product-type-variable"},"_links":{"self":[{"href":"https:\/\/keluvo.com\/no\/wp-json\/wp\/v2\/product\/32080","targetHints":{"allow":["GET"]}}],"collection":[{"href":"https:\/\/keluvo.com\/no\/wp-json\/wp\/v2\/product"}],"about":[{"href":"https:\/\/keluvo.com\/no\/wp-json\/wp\/v2\/types\/product"}],"replies":[{"embeddable":true,"href":"https:\/\/keluvo.com\/no\/wp-json\/wp\/v2\/comments?post=32080"}],"wp:featuredmedia":[{"embeddable":true,"href":"https:\/\/keluvo.com\/no\/wp-json\/wp\/v2\/media\/32076"}],"wp:attachment":[{"href":"https:\/\/keluvo.com\/no\/wp-json\/wp\/v2\/media?parent=32080"}],"wp:term":[{"taxonomy":"product_brand","embeddable":true,"href":"https:\/\/keluvo.com\/no\/wp-json\/wp\/v2\/product_brand?post=32080"},{"taxonomy":"product_cat","embeddable":true,"href":"https:\/\/keluvo.com\/no\/wp-json\/wp\/v2\/product_cat?post=32080"},{"taxonomy":"product_tag","embeddable":true,"href":"https:\/\/keluvo.com\/no\/wp-json\/wp\/v2\/product_tag?post=32080"}],"curies":[{"name":"wp","href":"https:\/\/api.w.org\/{rel}","templated":true}]}}