{"id":32037,"date":"2025-07-16T17:26:15","date_gmt":"2025-07-16T15:26:15","guid":{"rendered":"https:\/\/keluvo.com\/no\/produkt\/kakerlakk-agn\/"},"modified":"2025-07-16T17:26:26","modified_gmt":"2025-07-16T15:26:26","slug":"kakerlakk-agn","status":"publish","type":"product","link":"https:\/\/keluvo.com\/no\/produkt\/kakerlakk-agn\/","title":{"rendered":"Kakerlakk-agn"},"content":{"rendered":"<p style=\"text-align: center\" data-start=\"100\" data-end=\"169\"><strong data-start=\"100\" data-end=\"167\">\ud83e\udeb3 Eliminer kakerlakker raskt og trygt &#8211; uten rot, uten stress!<\/strong><\/p>\n<p style=\"text-align: center\" data-start=\"171\" data-end=\"363\">Disse kraftige agnene tiltrekker seg og dreper kakerlakker ved kilden. Bare plasser dem der skadedyrene gjemmer seg, og la formelen gj\u00f8re jobben. Ingen spray, ingen lukt &#8211; bare raske, langvarige resultater.<\/p>\n<p data-start=\"171\" data-end=\"363\"><img decoding=\"async\" class=\"size-full wp-image-27496 aligncenter\" src=\"https:\/\/keluvo.com\/template\/wp-content\/uploads\/sites\/5\/2025\/07\/c679b8e6-cd4e-4bf2-99a0-8140cac087b1.jpg\" alt=\"\" \/><\/p>\n<h2 style=\"text-align: center\" data-start=\"365\" data-end=\"387\"><strong>\u2705 Hovedfordeler<\/strong><\/h2>\n<p data-start=\"390\" data-end=\"447\">\ud83d\udca5 Dreper kakerlakker raskt og bryter ynglesyklusen<\/p>\n<p data-start=\"450\" data-end=\"494\">\ud83d\udc76 Sikker design &#8211; ingen direkte kontakt med agnet<\/p>\n<p data-start=\"497\" data-end=\"540\">\ud83e\uddfd Ingen flekker, ingen lukt, ingen opprydding n\u00f8dvendig<\/p>\n<p data-start=\"543\" data-end=\"607\">\ud83e\uddf2 Lett \u00e5 plassere under vasker, i hj\u00f8rner eller bak hvitevarer<\/p>\n<p data-start=\"610\" data-end=\"647\">\ud83d\udd52 Fungerer 24\/7 for flere ukers beskyttelse<\/p>\n<p data-start=\"610\" data-end=\"647\"><img decoding=\"async\" class=\"size-full wp-image-27499 aligncenter\" src=\"https:\/\/keluvo.com\/template\/wp-content\/uploads\/sites\/5\/2025\/07\/2_582d115d-595c-4931-979c-3eeeaad591ad_1400x-1.jpg\" alt=\"\" \/><\/p>\n<h2 style=\"text-align: center\" data-start=\"649\" data-end=\"669\"><strong>\ud83e\uddf0 Slik Bruker Du Dem<\/strong><\/h2>\n<ol data-start=\"670\" data-end=\"860\">\n<li data-start=\"670\" data-end=\"735\">\n<p data-start=\"673\" data-end=\"735\">\u00c5pne esken og plasser agnstasjonene i n\u00e6rheten av problemomr\u00e5der.<\/p>\n<\/li>\n<li data-start=\"736\" data-end=\"797\">\n<p data-start=\"739\" data-end=\"797\">La kakerlakkene komme inn og ta med seg giften tilbake til reiret.<\/p>\n<\/li>\n<li data-start=\"798\" data-end=\"860\">\n<p data-start=\"801\" data-end=\"860\">Bytt ut stasjonene med noen ukers mellomrom for kontinuerlig beskyttelse.<\/p>\n<\/li>\n<\/ol>\n<h2 style=\"text-align: center\" data-start=\"862\" data-end=\"887\"><strong>\ud83d\udccf Produktdetaljer<\/strong><\/h2>\n<ul data-start=\"888\" data-end=\"1031\">\n<li data-start=\"888\" data-end=\"945\">\n<p data-start=\"890\" data-end=\"945\">En eske inneholder: 8 agnstasjoner<\/p>\n<\/li>\n<li data-start=\"946\" data-end=\"973\">\n<p data-start=\"948\" data-end=\"973\">Designet for innend\u00f8rs bruk<\/p>\n<\/li>\n<li data-start=\"974\" data-end=\"1031\">\n<p data-start=\"976\" data-end=\"1031\">Virker p\u00e5 tyske, amerikanske og brunb\u00e5ndede kakerlakker<\/p>\n<\/li>\n<\/ul>\n<h2 style=\"text-align: center\" data-start=\"1033\" data-end=\"1059\"><strong>\ud83d\udce6 Pakken Inneholder<\/strong><\/h2>\n<ul data-start=\"1060\" data-end=\"1095\">\n<li data-start=\"1060\" data-end=\"1095\">\n<p data-start=\"1062\" data-end=\"1095\">8, 16, 24x kakerlakkagn.<\/p>\n<\/li>\n<\/ul>\n","protected":false},"excerpt":{"rendered":"<p>\ud83e\udeb3 Eliminer kakerlakker raskt og trygt &#8211; uten rot, uten stress! Disse kraftige agnene tiltrekker seg og dreper kakerlakker ved [&hellip;]<\/p>\n","protected":false},"featured_media":32033,"comment_status":"open","ping_status":"closed","template":"","meta":{"site-sidebar-layout":"default","site-content-layout":"","ast-site-content-layout":"default","site-content-style":"default","site-sidebar-style":"default","ast-global-header-display":"","ast-banner-title-visibility":"","ast-main-header-display":"","ast-hfb-above-header-display":"","ast-hfb-below-header-display":"","ast-hfb-mobile-header-display":"","site-post-title":"","ast-breadcrumbs-content":"","ast-featured-img":"","footer-sml-layout":"","theme-transparent-header-meta":"default","adv-header-id-meta":"","stick-header-meta":"","header-above-stick-meta":"","header-main-stick-meta":"","header-below-stick-meta":"","astra-migrate-meta-layouts":"set","ast-page-background-enabled":"default","ast-page-background-meta":{"desktop":{"background-color":"var(--ast-global-color-4)","background-image":"","background-repeat":"repeat","background-position":"center center","background-size":"auto","background-attachment":"scroll","background-type":"","background-media":"","overlay-type":"","overlay-color":"","overlay-opacity":"","overlay-gradient":""},"tablet":{"background-color":"","background-image":"","background-repeat":"repeat","background-position":"center center","background-size":"auto","background-attachment":"scroll","background-type":"","background-media":"","overlay-type":"","overlay-color":"","overlay-opacity":"","overlay-gradient":""},"mobile":{"background-color":"","background-image":"","background-repeat":"repeat","background-position":"center center","background-size":"auto","background-attachment":"scroll","background-type":"","background-media":"","overlay-type":"","overlay-color":"","overlay-opacity":"","overlay-gradient":""}},"ast-content-background-meta":{"desktop":{"background-color":"var(--ast-global-color-5)","background-image":"","background-repeat":"repeat","background-position":"center center","background-size":"auto","background-attachment":"scroll","background-type":"","background-media":"","overlay-type":"","overlay-color":"","overlay-opacity":"","overlay-gradient":""},"tablet":{"background-color":"var(--ast-global-color-5)","background-image":"","background-repeat":"repeat","background-position":"center center","background-size":"auto","background-attachment":"scroll","background-type":"","background-media":"","overlay-type":"","overlay-color":"","overlay-opacity":"","overlay-gradient":""},"mobile":{"background-color":"var(--ast-global-color-5)","background-image":"","background-repeat":"repeat","background-position":"center center","background-size":"auto","background-attachment":"scroll","background-type":"","background-media":"","overlay-type":"","overlay-color":"","overlay-opacity":"","overlay-gradient":""}}},"product_brand":[],"product_cat":[1001],"product_tag":[],"class_list":{"0":"post-32037","1":"product","2":"type-product","3":"status-publish","4":"has-post-thumbnail","6":"product_cat-husholdningsartikler","7":"pa_41262_68kpxtti-8-stk","8":"pa_41262_68kpxtti-16-stk","9":"pa_41262_68kpxtti-24-stk","10":"desktop-align-left","11":"tablet-align-left","12":"mobile-align-left","14":"first","15":"instock","16":"shipping-taxable","17":"purchasable","18":"product-type-variable"},"_links":{"self":[{"href":"https:\/\/keluvo.com\/no\/wp-json\/wp\/v2\/product\/32037","targetHints":{"allow":["GET"]}}],"collection":[{"href":"https:\/\/keluvo.com\/no\/wp-json\/wp\/v2\/product"}],"about":[{"href":"https:\/\/keluvo.com\/no\/wp-json\/wp\/v2\/types\/product"}],"replies":[{"embeddable":true,"href":"https:\/\/keluvo.com\/no\/wp-json\/wp\/v2\/comments?post=32037"}],"wp:featuredmedia":[{"embeddable":true,"href":"https:\/\/keluvo.com\/no\/wp-json\/wp\/v2\/media\/32033"}],"wp:attachment":[{"href":"https:\/\/keluvo.com\/no\/wp-json\/wp\/v2\/media?parent=32037"}],"wp:term":[{"taxonomy":"product_brand","embeddable":true,"href":"https:\/\/keluvo.com\/no\/wp-json\/wp\/v2\/product_brand?post=32037"},{"taxonomy":"product_cat","embeddable":true,"href":"https:\/\/keluvo.com\/no\/wp-json\/wp\/v2\/product_cat?post=32037"},{"taxonomy":"product_tag","embeddable":true,"href":"https:\/\/keluvo.com\/no\/wp-json\/wp\/v2\/product_tag?post=32037"}],"curies":[{"name":"wp","href":"https:\/\/api.w.org\/{rel}","templated":true}]}}