{"id":31940,"date":"2025-07-16T17:20:23","date_gmt":"2025-07-16T15:20:23","guid":{"rendered":"https:\/\/keluvo.com\/no\/produkt\/smartklokke-2\/"},"modified":"2025-07-16T19:23:40","modified_gmt":"2025-07-16T17:23:40","slug":"smartklokke-2","status":"publish","type":"product","link":"https:\/\/keluvo.com\/no\/produkt\/smartklokke-2\/","title":{"rendered":"Smartklokke"},"content":{"rendered":"<p style=\"text-align: center;\" data-start=\"92\" data-end=\"170\"><strong data-start=\"92\" data-end=\"170\">\u231a Bygget For Styrke. Fullpakket Med Smarte Funksjoner.<\/strong><\/p>\n<p style=\"text-align: center;\" data-start=\"172\" data-end=\"383\">Enten du er p\u00e5 fottur, trener eller bare lever livet p\u00e5 farten, holder denne robuste smartklokken tritt med tempoet ditt. Den er robust, vanntett og fullpakket med alle funksjonene du trenger for \u00e5 holde kontakten og kontrollen.<\/p>\n<p data-start=\"172\" data-end=\"383\"><img decoding=\"async\" class=\"size-full wp-image-27402 aligncenter\" src=\"https:\/\/keluvo.com\/template\/wp-content\/uploads\/sites\/5\/2025\/07\/07112-ezgif.com-video-to-webp-converter.webp\" alt=\"\" \/><\/p>\n<h2 style=\"text-align: center;\" data-start=\"385\" data-end=\"408\">\ud83d\udcaa Hovedfordeler<\/h2>\n<p data-start=\"411\" data-end=\"452\">\ud83d\udee1\ufe0f St\u00f8tsikker og ultra-holdbar design<\/p>\n<p data-start=\"455\" data-end=\"518\">\ud83d\udca7 Vanntett og v\u00e6rbestandig &#8211; perfekt for alle adventure<\/p>\n<p data-start=\"521\" data-end=\"566\">\u2764\ufe0f Overv\u00e5ker puls, s\u00f8vn og aktivitet<\/p>\n<p data-start=\"569\" data-end=\"630\">\ud83d\udcde Motta samtaler, meldinger, meldinger og varsler p\u00e5 h\u00e5ndleddet<\/p>\n<p data-start=\"633\" data-end=\"676\">\ud83d\udd0b Langtidsholdbart batteri for flere dagers bruk<\/p>\n<p data-start=\"679\" data-end=\"732\">\ud83c\udf0d Innebygd kompass, h\u00f8ydem\u00e5ler og multisportmodus<\/p>\n<p data-start=\"679\" data-end=\"732\"><img decoding=\"async\" class=\"size-full wp-image-27401 aligncenter\" src=\"https:\/\/keluvo.com\/template\/wp-content\/uploads\/sites\/5\/2025\/07\/laddare_aeb9ceee-a1cf-43ee-b58a-812821d7969f_480x480.webp\" alt=\"\" \/><\/p>\n<h2 style=\"text-align: center;\" data-start=\"734\" data-end=\"754\">\ud83d\udcf1 Slik Bruker Du Den<\/h2>\n<ol data-start=\"755\" data-end=\"979\">\n<li data-start=\"755\" data-end=\"818\">\n<p data-start=\"758\" data-end=\"818\">Sl\u00e5 p\u00e5 klokken og koble den til telefonen via Bluetooth.<\/p>\n<\/li>\n<li data-start=\"819\" data-end=\"904\">\n<p data-start=\"822\" data-end=\"904\">Bruk ber\u00f8ringsskjermen til \u00e5 f\u00e5 tilgang til funksjoner som puls, skrittm\u00e5ling m.m.<\/p>\n<\/li>\n<li data-start=\"905\" data-end=\"979\">\n<p data-start=\"908\" data-end=\"979\">Motta varsler, svar p\u00e5 anrop og overv\u00e5k helsen din mens du er p\u00e5 farten.<\/p>\n<\/li>\n<\/ol>\n<h2 style=\"text-align: center;\" data-start=\"981\" data-end=\"1006\">\u2699\ufe0f Produktdetaljer<\/h2>\n<ul data-start=\"1007\" data-end=\"1209\">\n<li data-start=\"1007\" data-end=\"1040\">\n<p data-start=\"1009\" data-end=\"1040\">Display: 1,96&#8243; HD-ber\u00f8ringsskjerm<\/p>\n<\/li>\n<li data-start=\"1041\" data-end=\"1075\">\n<p data-start=\"1043\" data-end=\"1075\">Kompatibilitet: iOS og Android<\/p>\n<\/li>\n<li data-start=\"1076\" data-end=\"1133\">\n<p data-start=\"1078\" data-end=\"1133\">Materialer: Forsterket sinklegering, silikonrem<\/p>\n<\/li>\n<li data-start=\"1134\" data-end=\"1209\">\n<p data-start=\"1136\" data-end=\"1209\">Funksjoner: Skritteller, s\u00f8vnregistrering, anropsp\u00e5minnelser, stoppeklokke og mer<\/p>\n<\/li>\n<\/ul>\n<h2 style=\"text-align: center;\" data-start=\"1211\" data-end=\"1237\">\ud83d\udce6 Pakken Inkluderer<\/h2>\n<ul data-start=\"1238\" data-end=\"1300\">\n<li data-start=\"1238\" data-end=\"1259\">\n<p data-start=\"1240\" data-end=\"1259\">1x smartklokke<\/p>\n<\/li>\n<li data-start=\"1260\" data-end=\"1283\">\n<p data-start=\"1262\" data-end=\"1283\">1x magnetisk lader<\/p>\n<\/li>\n<li data-start=\"1284\" data-end=\"1300\">\n<p data-start=\"1286\" data-end=\"1300\">1x brukerh\u00e5ndbok.<\/p>\n<\/li>\n<\/ul>\n","protected":false},"excerpt":{"rendered":"<p>\u231a Bygget For Styrke. Fullpakket Med Smarte Funksjoner. Enten du er p\u00e5 fottur, trener eller bare lever livet p\u00e5 farten, [&hellip;]<\/p>\n","protected":false},"featured_media":31936,"comment_status":"open","ping_status":"closed","template":"","meta":{"site-sidebar-layout":"default","site-content-layout":"","ast-site-content-layout":"default","site-content-style":"default","site-sidebar-style":"default","ast-global-header-display":"","ast-banner-title-visibility":"","ast-main-header-display":"","ast-hfb-above-header-display":"","ast-hfb-below-header-display":"","ast-hfb-mobile-header-display":"","site-post-title":"","ast-breadcrumbs-content":"","ast-featured-img":"","footer-sml-layout":"","theme-transparent-header-meta":"default","adv-header-id-meta":"","stick-header-meta":"","header-above-stick-meta":"","header-main-stick-meta":"","header-below-stick-meta":"","astra-migrate-meta-layouts":"set","ast-page-background-enabled":"default","ast-page-background-meta":{"desktop":{"background-color":"var(--ast-global-color-4)","background-image":"","background-repeat":"repeat","background-position":"center center","background-size":"auto","background-attachment":"scroll","background-type":"","background-media":"","overlay-type":"","overlay-color":"","overlay-opacity":"","overlay-gradient":""},"tablet":{"background-color":"","background-image":"","background-repeat":"repeat","background-position":"center center","background-size":"auto","background-attachment":"scroll","background-type":"","background-media":"","overlay-type":"","overlay-color":"","overlay-opacity":"","overlay-gradient":""},"mobile":{"background-color":"","background-image":"","background-repeat":"repeat","background-position":"center center","background-size":"auto","background-attachment":"scroll","background-type":"","background-media":"","overlay-type":"","overlay-color":"","overlay-opacity":"","overlay-gradient":""}},"ast-content-background-meta":{"desktop":{"background-color":"var(--ast-global-color-5)","background-image":"","background-repeat":"repeat","background-position":"center center","background-size":"auto","background-attachment":"scroll","background-type":"","background-media":"","overlay-type":"","overlay-color":"","overlay-opacity":"","overlay-gradient":""},"tablet":{"background-color":"var(--ast-global-color-5)","background-image":"","background-repeat":"repeat","background-position":"center center","background-size":"auto","background-attachment":"scroll","background-type":"","background-media":"","overlay-type":"","overlay-color":"","overlay-opacity":"","overlay-gradient":""},"mobile":{"background-color":"var(--ast-global-color-5)","background-image":"","background-repeat":"repeat","background-position":"center center","background-size":"auto","background-attachment":"scroll","background-type":"","background-media":"","overlay-type":"","overlay-color":"","overlay-opacity":"","overlay-gradient":""}}},"product_brand":[],"product_cat":[993],"product_tag":[],"class_list":{"0":"post-31940","1":"product","2":"type-product","3":"status-publish","4":"has-post-thumbnail","6":"product_cat-skotoy-tilbehor","7":"desktop-align-left","8":"tablet-align-left","9":"mobile-align-left","11":"first","12":"instock","13":"shipping-taxable","14":"purchasable","15":"product-type-simple"},"_links":{"self":[{"href":"https:\/\/keluvo.com\/no\/wp-json\/wp\/v2\/product\/31940","targetHints":{"allow":["GET"]}}],"collection":[{"href":"https:\/\/keluvo.com\/no\/wp-json\/wp\/v2\/product"}],"about":[{"href":"https:\/\/keluvo.com\/no\/wp-json\/wp\/v2\/types\/product"}],"replies":[{"embeddable":true,"href":"https:\/\/keluvo.com\/no\/wp-json\/wp\/v2\/comments?post=31940"}],"wp:featuredmedia":[{"embeddable":true,"href":"https:\/\/keluvo.com\/no\/wp-json\/wp\/v2\/media\/31936"}],"wp:attachment":[{"href":"https:\/\/keluvo.com\/no\/wp-json\/wp\/v2\/media?parent=31940"}],"wp:term":[{"taxonomy":"product_brand","embeddable":true,"href":"https:\/\/keluvo.com\/no\/wp-json\/wp\/v2\/product_brand?post=31940"},{"taxonomy":"product_cat","embeddable":true,"href":"https:\/\/keluvo.com\/no\/wp-json\/wp\/v2\/product_cat?post=31940"},{"taxonomy":"product_tag","embeddable":true,"href":"https:\/\/keluvo.com\/no\/wp-json\/wp\/v2\/product_tag?post=31940"}],"curies":[{"name":"wp","href":"https:\/\/api.w.org\/{rel}","templated":true}]}}