{"id":31929,"date":"2025-07-16T17:19:38","date_gmt":"2025-07-16T15:19:38","guid":{"rendered":"https:\/\/keluvo.com\/no\/produkt\/begerlokk-av-bambus\/"},"modified":"2025-07-16T17:19:48","modified_gmt":"2025-07-16T15:19:48","slug":"begerlokk-av-bambus","status":"publish","type":"product","link":"https:\/\/keluvo.com\/no\/produkt\/begerlokk-av-bambus\/","title":{"rendered":"Begerlokk av bambus"},"content":{"rendered":"<p style=\"text-align: center\" data-start=\"118\" data-end=\"181\"><strong data-start=\"118\" data-end=\"179\">\ud83c\udf77 Drikk, Snacks Og Slapp Av\u2014Alt I Ett Stilig Glasslokk!<\/strong><\/p>\n<p style=\"text-align: center\" data-start=\"183\" data-end=\"372\">Gj\u00f8r enhver vinkveld til en stilfull smaksopplevelse. Dette smarte bambuskopplokket kan settes rett p\u00e5 vinglasset ditt og fungerer ogs\u00e5 som et snackbrett, slik at du kan nyte ost, kjeks eller frukt uten \u00e5 m\u00e5tte ta hendene fra bordet!<\/p>\n<p data-start=\"183\" data-end=\"372\"><img decoding=\"async\" class=\"size-full wp-image-27392 aligncenter\" src=\"https:\/\/keluvo.com\/template\/wp-content\/uploads\/sites\/5\/2025\/07\/07111-ezgif.com-video-to-webp-converter-1.webp\" alt=\"\" \/><\/p>\n<h2 style=\"text-align: center\" data-start=\"374\" data-end=\"397\">\ud83c\udf3f Hovedfordeler<\/h2>\n<p data-start=\"400\" data-end=\"457\">\ud83c\udf47 Holder sm\u00e5 biter som ost, kj\u00f8ttp\u00e5legg eller frukt<\/p>\n<p data-start=\"460\" data-end=\"503\">\ud83e\udeb5 Laget av milj\u00f8vennlig, naturlig bambus<\/p>\n<p data-start=\"506\" data-end=\"542\">\ud83c\udf77 Passer til de fleste standard vinglass<\/p>\n<p data-start=\"545\" data-end=\"602\">\ud83e\uddc0 Perfekt til piknik, vinsmaking eller koselige kvelder<\/p>\n<p data-start=\"605\" data-end=\"644\">\ud83c\udf81 Flott gave til vinelskere og hosts<\/p>\n<p data-start=\"605\" data-end=\"644\"><img decoding=\"async\" class=\"size-full wp-image-27393 aligncenter\" src=\"https:\/\/keluvo.com\/template\/wp-content\/uploads\/sites\/5\/2025\/07\/6_f77497b9-d49f-4d96-b090-fe16b83547e7_1400x.webp\" alt=\"\" \/><\/p>\n<h2 style=\"text-align: center\" data-start=\"646\" data-end=\"667\">\ud83c\udf7d\ufe0f Slik Bruker Du<\/h2>\n<ol data-start=\"668\" data-end=\"819\">\n<li data-start=\"668\" data-end=\"720\">\n<p data-start=\"671\" data-end=\"720\">Plasser bambuslokket p\u00e5 toppen av vinglasset ditt.<\/p>\n<\/li>\n<li data-start=\"721\" data-end=\"768\">\n<p data-start=\"724\" data-end=\"768\">Legg noen smakfulle snacks p\u00e5 den \u00f8verste overflaten.<\/p>\n<\/li>\n<li data-start=\"769\" data-end=\"819\">\n<p data-start=\"772\" data-end=\"819\">Drikk og snacks med letthet &#8211; uten behov for ekstra tallerkener!<\/p>\n<\/li>\n<\/ol>\n<h2 style=\"text-align: center\" data-start=\"821\" data-end=\"846\">\ud83d\udccf Produktdetaljer<\/h2>\n<ul data-start=\"847\" data-end=\"938\">\n<li data-start=\"847\" data-end=\"875\">\n<p data-start=\"849\" data-end=\"875\">Materiale: Naturlig bambus<\/p>\n<\/li>\n<li data-start=\"876\" data-end=\"909\">\n<p data-start=\"878\" data-end=\"909\">St\u00f8rrelse: Ca. 6,35 cm i diameter<\/p>\n<\/li>\n<li data-start=\"910\" data-end=\"938\">\n<p data-start=\"912\" data-end=\"938\">Lett \u00e5 rengj\u00f8re og gjenbrukbar<\/p>\n<\/li>\n<\/ul>\n<h2 style=\"text-align: center\" data-start=\"940\" data-end=\"966\">\ud83d\udce6 Pakken Inneholder<\/h2>\n<ul data-start=\"967\" data-end=\"1027\">\n<li data-start=\"967\" data-end=\"1027\">\n<p data-start=\"969\" data-end=\"1027\">2, 4, 6x bambuskopplokk.<\/p>\n<\/li>\n<\/ul>\n","protected":false},"excerpt":{"rendered":"<p>\ud83c\udf77 Drikk, Snacks Og Slapp Av\u2014Alt I Ett Stilig Glasslokk! Gj\u00f8r enhver vinkveld til en stilfull smaksopplevelse. Dette smarte bambuskopplokket [&hellip;]<\/p>\n","protected":false},"featured_media":31925,"comment_status":"open","ping_status":"closed","template":"","meta":{"site-sidebar-layout":"default","site-content-layout":"","ast-site-content-layout":"default","site-content-style":"default","site-sidebar-style":"default","ast-global-header-display":"","ast-banner-title-visibility":"","ast-main-header-display":"","ast-hfb-above-header-display":"","ast-hfb-below-header-display":"","ast-hfb-mobile-header-display":"","site-post-title":"","ast-breadcrumbs-content":"","ast-featured-img":"","footer-sml-layout":"","theme-transparent-header-meta":"default","adv-header-id-meta":"","stick-header-meta":"","header-above-stick-meta":"","header-main-stick-meta":"","header-below-stick-meta":"","astra-migrate-meta-layouts":"set","ast-page-background-enabled":"default","ast-page-background-meta":{"desktop":{"background-color":"var(--ast-global-color-4)","background-image":"","background-repeat":"repeat","background-position":"center center","background-size":"auto","background-attachment":"scroll","background-type":"","background-media":"","overlay-type":"","overlay-color":"","overlay-opacity":"","overlay-gradient":""},"tablet":{"background-color":"","background-image":"","background-repeat":"repeat","background-position":"center center","background-size":"auto","background-attachment":"scroll","background-type":"","background-media":"","overlay-type":"","overlay-color":"","overlay-opacity":"","overlay-gradient":""},"mobile":{"background-color":"","background-image":"","background-repeat":"repeat","background-position":"center center","background-size":"auto","background-attachment":"scroll","background-type":"","background-media":"","overlay-type":"","overlay-color":"","overlay-opacity":"","overlay-gradient":""}},"ast-content-background-meta":{"desktop":{"background-color":"var(--ast-global-color-5)","background-image":"","background-repeat":"repeat","background-position":"center center","background-size":"auto","background-attachment":"scroll","background-type":"","background-media":"","overlay-type":"","overlay-color":"","overlay-opacity":"","overlay-gradient":""},"tablet":{"background-color":"var(--ast-global-color-5)","background-image":"","background-repeat":"repeat","background-position":"center center","background-size":"auto","background-attachment":"scroll","background-type":"","background-media":"","overlay-type":"","overlay-color":"","overlay-opacity":"","overlay-gradient":""},"mobile":{"background-color":"var(--ast-global-color-5)","background-image":"","background-repeat":"repeat","background-position":"center center","background-size":"auto","background-attachment":"scroll","background-type":"","background-media":"","overlay-type":"","overlay-color":"","overlay-opacity":"","overlay-gradient":""}}},"product_brand":[],"product_cat":[1001],"product_tag":[],"class_list":{"0":"post-31929","1":"product","2":"type-product","3":"status-publish","4":"has-post-thumbnail","6":"product_cat-husholdningsartikler","7":"pa_44757_hc6x1bf4-2-stk","8":"pa_44757_hc6x1bf4-4-stk","9":"pa_44757_hc6x1bf4-6-stk","10":"desktop-align-left","11":"tablet-align-left","12":"mobile-align-left","14":"first","15":"instock","16":"shipping-taxable","17":"purchasable","18":"product-type-variable"},"_links":{"self":[{"href":"https:\/\/keluvo.com\/no\/wp-json\/wp\/v2\/product\/31929","targetHints":{"allow":["GET"]}}],"collection":[{"href":"https:\/\/keluvo.com\/no\/wp-json\/wp\/v2\/product"}],"about":[{"href":"https:\/\/keluvo.com\/no\/wp-json\/wp\/v2\/types\/product"}],"replies":[{"embeddable":true,"href":"https:\/\/keluvo.com\/no\/wp-json\/wp\/v2\/comments?post=31929"}],"wp:featuredmedia":[{"embeddable":true,"href":"https:\/\/keluvo.com\/no\/wp-json\/wp\/v2\/media\/31925"}],"wp:attachment":[{"href":"https:\/\/keluvo.com\/no\/wp-json\/wp\/v2\/media?parent=31929"}],"wp:term":[{"taxonomy":"product_brand","embeddable":true,"href":"https:\/\/keluvo.com\/no\/wp-json\/wp\/v2\/product_brand?post=31929"},{"taxonomy":"product_cat","embeddable":true,"href":"https:\/\/keluvo.com\/no\/wp-json\/wp\/v2\/product_cat?post=31929"},{"taxonomy":"product_tag","embeddable":true,"href":"https:\/\/keluvo.com\/no\/wp-json\/wp\/v2\/product_tag?post=31929"}],"curies":[{"name":"wp","href":"https:\/\/api.w.org\/{rel}","templated":true}]}}