{"id":31879,"date":"2025-07-16T17:16:01","date_gmt":"2025-07-16T15:16:01","guid":{"rendered":"https:\/\/keluvo.com\/no\/produkt\/hundehalsband\/"},"modified":"2025-07-16T17:16:29","modified_gmt":"2025-07-16T15:16:29","slug":"hundehalsband","status":"publish","type":"product","link":"https:\/\/keluvo.com\/no\/produkt\/hundehalsband\/","title":{"rendered":"Hundehalsb\u00e5nd"},"content":{"rendered":"<p style=\"text-align: center\" data-start=\"76\" data-end=\"160\"><strong data-start=\"76\" data-end=\"158\">\u2728 Gj\u00f8r Valpen Din Til Stjernen P\u00e5 Fortauet Med Dette Stilige Hundehalsb\u00e5ndet I Skinn!<\/strong><\/p>\n<p style=\"text-align: center\" data-start=\"162\" data-end=\"379\">Unn din pelskledde venn den perfekte blandingen av komfort, kvalitet og mote. Dette hundehalsb\u00e5ndet i f\u00f8rsteklasses PU-l\u00e6r er inspirert av designere og har lekne m\u00f8nstre og en gylden spenne som gir valpen din en stilig touch.<\/p>\n<p data-start=\"162\" data-end=\"379\"><img decoding=\"async\" class=\"size-full wp-image-27335 aligncenter\" src=\"https:\/\/keluvo.com\/template\/wp-content\/uploads\/sites\/5\/2025\/07\/XtRSrQX7iimUln4GvS4I.webp\" alt=\"\" \/><\/p>\n<h2 style=\"text-align: center\" data-start=\"381\" data-end=\"402\">\ud83d\udc3e Hovedfordeler<\/h2>\n<p data-start=\"405\" data-end=\"459\">\ud83d\udc8e Luksuri\u00f8st utseende med fargerikt, i\u00f8ynefallende design<\/p>\n<p data-start=\"462\" data-end=\"502\">\ud83d\udc36 Mykt PU-l\u00e6r for maksimal komfort<\/p>\n<p data-start=\"505\" data-end=\"557\">\ud83d\udd12 Sterk gullfarget spenne holder halsb\u00e5ndet sikkert<\/p>\n<p data-start=\"560\" data-end=\"602\">\ud83d\udccf Justerbar st\u00f8rrelse for perfekt passform<\/p>\n<p data-start=\"605\" data-end=\"657\">\ud83c\udf81 Flott gave til nye valper eller stilige hundeforeldre<\/p>\n<p data-start=\"605\" data-end=\"657\"><img decoding=\"async\" class=\"size-full wp-image-27339 aligncenter\" src=\"https:\/\/keluvo.com\/template\/wp-content\/uploads\/sites\/5\/2025\/07\/7056e3db-3436-4822-9bc0-01ba0e6a4cf5.webp\" alt=\"\" \/><\/p>\n<h2 style=\"text-align: center\" data-start=\"659\" data-end=\"679\">\ud83d\udcd8 Slik Bruker Du Halsb\u00e5ndet<\/h2>\n<ol data-start=\"680\" data-end=\"834\">\n<li data-start=\"680\" data-end=\"723\">\n<p data-start=\"683\" data-end=\"723\">Strekk halsb\u00e5ndet over valpens nakke.<\/p>\n<\/li>\n<li data-start=\"724\" data-end=\"789\">\n<p data-start=\"727\" data-end=\"789\">Juster spennen for \u00e5 sikre at den sitter tett, men komfortabelt.<\/p>\n<\/li>\n<li data-start=\"790\" data-end=\"834\">\n<p data-start=\"793\" data-end=\"834\">Fest b\u00e5ndet, s\u00e5 er du klar til \u00e5 g\u00e5!<\/p>\n<\/li>\n<\/ol>\n<h2 style=\"text-align: center\" data-start=\"836\" data-end=\"859\">\ud83d\udccf Produktdetaljer<\/h2>\n<ul data-start=\"860\" data-end=\"1044\">\n<li data-start=\"860\" data-end=\"906\">\n<p data-start=\"862\" data-end=\"906\">Materiale: PU-skinn + gylden metallspenne<\/p>\n<\/li>\n<li data-start=\"993\" data-end=\"1044\">\n<p data-start=\"995\" data-end=\"1044\">Dekorert med fargerike, designerinspirerte trykk<\/p>\n<\/li>\n<\/ul>\n<h2 style=\"text-align: center\">\ud83d\udc36Produktst\u00f8rrelser<\/h2>\n<ul>\n<li>XS: bredde 1,5 cm, halsb\u00e5ndlengde 30 cm, halsomkrets: 20-25,5 cm<\/li>\n<li>S: bredde 1,5 cm, halsb\u00e5ndlengde 35 cm, halsomkrets: 26-32 cm<\/li>\n<li>M: bredde 2 cm, halsb\u00e5ndlengde 40 cm, halsomkrets: 29-36 cm<\/li>\n<li>L: bredde 2,5 cm, halsb\u00e5ndlengde 50 cm, halsomkrets: 35-45 cm<\/li>\n<li>XL: bredde 2,5 cm, halsb\u00e5ndlengde 60 cm, halsomkrets: 44-55 cm<\/li>\n<\/ul>\n<h2 style=\"text-align: center\">\ud83d\udce6 Pakken Inneholder<\/h2>\n<ul data-start=\"1071\" data-end=\"1102\">\n<li data-start=\"1071\" data-end=\"1102\">\n<p data-start=\"1073\" data-end=\"1102\">1\u00d7 hundehalsb\u00e5nd.<\/p>\n<\/li>\n<\/ul>\n","protected":false},"excerpt":{"rendered":"<p>\u2728 Gj\u00f8r Valpen Din Til Stjernen P\u00e5 Fortauet Med Dette Stilige Hundehalsb\u00e5ndet I Skinn! Unn din pelskledde venn den perfekte [&hellip;]<\/p>\n","protected":false},"featured_media":31875,"comment_status":"open","ping_status":"closed","template":"","meta":{"site-sidebar-layout":"default","site-content-layout":"","ast-site-content-layout":"default","site-content-style":"default","site-sidebar-style":"default","ast-global-header-display":"","ast-banner-title-visibility":"","ast-main-header-display":"","ast-hfb-above-header-display":"","ast-hfb-below-header-display":"","ast-hfb-mobile-header-display":"","site-post-title":"","ast-breadcrumbs-content":"","ast-featured-img":"","footer-sml-layout":"","theme-transparent-header-meta":"default","adv-header-id-meta":"","stick-header-meta":"","header-above-stick-meta":"","header-main-stick-meta":"","header-below-stick-meta":"","astra-migrate-meta-layouts":"set","ast-page-background-enabled":"default","ast-page-background-meta":{"desktop":{"background-color":"var(--ast-global-color-4)","background-image":"","background-repeat":"repeat","background-position":"center center","background-size":"auto","background-attachment":"scroll","background-type":"","background-media":"","overlay-type":"","overlay-color":"","overlay-opacity":"","overlay-gradient":""},"tablet":{"background-color":"","background-image":"","background-repeat":"repeat","background-position":"center center","background-size":"auto","background-attachment":"scroll","background-type":"","background-media":"","overlay-type":"","overlay-color":"","overlay-opacity":"","overlay-gradient":""},"mobile":{"background-color":"","background-image":"","background-repeat":"repeat","background-position":"center center","background-size":"auto","background-attachment":"scroll","background-type":"","background-media":"","overlay-type":"","overlay-color":"","overlay-opacity":"","overlay-gradient":""}},"ast-content-background-meta":{"desktop":{"background-color":"var(--ast-global-color-5)","background-image":"","background-repeat":"repeat","background-position":"center center","background-size":"auto","background-attachment":"scroll","background-type":"","background-media":"","overlay-type":"","overlay-color":"","overlay-opacity":"","overlay-gradient":""},"tablet":{"background-color":"var(--ast-global-color-5)","background-image":"","background-repeat":"repeat","background-position":"center center","background-size":"auto","background-attachment":"scroll","background-type":"","background-media":"","overlay-type":"","overlay-color":"","overlay-opacity":"","overlay-gradient":""},"mobile":{"background-color":"var(--ast-global-color-5)","background-image":"","background-repeat":"repeat","background-position":"center center","background-size":"auto","background-attachment":"scroll","background-type":"","background-media":"","overlay-type":"","overlay-color":"","overlay-opacity":"","overlay-gradient":""}}},"product_brand":[],"product_cat":[997],"product_tag":[],"class_list":{"0":"post-31879","1":"product","2":"type-product","3":"status-publish","4":"has-post-thumbnail","6":"product_cat-husdyrprodukter","7":"pa_47967_0ee5v4pb-brun","8":"pa_47967_0ee5v4pb-hvit","9":"pa_47967_tbm09g02-l","10":"pa_47967_tbm09g02-m","11":"pa_47967_tbm09g02-s","12":"pa_47967_tbm09g02-xl","13":"pa_47967_tbm09g02-xs","14":"desktop-align-left","15":"tablet-align-left","16":"mobile-align-left","18":"first","19":"instock","20":"shipping-taxable","21":"purchasable","22":"product-type-variable"},"_links":{"self":[{"href":"https:\/\/keluvo.com\/no\/wp-json\/wp\/v2\/product\/31879","targetHints":{"allow":["GET"]}}],"collection":[{"href":"https:\/\/keluvo.com\/no\/wp-json\/wp\/v2\/product"}],"about":[{"href":"https:\/\/keluvo.com\/no\/wp-json\/wp\/v2\/types\/product"}],"replies":[{"embeddable":true,"href":"https:\/\/keluvo.com\/no\/wp-json\/wp\/v2\/comments?post=31879"}],"wp:featuredmedia":[{"embeddable":true,"href":"https:\/\/keluvo.com\/no\/wp-json\/wp\/v2\/media\/31875"}],"wp:attachment":[{"href":"https:\/\/keluvo.com\/no\/wp-json\/wp\/v2\/media?parent=31879"}],"wp:term":[{"taxonomy":"product_brand","embeddable":true,"href":"https:\/\/keluvo.com\/no\/wp-json\/wp\/v2\/product_brand?post=31879"},{"taxonomy":"product_cat","embeddable":true,"href":"https:\/\/keluvo.com\/no\/wp-json\/wp\/v2\/product_cat?post=31879"},{"taxonomy":"product_tag","embeddable":true,"href":"https:\/\/keluvo.com\/no\/wp-json\/wp\/v2\/product_tag?post=31879"}],"curies":[{"name":"wp","href":"https:\/\/api.w.org\/{rel}","templated":true}]}}