{"id":31744,"date":"2025-07-16T17:08:42","date_gmt":"2025-07-16T15:08:42","guid":{"rendered":"https:\/\/keluvo.com\/no\/produkt\/neglekunstpenn-sett-med-12-farger\/"},"modified":"2025-11-18T16:05:27","modified_gmt":"2025-11-18T14:05:27","slug":"neglekunstpenn-sett-med-12-farger","status":"publish","type":"product","link":"https:\/\/keluvo.com\/no\/produkt\/neglekunstpenn-sett-med-12-farger\/","title":{"rendered":"Neglekunstpenn (sett med 12 farger)"},"content":{"rendered":"<p style=\"text-align: center;\" data-start=\"76\" data-end=\"139\"><strong data-start=\"76\" data-end=\"139\">F\u00e5 Neglekunst I Salongstil Hjemmefra &#8211; Raskt Og Enkelt! \ud83d\udc85\ud83c\udfa8<\/strong><\/p>\n<p style=\"text-align: center;\" data-start=\"141\" data-end=\"336\">Med disse ultrafine neglelakkpennene kan du tegne detaljerte, fargerike design p\u00e5 neglene dine med presisjon. Enten du er ute etter noe s\u00f8tt, stilig eller dristig, gj\u00f8r disse pennene DIY-manikyrene morsomme og feilfrie!<\/p>\n<p data-start=\"141\" data-end=\"336\"><img decoding=\"async\" class=\"size-full wp-image-27083 aligncenter\" src=\"https:\/\/keluvo.com\/template\/wp-content\/uploads\/sites\/5\/2025\/07\/070211-ezgif.com-video-to-webp-converter.webp\" alt=\"\" \/><\/p>\n<h2 style=\"text-align: center;\" data-start=\"338\" data-end=\"359\">\ud83c\udf08<strong>Hovedfordeler<\/strong><\/h2>\n<p data-start=\"362\" data-end=\"416\">\u270d\ufe0f Ultratynn spiss for perfekte linjer og sm\u00e5 detaljer<\/p>\n<p data-start=\"419\" data-end=\"455\">\ud83d\udca6 Hurtigt\u00f8rkende og vannfast blekk<\/p>\n<p data-start=\"458\" data-end=\"508\">\ud83d\udc85 12 livlige farger for endel\u00f8s neglelakk styles<\/p>\n<p data-start=\"511\" data-end=\"547\">\ud83d\udd8c\ufe0f Enkel \u00e5 bruke &#8211; selv for nybegynnere<\/p>\n<p data-start=\"550\" data-end=\"601\">\ud83c\udf81 Flott gave til enhver negleelsker eller kreativ venn<\/p>\n<p data-start=\"550\" data-end=\"601\"><img decoding=\"async\" class=\"size-full wp-image-27084 aligncenter\" src=\"https:\/\/keluvo.com\/template\/wp-content\/uploads\/sites\/5\/2025\/07\/10_88740153-e972-4ce1-b83f-6901381142d0.webp\" alt=\"\" \/><\/p>\n<h2 style=\"text-align: center;\" data-start=\"603\" data-end=\"621\">\ud83c\udfa8 Slik Bruker Du Den<\/h2>\n<ol data-start=\"622\" data-end=\"775\">\n<li data-start=\"622\" data-end=\"651\">\n<p data-start=\"625\" data-end=\"651\">Rist pennen f\u00f8r bruk<\/p>\n<\/li>\n<li data-start=\"652\" data-end=\"693\">\n<p data-start=\"655\" data-end=\"693\">Trykk forsiktig p\u00e5 spissen til blekket flyter<\/p>\n<\/li>\n<li data-start=\"694\" data-end=\"735\">\n<p data-start=\"697\" data-end=\"735\">Tegn motivet ditt p\u00e5 rene, t\u00f8rre negler<\/p>\n<\/li>\n<li data-start=\"736\" data-end=\"775\">\n<p data-start=\"739\" data-end=\"775\">L\u00e5t det t\u00f8rke og forsegl med et topplakk!<\/p>\n<\/li>\n<\/ol>\n<h2 style=\"text-align: center;\" data-start=\"777\" data-end=\"800\">\ud83d\udccf Produktdetaljer<\/h2>\n<ul data-start=\"801\" data-end=\"937\">\n<li data-start=\"801\" data-end=\"845\">\n<p data-start=\"803\" data-end=\"845\">Settet inneholder: 12 penner i forskjellige farger<\/p>\n<\/li>\n<li data-start=\"846\" data-end=\"865\">\n<p data-start=\"848\" data-end=\"865\">Spissst\u00f8rrelse: 0,7 mm<\/p>\n<\/li>\n<li data-start=\"866\" data-end=\"914\">\n<p data-start=\"868\" data-end=\"914\">Materiale: Akryl<\/p>\n<\/li>\n<\/ul>\n<h2 style=\"text-align: center;\" data-start=\"939\" data-end=\"963\">\ud83d\udce6 Pakken Inneholder<\/h2>\n<ul data-start=\"964\" data-end=\"1005\">\n<li data-start=\"964\" data-end=\"1005\">\n<p data-start=\"966\" data-end=\"1005\">et sett med 12 neglekunstpenner.<\/p>\n<\/li>\n<\/ul>\n","protected":false},"excerpt":{"rendered":"<p>F\u00e5 Neglekunst I Salongstil Hjemmefra &#8211; Raskt Og Enkelt! \ud83d\udc85\ud83c\udfa8 Med disse ultrafine neglelakkpennene kan du tegne detaljerte, fargerike design [&hellip;]<\/p>\n","protected":false},"featured_media":31740,"comment_status":"open","ping_status":"closed","template":"","meta":{"site-sidebar-layout":"default","site-content-layout":"","ast-site-content-layout":"default","site-content-style":"default","site-sidebar-style":"default","ast-global-header-display":"","ast-banner-title-visibility":"","ast-main-header-display":"","ast-hfb-above-header-display":"","ast-hfb-below-header-display":"","ast-hfb-mobile-header-display":"","site-post-title":"","ast-breadcrumbs-content":"","ast-featured-img":"","footer-sml-layout":"","theme-transparent-header-meta":"default","adv-header-id-meta":"","stick-header-meta":"","header-above-stick-meta":"","header-main-stick-meta":"","header-below-stick-meta":"","astra-migrate-meta-layouts":"set","ast-page-background-enabled":"default","ast-page-background-meta":{"desktop":{"background-color":"var(--ast-global-color-4)","background-image":"","background-repeat":"repeat","background-position":"center center","background-size":"auto","background-attachment":"scroll","background-type":"","background-media":"","overlay-type":"","overlay-color":"","overlay-opacity":"","overlay-gradient":""},"tablet":{"background-color":"","background-image":"","background-repeat":"repeat","background-position":"center center","background-size":"auto","background-attachment":"scroll","background-type":"","background-media":"","overlay-type":"","overlay-color":"","overlay-opacity":"","overlay-gradient":""},"mobile":{"background-color":"","background-image":"","background-repeat":"repeat","background-position":"center center","background-size":"auto","background-attachment":"scroll","background-type":"","background-media":"","overlay-type":"","overlay-color":"","overlay-opacity":"","overlay-gradient":""}},"ast-content-background-meta":{"desktop":{"background-color":"var(--ast-global-color-5)","background-image":"","background-repeat":"repeat","background-position":"center center","background-size":"auto","background-attachment":"scroll","background-type":"","background-media":"","overlay-type":"","overlay-color":"","overlay-opacity":"","overlay-gradient":""},"tablet":{"background-color":"var(--ast-global-color-5)","background-image":"","background-repeat":"repeat","background-position":"center center","background-size":"auto","background-attachment":"scroll","background-type":"","background-media":"","overlay-type":"","overlay-color":"","overlay-opacity":"","overlay-gradient":""},"mobile":{"background-color":"var(--ast-global-color-5)","background-image":"","background-repeat":"repeat","background-position":"center center","background-size":"auto","background-attachment":"scroll","background-type":"","background-media":"","overlay-type":"","overlay-color":"","overlay-opacity":"","overlay-gradient":""}}},"product_brand":[],"product_cat":[992,993],"product_tag":[],"class_list":{"0":"post-31744","1":"product","2":"type-product","3":"status-publish","4":"has-post-thumbnail","6":"product_cat-skjonnhets-og-hygieneprodukter","7":"product_cat-skotoy-tilbehor","8":"desktop-align-left","9":"tablet-align-left","10":"mobile-align-left","12":"first","13":"instock","14":"shipping-taxable","15":"purchasable","16":"product-type-simple"},"_links":{"self":[{"href":"https:\/\/keluvo.com\/no\/wp-json\/wp\/v2\/product\/31744","targetHints":{"allow":["GET"]}}],"collection":[{"href":"https:\/\/keluvo.com\/no\/wp-json\/wp\/v2\/product"}],"about":[{"href":"https:\/\/keluvo.com\/no\/wp-json\/wp\/v2\/types\/product"}],"replies":[{"embeddable":true,"href":"https:\/\/keluvo.com\/no\/wp-json\/wp\/v2\/comments?post=31744"}],"wp:featuredmedia":[{"embeddable":true,"href":"https:\/\/keluvo.com\/no\/wp-json\/wp\/v2\/media\/31740"}],"wp:attachment":[{"href":"https:\/\/keluvo.com\/no\/wp-json\/wp\/v2\/media?parent=31744"}],"wp:term":[{"taxonomy":"product_brand","embeddable":true,"href":"https:\/\/keluvo.com\/no\/wp-json\/wp\/v2\/product_brand?post=31744"},{"taxonomy":"product_cat","embeddable":true,"href":"https:\/\/keluvo.com\/no\/wp-json\/wp\/v2\/product_cat?post=31744"},{"taxonomy":"product_tag","embeddable":true,"href":"https:\/\/keluvo.com\/no\/wp-json\/wp\/v2\/product_tag?post=31744"}],"curies":[{"name":"wp","href":"https:\/\/api.w.org\/{rel}","templated":true}]}}