{"id":31714,"date":"2025-07-16T17:07:01","date_gmt":"2025-07-16T15:07:01","guid":{"rendered":"https:\/\/keluvo.com\/no\/produkt\/bee-vannkopper\/"},"modified":"2025-07-17T12:46:06","modified_gmt":"2025-07-17T10:46:06","slug":"bee-vannkopper","status":"publish","type":"product","link":"https:\/\/keluvo.com\/no\/produkt\/bee-vannkopper\/","title":{"rendered":"Vannkopper til bier"},"content":{"rendered":"<p style=\"text-align: center;\" data-start=\"89\" data-end=\"149\"><strong data-start=\"89\" data-end=\"149\">Hold Hagen Summende Med Glade, Hydrerte Bier! \ud83d\udc1d\ud83d\udca7<\/strong><\/p>\n<p style=\"text-align: center;\" data-start=\"151\" data-end=\"333\">Disse fargerike bievannkoppene er designet for \u00e5 gi biene et trygt og enkelt sted \u00e5 drikke vann. Bare fyll dem og plasser dem i n\u00e6rheten av blomstene dine &#8211; perfekt for hager, balkonger eller uteplasser!<\/p>\n<p data-start=\"151\" data-end=\"333\"><img decoding=\"async\" class=\"size-full wp-image-27048 aligncenter\" src=\"https:\/\/keluvo.com\/template\/wp-content\/uploads\/sites\/5\/2025\/07\/070210-ezgif.com-video-to-webp-converter-2.webp\" alt=\"\" \/><\/p>\n<h2 style=\"text-align: center;\" data-start=\"335\" data-end=\"356\">\ud83c\udf3c Hovedfordeler<\/h2>\n<p data-start=\"359\" data-end=\"400\">\ud83d\udc1d Hjelper biene med \u00e5 holde seg hydrert og sunne<\/p>\n<p data-start=\"403\" data-end=\"463\">\ud83c\udf08 Lyse farger tiltrekker bier og gir hagen din sjarm<\/p>\n<p data-start=\"466\" data-end=\"510\">\ud83e\uddf1 Laget av slitesterk, milj\u00f8vennlig keramikk<\/p>\n<p data-start=\"513\" data-end=\"564\">\ud83c\udf38 Flott for blomsterelskere og hageentusiaster<\/p>\n<p data-start=\"567\" data-end=\"605\">\ud83c\udf81 En omtenksom gave til naturentusiaster<\/p>\n<p data-start=\"567\" data-end=\"605\"><img decoding=\"async\" class=\"size-full wp-image-27053 aligncenter\" src=\"https:\/\/keluvo.com\/template\/wp-content\/uploads\/sites\/5\/2025\/07\/18aafb9b-0c3f-4f3d-8d21-ed1d2681322f.jpg\" alt=\"\" \/><\/p>\n<h2 style=\"text-align: center;\" data-start=\"607\" data-end=\"626\">\ud83d\udee0\ufe0f Slik Bruker Du Dem<\/h2>\n<ol data-start=\"627\" data-end=\"736\">\n<li data-start=\"627\" data-end=\"662\">\n<p data-start=\"630\" data-end=\"662\">Fyll koppene med rent vann<\/p>\n<\/li>\n<li data-start=\"663\" data-end=\"701\">\n<p data-start=\"666\" data-end=\"701\">Sett dem i n\u00e6rheten av planter eller blomster<\/p>\n<\/li>\n<li data-start=\"702\" data-end=\"736\">\n<p data-start=\"705\" data-end=\"736\">Se biene komme p\u00e5 bes\u00f8k og kos deg!<\/p>\n<\/li>\n<\/ol>\n<h2 style=\"text-align: center;\" data-start=\"738\" data-end=\"761\">\ud83d\udccf Produktdetaljer<\/h2>\n<ul data-start=\"762\" data-end=\"886\">\n<li data-start=\"762\" data-end=\"796\">\n<p data-start=\"764\" data-end=\"796\">Materiale: Keramikk av h\u00f8y kvalitet<\/p>\n<\/li>\n<li data-start=\"762\" data-end=\"796\">Alternativer: 1 pakke: 5 stk bievannkopper, 2 pakker: 10 stk bievannkopper<\/li>\n<\/ul>\n<h2 style=\"text-align: center;\" data-start=\"888\" data-end=\"912\">\ud83d\udce6 Pakken Inneholder<\/h2>\n<ul data-start=\"913\" data-end=\"967\">\n<li style=\"list-style-type: none;\">\n<ul data-start=\"913\" data-end=\"967\">\n<li data-start=\"913\" data-end=\"967\">\n<p data-start=\"915\" data-end=\"967\">1, 2x pakke\/s bievannkopper.<\/p>\n<\/li>\n<\/ul>\n<\/li>\n<\/ul>\n","protected":false},"excerpt":{"rendered":"<p>Hold Hagen Summende Med Glade, Hydrerte Bier! \ud83d\udc1d\ud83d\udca7 Disse fargerike bievannkoppene er designet for \u00e5 gi biene et trygt og [&hellip;]<\/p>\n","protected":false},"featured_media":31710,"comment_status":"open","ping_status":"closed","template":"","meta":{"site-sidebar-layout":"default","site-content-layout":"","ast-site-content-layout":"default","site-content-style":"default","site-sidebar-style":"default","ast-global-header-display":"","ast-banner-title-visibility":"","ast-main-header-display":"","ast-hfb-above-header-display":"","ast-hfb-below-header-display":"","ast-hfb-mobile-header-display":"","site-post-title":"","ast-breadcrumbs-content":"","ast-featured-img":"","footer-sml-layout":"","theme-transparent-header-meta":"default","adv-header-id-meta":"","stick-header-meta":"","header-above-stick-meta":"","header-main-stick-meta":"","header-below-stick-meta":"","astra-migrate-meta-layouts":"set","ast-page-background-enabled":"default","ast-page-background-meta":{"desktop":{"background-color":"var(--ast-global-color-4)","background-image":"","background-repeat":"repeat","background-position":"center center","background-size":"auto","background-attachment":"scroll","background-type":"","background-media":"","overlay-type":"","overlay-color":"","overlay-opacity":"","overlay-gradient":""},"tablet":{"background-color":"","background-image":"","background-repeat":"repeat","background-position":"center center","background-size":"auto","background-attachment":"scroll","background-type":"","background-media":"","overlay-type":"","overlay-color":"","overlay-opacity":"","overlay-gradient":""},"mobile":{"background-color":"","background-image":"","background-repeat":"repeat","background-position":"center center","background-size":"auto","background-attachment":"scroll","background-type":"","background-media":"","overlay-type":"","overlay-color":"","overlay-opacity":"","overlay-gradient":""}},"ast-content-background-meta":{"desktop":{"background-color":"var(--ast-global-color-5)","background-image":"","background-repeat":"repeat","background-position":"center center","background-size":"auto","background-attachment":"scroll","background-type":"","background-media":"","overlay-type":"","overlay-color":"","overlay-opacity":"","overlay-gradient":""},"tablet":{"background-color":"var(--ast-global-color-5)","background-image":"","background-repeat":"repeat","background-position":"center center","background-size":"auto","background-attachment":"scroll","background-type":"","background-media":"","overlay-type":"","overlay-color":"","overlay-opacity":"","overlay-gradient":""},"mobile":{"background-color":"var(--ast-global-color-5)","background-image":"","background-repeat":"repeat","background-position":"center center","background-size":"auto","background-attachment":"scroll","background-type":"","background-media":"","overlay-type":"","overlay-color":"","overlay-opacity":"","overlay-gradient":""}}},"product_brand":[],"product_cat":[1001],"product_tag":[],"class_list":{"0":"post-31714","1":"product","2":"type-product","3":"status-publish","4":"has-post-thumbnail","6":"product_cat-husholdningsartikler","7":"pa_21921_j0apq2lr-1-pakke","8":"pa_21921_j0apq2lr-2-pakker","9":"pa_21921_misdpc96-bla","10":"pa_21921_misdpc96-gra","11":"pa_21921_misdpc96-gul","12":"pa_21921_misdpc96-lilla","13":"pa_21921_misdpc96-rod","14":"desktop-align-left","15":"tablet-align-left","16":"mobile-align-left","18":"first","19":"instock","20":"shipping-taxable","21":"purchasable","22":"product-type-variable"},"_links":{"self":[{"href":"https:\/\/keluvo.com\/no\/wp-json\/wp\/v2\/product\/31714","targetHints":{"allow":["GET"]}}],"collection":[{"href":"https:\/\/keluvo.com\/no\/wp-json\/wp\/v2\/product"}],"about":[{"href":"https:\/\/keluvo.com\/no\/wp-json\/wp\/v2\/types\/product"}],"replies":[{"embeddable":true,"href":"https:\/\/keluvo.com\/no\/wp-json\/wp\/v2\/comments?post=31714"}],"wp:featuredmedia":[{"embeddable":true,"href":"https:\/\/keluvo.com\/no\/wp-json\/wp\/v2\/media\/31710"}],"wp:attachment":[{"href":"https:\/\/keluvo.com\/no\/wp-json\/wp\/v2\/media?parent=31714"}],"wp:term":[{"taxonomy":"product_brand","embeddable":true,"href":"https:\/\/keluvo.com\/no\/wp-json\/wp\/v2\/product_brand?post=31714"},{"taxonomy":"product_cat","embeddable":true,"href":"https:\/\/keluvo.com\/no\/wp-json\/wp\/v2\/product_cat?post=31714"},{"taxonomy":"product_tag","embeddable":true,"href":"https:\/\/keluvo.com\/no\/wp-json\/wp\/v2\/product_tag?post=31714"}],"curies":[{"name":"wp","href":"https:\/\/api.w.org\/{rel}","templated":true}]}}