{"id":31677,"date":"2025-07-16T17:05:16","date_gmt":"2025-07-16T15:05:16","guid":{"rendered":"https:\/\/keluvo.com\/no\/produkt\/oredobber-2\/"},"modified":"2025-09-12T16:33:29","modified_gmt":"2025-09-12T13:33:29","slug":"oredobber-2","status":"publish","type":"product","link":"https:\/\/keluvo.com\/no\/produkt\/oredobber-2\/","title":{"rendered":"\u00d8redobber"},"content":{"rendered":"<p style=\"text-align: center\" data-start=\"103\" data-end=\"164\"><strong data-start=\"103\" data-end=\"164\">Kanaliser Kraften Fra De Norr\u00f8ne Gudene Hver Gang Du Bruker Dem. \u26a1\ud83d\udee1\ufe0f<\/strong><\/p>\n<p style=\"text-align: center\" data-start=\"166\" data-end=\"408\">These Vikingrune\u00f8reringer er ikke bare tilbeh\u00f8r &#8211; de er et uttrykk for styrke, arv og en modig personlig stil. Med gamle runer inngravert i polert gullfarget eller s\u00f8lvfarget st\u00e5l er de skapt for \u00e5 vekke oppsikt og skape samtale.<\/p>\n<p data-start=\"166\" data-end=\"408\"><img decoding=\"async\" class=\"size-full wp-image-27021 aligncenter\" src=\"https:\/\/keluvo.com\/template\/wp-content\/uploads\/sites\/5\/2025\/07\/07029-ezgif.com-video-to-webp-converter-1.webp\" alt=\"\" \/><\/p>\n<h2 style=\"text-align: center\" data-start=\"410\" data-end=\"431\"><strong>Hovedfordeler<\/strong><\/h2>\n<p data-start=\"434\" data-end=\"488\">\u2728 I\u00f8ynefallende norr\u00f8n runedesign for et kraftfullt uttrykk<\/p>\n<p data-start=\"491\" data-end=\"555\">\ud83d\udcaa Laget av rustfritt st\u00e5l av h\u00f8y kvalitet &#8211; ingen anl\u00f8pe eller falming<\/p>\n<p data-start=\"558\" data-end=\"606\">\ud83c\udf0a Vanntett og trygt for sensitiv hud<\/p>\n<p data-start=\"609\" data-end=\"689\">\ud83c\udf81 Perfekt gave til historieelskere, mytologifans eller alle som bor boldly<\/p>\n<p data-start=\"692\" data-end=\"729\">\ud83e\uddd4\u200d\u2642\ufe0f Passer for b\u00e5de menn og kvinner<\/p>\n<p data-start=\"692\" data-end=\"729\"><img fetchpriority=\"high\" decoding=\"async\" width=\"1080\" height=\"1080\" class=\"size-full wp-image-27015 aligncenter\" src=\"https:\/\/keluvo.com\/template\/wp-content\/uploads\/sites\/5\/2025\/07\/GAYGmnMWfIOO1tgPBMlW-1.jpg\" alt=\"\" \/><\/p>\n<h2 style=\"text-align: center\" data-start=\"731\" data-end=\"754\"><strong>Produktdetaljer<\/strong><\/h2>\n<ul data-start=\"755\" data-end=\"913\">\n<li data-start=\"755\" data-end=\"784\">\n<p data-start=\"757\" data-end=\"784\">Materiale: 316L rustfritt st\u00e5l\/925 sterlings\u00f8lv<\/p>\n<\/li>\n<li data-start=\"785\" data-end=\"803\">\n<p data-start=\"787\" data-end=\"803\">Diameter: 12 mm\/10 mm<\/p>\n<\/li>\n<li data-start=\"804\" data-end=\"844\">\n<p data-start=\"806\" data-end=\"844\">Finish: Polert gullfarget eller s\u00f8lvfarget<\/p>\n<\/li>\n<li data-start=\"845\" data-end=\"876\">\n<p data-start=\"847\" data-end=\"876\">Lukning: Sikker hengsell\u00e5s<\/p>\n<\/li>\n<\/ul>\n<h2 style=\"text-align: center\" data-start=\"915\" data-end=\"939\"><strong>Pakken Inneholder<\/strong><\/h2>\n<ul data-start=\"940\" data-end=\"1021\">\n<li data-start=\"940\" data-end=\"980\">\n<p data-start=\"942\" data-end=\"980\">1x par vikingrune\u00f8reringer.<\/p>\n<\/li>\n<\/ul>\n","protected":false},"excerpt":{"rendered":"<p>Kanaliser Kraften Fra De Norr\u00f8ne Gudene Hver Gang Du Bruker Dem. \u26a1\ud83d\udee1\ufe0f These Vikingrune\u00f8reringer er ikke bare tilbeh\u00f8r &#8211; de [&hellip;]<\/p>\n","protected":false},"featured_media":31673,"comment_status":"open","ping_status":"closed","template":"","meta":{"site-sidebar-layout":"default","site-content-layout":"","ast-site-content-layout":"default","site-content-style":"default","site-sidebar-style":"default","ast-global-header-display":"","ast-banner-title-visibility":"","ast-main-header-display":"","ast-hfb-above-header-display":"","ast-hfb-below-header-display":"","ast-hfb-mobile-header-display":"","site-post-title":"","ast-breadcrumbs-content":"","ast-featured-img":"","footer-sml-layout":"","theme-transparent-header-meta":"default","adv-header-id-meta":"","stick-header-meta":"","header-above-stick-meta":"","header-main-stick-meta":"","header-below-stick-meta":"","astra-migrate-meta-layouts":"set","ast-page-background-enabled":"default","ast-page-background-meta":{"desktop":{"background-color":"var(--ast-global-color-4)","background-image":"","background-repeat":"repeat","background-position":"center center","background-size":"auto","background-attachment":"scroll","background-type":"","background-media":"","overlay-type":"","overlay-color":"","overlay-opacity":"","overlay-gradient":""},"tablet":{"background-color":"","background-image":"","background-repeat":"repeat","background-position":"center center","background-size":"auto","background-attachment":"scroll","background-type":"","background-media":"","overlay-type":"","overlay-color":"","overlay-opacity":"","overlay-gradient":""},"mobile":{"background-color":"","background-image":"","background-repeat":"repeat","background-position":"center center","background-size":"auto","background-attachment":"scroll","background-type":"","background-media":"","overlay-type":"","overlay-color":"","overlay-opacity":"","overlay-gradient":""}},"ast-content-background-meta":{"desktop":{"background-color":"var(--ast-global-color-5)","background-image":"","background-repeat":"repeat","background-position":"center center","background-size":"auto","background-attachment":"scroll","background-type":"","background-media":"","overlay-type":"","overlay-color":"","overlay-opacity":"","overlay-gradient":""},"tablet":{"background-color":"var(--ast-global-color-5)","background-image":"","background-repeat":"repeat","background-position":"center center","background-size":"auto","background-attachment":"scroll","background-type":"","background-media":"","overlay-type":"","overlay-color":"","overlay-opacity":"","overlay-gradient":""},"mobile":{"background-color":"var(--ast-global-color-5)","background-image":"","background-repeat":"repeat","background-position":"center center","background-size":"auto","background-attachment":"scroll","background-type":"","background-media":"","overlay-type":"","overlay-color":"","overlay-opacity":"","overlay-gradient":""}}},"product_brand":[],"product_cat":[993],"product_tag":[],"class_list":{"0":"post-31677","1":"product","2":"type-product","3":"status-publish","4":"has-post-thumbnail","6":"product_cat-skotoy-tilbehor","7":"pa_34585_0sppc26m-stal","8":"pa_34585_0sppc26m-svart","9":"pa_34585_8ppds03n-hoop","10":"pa_34585_8ppds03n-sekskant","11":"pa_34585_8ppds03n-triangel","12":"desktop-align-left","13":"tablet-align-left","14":"mobile-align-left","16":"first","17":"instock","18":"shipping-taxable","19":"purchasable","20":"product-type-variable","21":"has-default-attributes"},"_links":{"self":[{"href":"https:\/\/keluvo.com\/no\/wp-json\/wp\/v2\/product\/31677","targetHints":{"allow":["GET"]}}],"collection":[{"href":"https:\/\/keluvo.com\/no\/wp-json\/wp\/v2\/product"}],"about":[{"href":"https:\/\/keluvo.com\/no\/wp-json\/wp\/v2\/types\/product"}],"replies":[{"embeddable":true,"href":"https:\/\/keluvo.com\/no\/wp-json\/wp\/v2\/comments?post=31677"}],"wp:featuredmedia":[{"embeddable":true,"href":"https:\/\/keluvo.com\/no\/wp-json\/wp\/v2\/media\/31673"}],"wp:attachment":[{"href":"https:\/\/keluvo.com\/no\/wp-json\/wp\/v2\/media?parent=31677"}],"wp:term":[{"taxonomy":"product_brand","embeddable":true,"href":"https:\/\/keluvo.com\/no\/wp-json\/wp\/v2\/product_brand?post=31677"},{"taxonomy":"product_cat","embeddable":true,"href":"https:\/\/keluvo.com\/no\/wp-json\/wp\/v2\/product_cat?post=31677"},{"taxonomy":"product_tag","embeddable":true,"href":"https:\/\/keluvo.com\/no\/wp-json\/wp\/v2\/product_tag?post=31677"}],"curies":[{"name":"wp","href":"https:\/\/api.w.org\/{rel}","templated":true}]}}