{"id":31638,"date":"2025-07-16T17:01:51","date_gmt":"2025-07-16T15:01:51","guid":{"rendered":"https:\/\/keluvo.com\/no\/produkt\/vannfontene-for-kjaeledyr\/"},"modified":"2025-07-16T17:40:01","modified_gmt":"2025-07-16T15:40:01","slug":"vannfontene-for-kjaeledyr","status":"publish","type":"product","link":"https:\/\/keluvo.com\/no\/produkt\/vannfontene-for-kjaeledyr\/","title":{"rendered":"Vannfontene for kj\u00e6ledyr"},"content":{"rendered":"<p style=\"text-align: center;\" data-start=\"99\" data-end=\"174\"><strong data-start=\"99\" data-end=\"174\">Friskt, Rennende Vann Som Holder Katten Eller Hunden Din Glad Og Sunn! \ud83d\udc3e\ud83d\udca7<\/strong><\/p>\n<p style=\"text-align: center;\" data-start=\"176\" data-end=\"359\">Denne automatiske vannfontenen for kj\u00e6ledyr er designet for \u00e5 oppmuntre din pelskledde venn til \u00e5 drikke mer vann &#8211; noe som bidrar til \u00e5 forebygge nyreproblemer og urinveisproblemer, samtidig som den holder dem hydrert hele dagen lang.<\/p>\n<p data-start=\"176\" data-end=\"359\"><img decoding=\"async\" class=\"size-full wp-image-26970 aligncenter\" src=\"https:\/\/keluvo.com\/template\/wp-content\/uploads\/sites\/5\/2025\/07\/ezgif-5-9e5d76ea52.webp\" alt=\"\" \/><\/p>\n<h2 style=\"text-align: center;\" data-start=\"361\" data-end=\"382\"><strong>Hovedfordeler<\/strong><\/h2>\n<p data-start=\"385\" data-end=\"433\">\ud83d\udca6 Rennende vann oppmuntrer kj\u00e6ledyr til \u00e5 drikke mer<\/p>\n<p data-start=\"436\" data-end=\"496\">\ud83e\uddfc 4-trinns filtreringssystem fjerner smuss, h\u00e5r og lukt<\/p>\n<p data-start=\"499\" data-end=\"548\">\ud83d\udd07 Ultrastille motor med justerbar vannstr\u00f8m<\/p>\n<p data-start=\"551\" data-end=\"605\">\ud83d\udc31 Stor kapasitet p\u00e5 2 liter &#8211; perfekt for katter og sm\u00e5 hunder<\/p>\n<p data-start=\"608\" data-end=\"669\">\u26a1 Dobbel modus: kontinuerlig eller bevegelsesf\u00f8lsom for energisparing<\/p>\n<p data-start=\"608\" data-end=\"669\"><img decoding=\"async\" class=\"size-full wp-image-26969 aligncenter\" src=\"https:\/\/keluvo.com\/template\/wp-content\/uploads\/sites\/5\/2025\/07\/2.webp\" alt=\"\" \/><\/p>\n<h2 style=\"text-align: center;\" data-start=\"671\" data-end=\"695\"><strong>Hvorfor Kj\u00e6ledyr Elsker Det<\/strong><\/h2>\n<p data-start=\"698\" data-end=\"758\">Efterligner naturlig rennende vann som kj\u00e6ledyr instinktivt stoler p\u00e5.<\/p>\n<p data-start=\"761\" data-end=\"810\">Holder vannet friskt, rent og kj\u00f8lig hele dagen og reduserer risikoen for urin- og nyreproblemer.<\/p>\n<p data-start=\"813\" data-end=\"854\">Reduserer risikoen for urinveis- og nyreproblemer.<\/p>\n<h2 style=\"text-align: center;\" data-start=\"856\" data-end=\"875\"><strong>Slik Bruker Du Den<\/strong><\/h2>\n<ol data-start=\"876\" data-end=\"1025\">\n<li data-start=\"876\" data-end=\"911\">\n<p data-start=\"879\" data-end=\"911\">Fyll tanken med rent vann<\/p>\n<\/li>\n<li data-start=\"912\" data-end=\"970\">\n<p data-start=\"915\" data-end=\"970\">Koble til og velg modus (kontinuerlig eller bevegelsessensor)<\/p>\n<\/li>\n<li data-start=\"971\" data-end=\"1025\">\n<p data-start=\"974\" data-end=\"1025\">La kj\u00e6ledyret ditt nyte friskt, filtrert vann p\u00e5 foresp\u00f8rsel!<\/p>\n<\/li>\n<\/ol>\n<h2 style=\"text-align: center;\" data-start=\"1027\" data-end=\"1050\"><strong>Produktdetaljer<\/strong><\/h2>\n<ul data-start=\"1051\" data-end=\"1232\">\n<li data-start=\"1051\" data-end=\"1067\">\n<p data-start=\"1053\" data-end=\"1067\">Kapasitet: 2L<\/p>\n<\/li>\n<li data-start=\"1068\" data-end=\"1129\">\n<p data-start=\"1070\" data-end=\"1129\">Filter: 4-trinns system (rusk, h\u00e5r, lukt og mineraler)<\/p>\n<\/li>\n<li data-start=\"1130\" data-end=\"1164\">\n<p data-start=\"1132\" data-end=\"1164\">Str\u00f8m: USB-kabel eller DC-adapter<\/p>\n<\/li>\n<li data-start=\"1165\" data-end=\"1203\">\n<p data-start=\"1167\" data-end=\"1203\">Materiale: Sikker og holdbar plast<\/p>\n<\/li>\n<li data-start=\"1204\" data-end=\"1232\">\n<p data-start=\"1206\" data-end=\"1232\">Lett \u00e5 rengj\u00f8re og montere<\/p>\n<\/li>\n<\/ul>\n<h2 style=\"text-align: center;\" data-start=\"1234\" data-end=\"1258\"><strong>Pakken Inkluderer<\/strong><\/h2>\n<ul data-start=\"1259\" data-end=\"1338\">\n<li data-start=\"1259\" data-end=\"1286\">\n<p data-start=\"1261\" data-end=\"1286\">1x vannfontene for kj\u00e6ledyr<\/p>\n<\/li>\n<li data-start=\"1287\" data-end=\"1303\">\n<p data-start=\"1289\" data-end=\"1303\">1x sensor<\/p>\n<\/li>\n<li data-start=\"1287\" data-end=\"1303\">\n<p data-start=\"1289\" data-end=\"1303\">4x filterelementer<\/p>\n<\/li>\n<li data-start=\"1287\" data-end=\"1303\">\n<p data-start=\"1289\" data-end=\"1303\">1x USB-kabel + pumpe<\/p>\n<\/li>\n<li data-start=\"1325\" data-end=\"1338\">\n<p data-start=\"1327\" data-end=\"1338\">1x brukerh\u00e5ndbok.<\/p>\n<\/li>\n<\/ul>\n","protected":false},"excerpt":{"rendered":"<p>Friskt, Rennende Vann Som Holder Katten Eller Hunden Din Glad Og Sunn! \ud83d\udc3e\ud83d\udca7 Denne automatiske vannfontenen for kj\u00e6ledyr er designet [&hellip;]<\/p>\n","protected":false},"featured_media":31634,"comment_status":"open","ping_status":"closed","template":"","meta":{"site-sidebar-layout":"default","site-content-layout":"","ast-site-content-layout":"default","site-content-style":"default","site-sidebar-style":"default","ast-global-header-display":"","ast-banner-title-visibility":"","ast-main-header-display":"","ast-hfb-above-header-display":"","ast-hfb-below-header-display":"","ast-hfb-mobile-header-display":"","site-post-title":"","ast-breadcrumbs-content":"","ast-featured-img":"","footer-sml-layout":"","theme-transparent-header-meta":"default","adv-header-id-meta":"","stick-header-meta":"","header-above-stick-meta":"","header-main-stick-meta":"","header-below-stick-meta":"","astra-migrate-meta-layouts":"set","ast-page-background-enabled":"default","ast-page-background-meta":{"desktop":{"background-color":"var(--ast-global-color-4)","background-image":"","background-repeat":"repeat","background-position":"center center","background-size":"auto","background-attachment":"scroll","background-type":"","background-media":"","overlay-type":"","overlay-color":"","overlay-opacity":"","overlay-gradient":""},"tablet":{"background-color":"","background-image":"","background-repeat":"repeat","background-position":"center center","background-size":"auto","background-attachment":"scroll","background-type":"","background-media":"","overlay-type":"","overlay-color":"","overlay-opacity":"","overlay-gradient":""},"mobile":{"background-color":"","background-image":"","background-repeat":"repeat","background-position":"center center","background-size":"auto","background-attachment":"scroll","background-type":"","background-media":"","overlay-type":"","overlay-color":"","overlay-opacity":"","overlay-gradient":""}},"ast-content-background-meta":{"desktop":{"background-color":"var(--ast-global-color-5)","background-image":"","background-repeat":"repeat","background-position":"center center","background-size":"auto","background-attachment":"scroll","background-type":"","background-media":"","overlay-type":"","overlay-color":"","overlay-opacity":"","overlay-gradient":""},"tablet":{"background-color":"var(--ast-global-color-5)","background-image":"","background-repeat":"repeat","background-position":"center center","background-size":"auto","background-attachment":"scroll","background-type":"","background-media":"","overlay-type":"","overlay-color":"","overlay-opacity":"","overlay-gradient":""},"mobile":{"background-color":"var(--ast-global-color-5)","background-image":"","background-repeat":"repeat","background-position":"center center","background-size":"auto","background-attachment":"scroll","background-type":"","background-media":"","overlay-type":"","overlay-color":"","overlay-opacity":"","overlay-gradient":""}}},"product_brand":[],"product_cat":[997],"product_tag":[],"class_list":{"0":"post-31638","1":"product","2":"type-product","3":"status-publish","4":"has-post-thumbnail","6":"product_cat-husdyrprodukter","7":"desktop-align-left","8":"tablet-align-left","9":"mobile-align-left","11":"first","12":"instock","13":"shipping-taxable","14":"purchasable","15":"product-type-simple"},"_links":{"self":[{"href":"https:\/\/keluvo.com\/no\/wp-json\/wp\/v2\/product\/31638","targetHints":{"allow":["GET"]}}],"collection":[{"href":"https:\/\/keluvo.com\/no\/wp-json\/wp\/v2\/product"}],"about":[{"href":"https:\/\/keluvo.com\/no\/wp-json\/wp\/v2\/types\/product"}],"replies":[{"embeddable":true,"href":"https:\/\/keluvo.com\/no\/wp-json\/wp\/v2\/comments?post=31638"}],"wp:featuredmedia":[{"embeddable":true,"href":"https:\/\/keluvo.com\/no\/wp-json\/wp\/v2\/media\/31634"}],"wp:attachment":[{"href":"https:\/\/keluvo.com\/no\/wp-json\/wp\/v2\/media?parent=31638"}],"wp:term":[{"taxonomy":"product_brand","embeddable":true,"href":"https:\/\/keluvo.com\/no\/wp-json\/wp\/v2\/product_brand?post=31638"},{"taxonomy":"product_cat","embeddable":true,"href":"https:\/\/keluvo.com\/no\/wp-json\/wp\/v2\/product_cat?post=31638"},{"taxonomy":"product_tag","embeddable":true,"href":"https:\/\/keluvo.com\/no\/wp-json\/wp\/v2\/product_tag?post=31638"}],"curies":[{"name":"wp","href":"https:\/\/api.w.org\/{rel}","templated":true}]}}