{"id":31609,"date":"2025-07-16T17:00:30","date_gmt":"2025-07-16T15:00:30","guid":{"rendered":"https:\/\/keluvo.com\/no\/produkt\/rengjoringsklut\/"},"modified":"2025-07-16T17:37:49","modified_gmt":"2025-07-16T15:37:49","slug":"rengjoringsklut","status":"publish","type":"product","link":"https:\/\/keluvo.com\/no\/produkt\/rengjoringsklut\/","title":{"rendered":"Rengj\u00f8ringsklut"},"content":{"rendered":"<p style=\"text-align: center;\" data-start=\"82\" data-end=\"140\"><strong data-start=\"82\" data-end=\"140\">Rengj\u00f8r Raskere. Glans Bedre. Ingen Striper. Ikke Noe Stress! \ud83e\uddfc\u2728<\/strong><\/p>\n<p style=\"text-align: center;\" data-start=\"142\" data-end=\"312\">Denne rengj\u00f8ringskluten er din alt-i-ett-rengj\u00f8ringshelt. Designet for \u00e5 fange st\u00f8v, t\u00f8rke opp s\u00f8l og etterlate glitrende overflater &#8211; uten behov for kjemikalier eller skrubbing!<\/p>\n<p data-start=\"142\" data-end=\"312\"><img decoding=\"async\" class=\"size-full wp-image-26945 aligncenter\" src=\"https:\/\/keluvo.com\/template\/wp-content\/uploads\/sites\/5\/2025\/07\/07027-ezgif.com-video-to-webp-converter-1.webp\" alt=\"\" \/><\/p>\n<h2 style=\"text-align: center;\" data-start=\"314\" data-end=\"335\">\ud83e\uddfd Hovedfordeler<\/h2>\n<p data-start=\"338\" data-end=\"387\">\ud83d\udca6 Ingen vannmerker, striper eller lo etterlates<\/p>\n<p data-start=\"390\" data-end=\"444\">\ud83e\ude9f Perfekt til glass, speil, benkeplater, med mer<\/p>\n<p data-start=\"447\" data-end=\"500\">\ud83e\uddf9 Tykt dobbeltlagsdesign for maksimal rengj\u00f8ring absorption<\/p>\n<p data-start=\"503\" data-end=\"537\">\u267b\ufe0f Kan gjenbrukes og vaskes i maskin<\/p>\n<p data-start=\"540\" data-end=\"573\">\ud83c\udf31 Kjemikaliefri og milj\u00f8vennlig<\/p>\n<p data-start=\"540\" data-end=\"573\"><img decoding=\"async\" class=\"size-full wp-image-26949 aligncenter\" src=\"https:\/\/keluvo.com\/template\/wp-content\/uploads\/sites\/5\/2025\/07\/35f16383-2a85-47aa-8fd5-44c2f652ebfb.webp\" alt=\"\" \/><\/p>\n<h2 style=\"text-align: center;\" data-start=\"575\" data-end=\"593\">\ud83e\uddfc Slik Bruker Du Den<\/h2>\n<ol data-start=\"594\" data-end=\"722\">\n<li data-start=\"594\" data-end=\"647\">\n<p data-start=\"597\" data-end=\"647\">V\u00e5t kluten litt eller bruk den t\u00f8rr for \u00e5 t\u00f8rke st\u00f8v<\/p>\n<\/li>\n<li data-start=\"648\" data-end=\"702\">\n<p data-start=\"651\" data-end=\"702\">T\u00f8rk av alle overflater &#8211; glass, metall, fliser eller tre<\/p>\n<\/li>\n<li data-start=\"703\" data-end=\"722\">\n<p data-start=\"706\" data-end=\"722\">Skyll og bruk p\u00e5 nytt!<\/p>\n<\/li>\n<\/ol>\n<h2 style=\"text-align: center;\" data-start=\"724\" data-end=\"747\">\ud83d\udccf Produktdetaljer<\/h2>\n<ul data-start=\"748\" data-end=\"888\">\n<li data-start=\"748\" data-end=\"766\">\n<p data-start=\"750\" data-end=\"766\">St\u00f8rrelse: 20x25cm, 30x30cm, 20x30cm, 30x40cm.<\/p>\n<\/li>\n<li data-start=\"767\" data-end=\"805\">\n<p data-start=\"769\" data-end=\"805\">Materiale: F\u00f8rsteklasses mikrofiberblanding<\/p>\n<\/li>\n<li data-start=\"827\" data-end=\"888\">\n<p data-start=\"829\" data-end=\"888\">Multibruk: Bruk p\u00e5 kj\u00f8kkenet, i bilen, p\u00e5 badet eller i vinduene.<\/p>\n<\/li>\n<\/ul>\n<h2 style=\"text-align: center;\" data-start=\"890\" data-end=\"914\">\ud83d\udce6 Pakken Inneholder<\/h2>\n<ul data-start=\"915\" data-end=\"975\">\n<li data-start=\"915\" data-end=\"975\">\n<p data-start=\"917\" data-end=\"975\">1, 4 eller 10 rengj\u00f8ringskluter.<\/p>\n<\/li>\n<\/ul>\n","protected":false},"excerpt":{"rendered":"<p>Rengj\u00f8r Raskere. Glans Bedre. Ingen Striper. Ikke Noe Stress! \ud83e\uddfc\u2728 Denne rengj\u00f8ringskluten er din alt-i-ett-rengj\u00f8ringshelt. Designet for \u00e5 fange st\u00f8v, [&hellip;]<\/p>\n","protected":false},"featured_media":31605,"comment_status":"open","ping_status":"closed","template":"","meta":{"site-sidebar-layout":"default","site-content-layout":"","ast-site-content-layout":"default","site-content-style":"default","site-sidebar-style":"default","ast-global-header-display":"","ast-banner-title-visibility":"","ast-main-header-display":"","ast-hfb-above-header-display":"","ast-hfb-below-header-display":"","ast-hfb-mobile-header-display":"","site-post-title":"","ast-breadcrumbs-content":"","ast-featured-img":"","footer-sml-layout":"","theme-transparent-header-meta":"default","adv-header-id-meta":"","stick-header-meta":"","header-above-stick-meta":"","header-main-stick-meta":"","header-below-stick-meta":"","astra-migrate-meta-layouts":"set","ast-page-background-enabled":"default","ast-page-background-meta":{"desktop":{"background-color":"var(--ast-global-color-4)","background-image":"","background-repeat":"repeat","background-position":"center center","background-size":"auto","background-attachment":"scroll","background-type":"","background-media":"","overlay-type":"","overlay-color":"","overlay-opacity":"","overlay-gradient":""},"tablet":{"background-color":"","background-image":"","background-repeat":"repeat","background-position":"center center","background-size":"auto","background-attachment":"scroll","background-type":"","background-media":"","overlay-type":"","overlay-color":"","overlay-opacity":"","overlay-gradient":""},"mobile":{"background-color":"","background-image":"","background-repeat":"repeat","background-position":"center center","background-size":"auto","background-attachment":"scroll","background-type":"","background-media":"","overlay-type":"","overlay-color":"","overlay-opacity":"","overlay-gradient":""}},"ast-content-background-meta":{"desktop":{"background-color":"var(--ast-global-color-5)","background-image":"","background-repeat":"repeat","background-position":"center center","background-size":"auto","background-attachment":"scroll","background-type":"","background-media":"","overlay-type":"","overlay-color":"","overlay-opacity":"","overlay-gradient":""},"tablet":{"background-color":"var(--ast-global-color-5)","background-image":"","background-repeat":"repeat","background-position":"center center","background-size":"auto","background-attachment":"scroll","background-type":"","background-media":"","overlay-type":"","overlay-color":"","overlay-opacity":"","overlay-gradient":""},"mobile":{"background-color":"var(--ast-global-color-5)","background-image":"","background-repeat":"repeat","background-position":"center center","background-size":"auto","background-attachment":"scroll","background-type":"","background-media":"","overlay-type":"","overlay-color":"","overlay-opacity":"","overlay-gradient":""}}},"product_brand":[],"product_cat":[1001],"product_tag":[],"class_list":{"0":"post-31609","1":"product","2":"type-product","3":"status-publish","4":"has-post-thumbnail","6":"product_cat-husholdningsartikler","7":"pa_32330_6h2m5weq-20x25-cm","8":"pa_32330_6h2m5weq-20x30-cm","9":"pa_32330_6h2m5weq-30x30cm","10":"pa_32330_6h2m5weq-30x40-cm","11":"pa_32330_wnnyy0xj-1-stk","12":"pa_32330_wnnyy0xj-10-stk","13":"pa_32330_wnnyy0xj-4-stk","14":"desktop-align-left","15":"tablet-align-left","16":"mobile-align-left","18":"first","19":"instock","20":"shipping-taxable","21":"purchasable","22":"product-type-variable"},"_links":{"self":[{"href":"https:\/\/keluvo.com\/no\/wp-json\/wp\/v2\/product\/31609","targetHints":{"allow":["GET"]}}],"collection":[{"href":"https:\/\/keluvo.com\/no\/wp-json\/wp\/v2\/product"}],"about":[{"href":"https:\/\/keluvo.com\/no\/wp-json\/wp\/v2\/types\/product"}],"replies":[{"embeddable":true,"href":"https:\/\/keluvo.com\/no\/wp-json\/wp\/v2\/comments?post=31609"}],"wp:featuredmedia":[{"embeddable":true,"href":"https:\/\/keluvo.com\/no\/wp-json\/wp\/v2\/media\/31605"}],"wp:attachment":[{"href":"https:\/\/keluvo.com\/no\/wp-json\/wp\/v2\/media?parent=31609"}],"wp:term":[{"taxonomy":"product_brand","embeddable":true,"href":"https:\/\/keluvo.com\/no\/wp-json\/wp\/v2\/product_brand?post=31609"},{"taxonomy":"product_cat","embeddable":true,"href":"https:\/\/keluvo.com\/no\/wp-json\/wp\/v2\/product_cat?post=31609"},{"taxonomy":"product_tag","embeddable":true,"href":"https:\/\/keluvo.com\/no\/wp-json\/wp\/v2\/product_tag?post=31609"}],"curies":[{"name":"wp","href":"https:\/\/api.w.org\/{rel}","templated":true}]}}