{"id":30854,"date":"2025-07-08T15:33:18","date_gmt":"2025-07-08T13:33:18","guid":{"rendered":"https:\/\/keluvo.com\/no\/produkt\/rustfjerner-spray\/"},"modified":"2025-10-16T20:20:50","modified_gmt":"2025-10-16T17:20:50","slug":"rustfjerner-spray","status":"publish","type":"product","link":"https:\/\/keluvo.com\/no\/produkt\/rustfjerner-spray\/","title":{"rendered":"Rustfjerner spray"},"content":{"rendered":"<p style=\"text-align: center;\" data-start=\"95\" data-end=\"139\"><strong>F\u00e5 felgene dine til \u00e5 skinne som nye igjen! \ud83d\ude97\u2728<\/strong><\/p>\n<p style=\"text-align: center;\" data-start=\"141\" data-end=\"315\">Si farvel til stygg rust og gjenopprett den fabrikkfriske glansen. Denne rustfjerneren er ditt hemmelige v\u00e5pen for \u00e5 rengj\u00f8re, beskytte og forvandle dine felger og lakk p\u00e5 bare noen minutter!<\/p>\n<p data-start=\"141\" data-end=\"315\"><img decoding=\"async\" class=\"size-full wp-image-26856 aligncenter\" src=\"https:\/\/keluvo.com\/template\/wp-content\/uploads\/sites\/5\/2025\/07\/16923331924593.webp\" alt=\"\" \/><\/p>\n<h2 style=\"text-align: center;\" data-start=\"317\" data-end=\"338\">\ud83d\udcaa Hovedfordeler<\/h2>\n<p data-start=\"341\" data-end=\"394\">\ud83e\uddfc Fjerner rust raskt fra felger og lakkerte overflater<\/p>\n<p data-start=\"341\" data-end=\"394\">\u2728 Gjenoppretter glans og original finish<\/p>\n<p data-start=\"341\" data-end=\"394\">\ud83d\udee1\ufe0f Etterlater et beskyttende belegg for \u00e5 forhindre fremtidig rust<\/p>\n<p data-start=\"341\" data-end=\"394\">\ud83e\uddf4 Sk\u00e5nsom mot alle typer billakk og materialer<\/p>\n<p data-start=\"341\" data-end=\"394\">\ud83d\udd27 Perfekt for b\u00e5de bilelskere, gj\u00f8r-det-selv-folk og proffer<\/p>\n<p data-start=\"551\" data-end=\"600\"><img decoding=\"async\" class=\"size-full wp-image-26858 aligncenter\" src=\"https:\/\/keluvo.com\/template\/wp-content\/uploads\/sites\/5\/2025\/07\/a670559b-643e-425e-8ec4-cc026d1d91ba.webp\" alt=\"\" \/><\/p>\n<h2 style=\"text-align: center;\" data-start=\"602\" data-end=\"620\">\ud83e\uddfd Slik bruker du produktet<\/h2>\n<ol data-start=\"621\" data-end=\"776\">\n<li data-start=\"621\" data-end=\"652\">Rengj\u00f8r og t\u00f8rk overflaten.<\/li>\n<li data-start=\"621\" data-end=\"652\">Spray rustfjerneren direkte p\u00e5 de ber\u00f8rte omr\u00e5dene.<\/li>\n<li data-start=\"621\" data-end=\"652\">La det sitte i noen minutter.<\/li>\n<li data-start=\"621\" data-end=\"652\">T\u00f8rk av med en klut &#8211; ferdig!<\/li>\n<\/ol>\n<h2 style=\"text-align: center;\" data-start=\"778\" data-end=\"801\">\ud83d\udccf Produktdetaljer<\/h2>\n<ul data-start=\"802\" data-end=\"886\">\n<li data-start=\"802\" data-end=\"817\">\n<p data-start=\"804\" data-end=\"817\">Type: Spray<\/p>\n<\/li>\n<li data-start=\"818\" data-end=\"835\">\n<p data-start=\"820\" data-end=\"835\">Innhold: 50 ml<\/p>\n<\/li>\n<li data-start=\"836\" data-end=\"886\">\n<p data-start=\"838\" data-end=\"886\">Trygg for hjul, lakk og de fleste bilmaterialer<\/p>\n<\/li>\n<\/ul>\n<h2 style=\"text-align: center;\" data-start=\"888\" data-end=\"912\">\ud83d\udce6 Pakken inneholder<\/h2>\n<ul data-start=\"913\" data-end=\"974\">\n<li data-start=\"913\" data-end=\"974\">\n<p data-start=\"915\" data-end=\"974\">1, 2, 3x flasker med rustfjerner.<\/p>\n<\/li>\n<\/ul>\n","protected":false},"excerpt":{"rendered":"<p>F\u00e5 felgene dine til \u00e5 skinne som nye igjen! \ud83d\ude97\u2728 Si farvel til stygg rust og gjenopprett den fabrikkfriske glansen. [&hellip;]<\/p>\n","protected":false},"featured_media":30850,"comment_status":"open","ping_status":"closed","template":"","meta":{"site-sidebar-layout":"default","site-content-layout":"","ast-site-content-layout":"default","site-content-style":"default","site-sidebar-style":"default","ast-global-header-display":"","ast-banner-title-visibility":"","ast-main-header-display":"","ast-hfb-above-header-display":"","ast-hfb-below-header-display":"","ast-hfb-mobile-header-display":"","site-post-title":"","ast-breadcrumbs-content":"","ast-featured-img":"","footer-sml-layout":"","theme-transparent-header-meta":"default","adv-header-id-meta":"","stick-header-meta":"","header-above-stick-meta":"","header-main-stick-meta":"","header-below-stick-meta":"","astra-migrate-meta-layouts":"set","ast-page-background-enabled":"default","ast-page-background-meta":{"desktop":{"background-color":"var(--ast-global-color-4)","background-image":"","background-repeat":"repeat","background-position":"center center","background-size":"auto","background-attachment":"scroll","background-type":"","background-media":"","overlay-type":"","overlay-color":"","overlay-opacity":"","overlay-gradient":""},"tablet":{"background-color":"","background-image":"","background-repeat":"repeat","background-position":"center center","background-size":"auto","background-attachment":"scroll","background-type":"","background-media":"","overlay-type":"","overlay-color":"","overlay-opacity":"","overlay-gradient":""},"mobile":{"background-color":"","background-image":"","background-repeat":"repeat","background-position":"center center","background-size":"auto","background-attachment":"scroll","background-type":"","background-media":"","overlay-type":"","overlay-color":"","overlay-opacity":"","overlay-gradient":""}},"ast-content-background-meta":{"desktop":{"background-color":"var(--ast-global-color-5)","background-image":"","background-repeat":"repeat","background-position":"center center","background-size":"auto","background-attachment":"scroll","background-type":"","background-media":"","overlay-type":"","overlay-color":"","overlay-opacity":"","overlay-gradient":""},"tablet":{"background-color":"var(--ast-global-color-5)","background-image":"","background-repeat":"repeat","background-position":"center center","background-size":"auto","background-attachment":"scroll","background-type":"","background-media":"","overlay-type":"","overlay-color":"","overlay-opacity":"","overlay-gradient":""},"mobile":{"background-color":"var(--ast-global-color-5)","background-image":"","background-repeat":"repeat","background-position":"center center","background-size":"auto","background-attachment":"scroll","background-type":"","background-media":"","overlay-type":"","overlay-color":"","overlay-opacity":"","overlay-gradient":""}}},"product_brand":[],"product_cat":[998],"product_tag":[],"class_list":{"0":"post-30854","1":"product","2":"type-product","3":"status-publish","4":"has-post-thumbnail","6":"product_cat-bilprodukter","7":"pa_27968_acgjg3vd-1-stk","8":"pa_27968_acgjg3vd-2-stk","9":"pa_27968_acgjg3vd-3-stk","10":"desktop-align-left","11":"tablet-align-left","12":"mobile-align-left","14":"first","15":"instock","16":"shipping-taxable","17":"purchasable","18":"product-type-variable"},"_links":{"self":[{"href":"https:\/\/keluvo.com\/no\/wp-json\/wp\/v2\/product\/30854","targetHints":{"allow":["GET"]}}],"collection":[{"href":"https:\/\/keluvo.com\/no\/wp-json\/wp\/v2\/product"}],"about":[{"href":"https:\/\/keluvo.com\/no\/wp-json\/wp\/v2\/types\/product"}],"replies":[{"embeddable":true,"href":"https:\/\/keluvo.com\/no\/wp-json\/wp\/v2\/comments?post=30854"}],"wp:featuredmedia":[{"embeddable":true,"href":"https:\/\/keluvo.com\/no\/wp-json\/wp\/v2\/media\/30850"}],"wp:attachment":[{"href":"https:\/\/keluvo.com\/no\/wp-json\/wp\/v2\/media?parent=30854"}],"wp:term":[{"taxonomy":"product_brand","embeddable":true,"href":"https:\/\/keluvo.com\/no\/wp-json\/wp\/v2\/product_brand?post=30854"},{"taxonomy":"product_cat","embeddable":true,"href":"https:\/\/keluvo.com\/no\/wp-json\/wp\/v2\/product_cat?post=30854"},{"taxonomy":"product_tag","embeddable":true,"href":"https:\/\/keluvo.com\/no\/wp-json\/wp\/v2\/product_tag?post=30854"}],"curies":[{"name":"wp","href":"https:\/\/api.w.org\/{rel}","templated":true}]}}