{"id":30791,"date":"2025-07-08T14:25:32","date_gmt":"2025-07-08T12:25:32","guid":{"rendered":"https:\/\/keluvo.com\/no\/produkt\/magnetiske-blokker-2\/"},"modified":"2025-07-09T14:18:42","modified_gmt":"2025-07-09T12:18:42","slug":"magnetiske-blokker-2","status":"publish","type":"product","link":"https:\/\/keluvo.com\/no\/produkt\/magnetiske-blokker-2\/","title":{"rendered":"Magnetiske blokker"},"content":{"rendered":"<p style=\"text-align: center;\" data-start=\"76\" data-end=\"155\"><strong data-start=\"76\" data-end=\"155\">Med Disse Magnetiske Byggeklossene Kan Du Skape Timevis Med Moro Og Kreativitet! \ud83e\uddf2\u2728<\/strong><\/p>\n<p style=\"text-align: center;\" data-start=\"157\" data-end=\"342\">La barnets fantasi f\u00e5 fritt spillerom! Disse fargerike magnetiske klossene er perfekte for \u00e5 bygge former, t\u00e5rn og alt de kan finne p\u00e5 &#8211; samtidig som de i all hemmelighet styrker hjernekapasiteten. \ud83e\udde0\ud83c\udfa8<\/p>\n<p data-start=\"157\" data-end=\"342\"><img decoding=\"async\" class=\"size-full wp-image-26781 aligncenter\" src=\"https:\/\/keluvo.com\/template\/wp-content\/uploads\/sites\/5\/2025\/07\/ezgif-1-f32fc1bc16-1.gif\" alt=\"\" \/><\/p>\n<h2 style=\"text-align: center;\" data-start=\"344\" data-end=\"365\">\ud83c\udf1f Hovedfordelene<\/h2>\n<p data-start=\"368\" data-end=\"428\">\ud83c\udfd7\ufe0f Inspirerer til kreativitet og endel\u00f8se byggemuligheter<\/p>\n<p data-start=\"431\" data-end=\"492\">\ud83c\udf93 St\u00f8tter utvikling av fokus og probleml\u00f8sningsferdigheter<\/p>\n<p data-start=\"495\" data-end=\"550\">\ud83e\udde0 Oppmuntrer til praktisk l\u00e6ring og romforst\u00e5else awareness<\/p>\n<p data-start=\"553\" data-end=\"616\">\ud83e\udd39\u200d\u2640\ufe0f Morsomt for solo- eller gruppelek &#8211; holder barna engasjert i hours<\/p>\n<p data-start=\"619\" data-end=\"660\">\ud83d\udee1\ufe0f Laget med avrundede kanter for trygg lek<\/p>\n<p data-start=\"619\" data-end=\"660\"><img decoding=\"async\" class=\"size-full wp-image-26782 aligncenter\" src=\"https:\/\/keluvo.com\/template\/wp-content\/uploads\/sites\/5\/2025\/07\/05d8824f-881b-45dc-8ad1-a52c8376f64a.webp\" alt=\"\" \/><\/p>\n<h2 style=\"text-align: center;\" data-start=\"662\" data-end=\"680\">\ud83d\udcd8 Slik Bruker Du Det<\/h2>\n<ol data-start=\"681\" data-end=\"838\">\n<li data-start=\"681\" data-end=\"717\">\n<p data-start=\"684\" data-end=\"717\">Grip tak i de magnetiske stengene og kulene.<\/p>\n<\/li>\n<li data-start=\"718\" data-end=\"774\">\n<p data-start=\"721\" data-end=\"774\">La fantasien ta over &#8211; det finnes ingen feil m\u00e5te \u00e5 bygge p\u00e5!<\/p>\n<\/li>\n<li data-start=\"775\" data-end=\"838\">\n<p data-start=\"778\" data-end=\"838\">La fantasien ta overh\u00e5nd &#8211; det finnes ingen feil m\u00e5te \u00e5 bygge p\u00e5!<\/p>\n<\/li>\n<\/ol>\n<h2 style=\"text-align: center;\" data-start=\"840\" data-end=\"863\">\ud83d\udccf Produktdetaljer<\/h2>\n<ul data-start=\"864\" data-end=\"1056\">\n<li data-start=\"864\" data-end=\"912\">\n<p data-start=\"866\" data-end=\"912\">Alder: Ikke egnet for barn under 3 \u00e5r<\/p>\n<\/li>\n<li data-start=\"913\" data-end=\"971\">\n<p data-start=\"915\" data-end=\"971\">Materiale: Sterke, barnesikre magneter med glatte kanter<\/p>\n<\/li>\n<li data-start=\"972\" data-end=\"1020\">\n<p data-start=\"974\" data-end=\"1020\">St\u00f8rrelse: Ulike stang- og kulest\u00f8rrelser<\/p>\n<\/li>\n<\/ul>\n<h2 style=\"text-align: center;\" data-start=\"1058\" data-end=\"1082\">\ud83d\udce6 Pakken Inneholder<\/h2>\n<ul data-start=\"1083\" data-end=\"1176\">\n<li data-start=\"1083\" data-end=\"1124\">\n<p data-start=\"1085\" data-end=\"1124\">1x sett med magnetiske klosser (12 stk, 22 stk, 42 stk, 64 stk, 88 stk, 108 stk).<\/p>\n<\/li>\n<\/ul>\n","protected":false},"excerpt":{"rendered":"<p>Med Disse Magnetiske Byggeklossene Kan Du Skape Timevis Med Moro Og Kreativitet! \ud83e\uddf2\u2728 La barnets fantasi f\u00e5 fritt spillerom! Disse [&hellip;]<\/p>\n","protected":false},"featured_media":30787,"comment_status":"open","ping_status":"closed","template":"","meta":{"site-sidebar-layout":"default","site-content-layout":"","ast-site-content-layout":"default","site-content-style":"default","site-sidebar-style":"default","ast-global-header-display":"","ast-banner-title-visibility":"","ast-main-header-display":"","ast-hfb-above-header-display":"","ast-hfb-below-header-display":"","ast-hfb-mobile-header-display":"","site-post-title":"","ast-breadcrumbs-content":"","ast-featured-img":"","footer-sml-layout":"","theme-transparent-header-meta":"default","adv-header-id-meta":"","stick-header-meta":"","header-above-stick-meta":"","header-main-stick-meta":"","header-below-stick-meta":"","astra-migrate-meta-layouts":"set","ast-page-background-enabled":"default","ast-page-background-meta":{"desktop":{"background-color":"var(--ast-global-color-4)","background-image":"","background-repeat":"repeat","background-position":"center center","background-size":"auto","background-attachment":"scroll","background-type":"","background-media":"","overlay-type":"","overlay-color":"","overlay-opacity":"","overlay-gradient":""},"tablet":{"background-color":"","background-image":"","background-repeat":"repeat","background-position":"center center","background-size":"auto","background-attachment":"scroll","background-type":"","background-media":"","overlay-type":"","overlay-color":"","overlay-opacity":"","overlay-gradient":""},"mobile":{"background-color":"","background-image":"","background-repeat":"repeat","background-position":"center center","background-size":"auto","background-attachment":"scroll","background-type":"","background-media":"","overlay-type":"","overlay-color":"","overlay-opacity":"","overlay-gradient":""}},"ast-content-background-meta":{"desktop":{"background-color":"var(--ast-global-color-5)","background-image":"","background-repeat":"repeat","background-position":"center center","background-size":"auto","background-attachment":"scroll","background-type":"","background-media":"","overlay-type":"","overlay-color":"","overlay-opacity":"","overlay-gradient":""},"tablet":{"background-color":"var(--ast-global-color-5)","background-image":"","background-repeat":"repeat","background-position":"center center","background-size":"auto","background-attachment":"scroll","background-type":"","background-media":"","overlay-type":"","overlay-color":"","overlay-opacity":"","overlay-gradient":""},"mobile":{"background-color":"var(--ast-global-color-5)","background-image":"","background-repeat":"repeat","background-position":"center center","background-size":"auto","background-attachment":"scroll","background-type":"","background-media":"","overlay-type":"","overlay-color":"","overlay-opacity":"","overlay-gradient":""}}},"product_brand":[],"product_cat":[990],"product_tag":[],"class_list":{"0":"post-30791","1":"product","2":"type-product","3":"status-publish","4":"has-post-thumbnail","6":"product_cat-leker-barne-og-babyprodukter","7":"pa_47142_lqguj6ky-108-stk","8":"pa_47142_lqguj6ky-12-stk","9":"pa_47142_lqguj6ky-22-stk","10":"pa_47142_lqguj6ky-42-stk","11":"pa_47142_lqguj6ky-64-stk","12":"pa_47142_lqguj6ky-88-stk","13":"desktop-align-left","14":"tablet-align-left","15":"mobile-align-left","17":"first","18":"instock","19":"shipping-taxable","20":"purchasable","21":"product-type-variable"},"_links":{"self":[{"href":"https:\/\/keluvo.com\/no\/wp-json\/wp\/v2\/product\/30791","targetHints":{"allow":["GET"]}}],"collection":[{"href":"https:\/\/keluvo.com\/no\/wp-json\/wp\/v2\/product"}],"about":[{"href":"https:\/\/keluvo.com\/no\/wp-json\/wp\/v2\/types\/product"}],"replies":[{"embeddable":true,"href":"https:\/\/keluvo.com\/no\/wp-json\/wp\/v2\/comments?post=30791"}],"wp:featuredmedia":[{"embeddable":true,"href":"https:\/\/keluvo.com\/no\/wp-json\/wp\/v2\/media\/30787"}],"wp:attachment":[{"href":"https:\/\/keluvo.com\/no\/wp-json\/wp\/v2\/media?parent=30791"}],"wp:term":[{"taxonomy":"product_brand","embeddable":true,"href":"https:\/\/keluvo.com\/no\/wp-json\/wp\/v2\/product_brand?post=30791"},{"taxonomy":"product_cat","embeddable":true,"href":"https:\/\/keluvo.com\/no\/wp-json\/wp\/v2\/product_cat?post=30791"},{"taxonomy":"product_tag","embeddable":true,"href":"https:\/\/keluvo.com\/no\/wp-json\/wp\/v2\/product_tag?post=30791"}],"curies":[{"name":"wp","href":"https:\/\/api.w.org\/{rel}","templated":true}]}}