{"id":30620,"date":"2025-07-08T14:18:09","date_gmt":"2025-07-08T12:18:09","guid":{"rendered":"https:\/\/keluvo.com\/no\/produkt\/motstandsband\/"},"modified":"2025-07-09T14:09:03","modified_gmt":"2025-07-09T12:09:03","slug":"motstandsband","status":"publish","type":"product","link":"https:\/\/keluvo.com\/no\/produkt\/motstandsband\/","title":{"rendered":"Motstandsb\u00e5nd"},"content":{"rendered":"<p style=\"text-align: center;\" data-start=\"77\" data-end=\"266\"><strong>\ud83c\udfcb\ufe0f\u200d\u2640\ufe0f Ton Kroppen Din N\u00e5r Som Helst, Hvor Som Helst!<\/strong><\/p>\n<p style=\"text-align: center;\" data-start=\"77\" data-end=\"266\">Dette motstandsb\u00e5ndet er et kompakt treningsverkt\u00f8y for hjemmetrening som retter seg mot mage, ben, armer og setemuskler &#8211; alt med bare noen f\u00e5 enkle bevegelser. Perfekt for daglige trenings\u00f8kter, selv p\u00e5 sm\u00e5 steder!<\/p>\n<p data-start=\"77\" data-end=\"266\"><img fetchpriority=\"high\" decoding=\"async\" class=\" wp-image-26166 aligncenter\" src=\"https:\/\/keluvo.com\/template\/wp-content\/uploads\/sites\/5\/2025\/07\/6a59ed6d03502388c97d81c148e0011582d6d671.gif\" alt=\"\" width=\"357\" height=\"477\" \/><\/p>\n<h2 style=\"text-align: center;\" data-start=\"319\" data-end=\"340\"><strong>\u2728 Hovedfordeler<\/strong><\/h2>\n<p data-start=\"343\" data-end=\"391\">\ud83d\udcaa Styrker kjernen, armene, bena og back<\/p>\n<p data-start=\"394\" data-end=\"453\">\ud83e\uddd8\u200d\u2640\ufe0f Perfekt for yoga, t\u00f8ying og motstandstrening<\/p>\n<p data-start=\"456\" data-end=\"510\">\ud83c\udfe0 Lett og b\u00e6rbar &#8211; perfekt for hjemme- og reisebruk<\/p>\n<p data-start=\"513\" data-end=\"563\">\ud83e\uddb6 Komfortable fotpedaler og sklisikre h\u00e5ndtak<\/p>\n<p data-start=\"566\" data-end=\"614\">\ud83e\uddf5 Laget av slitesterk strikk for langvarig bruk<\/p>\n<p data-start=\"566\" data-end=\"614\"><img decoding=\"async\" class=\"size-full wp-image-26165 aligncenter\" src=\"https:\/\/keluvo.com\/template\/wp-content\/uploads\/sites\/5\/2025\/07\/9bfb5e7d11e2f7d721956573df57ee744408a11f.avif\" alt=\"\" \/><\/p>\n<h2 style=\"text-align: center;\" data-start=\"616\" data-end=\"635\"><strong>\ud83d\udd27 Slik Bruker Du Det<\/strong><\/h2>\n<ol data-start=\"636\" data-end=\"781\">\n<li data-start=\"636\" data-end=\"678\">\n<p data-start=\"639\" data-end=\"678\">Sett f\u00f8ttene i fotpedalene og ta tak i h\u00e5ndtakene med begge hender.<\/p>\n<\/li>\n<li data-start=\"679\" data-end=\"717\">\n<p data-start=\"682\" data-end=\"717\">Ta tak i h\u00e5ndtakene med begge hender, strekk, trekk og gjenta for \u00e5 trene ulike muskelgrupper.<\/p>\n<\/li>\n<li data-start=\"718\" data-end=\"781\">\n<p data-start=\"721\" data-end=\"781\">Strekk, trekk og gjenta for \u00e5 trene ulike muskelgrupper.<\/p>\n<\/li>\n<\/ol>\n<h2 style=\"text-align: center;\" data-start=\"783\" data-end=\"807\"><strong>\ud83d\udccf Produktdetaljer<\/strong><\/h2>\n<ul data-start=\"808\" data-end=\"970\">\n<li data-start=\"808\" data-end=\"843\">\n<p data-start=\"810\" data-end=\"843\">Materiale: Skum + elastisk gummi<\/p>\n<\/li>\n<li data-start=\"884\" data-end=\"914\">\n<p data-start=\"886\" data-end=\"914\">St\u00f8rrelse: Passer de fleste kroppstyper<\/p>\n<\/li>\n<li data-start=\"915\" data-end=\"970\">\n<p data-start=\"917\" data-end=\"970\">Bruk: Motstandstrening, t\u00f8yning, toning, rehabilitering<\/p>\n<\/li>\n<\/ul>\n<h2 style=\"text-align: center;\" data-start=\"972\" data-end=\"997\"><strong>\ud83d\udce6 Pakken Inneholder<\/strong><\/h2>\n<ul data-start=\"998\" data-end=\"1029\">\n<li data-start=\"998\" data-end=\"1029\">\n<p data-start=\"1000\" data-end=\"1029\">1x motstandsb\u00e5nd.<\/p>\n<\/li>\n<\/ul>\n","protected":false},"excerpt":{"rendered":"<p>\ud83c\udfcb\ufe0f\u200d\u2640\ufe0f Ton Kroppen Din N\u00e5r Som Helst, Hvor Som Helst! Dette motstandsb\u00e5ndet er et kompakt treningsverkt\u00f8y for hjemmetrening som retter [&hellip;]<\/p>\n","protected":false},"featured_media":30616,"comment_status":"open","ping_status":"closed","template":"","meta":{"site-sidebar-layout":"default","site-content-layout":"","ast-site-content-layout":"default","site-content-style":"default","site-sidebar-style":"default","ast-global-header-display":"","ast-banner-title-visibility":"","ast-main-header-display":"","ast-hfb-above-header-display":"","ast-hfb-below-header-display":"","ast-hfb-mobile-header-display":"","site-post-title":"","ast-breadcrumbs-content":"","ast-featured-img":"","footer-sml-layout":"","theme-transparent-header-meta":"default","adv-header-id-meta":"","stick-header-meta":"","header-above-stick-meta":"","header-main-stick-meta":"","header-below-stick-meta":"","astra-migrate-meta-layouts":"set","ast-page-background-enabled":"default","ast-page-background-meta":{"desktop":{"background-color":"var(--ast-global-color-4)","background-image":"","background-repeat":"repeat","background-position":"center center","background-size":"auto","background-attachment":"scroll","background-type":"","background-media":"","overlay-type":"","overlay-color":"","overlay-opacity":"","overlay-gradient":""},"tablet":{"background-color":"","background-image":"","background-repeat":"repeat","background-position":"center center","background-size":"auto","background-attachment":"scroll","background-type":"","background-media":"","overlay-type":"","overlay-color":"","overlay-opacity":"","overlay-gradient":""},"mobile":{"background-color":"","background-image":"","background-repeat":"repeat","background-position":"center center","background-size":"auto","background-attachment":"scroll","background-type":"","background-media":"","overlay-type":"","overlay-color":"","overlay-opacity":"","overlay-gradient":""}},"ast-content-background-meta":{"desktop":{"background-color":"var(--ast-global-color-5)","background-image":"","background-repeat":"repeat","background-position":"center center","background-size":"auto","background-attachment":"scroll","background-type":"","background-media":"","overlay-type":"","overlay-color":"","overlay-opacity":"","overlay-gradient":""},"tablet":{"background-color":"var(--ast-global-color-5)","background-image":"","background-repeat":"repeat","background-position":"center center","background-size":"auto","background-attachment":"scroll","background-type":"","background-media":"","overlay-type":"","overlay-color":"","overlay-opacity":"","overlay-gradient":""},"mobile":{"background-color":"var(--ast-global-color-5)","background-image":"","background-repeat":"repeat","background-position":"center center","background-size":"auto","background-attachment":"scroll","background-type":"","background-media":"","overlay-type":"","overlay-color":"","overlay-opacity":"","overlay-gradient":""}}},"product_brand":[],"product_cat":[1001],"product_tag":[],"class_list":{"0":"post-30620","1":"product","2":"type-product","3":"status-publish","4":"has-post-thumbnail","6":"product_cat-husholdningsartikler","7":"pa_18981_uadhadz0-bla","8":"pa_18981_uadhadz0-bla-gra","9":"pa_18981_uadhadz0-lilla","10":"pa_18981_uadhadz0-rosa","11":"pa_18981_uadhadz0-rosa-gra","12":"desktop-align-left","13":"tablet-align-left","14":"mobile-align-left","16":"first","17":"instock","18":"shipping-taxable","19":"purchasable","20":"product-type-variable"},"_links":{"self":[{"href":"https:\/\/keluvo.com\/no\/wp-json\/wp\/v2\/product\/30620","targetHints":{"allow":["GET"]}}],"collection":[{"href":"https:\/\/keluvo.com\/no\/wp-json\/wp\/v2\/product"}],"about":[{"href":"https:\/\/keluvo.com\/no\/wp-json\/wp\/v2\/types\/product"}],"replies":[{"embeddable":true,"href":"https:\/\/keluvo.com\/no\/wp-json\/wp\/v2\/comments?post=30620"}],"wp:featuredmedia":[{"embeddable":true,"href":"https:\/\/keluvo.com\/no\/wp-json\/wp\/v2\/media\/30616"}],"wp:attachment":[{"href":"https:\/\/keluvo.com\/no\/wp-json\/wp\/v2\/media?parent=30620"}],"wp:term":[{"taxonomy":"product_brand","embeddable":true,"href":"https:\/\/keluvo.com\/no\/wp-json\/wp\/v2\/product_brand?post=30620"},{"taxonomy":"product_cat","embeddable":true,"href":"https:\/\/keluvo.com\/no\/wp-json\/wp\/v2\/product_cat?post=30620"},{"taxonomy":"product_tag","embeddable":true,"href":"https:\/\/keluvo.com\/no\/wp-json\/wp\/v2\/product_tag?post=30620"}],"curies":[{"name":"wp","href":"https:\/\/api.w.org\/{rel}","templated":true}]}}