{"id":30578,"date":"2025-07-08T14:15:40","date_gmt":"2025-07-08T12:15:40","guid":{"rendered":"https:\/\/keluvo.com\/no\/produkt\/harpute\/"},"modified":"2025-07-09T13:58:33","modified_gmt":"2025-07-09T11:58:33","slug":"harpute","status":"publish","type":"product","link":"https:\/\/keluvo.com\/no\/produkt\/harpute\/","title":{"rendered":"H\u00e5rpute"},"content":{"rendered":"<p style=\"text-align: center;\" data-start=\"92\" data-end=\"169\"><strong>\ud83d\udc81\u200d\u2640\ufe0f Tilf\u00f8r \u00d8yeblikkelig Volum Og Eleganse \u2013 Uten At Noen Kjenner Hemmeligheten Din!<\/strong><\/p>\n<p style=\"text-align: center;\" data-start=\"171\" data-end=\"344\">Denne usynlige h\u00e5rputen l\u00f8fter h\u00e5ret fra innsiden, og hjelper deg med \u00e5 skape fyldigere og vakrere frisyrer p\u00e5 f\u00e5 sekunder. Perfekt til bryllup, fest eller hverdagslig eleganse!<\/p>\n<p data-start=\"171\" data-end=\"344\"><img decoding=\"async\" class=\"size-full wp-image-26712 aligncenter\" src=\"https:\/\/keluvo.com\/template\/wp-content\/uploads\/sites\/5\/2025\/07\/e3df23ee-7335-42c1-a18f-ce1241d461c7.webp\" alt=\"\" \/><\/p>\n<h2 style=\"text-align: center;\" data-start=\"346\" data-end=\"367\">\ud83c\udf1f Hovedfordeler<\/h2>\n<p data-start=\"370\" data-end=\"418\">\u2728 Gir \u00f8yeblikkelig volum og l\u00f8ft til h\u00e5ret hairstyle<\/p>\n<p data-start=\"421\" data-end=\"482\">\ud83d\udc87\u200d\u2640\ufe0f Enkel \u00e5 bruke &#8211; bare fest den under det \u00f8verste laget av h\u00e5ret<\/p>\n<p data-start=\"485\" data-end=\"536\">\ud83e\uddf7 Usynlig design som smelter naturlig sammen med h\u00e5ret ditt hair<\/p>\n<p data-start=\"539\" data-end=\"602\">\ud83d\udc69\u200d\ud83e\uddb0 Fungerer for alle h\u00e5rtyper: tykt, tynt, kr\u00f8llete eller glatt<\/p>\n<p data-start=\"605\" data-end=\"647\">\ud83d\udca8 Holder formen sikkert selv p\u00e5 dager med mye vind<\/p>\n<p data-start=\"605\" data-end=\"647\"><img decoding=\"async\" class=\"size-full wp-image-26711 aligncenter\" src=\"https:\/\/keluvo.com\/template\/wp-content\/uploads\/sites\/5\/2025\/07\/b223f736-caf2-4f00-9cc5-5e4ba96630bb.webp\" alt=\"\" \/><\/p>\n<h2 style=\"text-align: center;\" data-start=\"649\" data-end=\"667\">\ud83d\udccc Slik Bruker Du Den<\/h2>\n<ol data-start=\"668\" data-end=\"802\">\n<li data-start=\"668\" data-end=\"710\">\n<p data-start=\"671\" data-end=\"710\">Sklipp av det \u00f8verste laget av h\u00e5ret.<\/p>\n<\/li>\n<li data-start=\"711\" data-end=\"757\">\n<p data-start=\"714\" data-end=\"757\">Fest h\u00e5rputen der du trenger volum, og dekk den til med det \u00f8verste h\u00e5rlaget &#8211; ferdig!<\/p>\n<\/li>\n<li data-start=\"758\" data-end=\"802\">\n<p data-start=\"761\" data-end=\"802\">Dekk den med det \u00f8verste h\u00e5rlaget &#8211; ferdig!<\/p>\n<\/li>\n<\/ol>\n<h2 style=\"text-align: center;\" data-start=\"804\" data-end=\"827\">\ud83d\udcd0 Produktdetaljer<\/h2>\n<ul data-start=\"828\" data-end=\"981\">\n<li data-start=\"828\" data-end=\"856\">\n<p data-start=\"830\" data-end=\"856\">St\u00f8rrelse: ca. 12 cm x 3 cm<\/p>\n<\/li>\n<li data-start=\"857\" data-end=\"918\">\n<p data-start=\"859\" data-end=\"918\">Materiale: syntetisk fiber av h\u00f8y kvalitet + sikker kamklips<\/p>\n<\/li>\n<\/ul>\n<h2 style=\"text-align: center;\" data-start=\"983\" data-end=\"1007\">\ud83d\udce6 Pakken Inneholder<\/h2>\n<ul data-start=\"1008\" data-end=\"1045\">\n<li data-start=\"1008\" data-end=\"1045\">\n<p data-start=\"1010\" data-end=\"1045\">1, 3x h\u00e5rpute.<\/p>\n<\/li>\n<\/ul>\n","protected":false},"excerpt":{"rendered":"<p>\ud83d\udc81\u200d\u2640\ufe0f Tilf\u00f8r \u00d8yeblikkelig Volum Og Eleganse \u2013 Uten At Noen Kjenner Hemmeligheten Din! Denne usynlige h\u00e5rputen l\u00f8fter h\u00e5ret fra innsiden, [&hellip;]<\/p>\n","protected":false},"featured_media":30574,"comment_status":"open","ping_status":"closed","template":"","meta":{"site-sidebar-layout":"default","site-content-layout":"","ast-site-content-layout":"default","site-content-style":"default","site-sidebar-style":"default","ast-global-header-display":"","ast-banner-title-visibility":"","ast-main-header-display":"","ast-hfb-above-header-display":"","ast-hfb-below-header-display":"","ast-hfb-mobile-header-display":"","site-post-title":"","ast-breadcrumbs-content":"","ast-featured-img":"","footer-sml-layout":"","theme-transparent-header-meta":"default","adv-header-id-meta":"","stick-header-meta":"","header-above-stick-meta":"","header-main-stick-meta":"","header-below-stick-meta":"","astra-migrate-meta-layouts":"set","ast-page-background-enabled":"default","ast-page-background-meta":{"desktop":{"background-color":"var(--ast-global-color-4)","background-image":"","background-repeat":"repeat","background-position":"center center","background-size":"auto","background-attachment":"scroll","background-type":"","background-media":"","overlay-type":"","overlay-color":"","overlay-opacity":"","overlay-gradient":""},"tablet":{"background-color":"","background-image":"","background-repeat":"repeat","background-position":"center center","background-size":"auto","background-attachment":"scroll","background-type":"","background-media":"","overlay-type":"","overlay-color":"","overlay-opacity":"","overlay-gradient":""},"mobile":{"background-color":"","background-image":"","background-repeat":"repeat","background-position":"center center","background-size":"auto","background-attachment":"scroll","background-type":"","background-media":"","overlay-type":"","overlay-color":"","overlay-opacity":"","overlay-gradient":""}},"ast-content-background-meta":{"desktop":{"background-color":"var(--ast-global-color-5)","background-image":"","background-repeat":"repeat","background-position":"center center","background-size":"auto","background-attachment":"scroll","background-type":"","background-media":"","overlay-type":"","overlay-color":"","overlay-opacity":"","overlay-gradient":""},"tablet":{"background-color":"var(--ast-global-color-5)","background-image":"","background-repeat":"repeat","background-position":"center center","background-size":"auto","background-attachment":"scroll","background-type":"","background-media":"","overlay-type":"","overlay-color":"","overlay-opacity":"","overlay-gradient":""},"mobile":{"background-color":"var(--ast-global-color-5)","background-image":"","background-repeat":"repeat","background-position":"center center","background-size":"auto","background-attachment":"scroll","background-type":"","background-media":"","overlay-type":"","overlay-color":"","overlay-opacity":"","overlay-gradient":""}}},"product_brand":[],"product_cat":[992],"product_tag":[],"class_list":{"0":"post-30578","1":"product","2":"type-product","3":"status-publish","4":"has-post-thumbnail","6":"product_cat-skjonnhets-og-hygieneprodukter","7":"pa_41409_vc5sldoe-gull","8":"pa_41409_vc5sldoe-lysebrun","9":"pa_41409_vc5sldoe-morkebrun","10":"pa_41409_vc5sldoe-svart","11":"pa_41409_yp5z046t-1-stk","12":"pa_41409_yp5z046t-3-stk","13":"desktop-align-left","14":"tablet-align-left","15":"mobile-align-left","17":"first","18":"instock","19":"shipping-taxable","20":"purchasable","21":"product-type-variable","22":"has-default-attributes"},"_links":{"self":[{"href":"https:\/\/keluvo.com\/no\/wp-json\/wp\/v2\/product\/30578","targetHints":{"allow":["GET"]}}],"collection":[{"href":"https:\/\/keluvo.com\/no\/wp-json\/wp\/v2\/product"}],"about":[{"href":"https:\/\/keluvo.com\/no\/wp-json\/wp\/v2\/types\/product"}],"replies":[{"embeddable":true,"href":"https:\/\/keluvo.com\/no\/wp-json\/wp\/v2\/comments?post=30578"}],"wp:featuredmedia":[{"embeddable":true,"href":"https:\/\/keluvo.com\/no\/wp-json\/wp\/v2\/media\/30574"}],"wp:attachment":[{"href":"https:\/\/keluvo.com\/no\/wp-json\/wp\/v2\/media?parent=30578"}],"wp:term":[{"taxonomy":"product_brand","embeddable":true,"href":"https:\/\/keluvo.com\/no\/wp-json\/wp\/v2\/product_brand?post=30578"},{"taxonomy":"product_cat","embeddable":true,"href":"https:\/\/keluvo.com\/no\/wp-json\/wp\/v2\/product_cat?post=30578"},{"taxonomy":"product_tag","embeddable":true,"href":"https:\/\/keluvo.com\/no\/wp-json\/wp\/v2\/product_tag?post=30578"}],"curies":[{"name":"wp","href":"https:\/\/api.w.org\/{rel}","templated":true}]}}