{"id":30470,"date":"2025-07-08T14:09:34","date_gmt":"2025-07-08T12:09:34","guid":{"rendered":"https:\/\/keluvo.com\/no\/produkt\/ruter\/"},"modified":"2025-07-11T18:05:34","modified_gmt":"2025-07-11T16:05:34","slug":"ruter","status":"publish","type":"product","link":"https:\/\/keluvo.com\/no\/produkt\/ruter\/","title":{"rendered":"Fresetilbeh\u00f8r"},"content":{"rendered":"<p style=\"text-align: center;\" data-start=\"129\" data-end=\"192\"><strong>\ud83d\udee0\ufe0f Skj\u00e6r Perfekte Spor, Kanter Og Avrundinger \u2013 Med Ett Profesjonelt Verkt\u00f8y!<\/strong><\/p>\n<p style=\"text-align: center;\" data-start=\"194\" data-end=\"407\">Denne freseren er laget for presisjonselskere og gj\u00f8r-det-selv-entusiaster som \u00f8nsker rene, feilfrie kutt hver gang. Den er laget av h\u00f8ykvalitets aluminium, er justerbar, avtakbar og klar for alle typer brett.<\/p>\n<p data-start=\"194\" data-end=\"407\"><img decoding=\"async\" class=\"size-full wp-image-26547 aligncenter\" src=\"https:\/\/keluvo.com\/template\/wp-content\/uploads\/sites\/5\/2025\/07\/070210-ezgif.com-video-to-webp-converter.webp\" alt=\"\" \/><\/p>\n<h2 style=\"text-align: center;\" data-start=\"409\" data-end=\"430\"><strong>\ud83d\udd27 Hovedfordeler<\/strong><\/h2>\n<p data-start=\"433\" data-end=\"492\">\ud83d\udccf Kutter runde spor, kanter og ekspansjonsspor uten problemer<\/p>\n<p data-start=\"495\" data-end=\"546\">\ud83e\uddf2 Justerbar base i aluminiumslegering for tilpassede oppsett<\/p>\n<p data-start=\"549\" data-end=\"600\">\ud83d\udd04 Avtakbar design &#8211; enkel \u00e5 oppbevare og sette sammen igjen<\/p>\n<p data-start=\"603\" data-end=\"653\">\ud83e\udeb5 Kompatibel med tre, MDF, fiberplater og mer<\/p>\n<p data-start=\"656\" data-end=\"711\">\ud83c\udfaf Gir rene, n\u00f8yaktige og stabile kutt hver gang<\/p>\n<p data-start=\"656\" data-end=\"711\"><img decoding=\"async\" class=\"size-full wp-image-26546 aligncenter\" src=\"https:\/\/keluvo.com\/template\/wp-content\/uploads\/sites\/5\/2025\/07\/a1eeaa0e-5dfa-4746-9f55-2623f2c74c4d.jpg\" alt=\"\" \/><\/p>\n<h2 style=\"text-align: center;\" data-start=\"713\" data-end=\"733\"><strong>\u2699\ufe0f Slik Fungerer Det<\/strong><\/h2>\n<ol data-start=\"734\" data-end=\"868\">\n<li data-start=\"734\" data-end=\"766\">\n<p data-start=\"737\" data-end=\"766\">Monter basen p\u00e5 platen.<\/p>\n<\/li>\n<li data-start=\"767\" data-end=\"821\">\n<p data-start=\"770\" data-end=\"821\">Juster styrearmene til \u00f8nsket sporbredde.<\/p>\n<\/li>\n<li data-start=\"822\" data-end=\"868\">\n<p data-start=\"825\" data-end=\"868\">Fest overfresen og skj\u00e6r med selvtillit.<\/p>\n<\/li>\n<\/ol>\n<h2 style=\"text-align: center;\" data-start=\"870\" data-end=\"893\"><strong>\ud83d\udcd0 Produktdetaljer<\/strong><\/h2>\n<ul data-start=\"894\" data-end=\"1027\">\n<li data-start=\"894\" data-end=\"934\">\n<p data-start=\"896\" data-end=\"934\">Materiale: H\u00f8yfast aluminiumslegering<\/p>\n<\/li>\n<li data-start=\"990\" data-end=\"1027\">\n<p data-start=\"992\" data-end=\"1027\">Passer til de fleste freser (universalfeste)<\/p>\n<\/li>\n<\/ul>\n<h2 style=\"text-align: center;\" data-start=\"1029\" data-end=\"1053\"><strong>\ud83d\udce6 Pakken Inkluderer<\/strong><\/h2>\n<ul data-start=\"1054\" data-end=\"1118\">\n<li data-start=\"1054\" data-end=\"1118\">\n<p data-start=\"1056\" data-end=\"1118\">1x fres.<\/p>\n<\/li>\n<\/ul>\n","protected":false},"excerpt":{"rendered":"<p>\ud83d\udee0\ufe0f Skj\u00e6r Perfekte Spor, Kanter Og Avrundinger \u2013 Med Ett Profesjonelt Verkt\u00f8y! Denne freseren er laget for presisjonselskere og gj\u00f8r-det-selv-entusiaster [&hellip;]<\/p>\n","protected":false},"featured_media":30466,"comment_status":"open","ping_status":"closed","template":"","meta":{"site-sidebar-layout":"default","site-content-layout":"","ast-site-content-layout":"default","site-content-style":"default","site-sidebar-style":"default","ast-global-header-display":"","ast-banner-title-visibility":"","ast-main-header-display":"","ast-hfb-above-header-display":"","ast-hfb-below-header-display":"","ast-hfb-mobile-header-display":"","site-post-title":"","ast-breadcrumbs-content":"","ast-featured-img":"","footer-sml-layout":"","theme-transparent-header-meta":"default","adv-header-id-meta":"","stick-header-meta":"","header-above-stick-meta":"","header-main-stick-meta":"","header-below-stick-meta":"","astra-migrate-meta-layouts":"set","ast-page-background-enabled":"default","ast-page-background-meta":{"desktop":{"background-color":"var(--ast-global-color-4)","background-image":"","background-repeat":"repeat","background-position":"center center","background-size":"auto","background-attachment":"scroll","background-type":"","background-media":"","overlay-type":"","overlay-color":"","overlay-opacity":"","overlay-gradient":""},"tablet":{"background-color":"","background-image":"","background-repeat":"repeat","background-position":"center center","background-size":"auto","background-attachment":"scroll","background-type":"","background-media":"","overlay-type":"","overlay-color":"","overlay-opacity":"","overlay-gradient":""},"mobile":{"background-color":"","background-image":"","background-repeat":"repeat","background-position":"center center","background-size":"auto","background-attachment":"scroll","background-type":"","background-media":"","overlay-type":"","overlay-color":"","overlay-opacity":"","overlay-gradient":""}},"ast-content-background-meta":{"desktop":{"background-color":"var(--ast-global-color-5)","background-image":"","background-repeat":"repeat","background-position":"center center","background-size":"auto","background-attachment":"scroll","background-type":"","background-media":"","overlay-type":"","overlay-color":"","overlay-opacity":"","overlay-gradient":""},"tablet":{"background-color":"var(--ast-global-color-5)","background-image":"","background-repeat":"repeat","background-position":"center center","background-size":"auto","background-attachment":"scroll","background-type":"","background-media":"","overlay-type":"","overlay-color":"","overlay-opacity":"","overlay-gradient":""},"mobile":{"background-color":"var(--ast-global-color-5)","background-image":"","background-repeat":"repeat","background-position":"center center","background-size":"auto","background-attachment":"scroll","background-type":"","background-media":"","overlay-type":"","overlay-color":"","overlay-opacity":"","overlay-gradient":""}}},"product_brand":[],"product_cat":[996],"product_tag":[],"class_list":{"0":"post-30470","1":"product","2":"type-product","3":"status-publish","4":"has-post-thumbnail","6":"product_cat-verktoy","7":"pa_30215_dgx3bvnc-a","8":"pa_30215_dgx3bvnc-b","9":"pa_30215_dgx3bvnc-c","10":"pa_30215_dgx3bvnc-d","11":"desktop-align-left","12":"tablet-align-left","13":"mobile-align-left","15":"first","16":"instock","17":"shipping-taxable","18":"purchasable","19":"product-type-variable"},"_links":{"self":[{"href":"https:\/\/keluvo.com\/no\/wp-json\/wp\/v2\/product\/30470","targetHints":{"allow":["GET"]}}],"collection":[{"href":"https:\/\/keluvo.com\/no\/wp-json\/wp\/v2\/product"}],"about":[{"href":"https:\/\/keluvo.com\/no\/wp-json\/wp\/v2\/types\/product"}],"replies":[{"embeddable":true,"href":"https:\/\/keluvo.com\/no\/wp-json\/wp\/v2\/comments?post=30470"}],"wp:featuredmedia":[{"embeddable":true,"href":"https:\/\/keluvo.com\/no\/wp-json\/wp\/v2\/media\/30466"}],"wp:attachment":[{"href":"https:\/\/keluvo.com\/no\/wp-json\/wp\/v2\/media?parent=30470"}],"wp:term":[{"taxonomy":"product_brand","embeddable":true,"href":"https:\/\/keluvo.com\/no\/wp-json\/wp\/v2\/product_brand?post=30470"},{"taxonomy":"product_cat","embeddable":true,"href":"https:\/\/keluvo.com\/no\/wp-json\/wp\/v2\/product_cat?post=30470"},{"taxonomy":"product_tag","embeddable":true,"href":"https:\/\/keluvo.com\/no\/wp-json\/wp\/v2\/product_tag?post=30470"}],"curies":[{"name":"wp","href":"https:\/\/api.w.org\/{rel}","templated":true}]}}