{"id":30334,"date":"2025-07-08T12:31:24","date_gmt":"2025-07-08T10:31:24","guid":{"rendered":"https:\/\/keluvo.com\/no\/produkt\/hodetelefoner-2\/"},"modified":"2025-11-11T11:23:57","modified_gmt":"2025-11-11T09:23:57","slug":"hodetelefoner-2","status":"publish","type":"product","link":"https:\/\/keluvo.com\/no\/produkt\/hodetelefoner-2\/","title":{"rendered":"Hodetelefoner"},"content":{"rendered":"<p style=\"text-align: center;\" data-start=\"111\" data-end=\"192\"><strong>\ud83c\udfa7 En ny type tr\u00e5dl\u00f8se hodetelefoner \u2013 sikre, vanntette og laget for bevegelse!<\/strong><\/p>\n<p style=\"text-align: center;\" data-start=\"194\" data-end=\"383\">Disse hodetelefonene er designet for en aktiv livsstil og holder seg godt p\u00e5 plass samtidig som de leverer krystallklar lyd, dyp bass og langvarig komfort &#8211; ingen glipper, ingen ledninger, ingen begrensninger.<\/p>\n<p data-start=\"194\" data-end=\"383\"><img decoding=\"async\" class=\"size-full wp-image-26405 aligncenter\" src=\"https:\/\/keluvo.com\/template\/wp-content\/uploads\/sites\/5\/2025\/07\/cfdc9332d07fd6a83da8c0e98a71182d0639347a.webp\" alt=\"\" \/><\/p>\n<h2 style=\"text-align: center;\" data-start=\"385\" data-end=\"406\">\ud83d\udd25 Hovedfordeler<\/h2>\n<p data-start=\"409\" data-end=\"468\">\ud83d\udc42 \u00d8rekrokene som omslutter \u00f8rene, sitter godt p\u00e5 plass under trening<\/p>\n<p data-start=\"409\" data-end=\"468\">\ud83d\udca6 Vanntett og svettebestandig &#8211; perfekt for regn eller trenings\u00f8kter<\/p>\n<p data-start=\"409\" data-end=\"468\">\ud83d\udd0b Lang batterilevetid med opptil 18 timers bruk<\/p>\n<p data-start=\"409\" data-end=\"468\">\ud83c\udfb5 HD-lyd med sterk bass og st\u00f8yisolasjon<\/p>\n<p data-start=\"409\" data-end=\"468\">\u261d\ufe0f Enkel \u00e9nfingerkontroll for samtaler, musikk og volum<\/p>\n<p data-start=\"643\" data-end=\"698\"><img decoding=\"async\" class=\"size-full wp-image-26404 aligncenter\" src=\"https:\/\/keluvo.com\/template\/wp-content\/uploads\/sites\/5\/2025\/07\/dc35c943bf496d2f84d21fc1f95255ef71a62f9b100ba0c1d1df2552c3900890_480x480.webp\" alt=\"\" \/><\/p>\n<h2 style=\"text-align: center;\" data-start=\"700\" data-end=\"718\">\ud83c\udfa7 Slik bruker du dem<\/h2>\n<ol data-start=\"719\" data-end=\"862\">\n<li data-start=\"719\" data-end=\"767\">Par via Bluetooth med telefonen eller enheten din.<\/li>\n<li data-start=\"719\" data-end=\"767\">Fest dem over \u00f8rene og juster for komfort.<\/li>\n<li data-start=\"719\" data-end=\"767\">Kontroller musikk og samtaler med et enkelt trykk.<\/li>\n<\/ol>\n<h2 style=\"text-align: center;\" data-start=\"864\" data-end=\"887\">\ud83d\udcd0 Produktdetaljer<\/h2>\n<ul data-start=\"888\" data-end=\"993\">\n<li data-start=\"888\" data-end=\"912\">\n<p data-start=\"890\" data-end=\"912\">Bluetooth-versjon: 5.1<\/p>\n<\/li>\n<li data-start=\"913\" data-end=\"936\">\n<p data-start=\"915\" data-end=\"936\">Spilltid: 15-18 timer<\/p>\n<\/li>\n<li data-start=\"937\" data-end=\"962\">\n<p data-start=\"939\" data-end=\"962\">Vanntett: IPX7<\/p>\n<\/li>\n<li data-start=\"963\" data-end=\"993\">\n<p data-start=\"965\" data-end=\"993\">Lading: USB-C hurtiglading<\/p>\n<\/li>\n<\/ul>\n<h2 style=\"text-align: center;\" data-start=\"995\" data-end=\"1019\">\ud83d\udce6 Pakken inkluderer<\/h2>\n<ul data-start=\"1020\" data-end=\"1089\">\n<li data-start=\"1020\" data-end=\"1052\">\n<p data-start=\"1022\" data-end=\"1052\">1x par hodetelefoner<\/p>\n<\/li>\n<li data-start=\"1053\" data-end=\"1072\">\n<p data-start=\"1055\" data-end=\"1072\">1x ladekabel<\/p>\n<\/li>\n<li data-start=\"1073\" data-end=\"1089\">\n<p data-start=\"1075\" data-end=\"1089\">1x brukerh\u00e5ndbok.<\/p>\n<\/li>\n<\/ul>\n","protected":false},"excerpt":{"rendered":"<p>\ud83c\udfa7 En ny type tr\u00e5dl\u00f8se hodetelefoner \u2013 sikre, vanntette og laget for bevegelse! Disse hodetelefonene er designet for en aktiv [&hellip;]<\/p>\n","protected":false},"featured_media":30330,"comment_status":"open","ping_status":"closed","template":"","meta":{"site-sidebar-layout":"default","site-content-layout":"","ast-site-content-layout":"default","site-content-style":"default","site-sidebar-style":"default","ast-global-header-display":"","ast-banner-title-visibility":"","ast-main-header-display":"","ast-hfb-above-header-display":"","ast-hfb-below-header-display":"","ast-hfb-mobile-header-display":"","site-post-title":"","ast-breadcrumbs-content":"","ast-featured-img":"","footer-sml-layout":"","theme-transparent-header-meta":"default","adv-header-id-meta":"","stick-header-meta":"","header-above-stick-meta":"","header-main-stick-meta":"","header-below-stick-meta":"","astra-migrate-meta-layouts":"set","ast-page-background-enabled":"default","ast-page-background-meta":{"desktop":{"background-color":"var(--ast-global-color-4)","background-image":"","background-repeat":"repeat","background-position":"center center","background-size":"auto","background-attachment":"scroll","background-type":"","background-media":"","overlay-type":"","overlay-color":"","overlay-opacity":"","overlay-gradient":""},"tablet":{"background-color":"","background-image":"","background-repeat":"repeat","background-position":"center center","background-size":"auto","background-attachment":"scroll","background-type":"","background-media":"","overlay-type":"","overlay-color":"","overlay-opacity":"","overlay-gradient":""},"mobile":{"background-color":"","background-image":"","background-repeat":"repeat","background-position":"center center","background-size":"auto","background-attachment":"scroll","background-type":"","background-media":"","overlay-type":"","overlay-color":"","overlay-opacity":"","overlay-gradient":""}},"ast-content-background-meta":{"desktop":{"background-color":"var(--ast-global-color-5)","background-image":"","background-repeat":"repeat","background-position":"center center","background-size":"auto","background-attachment":"scroll","background-type":"","background-media":"","overlay-type":"","overlay-color":"","overlay-opacity":"","overlay-gradient":""},"tablet":{"background-color":"var(--ast-global-color-5)","background-image":"","background-repeat":"repeat","background-position":"center center","background-size":"auto","background-attachment":"scroll","background-type":"","background-media":"","overlay-type":"","overlay-color":"","overlay-opacity":"","overlay-gradient":""},"mobile":{"background-color":"var(--ast-global-color-5)","background-image":"","background-repeat":"repeat","background-position":"center center","background-size":"auto","background-attachment":"scroll","background-type":"","background-media":"","overlay-type":"","overlay-color":"","overlay-opacity":"","overlay-gradient":""}}},"product_brand":[],"product_cat":[15],"product_tag":[],"class_list":{"0":"post-30334","1":"product","2":"type-product","3":"status-publish","4":"has-post-thumbnail","6":"product_cat-uncategorized","7":"pa_37282_74y7gh1p-bla","8":"pa_37282_74y7gh1p-rod","9":"pa_37282_74y7gh1p-rosa","10":"pa_37282_74y7gh1p-svart","11":"desktop-align-left","12":"tablet-align-left","13":"mobile-align-left","15":"first","16":"instock","17":"shipping-taxable","18":"purchasable","19":"product-type-variable"},"_links":{"self":[{"href":"https:\/\/keluvo.com\/no\/wp-json\/wp\/v2\/product\/30334","targetHints":{"allow":["GET"]}}],"collection":[{"href":"https:\/\/keluvo.com\/no\/wp-json\/wp\/v2\/product"}],"about":[{"href":"https:\/\/keluvo.com\/no\/wp-json\/wp\/v2\/types\/product"}],"replies":[{"embeddable":true,"href":"https:\/\/keluvo.com\/no\/wp-json\/wp\/v2\/comments?post=30334"}],"wp:featuredmedia":[{"embeddable":true,"href":"https:\/\/keluvo.com\/no\/wp-json\/wp\/v2\/media\/30330"}],"wp:attachment":[{"href":"https:\/\/keluvo.com\/no\/wp-json\/wp\/v2\/media?parent=30334"}],"wp:term":[{"taxonomy":"product_brand","embeddable":true,"href":"https:\/\/keluvo.com\/no\/wp-json\/wp\/v2\/product_brand?post=30334"},{"taxonomy":"product_cat","embeddable":true,"href":"https:\/\/keluvo.com\/no\/wp-json\/wp\/v2\/product_cat?post=30334"},{"taxonomy":"product_tag","embeddable":true,"href":"https:\/\/keluvo.com\/no\/wp-json\/wp\/v2\/product_tag?post=30334"}],"curies":[{"name":"wp","href":"https:\/\/api.w.org\/{rel}","templated":true}]}}