{"id":30261,"date":"2025-07-08T12:26:45","date_gmt":"2025-07-08T10:26:45","guid":{"rendered":"https:\/\/keluvo.com\/no\/produkt\/lufthorn\/"},"modified":"2025-07-09T13:25:38","modified_gmt":"2025-07-09T11:25:38","slug":"lufthorn","status":"publish","type":"product","link":"https:\/\/keluvo.com\/no\/produkt\/lufthorn\/","title":{"rendered":"Lufthorn"},"content":{"rendered":"<p style=\"text-align: center;\" data-start=\"91\" data-end=\"154\"><strong>\ud83d\udce2 Bli H\u00f8rt F\u00f8r Du Blir Sett \u2013 Med Sneglehornet P\u00e5 130 Db!<\/strong><\/p>\n<p style=\"text-align: center;\" data-start=\"156\" data-end=\"284\">Gj\u00f8r deg kjent med et h\u00f8yt og tydelig lydsignal som holder deg trygg p\u00e5 veien. Perfekt for motorsykler, biler og lastebiler!<\/p>\n<p data-start=\"156\" data-end=\"284\"><img decoding=\"async\" class=\"size-full wp-image-26323 aligncenter\" src=\"https:\/\/keluvo.com\/template\/wp-content\/uploads\/sites\/5\/2025\/07\/cf63cbd028e83c29c42ee3d85604c1e4794b8f06.webp\" alt=\"\" \/><\/p>\n<h2 style=\"text-align: center;\" data-start=\"286\" data-end=\"307\">\ud83d\udd0a Hovedfordeler<\/h2>\n<p data-start=\"310\" data-end=\"361\">\ud83d\udea8 Ultrah\u00f8y 130 dB-lyd fanger oppmerksomheten umiddelbart<\/p>\n<p data-start=\"364\" data-end=\"397\">\u26a1 Lavt str\u00f8mforbruk, h\u00f8y ytelse<\/p>\n<p data-start=\"400\" data-end=\"456\">\ud83d\udca6 Vanntett og slitesterkt med en sterk monteringsbrakett<\/p>\n<p data-start=\"459\" data-end=\"510\">\ud83c\udfa8 Tilgjengelig i flere farger for \u00e5 matche stilen din<\/p>\n<p data-start=\"513\" data-end=\"569\">\ud83e\udde9 Enkel ett-trinns installasjon &#8211; ingen spesialverkt\u00f8y trengs!<\/p>\n<p data-start=\"513\" data-end=\"569\"><img decoding=\"async\" class=\"size-full wp-image-26322 aligncenter\" src=\"https:\/\/keluvo.com\/template\/wp-content\/uploads\/sites\/5\/2025\/07\/246877f1004e4d1840065727dc6b104134e2024a.avif\" alt=\"\" \/><\/p>\n<h2 style=\"text-align: center;\" data-start=\"571\" data-end=\"590\">\ud83d\udee0\ufe0f Slik Bruker Du Det<\/h2>\n<ol data-start=\"591\" data-end=\"711\">\n<li data-start=\"591\" data-end=\"624\">\n<p data-start=\"594\" data-end=\"624\">Koble til en 12 V str\u00f8mkilde.<\/p>\n<\/li>\n<li data-start=\"625\" data-end=\"661\">\n<p data-start=\"628\" data-end=\"661\">Monter ved hjelp av den medf\u00f8lgende braketten.<\/p>\n<\/li>\n<li data-start=\"662\" data-end=\"711\">\n<p data-start=\"665\" data-end=\"711\">Trykk p\u00e5 hornet og nyt den h\u00f8ye, skarpe lyden!<\/p>\n<\/li>\n<\/ol>\n<h2 style=\"text-align: center;\" data-start=\"713\" data-end=\"736\">\ud83d\udcd0 Produktdetaljer<\/h2>\n<ul data-start=\"737\" data-end=\"859\">\n<li data-start=\"737\" data-end=\"771\">\n<p data-start=\"739\" data-end=\"771\">Kompatibel med alle 12 V-biler<\/p>\n<\/li>\n<li data-start=\"772\" data-end=\"818\">\n<p data-start=\"774\" data-end=\"818\">Snegledesign for et kraftig og stilig utseende<\/p>\n<\/li>\n<li data-start=\"819\" data-end=\"859\">\n<p data-start=\"821\" data-end=\"859\">Laget for motorsykler, lastebiler og biler<\/p>\n<\/li>\n<\/ul>\n<h2 style=\"text-align: center;\" data-start=\"861\" data-end=\"885\">\ud83d\udce6 Pakken Inneholder<\/h2>\n<ul data-start=\"886\" data-end=\"922\">\n<li style=\"list-style-type: none;\">\n<ul data-start=\"886\" data-end=\"922\">\n<li data-start=\"886\" data-end=\"922\">\n<p data-start=\"888\" data-end=\"922\">1 x lufthorn.<\/p>\n<\/li>\n<\/ul>\n<\/li>\n<\/ul>\n","protected":false},"excerpt":{"rendered":"<p>\ud83d\udce2 Bli H\u00f8rt F\u00f8r Du Blir Sett \u2013 Med Sneglehornet P\u00e5 130 Db! Gj\u00f8r deg kjent med et h\u00f8yt og [&hellip;]<\/p>\n","protected":false},"featured_media":30257,"comment_status":"open","ping_status":"closed","template":"","meta":{"site-sidebar-layout":"default","site-content-layout":"","ast-site-content-layout":"default","site-content-style":"default","site-sidebar-style":"default","ast-global-header-display":"","ast-banner-title-visibility":"","ast-main-header-display":"","ast-hfb-above-header-display":"","ast-hfb-below-header-display":"","ast-hfb-mobile-header-display":"","site-post-title":"","ast-breadcrumbs-content":"","ast-featured-img":"","footer-sml-layout":"","theme-transparent-header-meta":"default","adv-header-id-meta":"","stick-header-meta":"","header-above-stick-meta":"","header-main-stick-meta":"","header-below-stick-meta":"","astra-migrate-meta-layouts":"set","ast-page-background-enabled":"default","ast-page-background-meta":{"desktop":{"background-color":"var(--ast-global-color-4)","background-image":"","background-repeat":"repeat","background-position":"center center","background-size":"auto","background-attachment":"scroll","background-type":"","background-media":"","overlay-type":"","overlay-color":"","overlay-opacity":"","overlay-gradient":""},"tablet":{"background-color":"","background-image":"","background-repeat":"repeat","background-position":"center center","background-size":"auto","background-attachment":"scroll","background-type":"","background-media":"","overlay-type":"","overlay-color":"","overlay-opacity":"","overlay-gradient":""},"mobile":{"background-color":"","background-image":"","background-repeat":"repeat","background-position":"center center","background-size":"auto","background-attachment":"scroll","background-type":"","background-media":"","overlay-type":"","overlay-color":"","overlay-opacity":"","overlay-gradient":""}},"ast-content-background-meta":{"desktop":{"background-color":"var(--ast-global-color-5)","background-image":"","background-repeat":"repeat","background-position":"center center","background-size":"auto","background-attachment":"scroll","background-type":"","background-media":"","overlay-type":"","overlay-color":"","overlay-opacity":"","overlay-gradient":""},"tablet":{"background-color":"var(--ast-global-color-5)","background-image":"","background-repeat":"repeat","background-position":"center center","background-size":"auto","background-attachment":"scroll","background-type":"","background-media":"","overlay-type":"","overlay-color":"","overlay-opacity":"","overlay-gradient":""},"mobile":{"background-color":"var(--ast-global-color-5)","background-image":"","background-repeat":"repeat","background-position":"center center","background-size":"auto","background-attachment":"scroll","background-type":"","background-media":"","overlay-type":"","overlay-color":"","overlay-opacity":"","overlay-gradient":""}}},"product_brand":[],"product_cat":[998],"product_tag":[],"class_list":{"0":"post-30261","1":"product","2":"type-product","3":"status-publish","4":"has-post-thumbnail","6":"product_cat-bilprodukter","7":"pa_31061_bit8iaxn-bla","8":"pa_31061_bit8iaxn-gronn","9":"pa_31061_bit8iaxn-gull","10":"pa_31061_bit8iaxn-rod","11":"pa_31061_bit8iaxn-solv","12":"pa_31061_bit8iaxn-svart","13":"desktop-align-left","14":"tablet-align-left","15":"mobile-align-left","17":"first","18":"instock","19":"shipping-taxable","20":"purchasable","21":"product-type-variable"},"_links":{"self":[{"href":"https:\/\/keluvo.com\/no\/wp-json\/wp\/v2\/product\/30261","targetHints":{"allow":["GET"]}}],"collection":[{"href":"https:\/\/keluvo.com\/no\/wp-json\/wp\/v2\/product"}],"about":[{"href":"https:\/\/keluvo.com\/no\/wp-json\/wp\/v2\/types\/product"}],"replies":[{"embeddable":true,"href":"https:\/\/keluvo.com\/no\/wp-json\/wp\/v2\/comments?post=30261"}],"wp:featuredmedia":[{"embeddable":true,"href":"https:\/\/keluvo.com\/no\/wp-json\/wp\/v2\/media\/30257"}],"wp:attachment":[{"href":"https:\/\/keluvo.com\/no\/wp-json\/wp\/v2\/media?parent=30261"}],"wp:term":[{"taxonomy":"product_brand","embeddable":true,"href":"https:\/\/keluvo.com\/no\/wp-json\/wp\/v2\/product_brand?post=30261"},{"taxonomy":"product_cat","embeddable":true,"href":"https:\/\/keluvo.com\/no\/wp-json\/wp\/v2\/product_cat?post=30261"},{"taxonomy":"product_tag","embeddable":true,"href":"https:\/\/keluvo.com\/no\/wp-json\/wp\/v2\/product_tag?post=30261"}],"curies":[{"name":"wp","href":"https:\/\/api.w.org\/{rel}","templated":true}]}}