{"id":29734,"date":"2025-07-02T19:12:55","date_gmt":"2025-07-02T17:12:55","guid":{"rendered":"https:\/\/keluvo.com\/no\/produkt\/skrutrekkerbiter\/"},"modified":"2025-07-02T19:19:44","modified_gmt":"2025-07-02T17:19:44","slug":"skrutrekkerbiter","status":"publish","type":"product","link":"https:\/\/keluvo.com\/no\/produkt\/skrutrekkerbiter\/","title":{"rendered":"Skrutrekkerbiter"},"content":{"rendered":"<p style=\"text-align: center;\" data-start=\"75\" data-end=\"314\"><strong>\ud83e\uddf2 Det Ultimate Skrutrekkerbitsettet Som Enhver Verkt\u00f8ykasse Trenger<\/strong><\/p>\n<p style=\"text-align: center;\" data-start=\"75\" data-end=\"314\">Dette magnetiske bitsettet med 8 deler gj\u00f8r det raskere og enklere \u00e5 skru, bore og feste &#8211; med sterke magnetiske spisser som holder skruene p\u00e5 plass og ekstra lengde for vanskelig tilgjengelige steder. Robust for enhver jobb, stor eller liten!<\/p>\n<p data-start=\"75\" data-end=\"314\"><img decoding=\"async\" class=\"size-full wp-image-26150 aligncenter\" src=\"https:\/\/keluvo.com\/template\/wp-content\/uploads\/sites\/5\/2025\/07\/07021-ezgif.com-video-to-webp-converter.webp\" alt=\"\" \/><\/p>\n<h2 style=\"text-align: center;\" data-start=\"356\" data-end=\"377\">\u2728 Hovedfordeler<\/h2>\n<p data-start=\"380\" data-end=\"432\">\ud83e\uddf2 Magnetiske spisser som holder skruene sikkert og sklisikkert p\u00e5 plass<\/p>\n<p data-start=\"435\" data-end=\"481\">\ud83e\ude9b Ekstra lang design for vanskelig tilgjengelige steder areas<\/p>\n<p data-start=\"484\" data-end=\"530\">\ud83d\udee0\ufe0f Slitesterkt legert st\u00e5l for langvarig bruk<\/p>\n<p data-start=\"533\" data-end=\"590\">\ud83d\udd04 Kompatibel med alle standard driller og skrutrekkere<\/p>\n<p data-start=\"593\" data-end=\"638\">\ud83d\udce6 Leveres i et kompakt etui for enkel oppbevaring<\/p>\n<p><img decoding=\"async\" class=\"size-full wp-image-26154\" src=\"https:\/\/keluvo.com\/template\/wp-content\/uploads\/sites\/5\/2025\/07\/Zestaw-Bitow-Magnetycznych-8szt-Dlugie-Bity-XXL-Wkretaki-Srubokrety-PH2.jpeg\" alt=\"\" \/><\/p>\n<h2 style=\"text-align: center;\" data-start=\"640\" data-end=\"659\">\ud83d\udd27 Slik Bruker Du<\/h2>\n<ol data-start=\"660\" data-end=\"834\">\n<li data-start=\"660\" data-end=\"707\">\n<p data-start=\"663\" data-end=\"707\">Fest en bits p\u00e5 skrutrekkeren eller drillen din.<\/p>\n<\/li>\n<li data-start=\"708\" data-end=\"770\">\n<p data-start=\"711\" data-end=\"770\">Skru inn skruer rent, selv i vanskelige vinkler eller p\u00e5 dype steder.<\/p>\n<\/li>\n<\/ol>\n<h2 style=\"text-align: center;\" data-start=\"836\" data-end=\"863\">\ud83d\udccf Settet Inneholder St\u00f8rrelsene<\/h2>\n<ul data-start=\"864\" data-end=\"988\">\n<li data-start=\"864\" data-end=\"878\">\n<p data-start=\"866\" data-end=\"878\">PH2 x 50mm<\/p>\n<\/li>\n<li data-start=\"879\" data-end=\"893\">\n<p data-start=\"881\" data-end=\"893\">PH2 x 65mm<\/p>\n<\/li>\n<li data-start=\"894\" data-end=\"908\">\n<p data-start=\"896\" data-end=\"908\">PH2 x 80mm<\/p>\n<\/li>\n<li data-start=\"909\" data-end=\"924\">\n<p data-start=\"911\" data-end=\"924\">PH2 x 100mm<\/p>\n<\/li>\n<li data-start=\"925\" data-end=\"940\">\n<p data-start=\"927\" data-end=\"940\">PH2 x 120mm<\/p>\n<\/li>\n<li data-start=\"941\" data-end=\"956\">\n<p data-start=\"943\" data-end=\"956\">PH2 x 150mm<\/p>\n<\/li>\n<li data-start=\"957\" data-end=\"972\">\n<p data-start=\"959\" data-end=\"972\">PH2 x 200mm<\/p>\n<\/li>\n<li data-start=\"973\" data-end=\"988\">\n<p data-start=\"975\" data-end=\"988\">PH2 x 250mm<\/p>\n<\/li>\n<\/ul>\n<h2 style=\"text-align: center;\" data-start=\"990\" data-end=\"1015\">\ud83d\udce6 Pakken Inneholder<\/h2>\n<ul data-start=\"1016\" data-end=\"1066\">\n<li data-start=\"1016\" data-end=\"1048\">\n<p data-start=\"1018\" data-end=\"1048\">8x magnetiske skrutrekkerbiter<\/p>\n<\/li>\n<li data-start=\"1049\" data-end=\"1066\">\n<p data-start=\"1051\" data-end=\"1066\">1x oppbevaringsetui.<\/p>\n<\/li>\n<\/ul>\n","protected":false},"excerpt":{"rendered":"<p>\ud83e\uddf2 Det Ultimate Skrutrekkerbitsettet Som Enhver Verkt\u00f8ykasse Trenger Dette magnetiske bitsettet med 8 deler gj\u00f8r det raskere og enklere \u00e5 [&hellip;]<\/p>\n","protected":false},"featured_media":29730,"comment_status":"open","ping_status":"closed","template":"","meta":{"site-sidebar-layout":"default","site-content-layout":"","ast-site-content-layout":"default","site-content-style":"default","site-sidebar-style":"default","ast-global-header-display":"","ast-banner-title-visibility":"","ast-main-header-display":"","ast-hfb-above-header-display":"","ast-hfb-below-header-display":"","ast-hfb-mobile-header-display":"","site-post-title":"","ast-breadcrumbs-content":"","ast-featured-img":"","footer-sml-layout":"","theme-transparent-header-meta":"default","adv-header-id-meta":"","stick-header-meta":"","header-above-stick-meta":"","header-main-stick-meta":"","header-below-stick-meta":"","astra-migrate-meta-layouts":"set","ast-page-background-enabled":"default","ast-page-background-meta":{"desktop":{"background-color":"var(--ast-global-color-4)","background-image":"","background-repeat":"repeat","background-position":"center center","background-size":"auto","background-attachment":"scroll","background-type":"","background-media":"","overlay-type":"","overlay-color":"","overlay-opacity":"","overlay-gradient":""},"tablet":{"background-color":"","background-image":"","background-repeat":"repeat","background-position":"center center","background-size":"auto","background-attachment":"scroll","background-type":"","background-media":"","overlay-type":"","overlay-color":"","overlay-opacity":"","overlay-gradient":""},"mobile":{"background-color":"","background-image":"","background-repeat":"repeat","background-position":"center center","background-size":"auto","background-attachment":"scroll","background-type":"","background-media":"","overlay-type":"","overlay-color":"","overlay-opacity":"","overlay-gradient":""}},"ast-content-background-meta":{"desktop":{"background-color":"var(--ast-global-color-5)","background-image":"","background-repeat":"repeat","background-position":"center center","background-size":"auto","background-attachment":"scroll","background-type":"","background-media":"","overlay-type":"","overlay-color":"","overlay-opacity":"","overlay-gradient":""},"tablet":{"background-color":"var(--ast-global-color-5)","background-image":"","background-repeat":"repeat","background-position":"center center","background-size":"auto","background-attachment":"scroll","background-type":"","background-media":"","overlay-type":"","overlay-color":"","overlay-opacity":"","overlay-gradient":""},"mobile":{"background-color":"var(--ast-global-color-5)","background-image":"","background-repeat":"repeat","background-position":"center center","background-size":"auto","background-attachment":"scroll","background-type":"","background-media":"","overlay-type":"","overlay-color":"","overlay-opacity":"","overlay-gradient":""}}},"product_brand":[],"product_cat":[996],"product_tag":[],"class_list":{"0":"post-29734","1":"product","2":"type-product","3":"status-publish","4":"has-post-thumbnail","6":"product_cat-verktoy","7":"desktop-align-left","8":"tablet-align-left","9":"mobile-align-left","11":"first","12":"instock","13":"shipping-taxable","14":"purchasable","15":"product-type-simple"},"_links":{"self":[{"href":"https:\/\/keluvo.com\/no\/wp-json\/wp\/v2\/product\/29734","targetHints":{"allow":["GET"]}}],"collection":[{"href":"https:\/\/keluvo.com\/no\/wp-json\/wp\/v2\/product"}],"about":[{"href":"https:\/\/keluvo.com\/no\/wp-json\/wp\/v2\/types\/product"}],"replies":[{"embeddable":true,"href":"https:\/\/keluvo.com\/no\/wp-json\/wp\/v2\/comments?post=29734"}],"wp:featuredmedia":[{"embeddable":true,"href":"https:\/\/keluvo.com\/no\/wp-json\/wp\/v2\/media\/29730"}],"wp:attachment":[{"href":"https:\/\/keluvo.com\/no\/wp-json\/wp\/v2\/media?parent=29734"}],"wp:term":[{"taxonomy":"product_brand","embeddable":true,"href":"https:\/\/keluvo.com\/no\/wp-json\/wp\/v2\/product_brand?post=29734"},{"taxonomy":"product_cat","embeddable":true,"href":"https:\/\/keluvo.com\/no\/wp-json\/wp\/v2\/product_cat?post=29734"},{"taxonomy":"product_tag","embeddable":true,"href":"https:\/\/keluvo.com\/no\/wp-json\/wp\/v2\/product_tag?post=29734"}],"curies":[{"name":"wp","href":"https:\/\/api.w.org\/{rel}","templated":true}]}}