{"id":29712,"date":"2025-07-02T19:11:20","date_gmt":"2025-07-02T17:11:20","guid":{"rendered":"https:\/\/keluvo.com\/no\/produkt\/mikroskop\/"},"modified":"2025-07-02T19:11:26","modified_gmt":"2025-07-02T17:11:26","slug":"mikroskop","status":"publish","type":"product","link":"https:\/\/keluvo.com\/no\/produkt\/mikroskop\/","title":{"rendered":"Mikroskop"},"content":{"rendered":"<p style=\"text-align: center\" data-start=\"83\" data-end=\"327\"><strong>\ud83d\udd0d Gj\u00f8r enhver tur utend\u00f8rs til et vitenskapelig eventyr!<\/strong><\/p>\n<p style=\"text-align: center\" data-start=\"83\" data-end=\"327\">Med dette minilommemikroskopet kan barna utforske naturens minste underverk &#8211; zoome inn p\u00e5 blader, insekter, tekstiler og mye mer. Det er en morsom, skjermfri m\u00e5te \u00e5 vekke nysgjerrigheten og kj\u00e6rligheten til vitenskapen p\u00e5! Perfekt for nysgjerrige unge oppdagelsesreisende.<\/p>\n<p data-start=\"83\" data-end=\"327\"><img decoding=\"async\" class=\"size-full wp-image-26128 aligncenter\" src=\"https:\/\/keluvo.com\/template\/wp-content\/uploads\/sites\/5\/2025\/07\/32aa65f9b7a0214e79badabb76cd53c3a694b127f971270c454703708e2768ee.webp\" alt=\"\" \/><\/p>\n<h2 style=\"text-align: center\" data-start=\"371\" data-end=\"392\"><strong>\u2728 Hovedfordeler<\/strong><\/h2>\n<p data-start=\"395\" data-end=\"446\">\ud83d\udd2c 60x-120x forst\u00f8rrelse for \u00e5 se detaljer p\u00e5 n\u00e6rt hold<\/p>\n<p data-start=\"449\" data-end=\"506\">\ud83c\udf3f Oppmuntrer til utend\u00f8rs utforskning og praktisk l\u00e6ring<\/p>\n<p data-start=\"509\" data-end=\"561\">\ud83e\udde0 Utvikler nysgjerrighet, fokus og observasjonsferdigheter<\/p>\n<p data-start=\"564\" data-end=\"612\">\u270b Lett og lett \u00e5 holde for sm\u00e5 hender<\/p>\n<p data-start=\"615\" data-end=\"672\">\ud83d\udca1 Leveres med en innebygd LED-lampe for tydelig visning hvor som helst<\/p>\n<p data-start=\"615\" data-end=\"672\"><img decoding=\"async\" class=\"size-full wp-image-26127 aligncenter\" src=\"https:\/\/keluvo.com\/template\/wp-content\/uploads\/sites\/5\/2025\/07\/0c4d29d7d86a2ff69dc31d456dd7ce7eeea119185b69e5ee921d9b3962b0762d.gif\" alt=\"\" \/><\/p>\n<h2 style=\"text-align: center\" data-start=\"674\" data-end=\"693\"><strong>\ud83d\udd27 Slik bruker du det<\/strong><\/h2>\n<ol data-start=\"694\" data-end=\"860\">\n<li data-start=\"694\" data-end=\"737\">\n<p data-start=\"697\" data-end=\"737\">Sl\u00e5 p\u00e5 det innebygde lyset (valgfritt).<\/p>\n<\/li>\n<li data-start=\"738\" data-end=\"799\">\n<p data-start=\"741\" data-end=\"799\">Hold mikroskopet over objektet du vil unders\u00f8ke.<\/p>\n<\/li>\n<li data-start=\"800\" data-end=\"860\">\n<p data-start=\"803\" data-end=\"860\">Juster zoom og fokus for \u00e5 f\u00e5 et krystallklart n\u00e6rbilde!<\/p>\n<\/li>\n<\/ol>\n<h2 style=\"text-align: center\" data-start=\"862\" data-end=\"886\"><strong>\ud83d\udccf Produktdetaljer<\/strong><\/h2>\n<ul data-start=\"887\" data-end=\"1018\">\n<li data-start=\"887\" data-end=\"914\">\n<p data-start=\"889\" data-end=\"914\">Forst\u00f8rrelse: 60x-120x<\/p>\n<\/li>\n<li data-start=\"915\" data-end=\"937\">\n<p data-start=\"917\" data-end=\"937\">Innbygd LED-lys<\/p>\n<\/li>\n<li data-start=\"938\" data-end=\"980\">\n<p data-start=\"940\" data-end=\"980\">St\u00f8rrelse: 10,5 cm x 5,3 cm (passer i enhver lomme)<\/p>\n<\/li>\n<li data-start=\"981\" data-end=\"1018\">\n<p data-start=\"983\" data-end=\"1018\">Batterier kreves (ikke inkludert)<\/p>\n<\/li>\n<\/ul>\n<h2 style=\"text-align: center\" data-start=\"1020\" data-end=\"1045\"><strong>\ud83d\udce6 Pakken inneholder<\/strong><\/h2>\n<ul data-start=\"1046\" data-end=\"1170\">\n<li data-start=\"1046\" data-end=\"1070\">\n<p data-start=\"1048\" data-end=\"1070\">1x mikroskop<\/p>\n<\/li>\n<li data-start=\"1071\" data-end=\"1091\">\n<p data-start=\"1073\" data-end=\"1091\">1x oppbevaringsetui<\/p>\n<\/li>\n<li data-start=\"1092\" data-end=\"1110\">\n<p data-start=\"1094\" data-end=\"1110\">1x brukerh\u00e5ndbok.<\/p>\n<\/li>\n<\/ul>\n","protected":false},"excerpt":{"rendered":"<p>\ud83d\udd0d Gj\u00f8r enhver tur utend\u00f8rs til et vitenskapelig eventyr! Med dette minilommemikroskopet kan barna utforske naturens minste underverk &#8211; zoome [&hellip;]<\/p>\n","protected":false},"featured_media":29708,"comment_status":"open","ping_status":"closed","template":"","meta":{"site-sidebar-layout":"default","site-content-layout":"","ast-site-content-layout":"default","site-content-style":"default","site-sidebar-style":"default","ast-global-header-display":"","ast-banner-title-visibility":"","ast-main-header-display":"","ast-hfb-above-header-display":"","ast-hfb-below-header-display":"","ast-hfb-mobile-header-display":"","site-post-title":"","ast-breadcrumbs-content":"","ast-featured-img":"","footer-sml-layout":"","theme-transparent-header-meta":"default","adv-header-id-meta":"","stick-header-meta":"","header-above-stick-meta":"","header-main-stick-meta":"","header-below-stick-meta":"","astra-migrate-meta-layouts":"set","ast-page-background-enabled":"default","ast-page-background-meta":{"desktop":{"background-color":"var(--ast-global-color-4)","background-image":"","background-repeat":"repeat","background-position":"center center","background-size":"auto","background-attachment":"scroll","background-type":"","background-media":"","overlay-type":"","overlay-color":"","overlay-opacity":"","overlay-gradient":""},"tablet":{"background-color":"","background-image":"","background-repeat":"repeat","background-position":"center center","background-size":"auto","background-attachment":"scroll","background-type":"","background-media":"","overlay-type":"","overlay-color":"","overlay-opacity":"","overlay-gradient":""},"mobile":{"background-color":"","background-image":"","background-repeat":"repeat","background-position":"center center","background-size":"auto","background-attachment":"scroll","background-type":"","background-media":"","overlay-type":"","overlay-color":"","overlay-opacity":"","overlay-gradient":""}},"ast-content-background-meta":{"desktop":{"background-color":"var(--ast-global-color-5)","background-image":"","background-repeat":"repeat","background-position":"center center","background-size":"auto","background-attachment":"scroll","background-type":"","background-media":"","overlay-type":"","overlay-color":"","overlay-opacity":"","overlay-gradient":""},"tablet":{"background-color":"var(--ast-global-color-5)","background-image":"","background-repeat":"repeat","background-position":"center center","background-size":"auto","background-attachment":"scroll","background-type":"","background-media":"","overlay-type":"","overlay-color":"","overlay-opacity":"","overlay-gradient":""},"mobile":{"background-color":"var(--ast-global-color-5)","background-image":"","background-repeat":"repeat","background-position":"center center","background-size":"auto","background-attachment":"scroll","background-type":"","background-media":"","overlay-type":"","overlay-color":"","overlay-opacity":"","overlay-gradient":""}}},"product_brand":[],"product_cat":[990],"product_tag":[],"class_list":{"0":"post-29712","1":"product","2":"type-product","3":"status-publish","4":"has-post-thumbnail","6":"product_cat-leker-barne-og-babyprodukter","7":"pa_33529_adjzfhmb-bla","8":"pa_33529_adjzfhmb-hvit","9":"pa_33529_adjzfhmb-rosa","10":"desktop-align-left","11":"tablet-align-left","12":"mobile-align-left","14":"first","15":"instock","16":"shipping-taxable","17":"purchasable","18":"product-type-variable"},"_links":{"self":[{"href":"https:\/\/keluvo.com\/no\/wp-json\/wp\/v2\/product\/29712","targetHints":{"allow":["GET"]}}],"collection":[{"href":"https:\/\/keluvo.com\/no\/wp-json\/wp\/v2\/product"}],"about":[{"href":"https:\/\/keluvo.com\/no\/wp-json\/wp\/v2\/types\/product"}],"replies":[{"embeddable":true,"href":"https:\/\/keluvo.com\/no\/wp-json\/wp\/v2\/comments?post=29712"}],"wp:featuredmedia":[{"embeddable":true,"href":"https:\/\/keluvo.com\/no\/wp-json\/wp\/v2\/media\/29708"}],"wp:attachment":[{"href":"https:\/\/keluvo.com\/no\/wp-json\/wp\/v2\/media?parent=29712"}],"wp:term":[{"taxonomy":"product_brand","embeddable":true,"href":"https:\/\/keluvo.com\/no\/wp-json\/wp\/v2\/product_brand?post=29712"},{"taxonomy":"product_cat","embeddable":true,"href":"https:\/\/keluvo.com\/no\/wp-json\/wp\/v2\/product_cat?post=29712"},{"taxonomy":"product_tag","embeddable":true,"href":"https:\/\/keluvo.com\/no\/wp-json\/wp\/v2\/product_tag?post=29712"}],"curies":[{"name":"wp","href":"https:\/\/api.w.org\/{rel}","templated":true}]}}