{"id":29666,"date":"2025-07-02T11:18:57","date_gmt":"2025-07-02T09:18:57","guid":{"rendered":"https:\/\/keluvo.com\/no\/produkt\/reiseveske-2\/"},"modified":"2025-07-04T14:29:29","modified_gmt":"2025-07-04T12:29:29","slug":"reiseveske-2","status":"publish","type":"product","link":"https:\/\/keluvo.com\/no\/produkt\/reiseveske-2\/","title":{"rendered":"Reiseveske"},"content":{"rendered":"<p style=\"text-align: center;\" data-start=\"69\" data-end=\"240\"><strong>\ud83d\udc5c Den Perfekte Vesken For Reise, Jobb Eller Hverdag!<\/strong><\/p>\n<p style=\"text-align: center;\" data-start=\"69\" data-end=\"240\">Denne stilige og romslige reisevesken for kvinner har plass til alle dine daglige must-haves &#8211; uten at det g\u00e5r p\u00e5 bekostning av komfort eller stil. Enten du skal p\u00e5 helgetur eller bare l\u00f8pe \u00e6render, har denne vesken ryggen din.<\/p>\n<p data-start=\"69\" data-end=\"240\"><img decoding=\"async\" class=\"size-full wp-image-26099 aligncenter\" src=\"https:\/\/keluvo.com\/template\/wp-content\/uploads\/sites\/5\/2025\/07\/4dd03c234f167ab015dd3bcd8d58216ce54d2a81006f0afc8d99ba713dbc583c_480x480.webp\" alt=\"\" \/><\/p>\n<h2 style=\"text-align: center;\" data-start=\"336\" data-end=\"357\">\u2728 Hovedfordeler<\/h2>\n<p data-start=\"360\" data-end=\"417\">\ud83e\uddf5 Laget av PU-l\u00e6r av h\u00f8y kvalitet &#8211; slitesterk og moderne<\/p>\n<p data-start=\"420\" data-end=\"488\">\ud83e\uddf3 Stor kapasitet med plass til dokumenter, en b\u00e6rbar datamaskin, kl\u00e6r eller andre n\u00f8dvendigheter<\/p>\n<p data-start=\"491\" data-end=\"545\">\ud83d\udd12 Magnetisk lukking holder tingene dine trygge og sikre<\/p>\n<p data-start=\"548\" data-end=\"625\">\ud83d\udc5b Inkluderer flere rom for telefoner, sm\u00e5ting og rask tilgang<\/p>\n<p data-start=\"628\" data-end=\"696\">\ud83c\udf81 En omtenksom gave til bursdager, h\u00f8ytider eller spesielle anledninger<\/p>\n<p data-start=\"628\" data-end=\"696\"><img decoding=\"async\" class=\"size-full wp-image-26100 aligncenter\" src=\"https:\/\/keluvo.com\/template\/wp-content\/uploads\/sites\/5\/2025\/07\/45fecc1d75f39fc709d115b15874f40b76c7de5f7d53c01d5e8e2f1c34acb3f4_480x480.webp\" alt=\"\" \/><\/p>\n<h2 style=\"text-align: center;\" data-start=\"908\" data-end=\"932\">\ud83d\udccf Produktdetaljer<\/h2>\n<ul data-start=\"933\" data-end=\"1075\">\n<li data-start=\"933\" data-end=\"957\">\n<p data-start=\"935\" data-end=\"957\"><strong>Materiale<\/strong>: PU-skinn<\/p>\n<\/li>\n<li data-start=\"958\" data-end=\"983\">\n<p data-start=\"960\" data-end=\"983\"><strong>St\u00f8rrelse<\/strong>: 32 x 28 x 35 cm<\/p>\n<\/li>\n<li data-start=\"984\" data-end=\"1008\">\n<p data-start=\"986\" data-end=\"1008\"><strong>H\u00e5ndtakslengde<\/strong>: 30 cm<\/p>\n<\/li>\n<li data-start=\"1009\" data-end=\"1025\">\n<p data-start=\"1011\" data-end=\"1025\"><strong>Vekt<\/strong>: 530g<\/p>\n<\/li>\n<\/ul>\n<h2 style=\"text-align: center;\" data-start=\"1077\" data-end=\"1102\">\ud83d\udce6 Pakken Inneholder<\/h2>\n<ul data-start=\"1103\" data-end=\"1130\">\n<li data-start=\"1103\" data-end=\"1130\">\n<p data-start=\"1105\" data-end=\"1130\">1x reiseveske for kvinner.<\/p>\n<\/li>\n<\/ul>\n","protected":false},"excerpt":{"rendered":"<p>\ud83d\udc5c Den Perfekte Vesken For Reise, Jobb Eller Hverdag! Denne stilige og romslige reisevesken for kvinner har plass til alle [&hellip;]<\/p>\n","protected":false},"featured_media":29662,"comment_status":"open","ping_status":"closed","template":"","meta":{"site-sidebar-layout":"default","site-content-layout":"","ast-site-content-layout":"default","site-content-style":"default","site-sidebar-style":"default","ast-global-header-display":"","ast-banner-title-visibility":"","ast-main-header-display":"","ast-hfb-above-header-display":"","ast-hfb-below-header-display":"","ast-hfb-mobile-header-display":"","site-post-title":"","ast-breadcrumbs-content":"","ast-featured-img":"","footer-sml-layout":"","theme-transparent-header-meta":"default","adv-header-id-meta":"","stick-header-meta":"","header-above-stick-meta":"","header-main-stick-meta":"","header-below-stick-meta":"","astra-migrate-meta-layouts":"set","ast-page-background-enabled":"default","ast-page-background-meta":{"desktop":{"background-color":"var(--ast-global-color-4)","background-image":"","background-repeat":"repeat","background-position":"center center","background-size":"auto","background-attachment":"scroll","background-type":"","background-media":"","overlay-type":"","overlay-color":"","overlay-opacity":"","overlay-gradient":""},"tablet":{"background-color":"","background-image":"","background-repeat":"repeat","background-position":"center center","background-size":"auto","background-attachment":"scroll","background-type":"","background-media":"","overlay-type":"","overlay-color":"","overlay-opacity":"","overlay-gradient":""},"mobile":{"background-color":"","background-image":"","background-repeat":"repeat","background-position":"center center","background-size":"auto","background-attachment":"scroll","background-type":"","background-media":"","overlay-type":"","overlay-color":"","overlay-opacity":"","overlay-gradient":""}},"ast-content-background-meta":{"desktop":{"background-color":"var(--ast-global-color-5)","background-image":"","background-repeat":"repeat","background-position":"center center","background-size":"auto","background-attachment":"scroll","background-type":"","background-media":"","overlay-type":"","overlay-color":"","overlay-opacity":"","overlay-gradient":""},"tablet":{"background-color":"var(--ast-global-color-5)","background-image":"","background-repeat":"repeat","background-position":"center center","background-size":"auto","background-attachment":"scroll","background-type":"","background-media":"","overlay-type":"","overlay-color":"","overlay-opacity":"","overlay-gradient":""},"mobile":{"background-color":"var(--ast-global-color-5)","background-image":"","background-repeat":"repeat","background-position":"center center","background-size":"auto","background-attachment":"scroll","background-type":"","background-media":"","overlay-type":"","overlay-color":"","overlay-opacity":"","overlay-gradient":""}}},"product_brand":[],"product_cat":[994,993],"product_tag":[],"class_list":{"0":"post-29666","1":"product","2":"type-product","3":"status-publish","4":"has-post-thumbnail","6":"product_cat-klaer-til-kvinner","7":"product_cat-skotoy-tilbehor","8":"pa_18635_a7czpbv7-brun","9":"pa_18635_a7czpbv7-burgunder","10":"pa_18635_a7czpbv7-gronn","11":"pa_18635_a7czpbv7-gul","12":"pa_18635_a7czpbv7-svart","13":"desktop-align-left","14":"tablet-align-left","15":"mobile-align-left","17":"first","18":"instock","19":"shipping-taxable","20":"purchasable","21":"product-type-variable"},"_links":{"self":[{"href":"https:\/\/keluvo.com\/no\/wp-json\/wp\/v2\/product\/29666","targetHints":{"allow":["GET"]}}],"collection":[{"href":"https:\/\/keluvo.com\/no\/wp-json\/wp\/v2\/product"}],"about":[{"href":"https:\/\/keluvo.com\/no\/wp-json\/wp\/v2\/types\/product"}],"replies":[{"embeddable":true,"href":"https:\/\/keluvo.com\/no\/wp-json\/wp\/v2\/comments?post=29666"}],"wp:featuredmedia":[{"embeddable":true,"href":"https:\/\/keluvo.com\/no\/wp-json\/wp\/v2\/media\/29662"}],"wp:attachment":[{"href":"https:\/\/keluvo.com\/no\/wp-json\/wp\/v2\/media?parent=29666"}],"wp:term":[{"taxonomy":"product_brand","embeddable":true,"href":"https:\/\/keluvo.com\/no\/wp-json\/wp\/v2\/product_brand?post=29666"},{"taxonomy":"product_cat","embeddable":true,"href":"https:\/\/keluvo.com\/no\/wp-json\/wp\/v2\/product_cat?post=29666"},{"taxonomy":"product_tag","embeddable":true,"href":"https:\/\/keluvo.com\/no\/wp-json\/wp\/v2\/product_tag?post=29666"}],"curies":[{"name":"wp","href":"https:\/\/api.w.org\/{rel}","templated":true}]}}