{"id":29610,"date":"2025-07-01T20:42:59","date_gmt":"2025-07-01T18:42:59","guid":{"rendered":"https:\/\/keluvo.com\/no\/produkt\/telefonholder-3\/"},"modified":"2025-07-02T10:23:14","modified_gmt":"2025-07-02T08:23:14","slug":"telefonholder-3","status":"publish","type":"product","link":"https:\/\/keluvo.com\/no\/produkt\/telefonholder-3\/","title":{"rendered":"Telefonholder"},"content":{"rendered":"<p style=\"text-align: center;\" data-start=\"87\" data-end=\"297\"><strong>\ud83d\udcf1 Hold \u00d8ynene P\u00e5 Veien Og Telefonen I Perfekt Sikt<\/strong><\/p>\n<p style=\"text-align: center;\" data-start=\"87\" data-end=\"297\">Denne universelle biltelefonholderen festes sikkert p\u00e5 dashbordet, slik at du kan navigere, ringe eller str\u00f8mme med hendene frie &#8211; uten \u00e5 blokkere frontruten. Enkel, trygg og perfekt for alle kj\u00f8returer.<\/p>\n<p data-start=\"87\" data-end=\"297\"><img fetchpriority=\"high\" decoding=\"async\" class=\" wp-image-26049 aligncenter\" src=\"https:\/\/keluvo.com\/template\/wp-content\/uploads\/sites\/5\/2025\/07\/e9832b98338e6c4b9c4c2d96b2d67a5e_1_480x480_e6859fb2-0744-4865-972f-b83ff397038a_480x480.webp\" alt=\"\" width=\"404\" height=\"471\" \/><\/p>\n<h2 style=\"text-align: center;\" data-start=\"345\" data-end=\"366\"><strong>\u2728 Hovedfordeler<\/strong><\/h2>\n<p data-start=\"369\" data-end=\"415\">\ud83d\ude98 Monteres p\u00e5 dashbordet for enkel visning<\/p>\n<p data-start=\"418\" data-end=\"460\">\ud83d\udd04 360\u00b0 justerbar for perfekt vinkel<\/p>\n<p data-start=\"463\" data-end=\"506\">\ud83d\udccf Passer til de fleste smarttelefoner (opptil 7 tommer)<\/p>\n<p data-start=\"509\" data-end=\"564\">\ud83e\uddf2 Sterkt grep holder telefonen st\u00f8dig p\u00e5 humpete veier<\/p>\n<p data-start=\"567\" data-end=\"598\">\ud83e\uddf1 Slitesterk og kompakt design<\/p>\n<p data-start=\"567\" data-end=\"598\"><img decoding=\"async\" class=\" wp-image-26048 aligncenter\" src=\"https:\/\/keluvo.com\/template\/wp-content\/uploads\/sites\/5\/2025\/07\/e9832b98338e6c4b9c4c2d96b2d_1_480x480_ee4fd999-1a75-4b5c-9594-f22a54015398_480x480.webp\" alt=\"\" width=\"407\" height=\"464\" \/><\/p>\n<h2 style=\"text-align: center;\" data-start=\"600\" data-end=\"619\"><strong>\ud83d\udd27 Slik Bruker Du Den<\/strong><\/h2>\n<ol data-start=\"620\" data-end=\"803\">\n<li data-start=\"620\" data-end=\"690\">\n<p data-start=\"623\" data-end=\"690\">Klipp holderen fast p\u00e5 kanten av dashbordet eller bakspeilet ditt.<\/p>\n<\/li>\n<li data-start=\"691\" data-end=\"748\">\n<p data-start=\"694\" data-end=\"748\">Plasser telefonen i holderen og juster vinkelen.<\/p>\n<\/li>\n<li data-start=\"749\" data-end=\"803\">\n<p data-start=\"752\" data-end=\"803\">Kj\u00f8r h\u00e5ndfri med telefonen alltid i sikte!<\/p>\n<\/li>\n<\/ol>\n<h2 style=\"text-align: center;\" data-start=\"805\" data-end=\"829\"><strong>\ud83d\udccf Produktdetaljer<\/strong><\/h2>\n<ul data-start=\"830\" data-end=\"933\">\n<li data-start=\"830\" data-end=\"855\">\n<p data-start=\"832\" data-end=\"855\">Materiale: ABS-plast<\/p>\n<\/li>\n<li data-start=\"873\" data-end=\"909\">\n<p data-start=\"875\" data-end=\"909\">Passer til de fleste smarttelefoner<\/p>\n<\/li>\n<li data-start=\"910\" data-end=\"933\">\n<p data-start=\"912\" data-end=\"933\">Enkelt \u00e5 feste<\/p>\n<\/li>\n<\/ul>\n<h2 style=\"text-align: center;\" data-start=\"935\" data-end=\"960\"><strong>\ud83d\udce6 Pakken Inneholder<\/strong><\/h2>\n<ul data-start=\"961\" data-end=\"1002\">\n<li data-start=\"961\" data-end=\"1002\">\n<p data-start=\"963\" data-end=\"1002\">1x telefonholder.<\/p>\n<\/li>\n<\/ul>\n","protected":false},"excerpt":{"rendered":"<p>\ud83d\udcf1 Hold \u00d8ynene P\u00e5 Veien Og Telefonen I Perfekt Sikt Denne universelle biltelefonholderen festes sikkert p\u00e5 dashbordet, slik at du [&hellip;]<\/p>\n","protected":false},"featured_media":29606,"comment_status":"open","ping_status":"closed","template":"","meta":{"site-sidebar-layout":"default","site-content-layout":"","ast-site-content-layout":"default","site-content-style":"default","site-sidebar-style":"default","ast-global-header-display":"","ast-banner-title-visibility":"","ast-main-header-display":"","ast-hfb-above-header-display":"","ast-hfb-below-header-display":"","ast-hfb-mobile-header-display":"","site-post-title":"","ast-breadcrumbs-content":"","ast-featured-img":"","footer-sml-layout":"","theme-transparent-header-meta":"default","adv-header-id-meta":"","stick-header-meta":"","header-above-stick-meta":"","header-main-stick-meta":"","header-below-stick-meta":"","astra-migrate-meta-layouts":"set","ast-page-background-enabled":"default","ast-page-background-meta":{"desktop":{"background-color":"var(--ast-global-color-4)","background-image":"","background-repeat":"repeat","background-position":"center center","background-size":"auto","background-attachment":"scroll","background-type":"","background-media":"","overlay-type":"","overlay-color":"","overlay-opacity":"","overlay-gradient":""},"tablet":{"background-color":"","background-image":"","background-repeat":"repeat","background-position":"center center","background-size":"auto","background-attachment":"scroll","background-type":"","background-media":"","overlay-type":"","overlay-color":"","overlay-opacity":"","overlay-gradient":""},"mobile":{"background-color":"","background-image":"","background-repeat":"repeat","background-position":"center center","background-size":"auto","background-attachment":"scroll","background-type":"","background-media":"","overlay-type":"","overlay-color":"","overlay-opacity":"","overlay-gradient":""}},"ast-content-background-meta":{"desktop":{"background-color":"var(--ast-global-color-5)","background-image":"","background-repeat":"repeat","background-position":"center center","background-size":"auto","background-attachment":"scroll","background-type":"","background-media":"","overlay-type":"","overlay-color":"","overlay-opacity":"","overlay-gradient":""},"tablet":{"background-color":"var(--ast-global-color-5)","background-image":"","background-repeat":"repeat","background-position":"center center","background-size":"auto","background-attachment":"scroll","background-type":"","background-media":"","overlay-type":"","overlay-color":"","overlay-opacity":"","overlay-gradient":""},"mobile":{"background-color":"var(--ast-global-color-5)","background-image":"","background-repeat":"repeat","background-position":"center center","background-size":"auto","background-attachment":"scroll","background-type":"","background-media":"","overlay-type":"","overlay-color":"","overlay-opacity":"","overlay-gradient":""}}},"product_brand":[],"product_cat":[998],"product_tag":[],"class_list":{"0":"post-29610","1":"product","2":"type-product","3":"status-publish","4":"has-post-thumbnail","6":"product_cat-bilprodukter","7":"desktop-align-left","8":"tablet-align-left","9":"mobile-align-left","11":"first","12":"instock","13":"shipping-taxable","14":"purchasable","15":"product-type-simple"},"_links":{"self":[{"href":"https:\/\/keluvo.com\/no\/wp-json\/wp\/v2\/product\/29610","targetHints":{"allow":["GET"]}}],"collection":[{"href":"https:\/\/keluvo.com\/no\/wp-json\/wp\/v2\/product"}],"about":[{"href":"https:\/\/keluvo.com\/no\/wp-json\/wp\/v2\/types\/product"}],"replies":[{"embeddable":true,"href":"https:\/\/keluvo.com\/no\/wp-json\/wp\/v2\/comments?post=29610"}],"wp:featuredmedia":[{"embeddable":true,"href":"https:\/\/keluvo.com\/no\/wp-json\/wp\/v2\/media\/29606"}],"wp:attachment":[{"href":"https:\/\/keluvo.com\/no\/wp-json\/wp\/v2\/media?parent=29610"}],"wp:term":[{"taxonomy":"product_brand","embeddable":true,"href":"https:\/\/keluvo.com\/no\/wp-json\/wp\/v2\/product_brand?post=29610"},{"taxonomy":"product_cat","embeddable":true,"href":"https:\/\/keluvo.com\/no\/wp-json\/wp\/v2\/product_cat?post=29610"},{"taxonomy":"product_tag","embeddable":true,"href":"https:\/\/keluvo.com\/no\/wp-json\/wp\/v2\/product_tag?post=29610"}],"curies":[{"name":"wp","href":"https:\/\/api.w.org\/{rel}","templated":true}]}}