{"id":29456,"date":"2025-07-01T19:59:47","date_gmt":"2025-07-01T17:59:47","guid":{"rendered":"https:\/\/keluvo.com\/no\/produkt\/mini-krolltang\/"},"modified":"2025-07-04T14:28:21","modified_gmt":"2025-07-04T12:28:21","slug":"mini-krolltang","status":"publish","type":"product","link":"https:\/\/keluvo.com\/no\/produkt\/mini-krolltang\/","title":{"rendered":"Minikr\u00f8lltang"},"content":{"rendered":"<p style=\"text-align: center;\" data-start=\"78\" data-end=\"248\"><strong>\ud83d\udc87\u200d\u2640\ufe0f Nydelig H\u00e5r P\u00e5 Farten!<\/strong><\/p>\n<p style=\"text-align: center;\" data-start=\"78\" data-end=\"248\">Dette minikr\u00f8llejernet gir deg feilfrie kr\u00f8ller og elegante stiler n\u00e5r som helst og hvor som helst &#8211; perfekt for raske oppussinger, p\u00e5 reise eller til hverdags. Liten i st\u00f8rrelse, stor p\u00e5 resultater.<\/p>\n<p data-start=\"78\" data-end=\"248\"><img decoding=\"async\" class=\"size-full wp-image-25917 aligncenter\" src=\"https:\/\/keluvo.com\/template\/wp-content\/uploads\/sites\/5\/2025\/07\/0625-ezgif.com-video-to-webp-converter.webp\" alt=\"\" \/><\/p>\n<h2 style=\"text-align: center;\" data-start=\"287\" data-end=\"308\"><strong>\u2728 Hovedfordeler<\/strong><\/h2>\n<p data-start=\"311\" data-end=\"347\">\ud83d\udd25 Varmes raskt opp for rask styling<\/p>\n<p data-start=\"350\" data-end=\"400\">\ud83d\udc5c Kompakt og lett &#8211; passer lett i vesken<\/p>\n<p data-start=\"403\" data-end=\"441\">\ud83e\uddf3 Ideell for reiser eller p\u00e5 farten use<\/p>\n<p data-start=\"444\" data-end=\"498\">\ud83d\udc87\u200d\u2640\ufe0f Skaper glatte kr\u00f8ller, b\u00f8lger eller glatte looks<\/p>\n<p data-start=\"501\" data-end=\"547\">\ud83c\udf21 Justerbar temperatur for alle h\u00e5rtyper<\/p>\n<p data-start=\"501\" data-end=\"547\"><img decoding=\"async\" class=\"size-full wp-image-25920 aligncenter\" src=\"https:\/\/keluvo.com\/template\/wp-content\/uploads\/sites\/5\/2025\/07\/468ef44610c31b5b50b747b4f9f5ee49_72119cae-bdea-4a6d-b030-84ef71f657a8_480x480.webp\" alt=\"\" \/><\/p>\n<h2 style=\"text-align: center;\" data-start=\"549\" data-end=\"568\"><strong>\ud83d\udd27 Slik Bruker Du Den<\/strong><\/h2>\n<ol data-start=\"569\" data-end=\"720\">\n<li data-start=\"569\" data-end=\"615\">\n<p data-start=\"572\" data-end=\"615\">Koble den til og la den varme opp p\u00e5 sekunder.<\/p>\n<\/li>\n<li data-start=\"616\" data-end=\"682\">\n<p data-start=\"619\" data-end=\"682\">Klem fast en del av h\u00e5ret og glid for \u00e5 kr\u00f8lle eller glatte.<\/p>\n<\/li>\n<li data-start=\"683\" data-end=\"720\">\n<p data-start=\"686\" data-end=\"720\">Style, l\u00e5s fast looken og sett i gang!<\/p>\n<\/li>\n<\/ol>\n<h2 style=\"text-align: center;\" data-start=\"722\" data-end=\"746\"><strong>\ud83d\udccf Produktdetaljer<\/strong><\/h2>\n<ul data-start=\"747\" data-end=\"943\">\n<li data-start=\"775\" data-end=\"802\">\n<p data-start=\"777\" data-end=\"802\">Platemateriale: Keramisk<\/p>\n<\/li>\n<li data-start=\"803\" data-end=\"829\">\n<p data-start=\"805\" data-end=\"829\">Max temperatur: 200\u00b0C<\/p>\n<\/li>\n<li data-start=\"830\" data-end=\"871\">\n<p data-start=\"832\" data-end=\"871\">Cord: Roterende med USB-str\u00f8mst\u00f8tte<\/p>\n<\/li>\n<li data-start=\"872\" data-end=\"904\">\n<p data-start=\"874\" data-end=\"904\">St\u00f8rrelse: 20 cm (kompakt design)<\/p>\n<\/li>\n<\/ul>\n<h2 style=\"text-align: center;\" data-start=\"945\" data-end=\"970\"><strong>\ud83d\udce6 Pakken Inkluderer<\/strong><\/h2>\n<ul data-start=\"971\" data-end=\"1014\">\n<li data-start=\"971\" data-end=\"995\">\n<p data-start=\"973\" data-end=\"995\">1x minikr\u00f8llejern<\/p>\n<\/li>\n<li data-start=\"996\" data-end=\"1014\">\n<p data-start=\"998\" data-end=\"1014\">1x oppbevaringspose.<\/p>\n<\/li>\n<\/ul>\n","protected":false},"excerpt":{"rendered":"<p>\ud83d\udc87\u200d\u2640\ufe0f Nydelig H\u00e5r P\u00e5 Farten! Dette minikr\u00f8llejernet gir deg feilfrie kr\u00f8ller og elegante stiler n\u00e5r som helst og hvor som [&hellip;]<\/p>\n","protected":false},"featured_media":29452,"comment_status":"open","ping_status":"closed","template":"","meta":{"site-sidebar-layout":"default","site-content-layout":"","ast-site-content-layout":"default","site-content-style":"default","site-sidebar-style":"default","ast-global-header-display":"","ast-banner-title-visibility":"","ast-main-header-display":"","ast-hfb-above-header-display":"","ast-hfb-below-header-display":"","ast-hfb-mobile-header-display":"","site-post-title":"","ast-breadcrumbs-content":"","ast-featured-img":"","footer-sml-layout":"","theme-transparent-header-meta":"default","adv-header-id-meta":"","stick-header-meta":"","header-above-stick-meta":"","header-main-stick-meta":"","header-below-stick-meta":"","astra-migrate-meta-layouts":"set","ast-page-background-enabled":"default","ast-page-background-meta":{"desktop":{"background-color":"var(--ast-global-color-4)","background-image":"","background-repeat":"repeat","background-position":"center center","background-size":"auto","background-attachment":"scroll","background-type":"","background-media":"","overlay-type":"","overlay-color":"","overlay-opacity":"","overlay-gradient":""},"tablet":{"background-color":"","background-image":"","background-repeat":"repeat","background-position":"center center","background-size":"auto","background-attachment":"scroll","background-type":"","background-media":"","overlay-type":"","overlay-color":"","overlay-opacity":"","overlay-gradient":""},"mobile":{"background-color":"","background-image":"","background-repeat":"repeat","background-position":"center center","background-size":"auto","background-attachment":"scroll","background-type":"","background-media":"","overlay-type":"","overlay-color":"","overlay-opacity":"","overlay-gradient":""}},"ast-content-background-meta":{"desktop":{"background-color":"var(--ast-global-color-5)","background-image":"","background-repeat":"repeat","background-position":"center center","background-size":"auto","background-attachment":"scroll","background-type":"","background-media":"","overlay-type":"","overlay-color":"","overlay-opacity":"","overlay-gradient":""},"tablet":{"background-color":"var(--ast-global-color-5)","background-image":"","background-repeat":"repeat","background-position":"center center","background-size":"auto","background-attachment":"scroll","background-type":"","background-media":"","overlay-type":"","overlay-color":"","overlay-opacity":"","overlay-gradient":""},"mobile":{"background-color":"var(--ast-global-color-5)","background-image":"","background-repeat":"repeat","background-position":"center center","background-size":"auto","background-attachment":"scroll","background-type":"","background-media":"","overlay-type":"","overlay-color":"","overlay-opacity":"","overlay-gradient":""}}},"product_brand":[],"product_cat":[992],"product_tag":[],"class_list":{"0":"post-29456","1":"product","2":"type-product","3":"status-publish","4":"has-post-thumbnail","6":"product_cat-skjonnhets-og-hygieneprodukter","7":"pa_45211_sgov00pr-bla","8":"pa_45211_sgov00pr-gronn","9":"pa_45211_sgov00pr-hvit","10":"pa_45211_sgov00pr-rosa","11":"desktop-align-left","12":"tablet-align-left","13":"mobile-align-left","15":"first","16":"instock","17":"shipping-taxable","18":"purchasable","19":"product-type-variable"},"_links":{"self":[{"href":"https:\/\/keluvo.com\/no\/wp-json\/wp\/v2\/product\/29456","targetHints":{"allow":["GET"]}}],"collection":[{"href":"https:\/\/keluvo.com\/no\/wp-json\/wp\/v2\/product"}],"about":[{"href":"https:\/\/keluvo.com\/no\/wp-json\/wp\/v2\/types\/product"}],"replies":[{"embeddable":true,"href":"https:\/\/keluvo.com\/no\/wp-json\/wp\/v2\/comments?post=29456"}],"wp:featuredmedia":[{"embeddable":true,"href":"https:\/\/keluvo.com\/no\/wp-json\/wp\/v2\/media\/29452"}],"wp:attachment":[{"href":"https:\/\/keluvo.com\/no\/wp-json\/wp\/v2\/media?parent=29456"}],"wp:term":[{"taxonomy":"product_brand","embeddable":true,"href":"https:\/\/keluvo.com\/no\/wp-json\/wp\/v2\/product_brand?post=29456"},{"taxonomy":"product_cat","embeddable":true,"href":"https:\/\/keluvo.com\/no\/wp-json\/wp\/v2\/product_cat?post=29456"},{"taxonomy":"product_tag","embeddable":true,"href":"https:\/\/keluvo.com\/no\/wp-json\/wp\/v2\/product_tag?post=29456"}],"curies":[{"name":"wp","href":"https:\/\/api.w.org\/{rel}","templated":true}]}}