{"id":29233,"date":"2025-07-01T10:42:53","date_gmt":"2025-07-01T08:42:53","guid":{"rendered":"https:\/\/keluvo.com\/no\/produkt\/skulderveske-3\/"},"modified":"2025-07-01T10:46:14","modified_gmt":"2025-07-01T08:46:14","slug":"skulderveske-3","status":"publish","type":"product","link":"https:\/\/keluvo.com\/no\/produkt\/skulderveske-3\/","title":{"rendered":"Skulderveske"},"content":{"rendered":"<p style=\"text-align: center;\" data-start=\"122\" data-end=\"167\"><strong>\ud83d\udc5c \u00c9n Veske. Alle De Viktigste Tingene Dine.<\/strong><\/p>\n<p style=\"text-align: center;\" data-start=\"122\" data-end=\"167\">Denne skuldervesken er den perfekte hverdagsvesken for jobb, reise, trening, shopping &#8211; eller bare for \u00e5 holde orden i livet. Med flere rom og en elegant, stilig design har den plass til alt du trenger uten at den blir for stor. Fra den b\u00e6rbare datamaskinen til leppestiften, det er plass til alt!<\/p>\n<p data-start=\"122\" data-end=\"167\"><img decoding=\"async\" class=\"size-full wp-image-25751 aligncenter\" src=\"https:\/\/keluvo.com\/template\/wp-content\/uploads\/sites\/5\/2025\/06\/e1f8372fe7e38a42b874d36c00fd312d7f08798a_480x480.webp\" alt=\"\" \/><\/p>\n<h2 style=\"text-align: center;\" data-start=\"455\" data-end=\"476\"><strong>\ud83d\udc96 Hovedfordeler<\/strong><\/h2>\n<p data-start=\"479\" data-end=\"536\">\ud83e\uddf3 Romslig interi\u00f8r med plass til b\u00e6rbar PC, b\u00f8ker, kl\u00e6r og mer<\/p>\n<p data-start=\"539\" data-end=\"587\">\ud83c\udf92 Flere rom for ryddig organisering<\/p>\n<p data-start=\"590\" data-end=\"640\">\ud83d\udca6 Vannbestandig stoff holder tingene dine trygge<\/p>\n<p data-start=\"643\" data-end=\"685\">\ud83e\uddf5 Slitesterke s\u00f8mmer og glidel\u00e5ser av h\u00f8y kvalitet<\/p>\n<p data-start=\"688\" data-end=\"729\">\ud83c\udfa8 Finnes i flere elegante farger<\/p>\n<p data-start=\"688\" data-end=\"729\"><img decoding=\"async\" class=\"size-full wp-image-25750 aligncenter\" src=\"https:\/\/keluvo.com\/template\/wp-content\/uploads\/sites\/5\/2025\/06\/8_5630b8ff-b215-4e83-8aa3-165ef38ade86_480x480.webp\" alt=\"\" \/><\/p>\n<h2 style=\"text-align: center;\" data-start=\"731\" data-end=\"749\"><strong>\ud83d\udccc Slik Bruker Du Den<\/strong><\/h2>\n<ol data-start=\"750\" data-end=\"888\">\n<li data-start=\"750\" data-end=\"793\">\n<p data-start=\"753\" data-end=\"793\">Fyll den med dine daglige must-haves.<\/p>\n<\/li>\n<li data-start=\"794\" data-end=\"844\">\n<p data-start=\"797\" data-end=\"844\">Bruk den som h\u00e5ndveske, skulderveske eller crossbody, og nyt dagen med stil og uten rot!<\/p>\n<\/li>\n<li data-start=\"845\" data-end=\"888\">\n<p data-start=\"848\" data-end=\"888\">Kos deg i dagen \u2013 stilig og ryddig!<\/p>\n<\/li>\n<\/ol>\n<h2 style=\"text-align: center;\" data-start=\"890\" data-end=\"913\"><strong>\ud83d\udccf Produktdetaljer<\/strong><\/h2>\n<ul data-start=\"914\" data-end=\"1084\">\n<li data-start=\"914\" data-end=\"942\">\n<p data-start=\"916\" data-end=\"942\"><strong>St\u00f8rrelse<\/strong>: 32 cm x 28 cm x 13 cm<\/p>\n<\/li>\n<li data-start=\"943\" data-end=\"981\">\n<p data-start=\"945\" data-end=\"981\"><strong>Materiale<\/strong>: lett nylonstoff<\/p>\n<\/li>\n<li data-start=\"982\" data-end=\"1031\">\n<p data-start=\"984\" data-end=\"1031\"><strong>Stropp<\/strong>: justerbar og avtakbar skulderstropp<\/p>\n<\/li>\n<li data-start=\"1032\" data-end=\"1084\">\n<p data-start=\"1034\" data-end=\"1084\"><strong>Lommer<\/strong>: hovedglidel\u00e5s + sidelommer og innvendige rom<\/p>\n<\/li>\n<\/ul>\n<h2 style=\"text-align: center;\" data-start=\"1086\" data-end=\"1110\"><strong>\ud83d\udce6 Pakken Inneholder<\/strong><\/h2>\n<ul data-start=\"1111\" data-end=\"1151\">\n<li data-start=\"1111\" data-end=\"1151\">\n<p data-start=\"1113\" data-end=\"1151\">1x skulderveske.<\/p>\n<\/li>\n<\/ul>\n","protected":false},"excerpt":{"rendered":"<p>\ud83d\udc5c \u00c9n Veske. Alle De Viktigste Tingene Dine. Denne skuldervesken er den perfekte hverdagsvesken for jobb, reise, trening, shopping &#8211; [&hellip;]<\/p>\n","protected":false},"featured_media":29229,"comment_status":"open","ping_status":"closed","template":"","meta":{"site-sidebar-layout":"default","site-content-layout":"","ast-site-content-layout":"default","site-content-style":"default","site-sidebar-style":"default","ast-global-header-display":"","ast-banner-title-visibility":"","ast-main-header-display":"","ast-hfb-above-header-display":"","ast-hfb-below-header-display":"","ast-hfb-mobile-header-display":"","site-post-title":"","ast-breadcrumbs-content":"","ast-featured-img":"","footer-sml-layout":"","theme-transparent-header-meta":"default","adv-header-id-meta":"","stick-header-meta":"","header-above-stick-meta":"","header-main-stick-meta":"","header-below-stick-meta":"","astra-migrate-meta-layouts":"set","ast-page-background-enabled":"default","ast-page-background-meta":{"desktop":{"background-color":"var(--ast-global-color-4)","background-image":"","background-repeat":"repeat","background-position":"center center","background-size":"auto","background-attachment":"scroll","background-type":"","background-media":"","overlay-type":"","overlay-color":"","overlay-opacity":"","overlay-gradient":""},"tablet":{"background-color":"","background-image":"","background-repeat":"repeat","background-position":"center center","background-size":"auto","background-attachment":"scroll","background-type":"","background-media":"","overlay-type":"","overlay-color":"","overlay-opacity":"","overlay-gradient":""},"mobile":{"background-color":"","background-image":"","background-repeat":"repeat","background-position":"center center","background-size":"auto","background-attachment":"scroll","background-type":"","background-media":"","overlay-type":"","overlay-color":"","overlay-opacity":"","overlay-gradient":""}},"ast-content-background-meta":{"desktop":{"background-color":"var(--ast-global-color-5)","background-image":"","background-repeat":"repeat","background-position":"center center","background-size":"auto","background-attachment":"scroll","background-type":"","background-media":"","overlay-type":"","overlay-color":"","overlay-opacity":"","overlay-gradient":""},"tablet":{"background-color":"var(--ast-global-color-5)","background-image":"","background-repeat":"repeat","background-position":"center center","background-size":"auto","background-attachment":"scroll","background-type":"","background-media":"","overlay-type":"","overlay-color":"","overlay-opacity":"","overlay-gradient":""},"mobile":{"background-color":"var(--ast-global-color-5)","background-image":"","background-repeat":"repeat","background-position":"center center","background-size":"auto","background-attachment":"scroll","background-type":"","background-media":"","overlay-type":"","overlay-color":"","overlay-opacity":"","overlay-gradient":""}}},"product_brand":[],"product_cat":[994,993],"product_tag":[],"class_list":{"0":"post-29233","1":"product","2":"type-product","3":"status-publish","4":"has-post-thumbnail","6":"product_cat-klaer-til-kvinner","7":"product_cat-skotoy-tilbehor","8":"pa_30629_ftfmsjc1-bla","9":"pa_30629_ftfmsjc1-gul","10":"pa_30629_ftfmsjc1-lilla","11":"pa_30629_ftfmsjc1-lysebla","12":"pa_30629_ftfmsjc1-morkebla","13":"pa_30629_ftfmsjc1-rod","14":"pa_30629_ftfmsjc1-rosa","15":"pa_30629_ftfmsjc1-svart","16":"desktop-align-left","17":"tablet-align-left","18":"mobile-align-left","20":"first","21":"instock","22":"shipping-taxable","23":"purchasable","24":"product-type-variable"},"_links":{"self":[{"href":"https:\/\/keluvo.com\/no\/wp-json\/wp\/v2\/product\/29233","targetHints":{"allow":["GET"]}}],"collection":[{"href":"https:\/\/keluvo.com\/no\/wp-json\/wp\/v2\/product"}],"about":[{"href":"https:\/\/keluvo.com\/no\/wp-json\/wp\/v2\/types\/product"}],"replies":[{"embeddable":true,"href":"https:\/\/keluvo.com\/no\/wp-json\/wp\/v2\/comments?post=29233"}],"wp:featuredmedia":[{"embeddable":true,"href":"https:\/\/keluvo.com\/no\/wp-json\/wp\/v2\/media\/29229"}],"wp:attachment":[{"href":"https:\/\/keluvo.com\/no\/wp-json\/wp\/v2\/media?parent=29233"}],"wp:term":[{"taxonomy":"product_brand","embeddable":true,"href":"https:\/\/keluvo.com\/no\/wp-json\/wp\/v2\/product_brand?post=29233"},{"taxonomy":"product_cat","embeddable":true,"href":"https:\/\/keluvo.com\/no\/wp-json\/wp\/v2\/product_cat?post=29233"},{"taxonomy":"product_tag","embeddable":true,"href":"https:\/\/keluvo.com\/no\/wp-json\/wp\/v2\/product_tag?post=29233"}],"curies":[{"name":"wp","href":"https:\/\/api.w.org\/{rel}","templated":true}]}}