{"id":29212,"date":"2025-07-01T10:41:59","date_gmt":"2025-07-01T08:41:59","guid":{"rendered":"https:\/\/keluvo.com\/no\/produkt\/vannkoker\/"},"modified":"2025-07-01T10:45:35","modified_gmt":"2025-07-01T08:45:35","slug":"vannkoker","status":"publish","type":"product","link":"https:\/\/keluvo.com\/no\/produkt\/vannkoker\/","title":{"rendered":"Vannkoker"},"content":{"rendered":"<p style=\"text-align: center;\" data-start=\"129\" data-end=\"165\"><strong>\ud83d\udd25 Kok Opp Vann Raskt\u2014Uansett Hvor Du Er!<\/strong><\/p>\n<p style=\"text-align: center;\" data-start=\"167\" data-end=\"381\">Denne b\u00e6rbare vannkokeren i rustfritt st\u00e5l er den perfekte blandingen av stil, hastighet og funksjon. Enten du er hjemme, p\u00e5 kontoret eller p\u00e5 farten, kan du nyte varme drikker n\u00e5r som helst med denne kompakte og effektive vannkokeren. Ideell for kaffe, te eller til og med kjappe nudler &#8211; det er din reisevennlige oppvarmingsl\u00f8sning!<\/p>\n<p data-start=\"167\" data-end=\"381\"><img decoding=\"async\" class=\"size-full wp-image-25736 aligncenter\" src=\"https:\/\/keluvo.com\/template\/wp-content\/uploads\/sites\/5\/2025\/06\/ddd1986b-9298-4c8a-8488-a9fbe15ed658.webp\" alt=\"\" \/><\/p>\n<h2 style=\"text-align: center;\" data-start=\"475\" data-end=\"496\">\ud83d\udca1 Hovedfordeler<\/h2>\n<p data-start=\"499\" data-end=\"533\">\u26a1 Rask oppvarming p\u00e5 bare 5 minutter<\/p>\n<p data-start=\"536\" data-end=\"581\">\ud83e\uddca Isolert design holder vannet varmt eller kaldt<\/p>\n<p data-start=\"584\" data-end=\"620\">\ud83d\udd12 Sikkert lokk og lekkasjesikker tut<\/p>\n<p data-start=\"623\" data-end=\"657\">\ud83d\udcbc Lett og enkel \u00e5 b\u00e6re<\/p>\n<p data-start=\"660\" data-end=\"694\">\ud83e\uddfd Enkel \u00e5 rengj\u00f8re og bygget for \u00e5 vare<\/p>\n<p data-start=\"660\" data-end=\"694\"><img decoding=\"async\" class=\"size-full wp-image-25734 aligncenter\" src=\"https:\/\/keluvo.com\/template\/wp-content\/uploads\/sites\/5\/2025\/06\/0c06c816-b1f8-4765-8aa6-1c710206d285.webp\" alt=\"\" \/><\/p>\n<h2 style=\"text-align: center;\" data-start=\"696\" data-end=\"714\">\ud83d\udee0 Slik Bruker Du Den<\/h2>\n<ol data-start=\"715\" data-end=\"826\">\n<li data-start=\"715\" data-end=\"750\">\n<p data-start=\"718\" data-end=\"750\">Fyll med vann, koble til og sl\u00e5 p\u00e5,<\/p>\n<\/li>\n<li data-start=\"751\" data-end=\"776\">\n<p data-start=\"754\" data-end=\"776\">Vent noen minutter &#8211; ferdig!<\/p>\n<\/li>\n<li data-start=\"777\" data-end=\"826\">\n<p data-start=\"780\" data-end=\"826\">Varmt vann er klart.<\/p>\n<\/li>\n<\/ol>\n<h2 style=\"text-align: center;\" data-start=\"828\" data-end=\"851\">\ud83d\udccf Produktdetaljer<\/h2>\n<ul data-start=\"852\" data-end=\"974\">\n<li data-start=\"852\" data-end=\"871\">\n<p data-start=\"854\" data-end=\"871\"><strong>Kapasitet<\/strong>: 800 ml eller 1000 ml<\/p>\n<\/li>\n<li data-start=\"872\" data-end=\"889\">\n<p data-start=\"874\" data-end=\"889\"><strong>Spenning<\/strong>: 220V<\/p>\n<\/li>\n<li data-start=\"890\" data-end=\"939\">\n<p data-start=\"892\" data-end=\"939\"><strong>Materiale<\/strong>: rustfritt st\u00e5l + isolert plast<\/p>\n<\/li>\n<li data-start=\"940\" data-end=\"974\">\n<p data-start=\"942\" data-end=\"974\"><strong>St\u00f8rrelse<\/strong>: kompakt og reiseklar<\/p>\n<\/li>\n<\/ul>\n<h2 style=\"text-align: center;\" data-start=\"976\" data-end=\"1000\">\ud83d\udce6 Pakken Inkluderer<\/h2>\n<ul data-start=\"1001\" data-end=\"1053\">\n<li data-start=\"1001\" data-end=\"1038\">\n<p data-start=\"1003\" data-end=\"1038\">1x b\u00e6rbar vannkoker i rustfritt st\u00e5l<\/p>\n<\/li>\n<li data-start=\"1039\" data-end=\"1053\">\n<p data-start=\"1041\" data-end=\"1053\">1x str\u00f8mledning.<\/p>\n<\/li>\n<\/ul>\n","protected":false},"excerpt":{"rendered":"<p>\ud83d\udd25 Kok Opp Vann Raskt\u2014Uansett Hvor Du Er! Denne b\u00e6rbare vannkokeren i rustfritt st\u00e5l er den perfekte blandingen av stil, [&hellip;]<\/p>\n","protected":false},"featured_media":29208,"comment_status":"open","ping_status":"closed","template":"","meta":{"site-sidebar-layout":"default","site-content-layout":"","ast-site-content-layout":"default","site-content-style":"default","site-sidebar-style":"default","ast-global-header-display":"","ast-banner-title-visibility":"","ast-main-header-display":"","ast-hfb-above-header-display":"","ast-hfb-below-header-display":"","ast-hfb-mobile-header-display":"","site-post-title":"","ast-breadcrumbs-content":"","ast-featured-img":"","footer-sml-layout":"","theme-transparent-header-meta":"default","adv-header-id-meta":"","stick-header-meta":"","header-above-stick-meta":"","header-main-stick-meta":"","header-below-stick-meta":"","astra-migrate-meta-layouts":"set","ast-page-background-enabled":"default","ast-page-background-meta":{"desktop":{"background-color":"var(--ast-global-color-4)","background-image":"","background-repeat":"repeat","background-position":"center center","background-size":"auto","background-attachment":"scroll","background-type":"","background-media":"","overlay-type":"","overlay-color":"","overlay-opacity":"","overlay-gradient":""},"tablet":{"background-color":"","background-image":"","background-repeat":"repeat","background-position":"center center","background-size":"auto","background-attachment":"scroll","background-type":"","background-media":"","overlay-type":"","overlay-color":"","overlay-opacity":"","overlay-gradient":""},"mobile":{"background-color":"","background-image":"","background-repeat":"repeat","background-position":"center center","background-size":"auto","background-attachment":"scroll","background-type":"","background-media":"","overlay-type":"","overlay-color":"","overlay-opacity":"","overlay-gradient":""}},"ast-content-background-meta":{"desktop":{"background-color":"var(--ast-global-color-5)","background-image":"","background-repeat":"repeat","background-position":"center center","background-size":"auto","background-attachment":"scroll","background-type":"","background-media":"","overlay-type":"","overlay-color":"","overlay-opacity":"","overlay-gradient":""},"tablet":{"background-color":"var(--ast-global-color-5)","background-image":"","background-repeat":"repeat","background-position":"center center","background-size":"auto","background-attachment":"scroll","background-type":"","background-media":"","overlay-type":"","overlay-color":"","overlay-opacity":"","overlay-gradient":""},"mobile":{"background-color":"var(--ast-global-color-5)","background-image":"","background-repeat":"repeat","background-position":"center center","background-size":"auto","background-attachment":"scroll","background-type":"","background-media":"","overlay-type":"","overlay-color":"","overlay-opacity":"","overlay-gradient":""}}},"product_brand":[],"product_cat":[1001],"product_tag":[],"class_list":{"0":"post-29212","1":"product","2":"type-product","3":"status-publish","4":"has-post-thumbnail","6":"product_cat-husholdningsartikler","7":"pa_30740_dhhbtwp8-hvit","8":"pa_30740_dhhbtwp8-oransje","9":"pa_30740_dhhbtwp8-rod","10":"pa_30740_dhhbtwp8-svart","11":"pa_30740_gsj3pznc-800-ml","12":"pa_30740_gsj3pznc-1000-ml","13":"desktop-align-left","14":"tablet-align-left","15":"mobile-align-left","17":"first","18":"instock","19":"shipping-taxable","20":"purchasable","21":"product-type-variable","22":"has-default-attributes"},"_links":{"self":[{"href":"https:\/\/keluvo.com\/no\/wp-json\/wp\/v2\/product\/29212","targetHints":{"allow":["GET"]}}],"collection":[{"href":"https:\/\/keluvo.com\/no\/wp-json\/wp\/v2\/product"}],"about":[{"href":"https:\/\/keluvo.com\/no\/wp-json\/wp\/v2\/types\/product"}],"replies":[{"embeddable":true,"href":"https:\/\/keluvo.com\/no\/wp-json\/wp\/v2\/comments?post=29212"}],"wp:featuredmedia":[{"embeddable":true,"href":"https:\/\/keluvo.com\/no\/wp-json\/wp\/v2\/media\/29208"}],"wp:attachment":[{"href":"https:\/\/keluvo.com\/no\/wp-json\/wp\/v2\/media?parent=29212"}],"wp:term":[{"taxonomy":"product_brand","embeddable":true,"href":"https:\/\/keluvo.com\/no\/wp-json\/wp\/v2\/product_brand?post=29212"},{"taxonomy":"product_cat","embeddable":true,"href":"https:\/\/keluvo.com\/no\/wp-json\/wp\/v2\/product_cat?post=29212"},{"taxonomy":"product_tag","embeddable":true,"href":"https:\/\/keluvo.com\/no\/wp-json\/wp\/v2\/product_tag?post=29212"}],"curies":[{"name":"wp","href":"https:\/\/api.w.org\/{rel}","templated":true}]}}