{"id":29198,"date":"2025-07-01T10:39:00","date_gmt":"2025-07-01T08:39:00","guid":{"rendered":"https:\/\/keluvo.com\/no\/produkt\/magnetisk-labyrintleke\/"},"modified":"2025-07-01T10:43:49","modified_gmt":"2025-07-01T08:43:49","slug":"magnetisk-labyrintleke","status":"publish","type":"product","link":"https:\/\/keluvo.com\/no\/produkt\/magnetisk-labyrintleke\/","title":{"rendered":"Magnetisk labyrintleke"},"content":{"rendered":"<p style=\"text-align: center;\" data-start=\"113\" data-end=\"168\"><strong>\ud83c\udfa8 Det har aldri v\u00e6rt s\u00e5 g\u00f8y \u00e5 l\u00e6re tall og farger!<\/strong><\/p>\n<p style=\"text-align: center;\" data-start=\"170\" data-end=\"426\">Som med denne magnetiske labyrinten, en leken og l\u00e6rerik leke som hjelper barn \u00e5 l\u00e6re \u00e5 telle, sortere farger og utvikle h\u00e5nd-\u00f8ye-koordinasjon &#8211; alt mens de har det g\u00f8y! Ved hjelp av en magnetisk penn styrer barna fargerike kuler gjennom labyrinten til de riktige sporene. Ikke noe rot, ingen l\u00f8se deler, bare endel\u00f8s l\u00e6ring gjennom lek!<\/p>\n<p data-start=\"170\" data-end=\"426\"><img decoding=\"async\" class=\"size-full wp-image-25717 aligncenter\" src=\"https:\/\/keluvo.com\/template\/wp-content\/uploads\/sites\/5\/2025\/06\/062511-ezgif.com-video-to-webp-converter.webp\" alt=\"\" \/><\/p>\n<h2 style=\"text-align: center;\" data-start=\"493\" data-end=\"514\">\ud83e\udde0 Hovedfordeler<\/h2>\n<p data-start=\"517\" data-end=\"558\">\ud83c\udfaf Forbedrer finmotorikk og fokus<\/p>\n<p data-start=\"561\" data-end=\"605\">\ud83d\udd22 L\u00e6rer tall, farger og grunnleggende matematikk<\/p>\n<p data-start=\"608\" data-end=\"667\">\ud83e\uddf2 Magnetisk penn holder alt p\u00e5 plass &#8211; ingen brikker g\u00e5r tapt!<\/p>\n<p data-start=\"670\" data-end=\"715\">\ud83d\udc69\u200d\ud83d\udc67 Perfekt for lek alene eller med foreldre og barn<\/p>\n<p data-start=\"718\" data-end=\"764\">\ud83e\udeb5 Laget av slitesterkt tre for langvarig moro<\/p>\n<p data-start=\"718\" data-end=\"764\"><img decoding=\"async\" class=\"size-full wp-image-25718 aligncenter\" src=\"https:\/\/keluvo.com\/template\/wp-content\/uploads\/sites\/5\/2025\/06\/c2af5943-1316-4da7-92f8-8cf5c40b99f2.gif\" alt=\"\" \/><\/p>\n<h2 style=\"text-align: center;\" data-start=\"766\" data-end=\"784\">\ud83d\udc76 Slik Bruker Du<\/h2>\n<ol data-start=\"785\" data-end=\"964\">\n<li data-start=\"785\" data-end=\"840\">\n<p data-start=\"788\" data-end=\"840\">Bruk den magnetiske pennen til \u00e5 plukke opp de fargede kulene.<\/p>\n<\/li>\n<li data-start=\"841\" data-end=\"911\">\n<p data-start=\"844\" data-end=\"911\">F\u00f8r hver kule gjennom labyrinten til det matchende tallet eller fargen.<\/p>\n<\/li>\n<li data-start=\"912\" data-end=\"964\">\n<p data-start=\"915\" data-end=\"964\">Se barnet ditt l\u00e6re og smile mens det leker!<\/p>\n<\/li>\n<\/ol>\n<h2 style=\"text-align: center;\" data-start=\"966\" data-end=\"989\">\ud83d\udccf Produktdetaljer<\/h2>\n<ul data-start=\"990\" data-end=\"1096\">\n<li data-start=\"990\" data-end=\"1015\">\n<p data-start=\"992\" data-end=\"1015\"><strong>St\u00f8rrelse<\/strong>: 30 cm x 22,5 cm<\/p>\n<\/li>\n<li data-start=\"1016\" data-end=\"1042\">\n<p data-start=\"1018\" data-end=\"1042\"><strong>Materiale<\/strong>: Naturlig tre<\/p>\n<\/li>\n<li data-start=\"1043\" data-end=\"1066\">\n<p data-start=\"1045\" data-end=\"1066\"><strong>Alder<\/strong>: 3 \u00e5r og oppover<\/p>\n<\/li>\n<li data-start=\"1067\" data-end=\"1096\">\n<p data-start=\"1069\" data-end=\"1096\">Sikre, glatte kanter for barn<\/p>\n<\/li>\n<\/ul>\n<h2 style=\"text-align: center;\" data-start=\"1098\" data-end=\"1122\">\ud83d\udce6 Pakken Inneholder<\/h2>\n<ul data-start=\"1123\" data-end=\"1211\">\n<li data-start=\"1123\" data-end=\"1155\">\n<p data-start=\"1125\" data-end=\"1155\">1x magnetisk labyrintbrett i tre<\/p>\n<\/li>\n<li data-start=\"1156\" data-end=\"1183\">\n<p data-start=\"1158\" data-end=\"1183\">1x magnetisk penn innebygget i fargerike kuler.<\/p>\n<\/li>\n<li data-start=\"1184\" data-end=\"1211\">\n<p data-start=\"1186\" data-end=\"1211\">Innebygde fargerike baller.<\/p>\n<\/li>\n<\/ul>\n","protected":false},"excerpt":{"rendered":"<p>\ud83c\udfa8 Det har aldri v\u00e6rt s\u00e5 g\u00f8y \u00e5 l\u00e6re tall og farger! Som med denne magnetiske labyrinten, en leken og [&hellip;]<\/p>\n","protected":false},"featured_media":29194,"comment_status":"open","ping_status":"closed","template":"","meta":{"site-sidebar-layout":"default","site-content-layout":"","ast-site-content-layout":"default","site-content-style":"default","site-sidebar-style":"default","ast-global-header-display":"","ast-banner-title-visibility":"","ast-main-header-display":"","ast-hfb-above-header-display":"","ast-hfb-below-header-display":"","ast-hfb-mobile-header-display":"","site-post-title":"","ast-breadcrumbs-content":"","ast-featured-img":"","footer-sml-layout":"","theme-transparent-header-meta":"default","adv-header-id-meta":"","stick-header-meta":"","header-above-stick-meta":"","header-main-stick-meta":"","header-below-stick-meta":"","astra-migrate-meta-layouts":"set","ast-page-background-enabled":"default","ast-page-background-meta":{"desktop":{"background-color":"var(--ast-global-color-4)","background-image":"","background-repeat":"repeat","background-position":"center center","background-size":"auto","background-attachment":"scroll","background-type":"","background-media":"","overlay-type":"","overlay-color":"","overlay-opacity":"","overlay-gradient":""},"tablet":{"background-color":"","background-image":"","background-repeat":"repeat","background-position":"center center","background-size":"auto","background-attachment":"scroll","background-type":"","background-media":"","overlay-type":"","overlay-color":"","overlay-opacity":"","overlay-gradient":""},"mobile":{"background-color":"","background-image":"","background-repeat":"repeat","background-position":"center center","background-size":"auto","background-attachment":"scroll","background-type":"","background-media":"","overlay-type":"","overlay-color":"","overlay-opacity":"","overlay-gradient":""}},"ast-content-background-meta":{"desktop":{"background-color":"var(--ast-global-color-5)","background-image":"","background-repeat":"repeat","background-position":"center center","background-size":"auto","background-attachment":"scroll","background-type":"","background-media":"","overlay-type":"","overlay-color":"","overlay-opacity":"","overlay-gradient":""},"tablet":{"background-color":"var(--ast-global-color-5)","background-image":"","background-repeat":"repeat","background-position":"center center","background-size":"auto","background-attachment":"scroll","background-type":"","background-media":"","overlay-type":"","overlay-color":"","overlay-opacity":"","overlay-gradient":""},"mobile":{"background-color":"var(--ast-global-color-5)","background-image":"","background-repeat":"repeat","background-position":"center center","background-size":"auto","background-attachment":"scroll","background-type":"","background-media":"","overlay-type":"","overlay-color":"","overlay-opacity":"","overlay-gradient":""}}},"product_brand":[],"product_cat":[990],"product_tag":[],"class_list":{"0":"post-29198","1":"product","2":"type-product","3":"status-publish","4":"has-post-thumbnail","6":"product_cat-leker-barne-og-babyprodukter","7":"desktop-align-left","8":"tablet-align-left","9":"mobile-align-left","11":"first","12":"instock","13":"shipping-taxable","14":"purchasable","15":"product-type-simple"},"_links":{"self":[{"href":"https:\/\/keluvo.com\/no\/wp-json\/wp\/v2\/product\/29198","targetHints":{"allow":["GET"]}}],"collection":[{"href":"https:\/\/keluvo.com\/no\/wp-json\/wp\/v2\/product"}],"about":[{"href":"https:\/\/keluvo.com\/no\/wp-json\/wp\/v2\/types\/product"}],"replies":[{"embeddable":true,"href":"https:\/\/keluvo.com\/no\/wp-json\/wp\/v2\/comments?post=29198"}],"wp:featuredmedia":[{"embeddable":true,"href":"https:\/\/keluvo.com\/no\/wp-json\/wp\/v2\/media\/29194"}],"wp:attachment":[{"href":"https:\/\/keluvo.com\/no\/wp-json\/wp\/v2\/media?parent=29198"}],"wp:term":[{"taxonomy":"product_brand","embeddable":true,"href":"https:\/\/keluvo.com\/no\/wp-json\/wp\/v2\/product_brand?post=29198"},{"taxonomy":"product_cat","embeddable":true,"href":"https:\/\/keluvo.com\/no\/wp-json\/wp\/v2\/product_cat?post=29198"},{"taxonomy":"product_tag","embeddable":true,"href":"https:\/\/keluvo.com\/no\/wp-json\/wp\/v2\/product_tag?post=29198"}],"curies":[{"name":"wp","href":"https:\/\/api.w.org\/{rel}","templated":true}]}}