{"id":29149,"date":"2025-06-30T18:43:20","date_gmt":"2025-06-30T16:43:20","guid":{"rendered":"https:\/\/keluvo.com\/no\/produkt\/symaskin\/"},"modified":"2025-06-30T18:43:20","modified_gmt":"2025-06-30T16:43:20","slug":"symaskin","status":"publish","type":"product","link":"https:\/\/keluvo.com\/no\/produkt\/symaskin\/","title":{"rendered":"Symaskin"},"content":{"rendered":"<p style=\"text-align: center\" data-start=\"111\" data-end=\"149\"><strong>\ud83e\uddf5 Sy Som En Proff \u2013 N\u00e5r Som Helst, Hvor Som Helst!<\/strong><\/p>\n<p style=\"text-align: center\" data-start=\"111\" data-end=\"149\">Denne symaskinen er en kompakt elektrisk maskin som gj\u00f8r hverdagens klesreparasjoner raske, enkle og morsomme! Enten du skal justere en s\u00f8m, reparere en rift eller skape noe nytt, er denne lille maskinen en god hjelper. Den er perfekt for nybegynnere, travle foreldre eller alle som \u00f8nsker en problemfri m\u00e5te \u00e5 fikse kl\u00e6r p\u00e5 uten \u00e5 g\u00e5 til skredderen.<\/p>\n<p data-start=\"111\" data-end=\"149\"><img decoding=\"async\" class=\"size-full wp-image-25694 aligncenter\" src=\"https:\/\/keluvo.com\/template\/wp-content\/uploads\/sites\/5\/2025\/06\/d1.gif\" alt=\"\" \/><\/p>\n<h2 style=\"text-align: center\" data-start=\"509\" data-end=\"529\">\u2728 Hovedfordeler<\/h2>\n<p data-start=\"532\" data-end=\"581\">\ud83e\udea1 Enkel betjening med ett trykk &#8211; ideell for nybegynnere<\/p>\n<p data-start=\"584\" data-end=\"638\">\ud83d\udc5c Kompakt og lett &#8211; passer i enhver skuff eller veske<\/p>\n<p data-start=\"641\" data-end=\"695\">\ud83e\udde5 Fungerer p\u00e5 alle typer stoff &#8211; fra bomull til denim<\/p>\n<p data-start=\"748\" data-end=\"797\">\ud83e\uddfd Enkel \u00e5 rengj\u00f8re og oppbevare &#8211; ikke noe rot, ikke noe stress<\/p>\n<p data-start=\"748\" data-end=\"797\"><img decoding=\"async\" class=\"size-full wp-image-25695 aligncenter\" src=\"https:\/\/keluvo.com\/template\/wp-content\/uploads\/sites\/5\/2025\/06\/a1.png\" alt=\"\" \/><\/p>\n<h2 style=\"text-align: center\" data-start=\"799\" data-end=\"817\">\ud83d\udccd Slik Bruker Du Den<\/h2>\n<ol data-start=\"818\" data-end=\"984\">\n<li data-start=\"818\" data-end=\"848\">\n<p data-start=\"821\" data-end=\"848\">Koble den til.<\/p>\n<\/li>\n<li data-start=\"849\" data-end=\"900\">\n<p data-start=\"852\" data-end=\"900\">Tre maskinen (bare f\u00f8lg den enkle veiledningen!).<\/p>\n<\/li>\n<li data-start=\"901\" data-end=\"939\">\n<p data-start=\"904\" data-end=\"939\">legg stoffet under syfoten.<\/p>\n<\/li>\n<li data-start=\"940\" data-end=\"984\">\n<p data-start=\"943\" data-end=\"984\">trykk p\u00e5 knappen eller pedalen for \u00e5 begynne \u00e5 sy.<\/p>\n<\/li>\n<\/ol>\n<h2 style=\"text-align: center\">\ud83d\udccf Produktdetaljer<\/h2>\n<ul data-start=\"1010\" data-end=\"1128\">\n<li data-start=\"1010\" data-end=\"1053\">\n<p data-start=\"1012\" data-end=\"1053\">Dimensjoner: liten og plassbesparende design<\/p>\n<\/li>\n<li data-start=\"1078\" data-end=\"1128\">\n<p data-start=\"1080\" data-end=\"1128\">Inkluderer tr\u00e5d, spoler, n\u00e5l og fotpedal<\/p>\n<\/li>\n<\/ul>\n<h2 style=\"text-align: center\" data-start=\"1130\" data-end=\"1154\">\ud83d\udce6 Pakken Inneholder<\/h2>\n<ul data-start=\"1155\" data-end=\"1279\">\n<li data-start=\"1155\" data-end=\"1198\">\n<p data-start=\"1157\" data-end=\"1198\">1x symaskin<\/p>\n<\/li>\n<li data-start=\"1199\" data-end=\"1226\">\n<p data-start=\"1201\" data-end=\"1226\">Fotpedal + tr\u00e5dsett<\/p>\n<\/li>\n<li data-start=\"1199\" data-end=\"1226\">\n<p data-start=\"1201\" data-end=\"1226\">EU-st\u00f8psel<\/p>\n<\/li>\n<li data-start=\"1227\" data-end=\"1256\">\n<p data-start=\"1229\" data-end=\"1256\">Rekvisisjonsn\u00e5ler og spoler<\/p>\n<\/li>\n<li data-start=\"1257\" data-end=\"1279\">\n<p data-start=\"1259\" data-end=\"1279\">Instruksjonsmanual.<\/p>\n<\/li>\n<\/ul>\n","protected":false},"excerpt":{"rendered":"<p>\ud83e\uddf5 Sy Som En Proff \u2013 N\u00e5r Som Helst, Hvor Som Helst! Denne symaskinen er en kompakt elektrisk maskin som [&hellip;]<\/p>\n","protected":false},"featured_media":29145,"comment_status":"open","ping_status":"closed","template":"","meta":{"site-sidebar-layout":"default","site-content-layout":"","ast-site-content-layout":"default","site-content-style":"default","site-sidebar-style":"default","ast-global-header-display":"","ast-banner-title-visibility":"","ast-main-header-display":"","ast-hfb-above-header-display":"","ast-hfb-below-header-display":"","ast-hfb-mobile-header-display":"","site-post-title":"","ast-breadcrumbs-content":"","ast-featured-img":"","footer-sml-layout":"","theme-transparent-header-meta":"default","adv-header-id-meta":"","stick-header-meta":"","header-above-stick-meta":"","header-main-stick-meta":"","header-below-stick-meta":"","astra-migrate-meta-layouts":"set","ast-page-background-enabled":"default","ast-page-background-meta":{"desktop":{"background-color":"var(--ast-global-color-4)","background-image":"","background-repeat":"repeat","background-position":"center center","background-size":"auto","background-attachment":"scroll","background-type":"","background-media":"","overlay-type":"","overlay-color":"","overlay-opacity":"","overlay-gradient":""},"tablet":{"background-color":"","background-image":"","background-repeat":"repeat","background-position":"center center","background-size":"auto","background-attachment":"scroll","background-type":"","background-media":"","overlay-type":"","overlay-color":"","overlay-opacity":"","overlay-gradient":""},"mobile":{"background-color":"","background-image":"","background-repeat":"repeat","background-position":"center center","background-size":"auto","background-attachment":"scroll","background-type":"","background-media":"","overlay-type":"","overlay-color":"","overlay-opacity":"","overlay-gradient":""}},"ast-content-background-meta":{"desktop":{"background-color":"var(--ast-global-color-5)","background-image":"","background-repeat":"repeat","background-position":"center center","background-size":"auto","background-attachment":"scroll","background-type":"","background-media":"","overlay-type":"","overlay-color":"","overlay-opacity":"","overlay-gradient":""},"tablet":{"background-color":"var(--ast-global-color-5)","background-image":"","background-repeat":"repeat","background-position":"center center","background-size":"auto","background-attachment":"scroll","background-type":"","background-media":"","overlay-type":"","overlay-color":"","overlay-opacity":"","overlay-gradient":""},"mobile":{"background-color":"var(--ast-global-color-5)","background-image":"","background-repeat":"repeat","background-position":"center center","background-size":"auto","background-attachment":"scroll","background-type":"","background-media":"","overlay-type":"","overlay-color":"","overlay-opacity":"","overlay-gradient":""}}},"product_brand":[],"product_cat":[1001],"product_tag":[],"class_list":{"0":"post-29149","1":"product","2":"type-product","3":"status-publish","4":"has-post-thumbnail","6":"product_cat-husholdningsartikler","7":"desktop-align-left","8":"tablet-align-left","9":"mobile-align-left","11":"first","12":"instock","13":"shipping-taxable","14":"purchasable","15":"product-type-simple"},"_links":{"self":[{"href":"https:\/\/keluvo.com\/no\/wp-json\/wp\/v2\/product\/29149","targetHints":{"allow":["GET"]}}],"collection":[{"href":"https:\/\/keluvo.com\/no\/wp-json\/wp\/v2\/product"}],"about":[{"href":"https:\/\/keluvo.com\/no\/wp-json\/wp\/v2\/types\/product"}],"replies":[{"embeddable":true,"href":"https:\/\/keluvo.com\/no\/wp-json\/wp\/v2\/comments?post=29149"}],"wp:featuredmedia":[{"embeddable":true,"href":"https:\/\/keluvo.com\/no\/wp-json\/wp\/v2\/media\/29145"}],"wp:attachment":[{"href":"https:\/\/keluvo.com\/no\/wp-json\/wp\/v2\/media?parent=29149"}],"wp:term":[{"taxonomy":"product_brand","embeddable":true,"href":"https:\/\/keluvo.com\/no\/wp-json\/wp\/v2\/product_brand?post=29149"},{"taxonomy":"product_cat","embeddable":true,"href":"https:\/\/keluvo.com\/no\/wp-json\/wp\/v2\/product_cat?post=29149"},{"taxonomy":"product_tag","embeddable":true,"href":"https:\/\/keluvo.com\/no\/wp-json\/wp\/v2\/product_tag?post=29149"}],"curies":[{"name":"wp","href":"https:\/\/api.w.org\/{rel}","templated":true}]}}