{"id":29024,"date":"2025-06-30T16:05:59","date_gmt":"2025-06-30T14:05:59","guid":{"rendered":"https:\/\/keluvo.com\/no\/produkt\/hengende-stativ\/"},"modified":"2025-06-30T16:06:09","modified_gmt":"2025-06-30T14:06:09","slug":"hengende-stativ","status":"publish","type":"product","link":"https:\/\/keluvo.com\/no\/produkt\/hengende-stativ\/","title":{"rendered":"Hengende stativ"},"content":{"rendered":"<p style=\"text-align: center\" data-start=\"67\" data-end=\"312\"><strong>Gj\u00f8r enhver hylle om til smart oppbevaring! \ud83e\uddf0\ud83e\ude9d<\/strong><\/p>\n<p style=\"text-align: center\" data-start=\"67\" data-end=\"312\">Disse verkt\u00f8y- og gjenstandskrokene er den enkleste m\u00e5ten \u00e5 legge til 6 ekstra kroker under hyllene dine &#8211; ingen boring, ingen problemer. Bare skyv dem p\u00e5 og begynn \u00e5 organisere kj\u00f8kkenredskaper, krus, h\u00e5ndkl\u00e6r eller tilbeh\u00f8r. De er sterke, elegante og rustbestandige og passer perfekt til bruk p\u00e5 kj\u00f8kkenet, p\u00e5 badet, i gangen eller i garderoben.<\/p>\n<p data-start=\"67\" data-end=\"312\"><img fetchpriority=\"high\" decoding=\"async\" class=\" wp-image-25579 aligncenter\" src=\"https:\/\/keluvo.com\/template\/wp-content\/uploads\/sites\/5\/2025\/06\/GIF2_0e934f52-0564-40b5-ae9a-1c75b8274b40_480x480.webp\" alt=\"\" width=\"400\" height=\"400\" \/><\/p>\n<h2 style=\"text-align: center\" data-start=\"422\" data-end=\"444\"><strong>Hovedfordeler<\/strong><\/h2>\n<p data-start=\"447\" data-end=\"481\">\ud83e\ude9d 6 kroker i \u00e9n kompakt kleshenger<\/p>\n<p data-start=\"484\" data-end=\"535\">\ud83d\udd27 Ingen montering n\u00f8dvendig &#8211; bare skyv p\u00e5 plass<\/p>\n<p data-start=\"538\" data-end=\"585\">\ud83d\udcaa Laget av h\u00f8ykvalitets, rustbestandig st\u00e5l<\/p>\n<p data-start=\"588\" data-end=\"653\">\ud83e\uddfc Perfekt for organisering av krus, verkt\u00f8y, redskaper, h\u00e5ndkl\u00e6r og mer<\/p>\n<p data-start=\"656\" data-end=\"707\">\ud83c\udfaf Passer perfekt i sm\u00e5 rom uten clutter<\/p>\n<p data-start=\"656\" data-end=\"707\"><img decoding=\"async\" class=\" wp-image-25580 aligncenter\" src=\"https:\/\/keluvo.com\/template\/wp-content\/uploads\/sites\/5\/2025\/06\/GIF2_4307990a-bdce-45f3-874b-c77986480fe2_480x480.webp\" alt=\"\" width=\"386\" height=\"386\" \/><\/p>\n<h2 style=\"text-align: center\" data-start=\"709\" data-end=\"730\"><strong>Slik bruker du den<\/strong><\/h2>\n<ol data-start=\"731\" data-end=\"887\">\n<li data-start=\"731\" data-end=\"796\">\n<p data-start=\"734\" data-end=\"796\">Skyv kleshengeren p\u00e5 kanten av en hylle (maks. 2 cm tykk).<\/p>\n<\/li>\n<li data-start=\"797\" data-end=\"847\">\n<p data-start=\"800\" data-end=\"847\">Juster etter behov &#8211; ingen skruer eller lim kreves<\/p>\n<\/li>\n<li data-start=\"848\" data-end=\"887\">\n<p data-start=\"851\" data-end=\"887\">Begynn \u00e5 henge opp tingene dine umiddelbart.<\/p>\n<\/li>\n<\/ol>\n<h2 style=\"text-align: center\" data-start=\"889\" data-end=\"914\"><strong>Produktdetaljer<\/strong><\/h2>\n<ul data-start=\"915\" data-end=\"1020\">\n<li data-start=\"915\" data-end=\"947\">\n<p data-start=\"917\" data-end=\"947\">Materiale: st\u00e5l av h\u00f8y kvalitet<\/p>\n<\/li>\n<li data-start=\"948\" data-end=\"974\">\n<p data-start=\"950\" data-end=\"974\">St\u00f8rrelse: 7,2 \u00d7 3 \u00d7 1,7 cm<\/p>\n<\/li>\n<li data-start=\"975\" data-end=\"992\">\n<p data-start=\"977\" data-end=\"992\">Vekt: 106 g<\/p>\n<\/li>\n<\/ul>\n<h2 style=\"text-align: center\" data-start=\"1022\" data-end=\"1048\"><strong>Pakken inneholder<\/strong><\/h2>\n<ul data-start=\"1049\" data-end=\"1091\">\n<li data-start=\"1049\" data-end=\"1091\">\n<p data-start=\"1051\" data-end=\"1091\">1, 2x opphengsstativ.<\/p>\n<\/li>\n<\/ul>\n","protected":false},"excerpt":{"rendered":"<p>Gj\u00f8r enhver hylle om til smart oppbevaring! \ud83e\uddf0\ud83e\ude9d Disse verkt\u00f8y- og gjenstandskrokene er den enkleste m\u00e5ten \u00e5 legge til 6 [&hellip;]<\/p>\n","protected":false},"featured_media":29020,"comment_status":"open","ping_status":"closed","template":"","meta":{"site-sidebar-layout":"default","site-content-layout":"","ast-site-content-layout":"default","site-content-style":"default","site-sidebar-style":"default","ast-global-header-display":"","ast-banner-title-visibility":"","ast-main-header-display":"","ast-hfb-above-header-display":"","ast-hfb-below-header-display":"","ast-hfb-mobile-header-display":"","site-post-title":"","ast-breadcrumbs-content":"","ast-featured-img":"","footer-sml-layout":"","theme-transparent-header-meta":"default","adv-header-id-meta":"","stick-header-meta":"","header-above-stick-meta":"","header-main-stick-meta":"","header-below-stick-meta":"","astra-migrate-meta-layouts":"set","ast-page-background-enabled":"default","ast-page-background-meta":{"desktop":{"background-color":"var(--ast-global-color-4)","background-image":"","background-repeat":"repeat","background-position":"center center","background-size":"auto","background-attachment":"scroll","background-type":"","background-media":"","overlay-type":"","overlay-color":"","overlay-opacity":"","overlay-gradient":""},"tablet":{"background-color":"","background-image":"","background-repeat":"repeat","background-position":"center center","background-size":"auto","background-attachment":"scroll","background-type":"","background-media":"","overlay-type":"","overlay-color":"","overlay-opacity":"","overlay-gradient":""},"mobile":{"background-color":"","background-image":"","background-repeat":"repeat","background-position":"center center","background-size":"auto","background-attachment":"scroll","background-type":"","background-media":"","overlay-type":"","overlay-color":"","overlay-opacity":"","overlay-gradient":""}},"ast-content-background-meta":{"desktop":{"background-color":"var(--ast-global-color-5)","background-image":"","background-repeat":"repeat","background-position":"center center","background-size":"auto","background-attachment":"scroll","background-type":"","background-media":"","overlay-type":"","overlay-color":"","overlay-opacity":"","overlay-gradient":""},"tablet":{"background-color":"var(--ast-global-color-5)","background-image":"","background-repeat":"repeat","background-position":"center center","background-size":"auto","background-attachment":"scroll","background-type":"","background-media":"","overlay-type":"","overlay-color":"","overlay-opacity":"","overlay-gradient":""},"mobile":{"background-color":"var(--ast-global-color-5)","background-image":"","background-repeat":"repeat","background-position":"center center","background-size":"auto","background-attachment":"scroll","background-type":"","background-media":"","overlay-type":"","overlay-color":"","overlay-opacity":"","overlay-gradient":""}}},"product_brand":[],"product_cat":[1001,993],"product_tag":[],"class_list":{"0":"post-29024","1":"product","2":"type-product","3":"status-publish","4":"has-post-thumbnail","6":"product_cat-husholdningsartikler","7":"product_cat-skotoy-tilbehor","8":"pa_21393_k3pme9l2-hvit","9":"pa_21393_k3pme9l2-svart","10":"pa_21393_p24q9trk-1-stk","11":"pa_21393_p24q9trk-2-stk","12":"desktop-align-left","13":"tablet-align-left","14":"mobile-align-left","16":"first","17":"instock","18":"shipping-taxable","19":"purchasable","20":"product-type-variable"},"_links":{"self":[{"href":"https:\/\/keluvo.com\/no\/wp-json\/wp\/v2\/product\/29024","targetHints":{"allow":["GET"]}}],"collection":[{"href":"https:\/\/keluvo.com\/no\/wp-json\/wp\/v2\/product"}],"about":[{"href":"https:\/\/keluvo.com\/no\/wp-json\/wp\/v2\/types\/product"}],"replies":[{"embeddable":true,"href":"https:\/\/keluvo.com\/no\/wp-json\/wp\/v2\/comments?post=29024"}],"wp:featuredmedia":[{"embeddable":true,"href":"https:\/\/keluvo.com\/no\/wp-json\/wp\/v2\/media\/29020"}],"wp:attachment":[{"href":"https:\/\/keluvo.com\/no\/wp-json\/wp\/v2\/media?parent=29024"}],"wp:term":[{"taxonomy":"product_brand","embeddable":true,"href":"https:\/\/keluvo.com\/no\/wp-json\/wp\/v2\/product_brand?post=29024"},{"taxonomy":"product_cat","embeddable":true,"href":"https:\/\/keluvo.com\/no\/wp-json\/wp\/v2\/product_cat?post=29024"},{"taxonomy":"product_tag","embeddable":true,"href":"https:\/\/keluvo.com\/no\/wp-json\/wp\/v2\/product_tag?post=29024"}],"curies":[{"name":"wp","href":"https:\/\/api.w.org\/{rel}","templated":true}]}}