{"id":29013,"date":"2025-06-30T16:05:14","date_gmt":"2025-06-30T14:05:14","guid":{"rendered":"https:\/\/keluvo.com\/no\/produkt\/gjodsel-til-plenen\/"},"modified":"2025-06-30T16:05:22","modified_gmt":"2025-06-30T14:05:22","slug":"gjodsel-til-plenen","status":"publish","type":"product","link":"https:\/\/keluvo.com\/no\/produkt\/gjodsel-til-plenen\/","title":{"rendered":"Gj\u00f8dsel til plenen"},"content":{"rendered":"<p style=\"text-align: center\" data-start=\"67\" data-end=\"300\"><strong>Si Farvel Til Brune Flekker Og God Dag Til Frodig Gr\u00f8nt Gress \ud83c\udf31\ud83d\udca6<\/strong><br data-start=\"130\" data-end=\"133\" \/>Green grass flytende gj\u00f8dsel for plenen er den raske og enkle m\u00e5ten \u00e5 gjenopplive hagen din p\u00e5. Bare spray, vent og se plenen forvandles til et tykt, levende teppe av gr\u00f8nt. Perfekt for \u00e5 dekke t\u00f8rre flekker, kj\u00e6ledyrflekker eller ujevn vekst &#8211; og trygt for kj\u00e6ledyr, barn og milj\u00f8et.<\/p>\n<p data-start=\"67\" data-end=\"300\"><img decoding=\"async\" class=\"size-full wp-image-25565 aligncenter\" src=\"https:\/\/keluvo.com\/template\/wp-content\/uploads\/sites\/5\/2025\/06\/06256-ezgif.com-video-to-webp-converter.webp\" alt=\"\" \/><\/p>\n<h2 style=\"text-align: center\" data-start=\"412\" data-end=\"434\">\u2705 Hovedfordeler<\/h2>\n<p data-start=\"437\" data-end=\"486\">\ud83c\udf3f Forvandler ujevnt gress til en sunn, gr\u00f8nn plen<\/p>\n<p data-start=\"489\" data-end=\"532\">\ud83d\udebf Enkel p\u00e5spr\u00f8yting uten s\u00f8l<\/p>\n<p data-start=\"535\" data-end=\"571\">\ud83d\udc3e Trygt for kj\u00e6ledyr, barn og plants<\/p>\n<p data-start=\"574\" data-end=\"618\">\ud83c\udf27\ufe0f Fungerer selv p\u00e5 t\u00f8ff jord og t\u00f8rre flekker<\/p>\n<p data-start=\"621\" data-end=\"680\">\ud83d\udca7 Langtidsvirkende formel med synlige resultater p\u00e5 bare days<\/p>\n<p data-start=\"621\" data-end=\"680\"><img decoding=\"async\" class=\"size-full wp-image-25571 aligncenter\" src=\"https:\/\/keluvo.com\/template\/wp-content\/uploads\/sites\/5\/2025\/06\/Se5b8a647fe5d4f678306c2676d81a1baX.jpg_960x960q75.jpg_.avif\" alt=\"\" \/><\/p>\n<h2 style=\"text-align: center\" data-start=\"682\" data-end=\"703\">\ud83d\udee0\ufe0f Hvordan Bruke<\/h2>\n<ol data-start=\"704\" data-end=\"869\">\n<li data-start=\"704\" data-end=\"752\">\n<p data-start=\"707\" data-end=\"752\">Spr\u00f8yt v\u00e6sken p\u00e5 fr\u00f8 eller problemomr\u00e5der.<\/p>\n<\/li>\n<li data-start=\"753\" data-end=\"821\">\n<p data-start=\"756\" data-end=\"821\">Vent 4-7 dager for spiring og opptil 17 dager for full vekst.<\/p>\n<\/li>\n<li data-start=\"822\" data-end=\"869\">\n<p data-start=\"825\" data-end=\"869\">Gjenta etter behov for \u00e5 opprettholde frodig dekning.<\/p>\n<\/li>\n<\/ol>\n<h2 style=\"text-align: center\" data-start=\"871\" data-end=\"896\">\ud83d\udccf Produktdetaljer<\/h2>\n<ul data-start=\"897\" data-end=\"1078\">\n<li data-start=\"897\" data-end=\"937\">\n<p data-start=\"899\" data-end=\"937\">Hver 59 ml flaske dekker opptil 10 m\u00b2<\/p>\n<\/li>\n<li data-start=\"938\" data-end=\"981\">\n<p data-start=\"940\" data-end=\"981\">L\u00f8ser opp hard jord for bedre absorpsjon<\/p>\n<\/li>\n<li data-start=\"982\" data-end=\"1036\">\n<p data-start=\"984\" data-end=\"1036\">Dekker brune flekker fra urin, t\u00f8rke og skader<\/p>\n<\/li>\n<li data-start=\"1037\" data-end=\"1078\">\n<p data-start=\"1039\" data-end=\"1078\">Sikkert rundt kj\u00e6ledyr og hageutstyr<\/p>\n<\/li>\n<\/ul>\n<h2 style=\"text-align: center\" data-start=\"1080\" data-end=\"1106\">\ud83d\udce6 Pakken Inneholder<\/h2>\n<ul data-start=\"1107\" data-end=\"1165\">\n<li data-start=\"1107\" data-end=\"1165\">\n<p data-start=\"1109\" data-end=\"1165\">1, 3, 5x flaske med plengj\u00f8dsel.<\/p>\n<\/li>\n<\/ul>\n","protected":false},"excerpt":{"rendered":"<p>Si Farvel Til Brune Flekker Og God Dag Til Frodig Gr\u00f8nt Gress \ud83c\udf31\ud83d\udca6Green grass flytende gj\u00f8dsel for plenen er den [&hellip;]<\/p>\n","protected":false},"featured_media":29009,"comment_status":"open","ping_status":"closed","template":"","meta":{"site-sidebar-layout":"default","site-content-layout":"","ast-site-content-layout":"default","site-content-style":"default","site-sidebar-style":"default","ast-global-header-display":"","ast-banner-title-visibility":"","ast-main-header-display":"","ast-hfb-above-header-display":"","ast-hfb-below-header-display":"","ast-hfb-mobile-header-display":"","site-post-title":"","ast-breadcrumbs-content":"","ast-featured-img":"","footer-sml-layout":"","theme-transparent-header-meta":"default","adv-header-id-meta":"","stick-header-meta":"","header-above-stick-meta":"","header-main-stick-meta":"","header-below-stick-meta":"","astra-migrate-meta-layouts":"set","ast-page-background-enabled":"default","ast-page-background-meta":{"desktop":{"background-color":"var(--ast-global-color-4)","background-image":"","background-repeat":"repeat","background-position":"center center","background-size":"auto","background-attachment":"scroll","background-type":"","background-media":"","overlay-type":"","overlay-color":"","overlay-opacity":"","overlay-gradient":""},"tablet":{"background-color":"","background-image":"","background-repeat":"repeat","background-position":"center center","background-size":"auto","background-attachment":"scroll","background-type":"","background-media":"","overlay-type":"","overlay-color":"","overlay-opacity":"","overlay-gradient":""},"mobile":{"background-color":"","background-image":"","background-repeat":"repeat","background-position":"center center","background-size":"auto","background-attachment":"scroll","background-type":"","background-media":"","overlay-type":"","overlay-color":"","overlay-opacity":"","overlay-gradient":""}},"ast-content-background-meta":{"desktop":{"background-color":"var(--ast-global-color-5)","background-image":"","background-repeat":"repeat","background-position":"center center","background-size":"auto","background-attachment":"scroll","background-type":"","background-media":"","overlay-type":"","overlay-color":"","overlay-opacity":"","overlay-gradient":""},"tablet":{"background-color":"var(--ast-global-color-5)","background-image":"","background-repeat":"repeat","background-position":"center center","background-size":"auto","background-attachment":"scroll","background-type":"","background-media":"","overlay-type":"","overlay-color":"","overlay-opacity":"","overlay-gradient":""},"mobile":{"background-color":"var(--ast-global-color-5)","background-image":"","background-repeat":"repeat","background-position":"center center","background-size":"auto","background-attachment":"scroll","background-type":"","background-media":"","overlay-type":"","overlay-color":"","overlay-opacity":"","overlay-gradient":""}}},"product_brand":[],"product_cat":[15],"product_tag":[],"class_list":{"0":"post-29013","1":"product","2":"type-product","3":"status-publish","4":"has-post-thumbnail","6":"product_cat-uncategorized","7":"pa_45027_60l4dimc-1-stk","8":"pa_45027_60l4dimc-3-stk","9":"pa_45027_60l4dimc-5-stk","10":"desktop-align-left","11":"tablet-align-left","12":"mobile-align-left","14":"first","15":"instock","16":"shipping-taxable","17":"purchasable","18":"product-type-variable"},"_links":{"self":[{"href":"https:\/\/keluvo.com\/no\/wp-json\/wp\/v2\/product\/29013","targetHints":{"allow":["GET"]}}],"collection":[{"href":"https:\/\/keluvo.com\/no\/wp-json\/wp\/v2\/product"}],"about":[{"href":"https:\/\/keluvo.com\/no\/wp-json\/wp\/v2\/types\/product"}],"replies":[{"embeddable":true,"href":"https:\/\/keluvo.com\/no\/wp-json\/wp\/v2\/comments?post=29013"}],"wp:featuredmedia":[{"embeddable":true,"href":"https:\/\/keluvo.com\/no\/wp-json\/wp\/v2\/media\/29009"}],"wp:attachment":[{"href":"https:\/\/keluvo.com\/no\/wp-json\/wp\/v2\/media?parent=29013"}],"wp:term":[{"taxonomy":"product_brand","embeddable":true,"href":"https:\/\/keluvo.com\/no\/wp-json\/wp\/v2\/product_brand?post=29013"},{"taxonomy":"product_cat","embeddable":true,"href":"https:\/\/keluvo.com\/no\/wp-json\/wp\/v2\/product_cat?post=29013"},{"taxonomy":"product_tag","embeddable":true,"href":"https:\/\/keluvo.com\/no\/wp-json\/wp\/v2\/product_tag?post=29013"}],"curies":[{"name":"wp","href":"https:\/\/api.w.org\/{rel}","templated":true}]}}