{"id":28999,"date":"2025-06-30T16:04:32","date_gmt":"2025-06-30T14:04:32","guid":{"rendered":"https:\/\/keluvo.com\/no\/produkt\/projektorlykt\/"},"modified":"2025-06-30T16:15:33","modified_gmt":"2025-06-30T14:15:33","slug":"projektorlykt","status":"publish","type":"product","link":"https:\/\/keluvo.com\/no\/produkt\/projektorlykt\/","title":{"rendered":"Projektorlykt"},"content":{"rendered":"<p style=\"text-align: center;\" data-start=\"67\" data-end=\"318\"><strong>Gj\u00f8r Leggetiden Magisk Og Morsom \ud83c\udf19\ud83d\udd26<\/strong><\/p>\n<p style=\"text-align: center;\" data-start=\"67\" data-end=\"318\">Den 2-i-1 barneprojektoren og lommelykten er den perfekte f\u00f8lgesvenn for eventyrstund, lek eller nattlig hygge. Den projiserer fargerike bilder p\u00e5 veggen eller i taket og fungerer ogs\u00e5 som en vanlig lommelykt for barna. Med 4 lysbildeskiver og 8 sjarmerende bilder holder den barna engasjerte, nysgjerrige og smilende &#8211; enten de utforsker eller sovner.<\/p>\n<p data-start=\"67\" data-end=\"318\"><img decoding=\"async\" class=\"size-full wp-image-25554 aligncenter\" src=\"https:\/\/keluvo.com\/template\/wp-content\/uploads\/sites\/5\/2025\/06\/BEAMIE21850__ca15b275__63b9c188-ezgif.com-video-to-webp-converter.webp\" alt=\"\" \/><\/p>\n<h2 style=\"text-align: center;\" data-start=\"462\" data-end=\"484\">\u2705 Hovedfordeler<\/h2>\n<p data-start=\"487\" data-end=\"534\">\ud83c\udf1f Projiserer s\u00f8te, fargerike bilder (32 totalt!).)<\/p>\n<p data-start=\"537\" data-end=\"575\">\ud83d\udd26 Fungerer ogs\u00e5 som en vanlig lommelykt<\/p>\n<p data-start=\"578\" data-end=\"632\">\ud83e\udde0 Oppmuntrer til historiefortelling, kreativitet og l\u00e6ring<\/p>\n<p data-start=\"635\" data-end=\"687\">\ud83c\udfa8 Inkluderer dyr, tall og eventyrtemaer<\/p>\n<p data-start=\"690\" data-end=\"729\">\ud83d\udca4 Flott for \u00e5 roe ned ved leggetid routines<\/p>\n<p data-start=\"690\" data-end=\"729\"><img decoding=\"async\" class=\"size-full wp-image-25552 aligncenter\" src=\"https:\/\/keluvo.com\/template\/wp-content\/uploads\/sites\/5\/2025\/06\/BEAMIE22058__e580b636__ac8eeb35.webp\" alt=\"\" \/><\/p>\n<h2 style=\"text-align: center;\" data-start=\"731\" data-end=\"752\">\ud83d\udee0\ufe0f Slik Bruker Du Den<\/h2>\n<ol data-start=\"753\" data-end=\"949\">\n<li data-start=\"753\" data-end=\"788\">\n<p data-start=\"756\" data-end=\"788\">Sett inn ett av bildeglassene.<\/p>\n<\/li>\n<li data-start=\"789\" data-end=\"847\">\n<p data-start=\"792\" data-end=\"847\">Sl\u00e5 p\u00e5 lommelykten og pek mot en vegg eller et tak.<\/p>\n<\/li>\n<li data-start=\"848\" data-end=\"898\">\n<p data-start=\"851\" data-end=\"898\">Roter platen for \u00e5 utforske ulike bilder.<\/p>\n<\/li>\n<li data-start=\"899\" data-end=\"949\">\n<p data-start=\"902\" data-end=\"949\">Eller bruk den uten plate som en vanlig lommelykt.<\/p>\n<\/li>\n<\/ol>\n<h2 style=\"text-align: center;\" data-start=\"951\" data-end=\"976\">\ud83d\udccf Produktdetaljer<\/h2>\n<ul data-start=\"977\" data-end=\"1148\">\n<li data-start=\"977\" data-end=\"1011\">\n<p data-start=\"979\" data-end=\"1011\">St\u00f8rrelse: ca. 11,5 cm \u00d7 3,5 cm<\/p>\n<\/li>\n<li data-start=\"1012\" data-end=\"1054\">\n<p data-start=\"1014\" data-end=\"1054\">Spenning: batteridrevet (ikke inkludert)<\/p>\n<\/li>\n<li data-start=\"1108\" data-end=\"1148\">\n<p data-start=\"1110\" data-end=\"1148\">Finnes i morsomme, barnevennlige farger<\/p>\n<\/li>\n<\/ul>\n<h2 style=\"text-align: center;\" data-start=\"1150\" data-end=\"1176\">\ud83d\udce6 Pakken Inneholder<\/h2>\n<ul data-start=\"1177\" data-end=\"1242\">\n<li data-start=\"1177\" data-end=\"1203\">\n<p data-start=\"1179\" data-end=\"1203\">1x projektorlykt<\/p>\n<\/li>\n<li data-start=\"1204\" data-end=\"1242\">\n<p data-start=\"1206\" data-end=\"1242\">4x temaplater (32 bilder).<\/p>\n<\/li>\n<\/ul>\n","protected":false},"excerpt":{"rendered":"<p>Gj\u00f8r Leggetiden Magisk Og Morsom \ud83c\udf19\ud83d\udd26 Den 2-i-1 barneprojektoren og lommelykten er den perfekte f\u00f8lgesvenn for eventyrstund, lek eller nattlig [&hellip;]<\/p>\n","protected":false},"featured_media":28995,"comment_status":"open","ping_status":"closed","template":"","meta":{"site-sidebar-layout":"default","site-content-layout":"","ast-site-content-layout":"default","site-content-style":"default","site-sidebar-style":"default","ast-global-header-display":"","ast-banner-title-visibility":"","ast-main-header-display":"","ast-hfb-above-header-display":"","ast-hfb-below-header-display":"","ast-hfb-mobile-header-display":"","site-post-title":"","ast-breadcrumbs-content":"","ast-featured-img":"","footer-sml-layout":"","theme-transparent-header-meta":"default","adv-header-id-meta":"","stick-header-meta":"","header-above-stick-meta":"","header-main-stick-meta":"","header-below-stick-meta":"","astra-migrate-meta-layouts":"set","ast-page-background-enabled":"default","ast-page-background-meta":{"desktop":{"background-color":"var(--ast-global-color-4)","background-image":"","background-repeat":"repeat","background-position":"center center","background-size":"auto","background-attachment":"scroll","background-type":"","background-media":"","overlay-type":"","overlay-color":"","overlay-opacity":"","overlay-gradient":""},"tablet":{"background-color":"","background-image":"","background-repeat":"repeat","background-position":"center center","background-size":"auto","background-attachment":"scroll","background-type":"","background-media":"","overlay-type":"","overlay-color":"","overlay-opacity":"","overlay-gradient":""},"mobile":{"background-color":"","background-image":"","background-repeat":"repeat","background-position":"center center","background-size":"auto","background-attachment":"scroll","background-type":"","background-media":"","overlay-type":"","overlay-color":"","overlay-opacity":"","overlay-gradient":""}},"ast-content-background-meta":{"desktop":{"background-color":"var(--ast-global-color-5)","background-image":"","background-repeat":"repeat","background-position":"center center","background-size":"auto","background-attachment":"scroll","background-type":"","background-media":"","overlay-type":"","overlay-color":"","overlay-opacity":"","overlay-gradient":""},"tablet":{"background-color":"var(--ast-global-color-5)","background-image":"","background-repeat":"repeat","background-position":"center center","background-size":"auto","background-attachment":"scroll","background-type":"","background-media":"","overlay-type":"","overlay-color":"","overlay-opacity":"","overlay-gradient":""},"mobile":{"background-color":"var(--ast-global-color-5)","background-image":"","background-repeat":"repeat","background-position":"center center","background-size":"auto","background-attachment":"scroll","background-type":"","background-media":"","overlay-type":"","overlay-color":"","overlay-opacity":"","overlay-gradient":""}}},"product_brand":[],"product_cat":[990],"product_tag":[],"class_list":{"0":"post-28999","1":"product","2":"type-product","3":"status-publish","4":"has-post-thumbnail","6":"product_cat-leker-barne-og-babyprodukter","7":"pa_44581_hr0o0tgc-bla","8":"pa_44581_hr0o0tgc-gronn","9":"pa_44581_hr0o0tgc-lilla","10":"pa_44581_hr0o0tgc-rosa","11":"desktop-align-left","12":"tablet-align-left","13":"mobile-align-left","15":"first","16":"instock","17":"shipping-taxable","18":"purchasable","19":"product-type-variable"},"_links":{"self":[{"href":"https:\/\/keluvo.com\/no\/wp-json\/wp\/v2\/product\/28999","targetHints":{"allow":["GET"]}}],"collection":[{"href":"https:\/\/keluvo.com\/no\/wp-json\/wp\/v2\/product"}],"about":[{"href":"https:\/\/keluvo.com\/no\/wp-json\/wp\/v2\/types\/product"}],"replies":[{"embeddable":true,"href":"https:\/\/keluvo.com\/no\/wp-json\/wp\/v2\/comments?post=28999"}],"wp:featuredmedia":[{"embeddable":true,"href":"https:\/\/keluvo.com\/no\/wp-json\/wp\/v2\/media\/28995"}],"wp:attachment":[{"href":"https:\/\/keluvo.com\/no\/wp-json\/wp\/v2\/media?parent=28999"}],"wp:term":[{"taxonomy":"product_brand","embeddable":true,"href":"https:\/\/keluvo.com\/no\/wp-json\/wp\/v2\/product_brand?post=28999"},{"taxonomy":"product_cat","embeddable":true,"href":"https:\/\/keluvo.com\/no\/wp-json\/wp\/v2\/product_cat?post=28999"},{"taxonomy":"product_tag","embeddable":true,"href":"https:\/\/keluvo.com\/no\/wp-json\/wp\/v2\/product_tag?post=28999"}],"curies":[{"name":"wp","href":"https:\/\/api.w.org\/{rel}","templated":true}]}}