{"id":28983,"date":"2025-06-30T16:03:15","date_gmt":"2025-06-30T14:03:15","guid":{"rendered":"https:\/\/keluvo.com\/no\/produkt\/brettspill\/"},"modified":"2025-06-30T16:03:15","modified_gmt":"2025-06-30T14:03:15","slug":"brettspill","status":"publish","type":"product","link":"https:\/\/keluvo.com\/no\/produkt\/brettspill\/","title":{"rendered":"Brettspill"},"content":{"rendered":"<p style=\"text-align: center\" data-start=\"67\" data-end=\"337\"><strong>Ta Med Deg Spenningen Ved Curling Til Bordet! \ud83e\udd4c\ud83c\udfaf<\/strong><\/p>\n<p style=\"text-align: center\" data-start=\"67\" data-end=\"337\">Dette brettspillet er den perfekte m\u00e5ten \u00e5 knytte b\u00e5nd med familie og venner p\u00e5 &#8211; uten behov for en sk\u00f8ytebane! Den glatte, glidende overflaten etterligner ekte curling, og gir deg all moroa med sporten i en kompakt, b\u00e6rbar versjon. Den er enkel \u00e5 sette opp og morsom for alle aldre, og er ideell for fester, reiser eller regnv\u00e6rsunderholdning.<\/p>\n<p data-start=\"67\" data-end=\"337\"><img decoding=\"async\" class=\"size-full wp-image-25530 aligncenter\" src=\"https:\/\/keluvo.com\/template\/wp-content\/uploads\/sites\/5\/2025\/06\/GIF11.webp\" alt=\"\" \/><\/p>\n<h2 style=\"text-align: center\" data-start=\"437\" data-end=\"459\">\u2705 Hovedfordeler<\/h2>\n<p data-start=\"462\" data-end=\"507\">\ud83e\udd73 Perfekt for 2-8 spillere &#8211; moro for alle aldre<\/p>\n<p data-start=\"510\" data-end=\"559\">\u2728 Realistisk, islignende finish for jevn spilling<\/p>\n<p data-start=\"562\" data-end=\"619\">\ud83e\udde0 Kombinerer strategi, presisjon og litt flaks<\/p>\n<p data-start=\"622\" data-end=\"682\">\ud83d\udce6 Lett og kompakt &#8211; lett \u00e5 oppbevare og ta med p\u00e5 reise<\/p>\n<p data-start=\"685\" data-end=\"739\">\ud83c\udf89 Perfekt for spillkvelder, familiekvelder og parties<\/p>\n<p data-start=\"685\" data-end=\"739\"><img decoding=\"async\" class=\"size-full wp-image-25529 aligncenter\" src=\"https:\/\/keluvo.com\/template\/wp-content\/uploads\/sites\/5\/2025\/06\/6_448636cb-8c3f-4490-bb43-ca1406df0a9d_480x480.webp\" alt=\"\" \/><\/p>\n<h2 style=\"text-align: center\" data-start=\"741\" data-end=\"762\">\ud83d\udee0\ufe0f Slik Bruker Du Matten<\/h2>\n<ol data-start=\"763\" data-end=\"934\">\n<li data-start=\"763\" data-end=\"800\">\n<p data-start=\"766\" data-end=\"800\">Rull den ut p\u00e5 et flatt underlag<\/p>\n<\/li>\n<li data-start=\"801\" data-end=\"832\">\n<p data-start=\"804\" data-end=\"832\">Plasser de magnetiske kantene<\/p>\n<\/li>\n<li data-start=\"833\" data-end=\"885\">\n<p data-start=\"836\" data-end=\"885\">Veksle p\u00e5 \u00e5 skyve steinene mot m\u00e5let<\/p>\n<\/li>\n<li data-start=\"886\" data-end=\"934\">\n<p data-start=\"889\" data-end=\"934\">Poeng og konkurrer &#8211; akkurat som ekte curling!<\/p>\n<\/li>\n<\/ol>\n<h2 style=\"text-align: center\" data-start=\"936\" data-end=\"961\">\ud83d\udccf Produktdetaljer<\/h2>\n<ul data-start=\"962\" data-end=\"1087\">\n<li data-start=\"962\" data-end=\"991\">\n<p data-start=\"964\" data-end=\"991\">Simulerer olympisk curling<\/p>\n<\/li>\n<li data-start=\"992\" data-end=\"1045\">\n<p data-start=\"994\" data-end=\"1045\">Fleksibelt vinylmateriale med realistisk is-effekt<\/p>\n<\/li>\n<li data-start=\"1046\" data-end=\"1087\">\n<p data-start=\"1048\" data-end=\"1087\">Slitesterk, kompakt og reisevennlig<\/p>\n<\/li>\n<\/ul>\n<h2 style=\"text-align: center\" data-start=\"1089\" data-end=\"1115\">\ud83d\udce6 Pakken Inneholder<\/h2>\n<ul data-start=\"1116\" data-end=\"1230\">\n<li data-start=\"1116\" data-end=\"1133\">\n<p data-start=\"1118\" data-end=\"1133\">1 oppbevaringsboks<\/p>\n<\/li>\n<li data-start=\"1134\" data-end=\"1151\">\n<p data-start=\"1136\" data-end=\"1151\">1 curlingmatte<\/p>\n<\/li>\n<li data-start=\"1152\" data-end=\"1174\">\n<p data-start=\"1154\" data-end=\"1174\">2 magnetiske kanter<\/p>\n<\/li>\n<li data-start=\"1175\" data-end=\"1192\">\n<p data-start=\"1177\" data-end=\"1192\">4 bl\u00e5 steiner<\/p>\n<\/li>\n<li data-start=\"1193\" data-end=\"1212\">\n<p data-start=\"1195\" data-end=\"1212\">4 gule steiner<\/p>\n<\/li>\n<li data-start=\"1213\" data-end=\"1230\">\n<p data-start=\"1215\" data-end=\"1230\">1 bruksanvisning.<\/p>\n<\/li>\n<\/ul>\n","protected":false},"excerpt":{"rendered":"<p>Ta Med Deg Spenningen Ved Curling Til Bordet! \ud83e\udd4c\ud83c\udfaf Dette brettspillet er den perfekte m\u00e5ten \u00e5 knytte b\u00e5nd med familie [&hellip;]<\/p>\n","protected":false},"featured_media":28979,"comment_status":"open","ping_status":"closed","template":"","meta":{"site-sidebar-layout":"default","site-content-layout":"","ast-site-content-layout":"default","site-content-style":"default","site-sidebar-style":"default","ast-global-header-display":"","ast-banner-title-visibility":"","ast-main-header-display":"","ast-hfb-above-header-display":"","ast-hfb-below-header-display":"","ast-hfb-mobile-header-display":"","site-post-title":"","ast-breadcrumbs-content":"","ast-featured-img":"","footer-sml-layout":"","theme-transparent-header-meta":"default","adv-header-id-meta":"","stick-header-meta":"","header-above-stick-meta":"","header-main-stick-meta":"","header-below-stick-meta":"","astra-migrate-meta-layouts":"set","ast-page-background-enabled":"default","ast-page-background-meta":{"desktop":{"background-color":"var(--ast-global-color-4)","background-image":"","background-repeat":"repeat","background-position":"center center","background-size":"auto","background-attachment":"scroll","background-type":"","background-media":"","overlay-type":"","overlay-color":"","overlay-opacity":"","overlay-gradient":""},"tablet":{"background-color":"","background-image":"","background-repeat":"repeat","background-position":"center center","background-size":"auto","background-attachment":"scroll","background-type":"","background-media":"","overlay-type":"","overlay-color":"","overlay-opacity":"","overlay-gradient":""},"mobile":{"background-color":"","background-image":"","background-repeat":"repeat","background-position":"center center","background-size":"auto","background-attachment":"scroll","background-type":"","background-media":"","overlay-type":"","overlay-color":"","overlay-opacity":"","overlay-gradient":""}},"ast-content-background-meta":{"desktop":{"background-color":"var(--ast-global-color-5)","background-image":"","background-repeat":"repeat","background-position":"center center","background-size":"auto","background-attachment":"scroll","background-type":"","background-media":"","overlay-type":"","overlay-color":"","overlay-opacity":"","overlay-gradient":""},"tablet":{"background-color":"var(--ast-global-color-5)","background-image":"","background-repeat":"repeat","background-position":"center center","background-size":"auto","background-attachment":"scroll","background-type":"","background-media":"","overlay-type":"","overlay-color":"","overlay-opacity":"","overlay-gradient":""},"mobile":{"background-color":"var(--ast-global-color-5)","background-image":"","background-repeat":"repeat","background-position":"center center","background-size":"auto","background-attachment":"scroll","background-type":"","background-media":"","overlay-type":"","overlay-color":"","overlay-opacity":"","overlay-gradient":""}}},"product_brand":[],"product_cat":[990],"product_tag":[],"class_list":{"0":"post-28983","1":"product","2":"type-product","3":"status-publish","4":"has-post-thumbnail","6":"product_cat-leker-barne-og-babyprodukter","7":"desktop-align-left","8":"tablet-align-left","9":"mobile-align-left","11":"first","12":"instock","13":"shipping-taxable","14":"purchasable","15":"product-type-simple"},"_links":{"self":[{"href":"https:\/\/keluvo.com\/no\/wp-json\/wp\/v2\/product\/28983","targetHints":{"allow":["GET"]}}],"collection":[{"href":"https:\/\/keluvo.com\/no\/wp-json\/wp\/v2\/product"}],"about":[{"href":"https:\/\/keluvo.com\/no\/wp-json\/wp\/v2\/types\/product"}],"replies":[{"embeddable":true,"href":"https:\/\/keluvo.com\/no\/wp-json\/wp\/v2\/comments?post=28983"}],"wp:featuredmedia":[{"embeddable":true,"href":"https:\/\/keluvo.com\/no\/wp-json\/wp\/v2\/media\/28979"}],"wp:attachment":[{"href":"https:\/\/keluvo.com\/no\/wp-json\/wp\/v2\/media?parent=28983"}],"wp:term":[{"taxonomy":"product_brand","embeddable":true,"href":"https:\/\/keluvo.com\/no\/wp-json\/wp\/v2\/product_brand?post=28983"},{"taxonomy":"product_cat","embeddable":true,"href":"https:\/\/keluvo.com\/no\/wp-json\/wp\/v2\/product_cat?post=28983"},{"taxonomy":"product_tag","embeddable":true,"href":"https:\/\/keluvo.com\/no\/wp-json\/wp\/v2\/product_tag?post=28983"}],"curies":[{"name":"wp","href":"https:\/\/api.w.org\/{rel}","templated":true}]}}