{"id":28948,"date":"2025-06-30T16:01:09","date_gmt":"2025-06-30T14:01:09","guid":{"rendered":"https:\/\/keluvo.com\/no\/produkt\/klips-til-laken\/"},"modified":"2025-06-30T16:12:26","modified_gmt":"2025-06-30T14:12:26","slug":"klips-til-laken","status":"publish","type":"product","link":"https:\/\/keluvo.com\/no\/produkt\/klips-til-laken\/","title":{"rendered":"Klips til laken"},"content":{"rendered":"<p style=\"text-align: center\" data-start=\"67\" data-end=\"214\"><strong>N\u00e5 Er Det Slutt P\u00e5 Rotete Eller Kr\u00f8llete Laken! \ud83d\udecf\ufe0f\u2728<\/strong><\/p>\n<p style=\"text-align: center\" data-start=\"67\" data-end=\"214\">Disse lakenklemmene holder lakenet perfekt p\u00e5 plass uten skarpe pinner eller irriterende klemmer. De er enkle \u00e5 bruke, trygge for barn og kj\u00e6ledyr, og er laget for \u00e5 holde lakenet stramt hele natten. Bare skyv dem inn i hj\u00f8rnene p\u00e5 lakenet og trykk &#8211; n\u00e5r de er l\u00e5st, holder de seg p\u00e5 plass!<\/p>\n<p data-start=\"67\" data-end=\"214\"><img fetchpriority=\"high\" decoding=\"async\" class=\" wp-image-25486 aligncenter\" src=\"https:\/\/keluvo.com\/template\/wp-content\/uploads\/sites\/5\/2025\/06\/b06f19660ce1ac8b77352076d8935d0450d41dbf_480x480.webp\" alt=\"\" width=\"401\" height=\"401\" \/><\/p>\n<h2 style=\"text-align: center\" data-start=\"403\" data-end=\"425\"><strong>Hovedfordeler<\/strong><\/h2>\n<p data-start=\"428\" data-end=\"476\">\ud83e\uddf7 Holder lakenet godt p\u00e5 plass uten n\u00e5ler eller pinner<\/p>\n<p data-start=\"479\" data-end=\"510\">\ud83d\udca1 Enkel \u00e5 montere p\u00e5 sekunder<\/p>\n<p data-start=\"513\" data-end=\"573\">\ud83d\udcaa Laget av h\u00f8ykvalitetsABS-plast av h\u00f8y kvalitet &#8211; sterk og holdbar<\/p>\n<p data-start=\"576\" data-end=\"618\">\ud83e\uddf8 Trygt for alle aldre &#8211; ingen skaderisiko<\/p>\n<p data-start=\"621\" data-end=\"676\">\ud83c\udf08 S\u00f8t hjertedesign gir en morsom touch til ditt bedding<\/p>\n<p data-start=\"621\" data-end=\"676\"><img decoding=\"async\" class=\"size-full wp-image-25487 aligncenter\" src=\"https:\/\/keluvo.com\/template\/wp-content\/uploads\/sites\/5\/2025\/06\/1_af79615e-c4ca-494e-b3dc-36dc0654c86f_480x480.webp\" alt=\"\" \/><\/p>\n<h2 style=\"text-align: center\" data-start=\"678\" data-end=\"699\"><strong>Slik Bruker Du<\/strong><\/h2>\n<ol data-start=\"700\" data-end=\"845\">\n<li data-start=\"700\" data-end=\"741\">\n<p data-start=\"703\" data-end=\"741\">Rull lakenhj\u00f8rnet inn i klemmen<\/p>\n<\/li>\n<li data-start=\"742\" data-end=\"790\">\n<p data-start=\"745\" data-end=\"790\">Skyv proppen inn og trykk den fast<\/p>\n<\/li>\n<li data-start=\"791\" data-end=\"845\">\n<p data-start=\"794\" data-end=\"845\">Klart &#8211; lakenet ditt vil ikke skli eller klumpe seg sammen lenger!<\/p>\n<\/li>\n<\/ol>\n<h2 style=\"text-align: center\" data-start=\"847\" data-end=\"872\"><strong>Produktdetaljer<\/strong><\/h2>\n<ul data-start=\"873\" data-end=\"974\">\n<li data-start=\"873\" data-end=\"898\">\n<p data-start=\"875\" data-end=\"898\">Materiale: ABS-plast<\/p>\n<\/li>\n<li data-start=\"899\" data-end=\"933\">\n<p data-start=\"901\" data-end=\"933\">St\u00f8rrelse: 5,5 cm \u00d7 3,5 cm \u00d7 3,5 cm<\/p>\n<\/li>\n<li data-start=\"934\" data-end=\"956\">\n<p data-start=\"936\" data-end=\"956\">Farger: rosa, bl\u00e5<\/p>\n<\/li>\n<li data-start=\"957\" data-end=\"974\">\n<p data-start=\"959\" data-end=\"974\">Vekt: 130 g<\/p>\n<\/li>\n<\/ul>\n<h2 style=\"text-align: center\" data-start=\"976\" data-end=\"1002\"><strong>Pakken Inkluderer<\/strong><\/h2>\n<ul data-start=\"1003\" data-end=\"1081\">\n<li data-start=\"1003\" data-end=\"1057\">\n<p data-start=\"1005\" data-end=\"1057\">6, 12x lakenklemmer.<\/p>\n<\/li>\n<\/ul>\n","protected":false},"excerpt":{"rendered":"<p>N\u00e5 Er Det Slutt P\u00e5 Rotete Eller Kr\u00f8llete Laken! \ud83d\udecf\ufe0f\u2728 Disse lakenklemmene holder lakenet perfekt p\u00e5 plass uten skarpe pinner [&hellip;]<\/p>\n","protected":false},"featured_media":28944,"comment_status":"open","ping_status":"closed","template":"","meta":{"site-sidebar-layout":"default","site-content-layout":"","ast-site-content-layout":"default","site-content-style":"default","site-sidebar-style":"default","ast-global-header-display":"","ast-banner-title-visibility":"","ast-main-header-display":"","ast-hfb-above-header-display":"","ast-hfb-below-header-display":"","ast-hfb-mobile-header-display":"","site-post-title":"","ast-breadcrumbs-content":"","ast-featured-img":"","footer-sml-layout":"","theme-transparent-header-meta":"default","adv-header-id-meta":"","stick-header-meta":"","header-above-stick-meta":"","header-main-stick-meta":"","header-below-stick-meta":"","astra-migrate-meta-layouts":"set","ast-page-background-enabled":"default","ast-page-background-meta":{"desktop":{"background-color":"var(--ast-global-color-4)","background-image":"","background-repeat":"repeat","background-position":"center center","background-size":"auto","background-attachment":"scroll","background-type":"","background-media":"","overlay-type":"","overlay-color":"","overlay-opacity":"","overlay-gradient":""},"tablet":{"background-color":"","background-image":"","background-repeat":"repeat","background-position":"center center","background-size":"auto","background-attachment":"scroll","background-type":"","background-media":"","overlay-type":"","overlay-color":"","overlay-opacity":"","overlay-gradient":""},"mobile":{"background-color":"","background-image":"","background-repeat":"repeat","background-position":"center center","background-size":"auto","background-attachment":"scroll","background-type":"","background-media":"","overlay-type":"","overlay-color":"","overlay-opacity":"","overlay-gradient":""}},"ast-content-background-meta":{"desktop":{"background-color":"var(--ast-global-color-5)","background-image":"","background-repeat":"repeat","background-position":"center center","background-size":"auto","background-attachment":"scroll","background-type":"","background-media":"","overlay-type":"","overlay-color":"","overlay-opacity":"","overlay-gradient":""},"tablet":{"background-color":"var(--ast-global-color-5)","background-image":"","background-repeat":"repeat","background-position":"center center","background-size":"auto","background-attachment":"scroll","background-type":"","background-media":"","overlay-type":"","overlay-color":"","overlay-opacity":"","overlay-gradient":""},"mobile":{"background-color":"var(--ast-global-color-5)","background-image":"","background-repeat":"repeat","background-position":"center center","background-size":"auto","background-attachment":"scroll","background-type":"","background-media":"","overlay-type":"","overlay-color":"","overlay-opacity":"","overlay-gradient":""}}},"product_brand":[],"product_cat":[1001],"product_tag":[],"class_list":{"0":"post-28948","1":"product","2":"type-product","3":"status-publish","4":"has-post-thumbnail","6":"product_cat-husholdningsartikler","7":"pa_37535_ddygmagu-4-stk","8":"pa_37535_ddygmagu-6-stk","9":"pa_37535_ddygmagu-12-stk","10":"pa_37535_vn2rqtvc-bla","11":"pa_37535_vn2rqtvc-rosa","12":"desktop-align-left","13":"tablet-align-left","14":"mobile-align-left","16":"first","17":"instock","18":"shipping-taxable","19":"purchasable","20":"product-type-variable","21":"has-default-attributes"},"_links":{"self":[{"href":"https:\/\/keluvo.com\/no\/wp-json\/wp\/v2\/product\/28948","targetHints":{"allow":["GET"]}}],"collection":[{"href":"https:\/\/keluvo.com\/no\/wp-json\/wp\/v2\/product"}],"about":[{"href":"https:\/\/keluvo.com\/no\/wp-json\/wp\/v2\/types\/product"}],"replies":[{"embeddable":true,"href":"https:\/\/keluvo.com\/no\/wp-json\/wp\/v2\/comments?post=28948"}],"wp:featuredmedia":[{"embeddable":true,"href":"https:\/\/keluvo.com\/no\/wp-json\/wp\/v2\/media\/28944"}],"wp:attachment":[{"href":"https:\/\/keluvo.com\/no\/wp-json\/wp\/v2\/media?parent=28948"}],"wp:term":[{"taxonomy":"product_brand","embeddable":true,"href":"https:\/\/keluvo.com\/no\/wp-json\/wp\/v2\/product_brand?post=28948"},{"taxonomy":"product_cat","embeddable":true,"href":"https:\/\/keluvo.com\/no\/wp-json\/wp\/v2\/product_cat?post=28948"},{"taxonomy":"product_tag","embeddable":true,"href":"https:\/\/keluvo.com\/no\/wp-json\/wp\/v2\/product_tag?post=28948"}],"curies":[{"name":"wp","href":"https:\/\/api.w.org\/{rel}","templated":true}]}}