{"id":28911,"date":"2025-06-30T15:59:45","date_gmt":"2025-06-30T13:59:45","guid":{"rendered":"https:\/\/keluvo.com\/no\/produkt\/panneband-3\/"},"modified":"2025-06-30T16:11:29","modified_gmt":"2025-06-30T14:11:29","slug":"panneband-3","status":"publish","type":"product","link":"https:\/\/keluvo.com\/no\/produkt\/panneband-3\/","title":{"rendered":"Panneb\u00e5nd"},"content":{"rendered":"<p style=\"text-align: center\" data-start=\"67\" data-end=\"218\"><strong>Enkel styling p\u00e5 sekunder \ud83d\udc81\u200d\u2640\ufe0f\u2728<\/strong><br data-start=\"101\" data-end=\"104\" \/>Panneb\u00e5ndet er ditt hemmelige v\u00e5pen for en rask, s\u00f8t og behagelig frisyre &#8211; ingen n\u00e5ler, ikke noe press, ikke noe stress! Den unike firkantede formen l\u00f8fter h\u00e5ret ditt naturlig uten \u00e5 trykke p\u00e5 hodebunnen eller forstyrre brillene dine. Den er laget av slitesterk plast og er designet for \u00e5 holde seg p\u00e5 plass hele dagen, samtidig som den gir \u00f8yeblikkelig volum og stil.<\/p>\n<p data-start=\"67\" data-end=\"218\"><img decoding=\"async\" class=\"size-full wp-image-25449 aligncenter\" src=\"https:\/\/keluvo.com\/template\/wp-content\/uploads\/sites\/5\/2025\/06\/06273-ezgif.com-video-to-webp-converter.webp\" alt=\"\" \/><\/p>\n<h2 style=\"text-align: center\" data-start=\"437\" data-end=\"459\"><strong>Hovedfordeler<\/strong><\/h2>\n<p data-start=\"462\" data-end=\"511\">\ud83c\udf80 Skaper \u00f8yeblikkelig et stilig, volumin\u00f8st utseende<\/p>\n<p data-start=\"514\" data-end=\"561\">\ud83d\ude0c Ikke noe trykk p\u00e5 hodet, superkomfortabelt<\/p>\n<p data-start=\"564\" data-end=\"599\">\ud83d\udc53 Forstyrrer ikke brillene<\/p>\n<p data-start=\"602\" data-end=\"643\">\ud83d\udcaa Laget av sterk, plastic<\/p>\n<p data-start=\"646\" data-end=\"685\">\ud83d\ude4b\u200d\u2642\ufe0f Passer for b\u00e5de menn og kvinner women<\/p>\n<p data-start=\"646\" data-end=\"685\"><img decoding=\"async\" class=\"size-full wp-image-25448 aligncenter\" src=\"https:\/\/keluvo.com\/template\/wp-content\/uploads\/sites\/5\/2025\/06\/468ef44610c31b5b50b747b4f9f5ee49_fdc8f3c9-15c2-473a-a6ad-e06dd83399be_480x480.webp\" alt=\"\" \/><\/p>\n<h2 style=\"text-align: center\" data-start=\"687\" data-end=\"708\"><strong>Slik bruker du det<\/strong><\/h2>\n<ol data-start=\"709\" data-end=\"853\">\n<li data-start=\"709\" data-end=\"766\">\n<p data-start=\"712\" data-end=\"766\">F\u00f8r b\u00e5ndet over hodet som et vanlig panneb\u00e5nd<\/p>\n<\/li>\n<li data-start=\"767\" data-end=\"821\">\n<p data-start=\"770\" data-end=\"821\">Dytt det litt bakover for \u00e5 l\u00f8fte og forme h\u00e5ret<\/p>\n<\/li>\n<li data-start=\"822\" data-end=\"853\">\n<p data-start=\"825\" data-end=\"853\">Ferdig &#8211; du er klar til \u00e5 g\u00e5!<\/p>\n<\/li>\n<\/ol>\n<h2 style=\"text-align: center\" data-start=\"855\" data-end=\"880\"><strong>Produktdetaljer<\/strong><\/h2>\n<ul data-start=\"881\" data-end=\"1018\">\n<li data-start=\"881\" data-end=\"915\">\n<p data-start=\"883\" data-end=\"915\">Materiale: plast av h\u00f8y kvalitet<\/p>\n<\/li>\n<li data-start=\"916\" data-end=\"947\">\n<p data-start=\"918\" data-end=\"947\">M\u00e5l: 155 mm x 140 mm<\/p>\n<\/li>\n<\/ul>\n<h2 style=\"text-align: center\" data-start=\"1020\" data-end=\"1046\"><strong>Pakken inkluderer<\/strong><\/h2>\n<ul data-start=\"1047\" data-end=\"1091\">\n<li data-start=\"1047\" data-end=\"1091\">\n<p data-start=\"1049\" data-end=\"1091\">1,2x panneb\u00e5nd.<\/p>\n<\/li>\n<\/ul>\n","protected":false},"excerpt":{"rendered":"<p>Enkel styling p\u00e5 sekunder \ud83d\udc81\u200d\u2640\ufe0f\u2728Panneb\u00e5ndet er ditt hemmelige v\u00e5pen for en rask, s\u00f8t og behagelig frisyre &#8211; ingen n\u00e5ler, ikke [&hellip;]<\/p>\n","protected":false},"featured_media":28907,"comment_status":"open","ping_status":"closed","template":"","meta":{"site-sidebar-layout":"default","site-content-layout":"","ast-site-content-layout":"default","site-content-style":"default","site-sidebar-style":"default","ast-global-header-display":"","ast-banner-title-visibility":"","ast-main-header-display":"","ast-hfb-above-header-display":"","ast-hfb-below-header-display":"","ast-hfb-mobile-header-display":"","site-post-title":"","ast-breadcrumbs-content":"","ast-featured-img":"","footer-sml-layout":"","theme-transparent-header-meta":"default","adv-header-id-meta":"","stick-header-meta":"","header-above-stick-meta":"","header-main-stick-meta":"","header-below-stick-meta":"","astra-migrate-meta-layouts":"set","ast-page-background-enabled":"default","ast-page-background-meta":{"desktop":{"background-color":"var(--ast-global-color-4)","background-image":"","background-repeat":"repeat","background-position":"center center","background-size":"auto","background-attachment":"scroll","background-type":"","background-media":"","overlay-type":"","overlay-color":"","overlay-opacity":"","overlay-gradient":""},"tablet":{"background-color":"","background-image":"","background-repeat":"repeat","background-position":"center center","background-size":"auto","background-attachment":"scroll","background-type":"","background-media":"","overlay-type":"","overlay-color":"","overlay-opacity":"","overlay-gradient":""},"mobile":{"background-color":"","background-image":"","background-repeat":"repeat","background-position":"center center","background-size":"auto","background-attachment":"scroll","background-type":"","background-media":"","overlay-type":"","overlay-color":"","overlay-opacity":"","overlay-gradient":""}},"ast-content-background-meta":{"desktop":{"background-color":"var(--ast-global-color-5)","background-image":"","background-repeat":"repeat","background-position":"center center","background-size":"auto","background-attachment":"scroll","background-type":"","background-media":"","overlay-type":"","overlay-color":"","overlay-opacity":"","overlay-gradient":""},"tablet":{"background-color":"var(--ast-global-color-5)","background-image":"","background-repeat":"repeat","background-position":"center center","background-size":"auto","background-attachment":"scroll","background-type":"","background-media":"","overlay-type":"","overlay-color":"","overlay-opacity":"","overlay-gradient":""},"mobile":{"background-color":"var(--ast-global-color-5)","background-image":"","background-repeat":"repeat","background-position":"center center","background-size":"auto","background-attachment":"scroll","background-type":"","background-media":"","overlay-type":"","overlay-color":"","overlay-opacity":"","overlay-gradient":""}}},"product_brand":[],"product_cat":[993],"product_tag":[],"class_list":{"0":"post-28911","1":"product","2":"type-product","3":"status-publish","4":"has-post-thumbnail","6":"product_cat-skotoy-tilbehor","7":"pa_21883_d4oy1azw-1-stk","8":"pa_21883_d4oy1azw-2-stk","9":"pa_21883_pkkidyto-bla","10":"pa_21883_pkkidyto-champagne","11":"pa_21883_pkkidyto-gronn","12":"pa_21883_pkkidyto-gul","13":"pa_21883_pkkidyto-hvit","14":"pa_21883_pkkidyto-rod","15":"pa_21883_pkkidyto-solvgra","16":"pa_21883_pkkidyto-svart","17":"desktop-align-left","18":"tablet-align-left","19":"mobile-align-left","21":"first","22":"instock","23":"shipping-taxable","24":"purchasable","25":"product-type-variable","26":"has-default-attributes"},"_links":{"self":[{"href":"https:\/\/keluvo.com\/no\/wp-json\/wp\/v2\/product\/28911","targetHints":{"allow":["GET"]}}],"collection":[{"href":"https:\/\/keluvo.com\/no\/wp-json\/wp\/v2\/product"}],"about":[{"href":"https:\/\/keluvo.com\/no\/wp-json\/wp\/v2\/types\/product"}],"replies":[{"embeddable":true,"href":"https:\/\/keluvo.com\/no\/wp-json\/wp\/v2\/comments?post=28911"}],"wp:featuredmedia":[{"embeddable":true,"href":"https:\/\/keluvo.com\/no\/wp-json\/wp\/v2\/media\/28907"}],"wp:attachment":[{"href":"https:\/\/keluvo.com\/no\/wp-json\/wp\/v2\/media?parent=28911"}],"wp:term":[{"taxonomy":"product_brand","embeddable":true,"href":"https:\/\/keluvo.com\/no\/wp-json\/wp\/v2\/product_brand?post=28911"},{"taxonomy":"product_cat","embeddable":true,"href":"https:\/\/keluvo.com\/no\/wp-json\/wp\/v2\/product_cat?post=28911"},{"taxonomy":"product_tag","embeddable":true,"href":"https:\/\/keluvo.com\/no\/wp-json\/wp\/v2\/product_tag?post=28911"}],"curies":[{"name":"wp","href":"https:\/\/api.w.org\/{rel}","templated":true}]}}