{"id":28846,"date":"2025-06-30T15:57:01","date_gmt":"2025-06-30T13:57:01","guid":{"rendered":"https:\/\/keluvo.com\/no\/produkt\/puslespill-2\/"},"modified":"2025-06-30T16:11:55","modified_gmt":"2025-06-30T14:11:55","slug":"puslespill-2","status":"publish","type":"product","link":"https:\/\/keluvo.com\/no\/produkt\/puslespill-2\/","title":{"rendered":"Puslespill"},"content":{"rendered":"<p style=\"text-align: center\" data-start=\"58\" data-end=\"258\"><strong>Slapp Av Med En Fargerik Utfordring \ud83e\udde9\ud83e\udd89<\/strong><br data-start=\"105\" data-end=\"108\" \/>Disse trepuslespillene er den perfekte blandingen av kunst, avslapping og moro. Med livlige farger og dyreformede brikker er det en fryd \u00e5 sette sammen og vise frem. Enten du elsker puslespill eller er p\u00e5 utkikk etter en kreativ gave, er dette puslespillet b\u00e5de underholdende og beroligende. Velg mellom flere st\u00f8rrelser og dyr for \u00e5 f\u00e5 akkurat den riktige utfordringen.<\/p>\n<p data-start=\"58\" data-end=\"258\"><img decoding=\"async\" class=\"size-full wp-image-25404 aligncenter\" src=\"https:\/\/keluvo.com\/template\/wp-content\/uploads\/sites\/5\/2025\/06\/06272-ezgif.com-video-to-webp-converter.webp\" alt=\"\" \/><\/p>\n<h2 style=\"text-align: center\" data-start=\"434\" data-end=\"456\"><strong>Hovedfordeler<\/strong><\/h2>\n<p data-start=\"459\" data-end=\"495\">\ud83c\udf08 Lys, i\u00f8ynefallende ugledesign<\/p>\n<p data-start=\"498\" data-end=\"544\">\ud83c\udf3f Laget av milj\u00f8vennlig tre av h\u00f8y kvalitet<\/p>\n<p data-start=\"547\" data-end=\"602\">\ud83e\udde0 \u00d8ker fokus, t\u00e5lmodighet og probleml\u00f8sningsferdigheter<\/p>\n<p data-start=\"605\" data-end=\"648\">\ud83c\udf81 Flott gave til barn, ten\u00e5ringer, og voksne<\/p>\n<p data-start=\"651\" data-end=\"701\">\ud83e\udde9 Dyre- og naturformede brikker for ekstra fun<\/p>\n<h2 style=\"text-align: center\" data-start=\"703\" data-end=\"724\"><strong>Slik Bruker Du Det<\/strong><\/h2>\n<ol data-start=\"725\" data-end=\"837\">\n<li data-start=\"725\" data-end=\"751\">\n<p data-start=\"728\" data-end=\"751\">Velg st\u00f8rrelse p\u00e5 puslespillet<\/p>\n<\/li>\n<li data-start=\"752\" data-end=\"785\">\n<p data-start=\"755\" data-end=\"785\">Spre ut trebitene<\/p>\n<\/li>\n<li data-start=\"786\" data-end=\"837\">\n<p data-start=\"789\" data-end=\"837\">Gled deg til \u00e5 sette sammen din livlige venn<\/p>\n<\/li>\n<\/ol>\n<h2 style=\"text-align: center\" data-start=\"839\" data-end=\"864\"><strong>Produktdetaljer<\/strong><\/h2>\n<ul data-start=\"865\" data-end=\"1034\">\n<li data-start=\"865\" data-end=\"902\">\n<p data-start=\"867\" data-end=\"902\">Tilgjengelige st\u00f8rrelser: S, M, L<\/p>\n<\/li>\n<li data-start=\"903\" data-end=\"967\">\n<p data-start=\"905\" data-end=\"967\">Inkluderer 70\u2013210 unikt formede brikker (avhengig av st\u00f8rrelse)<\/p>\n<\/li>\n<li data-start=\"968\" data-end=\"1005\">\n<p data-start=\"970\" data-end=\"1005\">Emballasje:gaveeske i tre<\/p>\n<\/li>\n<li data-start=\"1006\" data-end=\"1034\">\n<p data-start=\"1008\" data-end=\"1034\">Monteringstid: 1\u20136 timer<\/p>\n<\/li>\n<\/ul>\n<h2 style=\"text-align: center\" data-start=\"1036\" data-end=\"1062\"><strong>Pakken Inneholder<\/strong><\/h2>\n<ul data-start=\"1063\" data-end=\"1157\">\n<li data-start=\"1063\" data-end=\"1111\">\n<p data-start=\"1065\" data-end=\"1111\">1x trepuslespill<\/p>\n<\/li>\n<li data-start=\"1112\" data-end=\"1157\">\n<p data-start=\"1114\" data-end=\"1157\">Oppbevaringseske.<\/p>\n<\/li>\n<\/ul>\n","protected":false},"excerpt":{"rendered":"<p>Slapp Av Med En Fargerik Utfordring \ud83e\udde9\ud83e\udd89Disse trepuslespillene er den perfekte blandingen av kunst, avslapping og moro. Med livlige farger [&hellip;]<\/p>\n","protected":false},"featured_media":28842,"comment_status":"open","ping_status":"closed","template":"","meta":{"site-sidebar-layout":"default","site-content-layout":"","ast-site-content-layout":"default","site-content-style":"default","site-sidebar-style":"default","ast-global-header-display":"","ast-banner-title-visibility":"","ast-main-header-display":"","ast-hfb-above-header-display":"","ast-hfb-below-header-display":"","ast-hfb-mobile-header-display":"","site-post-title":"","ast-breadcrumbs-content":"","ast-featured-img":"","footer-sml-layout":"","theme-transparent-header-meta":"default","adv-header-id-meta":"","stick-header-meta":"","header-above-stick-meta":"","header-main-stick-meta":"","header-below-stick-meta":"","astra-migrate-meta-layouts":"set","ast-page-background-enabled":"default","ast-page-background-meta":{"desktop":{"background-color":"var(--ast-global-color-4)","background-image":"","background-repeat":"repeat","background-position":"center center","background-size":"auto","background-attachment":"scroll","background-type":"","background-media":"","overlay-type":"","overlay-color":"","overlay-opacity":"","overlay-gradient":""},"tablet":{"background-color":"","background-image":"","background-repeat":"repeat","background-position":"center center","background-size":"auto","background-attachment":"scroll","background-type":"","background-media":"","overlay-type":"","overlay-color":"","overlay-opacity":"","overlay-gradient":""},"mobile":{"background-color":"","background-image":"","background-repeat":"repeat","background-position":"center center","background-size":"auto","background-attachment":"scroll","background-type":"","background-media":"","overlay-type":"","overlay-color":"","overlay-opacity":"","overlay-gradient":""}},"ast-content-background-meta":{"desktop":{"background-color":"var(--ast-global-color-5)","background-image":"","background-repeat":"repeat","background-position":"center center","background-size":"auto","background-attachment":"scroll","background-type":"","background-media":"","overlay-type":"","overlay-color":"","overlay-opacity":"","overlay-gradient":""},"tablet":{"background-color":"var(--ast-global-color-5)","background-image":"","background-repeat":"repeat","background-position":"center center","background-size":"auto","background-attachment":"scroll","background-type":"","background-media":"","overlay-type":"","overlay-color":"","overlay-opacity":"","overlay-gradient":""},"mobile":{"background-color":"var(--ast-global-color-5)","background-image":"","background-repeat":"repeat","background-position":"center center","background-size":"auto","background-attachment":"scroll","background-type":"","background-media":"","overlay-type":"","overlay-color":"","overlay-opacity":"","overlay-gradient":""}}},"product_brand":[],"product_cat":[990],"product_tag":[],"class_list":{"0":"post-28846","1":"product","2":"type-product","3":"status-publish","4":"has-post-thumbnail","6":"product_cat-leker-barne-og-babyprodukter","7":"pa_24670_nhptcp6c-bjorn","8":"pa_24670_nhptcp6c-elefant","9":"pa_24670_nhptcp6c-havskilpadde","10":"pa_24670_nhptcp6c-katt","11":"pa_24670_nhptcp6c-love","12":"pa_24670_nhptcp6c-orn","13":"pa_24670_nhptcp6c-pafugl","14":"pa_24670_nhptcp6c-rev","15":"pa_24670_nhptcp6c-sommerfugl","16":"pa_24670_nhptcp6c-ugle","17":"pa_24670_u8at6zs6-s","18":"pa_24670_u8at6zs6-m","19":"pa_24670_u8at6zs6-l","20":"desktop-align-left","21":"tablet-align-left","22":"mobile-align-left","24":"first","25":"instock","26":"shipping-taxable","27":"purchasable","28":"product-type-variable","29":"has-default-attributes"},"_links":{"self":[{"href":"https:\/\/keluvo.com\/no\/wp-json\/wp\/v2\/product\/28846","targetHints":{"allow":["GET"]}}],"collection":[{"href":"https:\/\/keluvo.com\/no\/wp-json\/wp\/v2\/product"}],"about":[{"href":"https:\/\/keluvo.com\/no\/wp-json\/wp\/v2\/types\/product"}],"replies":[{"embeddable":true,"href":"https:\/\/keluvo.com\/no\/wp-json\/wp\/v2\/comments?post=28846"}],"wp:featuredmedia":[{"embeddable":true,"href":"https:\/\/keluvo.com\/no\/wp-json\/wp\/v2\/media\/28842"}],"wp:attachment":[{"href":"https:\/\/keluvo.com\/no\/wp-json\/wp\/v2\/media?parent=28846"}],"wp:term":[{"taxonomy":"product_brand","embeddable":true,"href":"https:\/\/keluvo.com\/no\/wp-json\/wp\/v2\/product_brand?post=28846"},{"taxonomy":"product_cat","embeddable":true,"href":"https:\/\/keluvo.com\/no\/wp-json\/wp\/v2\/product_cat?post=28846"},{"taxonomy":"product_tag","embeddable":true,"href":"https:\/\/keluvo.com\/no\/wp-json\/wp\/v2\/product_tag?post=28846"}],"curies":[{"name":"wp","href":"https:\/\/api.w.org\/{rel}","templated":true}]}}